{"id":24,"date":"2014-09-18T06:51:27","date_gmt":"2014-09-18T05:51:27","guid":{"rendered":"http:\/\/blog.uclm.es\/electrotech4pest\/?page_id=24"},"modified":"2014-09-18T06:51:27","modified_gmt":"2014-09-18T05:51:27","slug":"5-paquetes-de-trabajo","status":"publish","type":"page","link":"https:\/\/blog.uclm.es\/electrotech4pest\/5-paquetes-de-trabajo\/","title":{"rendered":"5. Paquetes de trabajo"},"content":{"rendered":"<p>PT1 COORDINACI\u00d3N T\u00c9CNICA DEL PROYECTO Y GESTI\u00d3N ECON\u00d3MICA<\/p>\n<p>PT2 GESTI\u00d3N DEL CONOCIMIENTO<\/p>\n<p>PT3 MOVILIDAD DE PESTICIDAS EN SUELOS <\/p>\n<p>T3.1 Evaluaci\u00f3n de la movilidad de pesticidas en suelos.<br \/>\nT3.2 Desarrollo de procesos BCAE para la contenci\u00f3n de vertidos puntuales y LAE para extracci\u00f3n de <\/p>\n<p>PT4 DESARROLLO DE BARRERAS REACTIVAS PERMEABLES <\/p>\n<p>T4.1.  BRP basadas en procesos biol\u00f3gicos.<br \/>\nT4.2  BRP basadas en fitorremediaci\u00f3n (FR).<br \/>\nT4.3  BRP basadas en lechos de adsorci\u00f3n.<\/p>\n<p>PT5 TRATABILIDAD DE PESTICIDAS POR ELECTROLISIS  Y POR  COMBINACI\u00d3N DE PROCESOS BIOL\u00d3GICOS Y ELECTROL\u00cdTICOS <\/p>\n<p>T5.1 Tratabilidad de aguas contaminadas con pesticidas por tecnolog\u00eda electrol\u00edtica.<br \/>\nT5.2 Biodegradabilidad de pesticidas y de intermedios generados en procesos electrol\u00edticos.<\/p>\n<p>PT6 DESARROLLO DE PROCESOS ELECTROIRRADIADOS DE TRATAMIENTO DE AGUAS CONTAMINADAS CON PESTICIDAS <\/p>\n<p>T6.1 Procesos de sonoelectrooxidaci\u00f3n (SEO) para la eliminaci\u00f3n mejorada de pesticidas.<br \/>\nT6.2 Procesos de fotoelectrooxidaci\u00f3n (FEO) para la eliminaci\u00f3n mejorada de pesticidas.<\/p>\n<p>PT7 DESARROLLO DE SISTEMAS DE GESTI\u00d3N \u00d3PTIMA DE ENERG\u00cdA RENOVABLE (SGOER) BASADOS EN LA UTILIZACI\u00d3N DE ENERG\u00cdA FOTOVOLTAICA (EF)<\/p>\n<p>T7.1 Utilizaci\u00f3n directa en procesos electroqu\u00edmicos de EF.<br \/>\nT7.2 Utilizaci\u00f3n indirecta v\u00eda almacenamiento de la EF en procesos electroqu\u00edmicos.<\/p>\n<p>PT8 DESARROLLO DE HERRAMIENTAS DE SIMULACI\u00d3N PARA PROCESOS DE ELIMINACI\u00d3N DE PESTICIDAS EN AGUAS Y SUELOS<\/p>\n<p>T8.1 Desarrollo de un simulador de procesos de tratamiento de pesticidas en aguas.<br \/>\nT8.2 Desarrollo del modelo para la simulaci\u00f3n de procesos de remediaci\u00f3n de suelos.<br \/>\nT8.3  Ampliaci\u00f3n de dominios del modelo de tratamiento de suelos para integrar BRP.<br \/>\nT8.4 Dise\u00f1o con COMSOL de ensayos en prototipo para BCAE y LAE.<br \/>\nT8.5 Dise\u00f1o con COMSOL de ensayos en prototipo para LAE-BRP.<\/p>\n<p>PT9 COMPROBACI\u00d3N CON PLANTA PROTOTIPO DE LA TECNOLOG\u00cdA DESARROLLADA <\/p>\n<p>T9.1 Escalado de procesos de tratamiento de aguas por electrolisis y biooxidaci\u00f3n.<br \/>\nT9.2 Escalado de procesos de tratamiento de aguas por SEO y FEO.<br \/>\nT9.3 Escalado de procesos de tratamiento de suelos con LAE y BCAE.<br \/>\nT9.4 Escalado de procesos de tratamiento de suelos con LAE-BRP.<\/p>\n","protected":false},"excerpt":{"rendered":"<p>PT1 COORDINACI\u00d3N T\u00c9CNICA DEL PROYECTO Y GESTI\u00d3N ECON\u00d3MICA PT2 GESTI\u00d3N DEL CONOCIMIENTO PT3 MOVILIDAD DE PESTICIDAS EN SUELOS T3.1 Evaluaci\u00f3n de la movilidad de pesticidas en suelos. T3.2 Desarrollo de procesos BCAE para la contenci\u00f3n de vertidos puntuales y LAE para extracci\u00f3n de PT4 DESARROLLO DE BARRERAS REACTIVAS PERMEABLES T4.1. BRP basadas en procesos biol\u00f3gicos. &hellip; <a href=\"https:\/\/blog.uclm.es\/electrotech4pest\/5-paquetes-de-trabajo\/\" class=\"more-link\">Seguir leyendo <span class=\"screen-reader-text\">5. Paquetes de trabajo<\/span> <span class=\"meta-nav\">&rarr;<\/span><\/a><\/p>\n","protected":false},"author":213,"featured_media":0,"parent":0,"menu_order":0,"comment_status":"closed","ping_status":"open","template":"","meta":{"footnotes":""},"class_list":["post-24","page","type-page","status-publish","hentry"],"_links":{"self":[{"href":"https:\/\/blog.uclm.es\/electrotech4pest\/wp-json\/wp\/v2\/pages\/24","targetHints":{"allow":["GET"]}}],"collection":[{"href":"https:\/\/blog.uclm.es\/electrotech4pest\/wp-json\/wp\/v2\/pages"}],"about":[{"href":"https:\/\/blog.uclm.es\/electrotech4pest\/wp-json\/wp\/v2\/types\/page"}],"author":[{"embeddable":true,"href":"https:\/\/blog.uclm.es\/electrotech4pest\/wp-json\/wp\/v2\/users\/213"}],"replies":[{"embeddable":true,"href":"https:\/\/blog.uclm.es\/electrotech4pest\/wp-json\/wp\/v2\/comments?post=24"}],"version-history":[{"count":0,"href":"https:\/\/blog.uclm.es\/electrotech4pest\/wp-json\/wp\/v2\/pages\/24\/revisions"}],"wp:attachment":[{"href":"https:\/\/blog.uclm.es\/electrotech4pest\/wp-json\/wp\/v2\/media?parent=24"}],"curies":[{"name":"wp","href":"https:\/\/api.w.org\/{rel}","templated":true}]}}