{"id":472,"date":"2023-02-27T13:19:25","date_gmt":"2023-02-27T13:19:25","guid":{"rendered":"https:\/\/blog.uclm.es\/ehcc\/?page_id=472"},"modified":"2025-11-10T18:23:04","modified_gmt":"2025-11-10T18:23:04","slug":"noticias","status":"publish","type":"page","link":"https:\/\/blog.uclm.es\/ehcc\/noticias\/","title":{"rendered":"Noticias"},"content":{"rendered":"\n<div class=\"wp-block-columns is-layout-flex wp-container-core-columns-is-layout-28f84493 wp-block-columns-is-layout-flex\">\n<div class=\"wp-block-column is-layout-flow wp-block-column-is-layout-flow\" style=\"flex-basis:66.66%\">\n<figure class=\"wp-block-image size-large\"><img loading=\"lazy\" decoding=\"async\" width=\"724\" height=\"1024\" src=\"https:\/\/blog.uclm.es\/ehcc\/wp-content\/uploads\/sites\/231\/2025\/11\/Carte_Tardofranquismo-724x1024.png\" alt=\"\" class=\"wp-image-938\" srcset=\"https:\/\/blog.uclm.es\/ehcc\/wp-content\/uploads\/sites\/231\/2025\/11\/Carte_Tardofranquismo-724x1024.png 724w, https:\/\/blog.uclm.es\/ehcc\/wp-content\/uploads\/sites\/231\/2025\/11\/Carte_Tardofranquismo-212x300.png 212w, https:\/\/blog.uclm.es\/ehcc\/wp-content\/uploads\/sites\/231\/2025\/11\/Carte_Tardofranquismo-768x1086.png 768w, https:\/\/blog.uclm.es\/ehcc\/wp-content\/uploads\/sites\/231\/2025\/11\/Carte_Tardofranquismo-1086x1536.png 1086w, https:\/\/blog.uclm.es\/ehcc\/wp-content\/uploads\/sites\/231\/2025\/11\/Carte_Tardofranquismo.png 1414w\" sizes=\"auto, (max-width: 724px) 100vw, 724px\" \/><\/figure>\n<\/div>\n\n\n\n<div class=\"wp-block-column is-layout-flow wp-block-column-is-layout-flow\" style=\"flex-basis:33.33%\">\n<p><\/p>\n\n\n\n<p><strong><mark style=\"background-color:#F6F6F6;color:#ff6900\" class=\"has-inline-color\">\u00a1El viernes 21 de noviembre presentamos el libro en el museo Elisa Cendrero de Ciudad Real!<\/mark><\/strong><\/p>\n<\/div>\n<\/div>\n\n\n\n<hr class=\"wp-block-separator has-alpha-channel-opacity is-style-wide\" \/>\n\n\n\n<div class=\"wp-block-buttons is-layout-flex wp-block-buttons-is-layout-flex\">\n<div class=\"wp-block-button\"><a class=\"wp-block-button__link wp-element-button\" href=\"https:\/\/www.comares.com\/libro\/el-tardofranquismo_165195\/\">Reci\u00e9n publicado el nuevo monogr\u00e1fico del grupo, <em>El tardofranquismo. Cultura y contracultura en tiempos de cambio<\/em>, coordinado por \u00c1lvaro Notario y Jos\u00e9 Corrales (Comares, 2025)<\/a><\/div>\n<\/div>\n\n\n\n<hr class=\"wp-block-separator has-alpha-channel-opacity is-style-wide\" \/>\n\n\n\n<p><a href=\"https:\/\/www.uclmtv.uclm.es\/el-escritor-jesus-carrasco-reivindica-en-la-uclm-el-papel-de-las-instituciones-publicas-en-el-desarrollo-del-medio-rural\/\"><strong>El escritor Jes\u00fas Carrasco inaugura<\/strong> <strong>las I Jornadas Universidad\u2013Mundo Rural,<\/strong><\/a> <strong>celebradas en la facultad de Letras los d\u00edas 22 y 23 de abril de 2025<\/strong><\/p>\n\n\n\n<figure class=\"wp-block-image size-large\"><img loading=\"lazy\" decoding=\"async\" width=\"1024\" height=\"594\" src=\"https:\/\/blog.uclm.es\/ehcc\/wp-content\/uploads\/sites\/231\/2025\/04\/Jesus-Carrasco-en-la-Facultad-de-Letras-1-1024x594.jpg\" alt=\"\" class=\"wp-image-907\" srcset=\"https:\/\/blog.uclm.es\/ehcc\/wp-content\/uploads\/sites\/231\/2025\/04\/Jesus-Carrasco-en-la-Facultad-de-Letras-1-1024x594.jpg 1024w, https:\/\/blog.uclm.es\/ehcc\/wp-content\/uploads\/sites\/231\/2025\/04\/Jesus-Carrasco-en-la-Facultad-de-Letras-1-300x174.jpg 300w, https:\/\/blog.uclm.es\/ehcc\/wp-content\/uploads\/sites\/231\/2025\/04\/Jesus-Carrasco-en-la-Facultad-de-Letras-1-768x445.jpg 768w, https:\/\/blog.uclm.es\/ehcc\/wp-content\/uploads\/sites\/231\/2025\/04\/Jesus-Carrasco-en-la-Facultad-de-Letras-1.jpg 1042w\" sizes=\"auto, (max-width: 1024px) 100vw, 1024px\" \/><\/figure>\n\n\n\n<hr class=\"wp-block-separator has-alpha-channel-opacity is-style-wide\" \/>\n\n\n\n<div class=\"wp-block-buttons is-layout-flex wp-block-buttons-is-layout-flex\">\n<div class=\"wp-block-button\"><a class=\"wp-block-button__link wp-element-button\" href=\"https:\/\/expturisticaespana.wixsite.com\/congresointerturismo\"><strong>Abierto el plazo de inscripciones en el congreso <em>La experiencia tur\u00edstica en Espa\u00f1a: im\u00e1genes, narrativas e identidades<\/em><\/strong>. <strong>Facultad de Letras de Ciudad Real 27 y 28 de noviembre de 2025<\/strong><\/a><\/div>\n<\/div>\n\n\n\n<figure class=\"wp-block-image size-large\"><img loading=\"lazy\" decoding=\"async\" width=\"1024\" height=\"725\" src=\"https:\/\/blog.uclm.es\/ehcc\/wp-content\/uploads\/sites\/231\/2025\/04\/Triptico-CI.-ExpTuristica_20250326_163609_0000-1024x725.jpg\" alt=\"\" class=\"wp-image-897\" srcset=\"https:\/\/blog.uclm.es\/ehcc\/wp-content\/uploads\/sites\/231\/2025\/04\/Triptico-CI.-ExpTuristica_20250326_163609_0000-1024x725.jpg 1024w, https:\/\/blog.uclm.es\/ehcc\/wp-content\/uploads\/sites\/231\/2025\/04\/Triptico-CI.-ExpTuristica_20250326_163609_0000-300x212.jpg 300w, https:\/\/blog.uclm.es\/ehcc\/wp-content\/uploads\/sites\/231\/2025\/04\/Triptico-CI.-ExpTuristica_20250326_163609_0000-768x543.jpg 768w, https:\/\/blog.uclm.es\/ehcc\/wp-content\/uploads\/sites\/231\/2025\/04\/Triptico-CI.-ExpTuristica_20250326_163609_0000-1536x1087.jpg 1536w, https:\/\/blog.uclm.es\/ehcc\/wp-content\/uploads\/sites\/231\/2025\/04\/Triptico-CI.-ExpTuristica_20250326_163609_0000-2048x1449.jpg 2048w\" sizes=\"auto, (max-width: 1024px) 100vw, 1024px\" \/><\/figure>\n\n\n\n<hr class=\"wp-block-separator has-alpha-channel-opacity is-style-wide\" \/>\n\n\n\n<p class=\"has-text-align-left\"><a href=\"https:\/\/www.uclm.es\/noticias\/noticias2024\/abril\/ciudad-real\/espana_tardofranquismo\">El grupo de investigaci\u00f3n EHCC organiza un nuevo seminario sobre el tardofranquismo los d\u00edas 22 y 23 de abril de 2024: <\/a><\/p>\n\n\n\n<figure class=\"wp-block-image size-large is-resized\"><img loading=\"lazy\" decoding=\"async\" width=\"724\" height=\"1024\" src=\"https:\/\/blog.uclm.es\/ehcc\/wp-content\/uploads\/sites\/231\/2024\/04\/Cartel-Seminario-tardo-franquismo-1-724x1024.jpg\" alt=\"\" class=\"wp-image-828\" style=\"width:339px;height:auto\" srcset=\"https:\/\/blog.uclm.es\/ehcc\/wp-content\/uploads\/sites\/231\/2024\/04\/Cartel-Seminario-tardo-franquismo-1-724x1024.jpg 724w, https:\/\/blog.uclm.es\/ehcc\/wp-content\/uploads\/sites\/231\/2024\/04\/Cartel-Seminario-tardo-franquismo-1-212x300.jpg 212w, https:\/\/blog.uclm.es\/ehcc\/wp-content\/uploads\/sites\/231\/2024\/04\/Cartel-Seminario-tardo-franquismo-1-768x1086.jpg 768w, https:\/\/blog.uclm.es\/ehcc\/wp-content\/uploads\/sites\/231\/2024\/04\/Cartel-Seminario-tardo-franquismo-1-1086x1536.jpg 1086w, https:\/\/blog.uclm.es\/ehcc\/wp-content\/uploads\/sites\/231\/2024\/04\/Cartel-Seminario-tardo-franquismo-1.jpg 1131w\" sizes=\"auto, (max-width: 724px) 100vw, 724px\" \/><\/figure>\n\n\n\n<hr class=\"wp-block-separator has-alpha-channel-opacity is-style-wide\" \/>\n\n\n\n<p style=\"font-style:normal;font-weight:600\">\u00c1lvaro Notario presenta las actividades investigadoras del grupo EHCC en las XVI JORNADAS CIENT\u00cdFICAS DE DIFUSI\u00d3N DE LA INVESTIGACI\u00d3N. SEMINARIO PERMANENTE DE CIENCIAS SOCIALES (19\u00aa edici\u00f3n) el 24 de enero de 2024 en la Facultad de ciencias sociales de Cuenca<\/p>\n\n\n\n<div data-wp-interactive=\"core\/file\" class=\"wp-block-file\"><object data-wp-bind--hidden=\"!state.hasPdfPreview\" hidden class=\"wp-block-file__embed\" data=\"https:\/\/blog.uclm.es\/ehcc\/wp-content\/uploads\/sites\/231\/2024\/04\/GECC-CUENCA.pdf\" type=\"application\/pdf\" style=\"width:100%;height:600px\" aria-label=\"Incrustado de GECC-CUENCA.\"><\/object><a id=\"wp-block-file--media-df3b3104-89a5-4a92-b4ad-b48b9820b6e6\" href=\"https:\/\/blog.uclm.es\/ehcc\/wp-content\/uploads\/sites\/231\/2024\/04\/GECC-CUENCA.pdf\">GECC-CUENCA<\/a><a href=\"https:\/\/blog.uclm.es\/ehcc\/wp-content\/uploads\/sites\/231\/2024\/04\/GECC-CUENCA.pdf\" class=\"wp-block-file__button wp-element-button\" download aria-describedby=\"wp-block-file--media-df3b3104-89a5-4a92-b4ad-b48b9820b6e6\">Descarga<\/a><\/div>\n\n\n\n<hr class=\"wp-block-separator has-alpha-channel-opacity is-style-wide\" \/>\n\n\n\n<p><a href=\"https:\/\/www.uclm.es\/noticias\/noticias2023\/septiembre\/ciudad%20real\/ansias_desvelos\">Manuela Carmena, Pepe Ribas, Emilio Guti\u00e9rrez Caba, Cristina Arribas en el <strong><em>Nuevo seminario sobre los a\u00f1os 70 en Espa\u00f1a<\/em><\/strong> organizado por el Grupo de investigaci\u00f3n los d\u00edas 4, 9 y 10 de octubre de 2023 en la Facultad de Letras.<\/a><\/p>\n\n\n\n<p><\/p>\n\n\n\n<figure class=\"wp-block-image size-large is-resized\"><img loading=\"lazy\" decoding=\"async\" width=\"724\" height=\"1024\" src=\"https:\/\/blog.uclm.es\/ehcc\/wp-content\/uploads\/sites\/231\/2024\/04\/Cartel-AyD-3-1-724x1024.jpg\" alt=\"\" class=\"wp-image-819\" style=\"width:373px;height:auto\" srcset=\"https:\/\/blog.uclm.es\/ehcc\/wp-content\/uploads\/sites\/231\/2024\/04\/Cartel-AyD-3-1-724x1024.jpg 724w, https:\/\/blog.uclm.es\/ehcc\/wp-content\/uploads\/sites\/231\/2024\/04\/Cartel-AyD-3-1-212x300.jpg 212w, https:\/\/blog.uclm.es\/ehcc\/wp-content\/uploads\/sites\/231\/2024\/04\/Cartel-AyD-3-1-768x1086.jpg 768w, https:\/\/blog.uclm.es\/ehcc\/wp-content\/uploads\/sites\/231\/2024\/04\/Cartel-AyD-3-1-1086x1536.jpg 1086w, https:\/\/blog.uclm.es\/ehcc\/wp-content\/uploads\/sites\/231\/2024\/04\/Cartel-AyD-3-1-1448x2048.jpg 1448w, https:\/\/blog.uclm.es\/ehcc\/wp-content\/uploads\/sites\/231\/2024\/04\/Cartel-AyD-3-1-scaled.jpg 1810w\" sizes=\"auto, (max-width: 724px) 100vw, 724px\" \/><\/figure>\n\n\n\n<hr class=\"wp-block-separator has-alpha-channel-opacity is-style-wide\" \/>\n\n\n\n<figure class=\"wp-block-image size-large is-resized\"><img loading=\"lazy\" decoding=\"async\" width=\"1024\" height=\"724\" src=\"https:\/\/blog.uclm.es\/ehcc\/wp-content\/uploads\/sites\/231\/2023\/04\/2023-Fichas-CICLO-DE-CINE-ANOS-70_Pagina_1-1024x724.jpg\" alt=\"\" class=\"wp-image-767\" style=\"width:1014px;height:716px\" srcset=\"https:\/\/blog.uclm.es\/ehcc\/wp-content\/uploads\/sites\/231\/2023\/04\/2023-Fichas-CICLO-DE-CINE-ANOS-70_Pagina_1-1024x724.jpg 1024w, https:\/\/blog.uclm.es\/ehcc\/wp-content\/uploads\/sites\/231\/2023\/04\/2023-Fichas-CICLO-DE-CINE-ANOS-70_Pagina_1-300x212.jpg 300w, https:\/\/blog.uclm.es\/ehcc\/wp-content\/uploads\/sites\/231\/2023\/04\/2023-Fichas-CICLO-DE-CINE-ANOS-70_Pagina_1-768x543.jpg 768w, https:\/\/blog.uclm.es\/ehcc\/wp-content\/uploads\/sites\/231\/2023\/04\/2023-Fichas-CICLO-DE-CINE-ANOS-70_Pagina_1-1536x1086.jpg 1536w, https:\/\/blog.uclm.es\/ehcc\/wp-content\/uploads\/sites\/231\/2023\/04\/2023-Fichas-CICLO-DE-CINE-ANOS-70_Pagina_1-2048x1448.jpg 2048w\" sizes=\"auto, (max-width: 1024px) 100vw, 1024px\" \/><figcaption class=\"wp-element-caption\">Cineforum realizado dentro del proyecto de investigaci\u00f3n <strong><em>Cambios socioculturales en Espa\u00f1a 1966-1982<\/em><\/strong> (Referencia 2022-GRIN-34355). Plan propio UCLM cofinanciado con fondos FEDER.<\/figcaption><\/figure>\n\n\n\n<hr class=\"wp-block-separator has-alpha-channel-opacity\" \/>\n\n\n\n<figure class=\"wp-block-image size-large is-resized\"><img loading=\"lazy\" decoding=\"async\" width=\"1024\" height=\"763\" src=\"https:\/\/blog.uclm.es\/ehcc\/wp-content\/uploads\/sites\/231\/2023\/04\/2023-Fichas-CICLO-DE-CINE-ANOS-70_Pagina_2-1024x763.jpg\" alt=\"\" class=\"wp-image-768\" style=\"width:1011px;height:753px\" srcset=\"https:\/\/blog.uclm.es\/ehcc\/wp-content\/uploads\/sites\/231\/2023\/04\/2023-Fichas-CICLO-DE-CINE-ANOS-70_Pagina_2-1024x763.jpg 1024w, https:\/\/blog.uclm.es\/ehcc\/wp-content\/uploads\/sites\/231\/2023\/04\/2023-Fichas-CICLO-DE-CINE-ANOS-70_Pagina_2-300x224.jpg 300w, https:\/\/blog.uclm.es\/ehcc\/wp-content\/uploads\/sites\/231\/2023\/04\/2023-Fichas-CICLO-DE-CINE-ANOS-70_Pagina_2-768x572.jpg 768w, https:\/\/blog.uclm.es\/ehcc\/wp-content\/uploads\/sites\/231\/2023\/04\/2023-Fichas-CICLO-DE-CINE-ANOS-70_Pagina_2.jpg 1532w\" sizes=\"auto, (max-width: 1024px) 100vw, 1024px\" \/><\/figure>\n\n\n\n<hr class=\"wp-block-separator has-alpha-channel-opacity\" \/>\n","protected":false},"excerpt":{"rendered":"<p>\u00a1El viernes 21 de noviembre presentamos el libro en el museo Elisa Cendrero de Ciudad Real! El escritor Jes\u00fas Carrasco inaugura las I Jornadas Universidad\u2013Mundo Rural, celebradas en la facultad de Letras los d\u00edas 22 y 23 de abril de 2025 El grupo de investigaci\u00f3n EHCC organiza un nuevo seminario sobre el tardofranquismo los d\u00edas [&hellip;]<\/p>\n","protected":false},"author":365,"featured_media":0,"parent":0,"menu_order":6,"comment_status":"closed","ping_status":"closed","template":"","meta":{"footnotes":""},"class_list":["post-472","page","type-page","status-publish","hentry"],"_links":{"self":[{"href":"https:\/\/blog.uclm.es\/ehcc\/wp-json\/wp\/v2\/pages\/472","targetHints":{"allow":["GET"]}}],"collection":[{"href":"https:\/\/blog.uclm.es\/ehcc\/wp-json\/wp\/v2\/pages"}],"about":[{"href":"https:\/\/blog.uclm.es\/ehcc\/wp-json\/wp\/v2\/types\/page"}],"author":[{"embeddable":true,"href":"https:\/\/blog.uclm.es\/ehcc\/wp-json\/wp\/v2\/users\/365"}],"replies":[{"embeddable":true,"href":"https:\/\/blog.uclm.es\/ehcc\/wp-json\/wp\/v2\/comments?post=472"}],"version-history":[{"count":28,"href":"https:\/\/blog.uclm.es\/ehcc\/wp-json\/wp\/v2\/pages\/472\/revisions"}],"predecessor-version":[{"id":943,"href":"https:\/\/blog.uclm.es\/ehcc\/wp-json\/wp\/v2\/pages\/472\/revisions\/943"}],"wp:attachment":[{"href":"https:\/\/blog.uclm.es\/ehcc\/wp-json\/wp\/v2\/media?parent=472"}],"curies":[{"name":"wp","href":"https:\/\/api.w.org\/{rel}","templated":true}]}}