{"id":209,"date":"2022-07-25T10:32:04","date_gmt":"2022-07-25T10:32:04","guid":{"rendered":"https:\/\/blogdev.uclm.es\/fullsite\/?page_id=209"},"modified":"2025-11-04T13:19:56","modified_gmt":"2025-11-04T13:19:56","slug":"galeria","status":"publish","type":"page","link":"https:\/\/blog.uclm.es\/ehcc\/galeria\/","title":{"rendered":"Actividades"},"content":{"rendered":"\n<figure class=\"wp-block-image size-full\"><img loading=\"lazy\" decoding=\"async\" width=\"665\" height=\"317\" src=\"https:\/\/blog.uclm.es\/ehcc\/wp-content\/uploads\/sites\/231\/2025\/11\/Foto-congreso-Turismo.jpg\" alt=\"\" class=\"wp-image-935\" srcset=\"https:\/\/blog.uclm.es\/ehcc\/wp-content\/uploads\/sites\/231\/2025\/11\/Foto-congreso-Turismo.jpg 665w, https:\/\/blog.uclm.es\/ehcc\/wp-content\/uploads\/sites\/231\/2025\/11\/Foto-congreso-Turismo-300x143.jpg 300w\" sizes=\"auto, (max-width: 665px) 100vw, 665px\" \/><\/figure>\n\n\n\n<div class=\"wp-block-buttons is-layout-flex wp-block-buttons-is-layout-flex\">\n<div class=\"wp-block-button\"><a class=\"wp-block-button__link wp-element-button\" href=\"https:\/\/eventos.uclm.es\/138289\/detail\/la-experiencia-turistica-en-espana-imagenes-narrativas-e-identidades.html\">Congreso <em>La experiencia tur\u00edstica en Espa\u00f1a: im\u00e1genes, narrativas e identidades<\/em>. Facultad de Letras, 27 y 28 de noviembre de 2025<\/a><\/div>\n<\/div>\n\n\n\n<hr class=\"wp-block-separator has-alpha-channel-opacity is-style-wide\" \/>\n\n\n\n<div class=\"wp-block-columns is-layout-flex wp-container-core-columns-is-layout-28f84493 wp-block-columns-is-layout-flex\">\n<div class=\"wp-block-column is-layout-flow wp-block-column-is-layout-flow\">\n<figure class=\"wp-block-image size-large\"><a href=\"https:\/\/blog.uclm.es\/ehcc\/wp-content\/uploads\/sites\/231\/2025\/03\/Diptico-web-lo-Rural.-2025_Pagina_2.jpg\"><img loading=\"lazy\" decoding=\"async\" width=\"724\" height=\"1024\" src=\"https:\/\/blog.uclm.es\/ehcc\/wp-content\/uploads\/sites\/231\/2025\/03\/cartel.-RURAL.-2025-724x1024.jpg\" alt=\"\" class=\"wp-image-880\" srcset=\"https:\/\/blog.uclm.es\/ehcc\/wp-content\/uploads\/sites\/231\/2025\/03\/cartel.-RURAL.-2025-724x1024.jpg 724w, https:\/\/blog.uclm.es\/ehcc\/wp-content\/uploads\/sites\/231\/2025\/03\/cartel.-RURAL.-2025-212x300.jpg 212w, https:\/\/blog.uclm.es\/ehcc\/wp-content\/uploads\/sites\/231\/2025\/03\/cartel.-RURAL.-2025-768x1086.jpg 768w, https:\/\/blog.uclm.es\/ehcc\/wp-content\/uploads\/sites\/231\/2025\/03\/cartel.-RURAL.-2025-1086x1536.jpg 1086w, https:\/\/blog.uclm.es\/ehcc\/wp-content\/uploads\/sites\/231\/2025\/03\/cartel.-RURAL.-2025-1448x2048.jpg 1448w, https:\/\/blog.uclm.es\/ehcc\/wp-content\/uploads\/sites\/231\/2025\/03\/cartel.-RURAL.-2025.jpg 1654w\" sizes=\"auto, (max-width: 724px) 100vw, 724px\" \/><\/a><\/figure>\n<\/div>\n\n\n\n<div class=\"wp-block-column is-layout-flow wp-block-column-is-layout-flow\">\n<div class=\"wp-block-buttons is-layout-flex wp-block-buttons-is-layout-flex\">\n<div class=\"wp-block-button\"><a class=\"wp-block-button__link wp-element-button\"> 22 Y 23 DE ABRIL DE 2025 EN LA FACULTAD DE LETRAS<\/a><\/div>\n<\/div>\n\n\n\n<div class=\"wp-block-group is-content-justification-left is-layout-constrained wp-container-core-group-is-layout-12dd3699 wp-block-group-is-layout-constrained\">\n<div class=\"wp-block-group is-layout-constrained wp-block-group-is-layout-constrained\">\n<p><em><kbd>22 de abril<\/kbd><\/em>. 16.15-19.00 horas. <br><strong>Jes\u00fas Carrasco<\/strong>. Encuentro con el escritor<br><strong>Mar\u00eda Teresa Ortega<\/strong>, <em>Mujeres rurales y agricultura<\/em><\/p>\n\n\n\n<p><em>23 de abril<\/em>, de 11.30 a 14.30 horas. <strong>Jaume Font<\/strong>, <em>M\u00e1s all\u00e1 de las Espa\u00f1as despobladas. La nueva apropiaci\u00f3n del espacio rural.<\/em> <strong>Tom\u00e1s Morcillo<\/strong>, <em>Oficios perdidos de la Espa\u00f1a agraria<\/em><\/p>\n<\/div>\n\n\n\n<p><em>23 de abril<\/em>, 17.00 horas. Mesa redonda con <strong>M\u00aa Jos\u00e9 Carrasco, Germ\u00e1n D\u00edaz P\u00e9rez, Roberto Carretero y Pilar S\u00e1nchez<\/strong>.<\/p>\n\n\n\n<p><\/p>\n\n\n\n<p><\/p>\n<\/div>\n<\/div>\n<\/div>\n\n\n\n<p><\/p>\n\n\n\n<hr class=\"wp-block-separator has-alpha-channel-opacity is-style-wide\" \/>\n\n\n\n<figure class=\"wp-block-image size-large is-resized\"><img loading=\"lazy\" decoding=\"async\" width=\"1024\" height=\"791\" src=\"https:\/\/blog.uclm.es\/ehcc\/wp-content\/uploads\/sites\/231\/2024\/04\/Programa-seminario-tardofranquismo-1024x791.jpg\" alt=\"\" class=\"wp-image-825\" style=\"width:601px;height:auto\" srcset=\"https:\/\/blog.uclm.es\/ehcc\/wp-content\/uploads\/sites\/231\/2024\/04\/Programa-seminario-tardofranquismo-1024x791.jpg 1024w, https:\/\/blog.uclm.es\/ehcc\/wp-content\/uploads\/sites\/231\/2024\/04\/Programa-seminario-tardofranquismo-300x232.jpg 300w, https:\/\/blog.uclm.es\/ehcc\/wp-content\/uploads\/sites\/231\/2024\/04\/Programa-seminario-tardofranquismo-768x593.jpg 768w, https:\/\/blog.uclm.es\/ehcc\/wp-content\/uploads\/sites\/231\/2024\/04\/Programa-seminario-tardofranquismo-1536x1187.jpg 1536w, https:\/\/blog.uclm.es\/ehcc\/wp-content\/uploads\/sites\/231\/2024\/04\/Programa-seminario-tardofranquismo.jpg 1600w\" sizes=\"auto, (max-width: 1024px) 100vw, 1024px\" \/><\/figure>\n\n\n\n<div class=\"wp-block-buttons is-layout-flex wp-block-buttons-is-layout-flex\">\n\n\n<div class=\"wp-block-button is-style-fill\"><a class=\"wp-block-button__link has-text-align-center wp-element-button\" style=\"padding-top:var(--wp--preset--spacing--40);padding-right:var(--wp--preset--spacing--20);padding-bottom:var(--wp--preset--spacing--40);padding-left:var(--wp--preset--spacing--20)\">22 y 23 de abril de 2024<\/a><\/div>\n<\/div>\n\n\n\n<hr class=\"wp-block-separator has-alpha-channel-opacity is-style-wide\" \/>\n\n\n\n<div class=\"wp-block-columns is-layout-flex wp-container-core-columns-is-layout-28f84493 wp-block-columns-is-layout-flex\">\n<div class=\"wp-block-column is-layout-flow wp-block-column-is-layout-flow\" style=\"flex-basis:100%\">\n<div class=\"wp-block-columns is-layout-flex wp-container-core-columns-is-layout-28f84493 wp-block-columns-is-layout-flex\">\n<div class=\"wp-block-column is-layout-flow wp-block-column-is-layout-flow\" style=\"flex-basis:100%\">\n<div class=\"wp-block-group is-nowrap is-layout-flex wp-container-core-group-is-layout-6c531013 wp-block-group-is-layout-flex\">\n<figure class=\"wp-block-image size-large is-resized\"><img loading=\"lazy\" decoding=\"async\" width=\"724\" height=\"1024\" src=\"https:\/\/blog.uclm.es\/ehcc\/wp-content\/uploads\/sites\/231\/2024\/04\/Cartel-AyD-3-724x1024.jpg\" alt=\"\" class=\"wp-image-817\" style=\"width:412px;height:583px\" srcset=\"https:\/\/blog.uclm.es\/ehcc\/wp-content\/uploads\/sites\/231\/2024\/04\/Cartel-AyD-3-724x1024.jpg 724w, https:\/\/blog.uclm.es\/ehcc\/wp-content\/uploads\/sites\/231\/2024\/04\/Cartel-AyD-3-212x300.jpg 212w, https:\/\/blog.uclm.es\/ehcc\/wp-content\/uploads\/sites\/231\/2024\/04\/Cartel-AyD-3-768x1086.jpg 768w, https:\/\/blog.uclm.es\/ehcc\/wp-content\/uploads\/sites\/231\/2024\/04\/Cartel-AyD-3-1086x1536.jpg 1086w, https:\/\/blog.uclm.es\/ehcc\/wp-content\/uploads\/sites\/231\/2024\/04\/Cartel-AyD-3-1448x2048.jpg 1448w, https:\/\/blog.uclm.es\/ehcc\/wp-content\/uploads\/sites\/231\/2024\/04\/Cartel-AyD-3-scaled.jpg 1810w\" sizes=\"auto, (max-width: 724px) 100vw, 724px\" \/><\/figure>\n\n\n\n<div class=\"wp-block-columns is-layout-flex wp-container-core-columns-is-layout-28f84493 wp-block-columns-is-layout-flex\">\n<div class=\"wp-block-column is-layout-flow wp-block-column-is-layout-flow\" style=\"flex-basis:100%\">\n<div class=\"wp-block-buttons is-layout-flex wp-block-buttons-is-layout-flex\">\n<div class=\"wp-block-button\"><a class=\"wp-block-button__link wp-element-button\">Octubre 2023<\/a><\/div>\n<\/div>\n<\/div>\n<\/div>\n\n\n\n<p><\/p>\n\n\n\n<p><\/p>\n\n\n\n<p class=\"has-text-align-center\"><\/p>\n<\/div>\n<\/div>\n<\/div>\n\n\n\n<hr class=\"wp-block-separator has-alpha-channel-opacity is-style-wide\" \/>\n<\/div>\n<\/div>\n\n\n\n<div class=\"wp-block-group is-layout-constrained wp-block-group-is-layout-constrained\">\n<div class=\"wp-block-columns are-vertically-aligned-center is-layout-flex wp-container-core-columns-is-layout-28f84493 wp-block-columns-is-layout-flex\">\n<div class=\"wp-block-column is-vertically-aligned-center has-text-color is-layout-flow wp-block-column-is-layout-flow\" style=\"color:#4c0f0f\">\n<figure class=\"wp-block-image size-large\"><img loading=\"lazy\" decoding=\"async\" width=\"724\" height=\"1024\" src=\"https:\/\/blog.uclm.es\/ehcc\/wp-content\/uploads\/sites\/231\/2023\/04\/Cartel-ciclo-cine-actualizado-724x1024.png\" alt=\"\" class=\"wp-image-773\" srcset=\"https:\/\/blog.uclm.es\/ehcc\/wp-content\/uploads\/sites\/231\/2023\/04\/Cartel-ciclo-cine-actualizado-724x1024.png 724w, https:\/\/blog.uclm.es\/ehcc\/wp-content\/uploads\/sites\/231\/2023\/04\/Cartel-ciclo-cine-actualizado-212x300.png 212w, https:\/\/blog.uclm.es\/ehcc\/wp-content\/uploads\/sites\/231\/2023\/04\/Cartel-ciclo-cine-actualizado-768x1086.png 768w, https:\/\/blog.uclm.es\/ehcc\/wp-content\/uploads\/sites\/231\/2023\/04\/Cartel-ciclo-cine-actualizado-1086x1536.png 1086w, https:\/\/blog.uclm.es\/ehcc\/wp-content\/uploads\/sites\/231\/2023\/04\/Cartel-ciclo-cine-actualizado-1448x2048.png 1448w, https:\/\/blog.uclm.es\/ehcc\/wp-content\/uploads\/sites\/231\/2023\/04\/Cartel-ciclo-cine-actualizado.png 1587w\" sizes=\"auto, (max-width: 724px) 100vw, 724px\" \/><\/figure>\n<\/div>\n\n\n\n<div class=\"wp-block-column is-vertically-aligned-center has-text-color is-layout-flow wp-block-column-is-layout-flow\" style=\"color:#4c0f0f\">\n<p class=\"has-text-align-center\" style=\"font-size:1.5rem\"><strong>Ciclo de cine de los a\u00f1os 70<\/strong><br>Abril y mayo de 2023<br>Facultad de Letras<\/p>\n\n\n\n<p class=\"has-text-align-left has-small-font-size\">Cineforum realizado dentro del proyecto de investigaci\u00f3n <strong><em>Cambios socioculturales en Espa\u00f1a 1966-1982<\/em><\/strong> (Referencia 2022-GRIN-34355). Plan propio UCLM cofinanciado con fondos FEDER.<\/p>\n\n\n\n<p class=\"has-text-align-center\"><\/p>\n<\/div>\n<\/div>\n<\/div>\n\n\n\n<hr class=\"wp-block-separator has-alpha-channel-opacity is-style-wide\" \/>\n\n\n\n<div class=\"wp-block-columns is-layout-flex wp-container-core-columns-is-layout-28f84493 wp-block-columns-is-layout-flex\">\n<div class=\"wp-block-column is-vertically-aligned-center is-layout-flow wp-block-column-is-layout-flow\">\n<div class=\"wp-block-group is-layout-constrained wp-block-group-is-layout-constrained\">\n<figure class=\"wp-block-image\"><img loading=\"lazy\" decoding=\"async\" width=\"724\" height=\"1024\" src=\"https:\/\/blog.uclm.es\/ehcc\/wp-content\/uploads\/sites\/231\/2023\/01\/cartel-Los-anos-20-1-724x1024.jpg\" alt=\"\" class=\"wp-image-435\" srcset=\"https:\/\/blog.uclm.es\/ehcc\/wp-content\/uploads\/sites\/231\/2023\/01\/cartel-Los-anos-20-1-724x1024.jpg 724w, https:\/\/blog.uclm.es\/ehcc\/wp-content\/uploads\/sites\/231\/2023\/01\/cartel-Los-anos-20-1-212x300.jpg 212w, https:\/\/blog.uclm.es\/ehcc\/wp-content\/uploads\/sites\/231\/2023\/01\/cartel-Los-anos-20-1-768x1086.jpg 768w, https:\/\/blog.uclm.es\/ehcc\/wp-content\/uploads\/sites\/231\/2023\/01\/cartel-Los-anos-20-1-1086x1536.jpg 1086w, https:\/\/blog.uclm.es\/ehcc\/wp-content\/uploads\/sites\/231\/2023\/01\/cartel-Los-anos-20-1-1448x2048.jpg 1448w, https:\/\/blog.uclm.es\/ehcc\/wp-content\/uploads\/sites\/231\/2023\/01\/cartel-Los-anos-20-1.jpg 1653w\" sizes=\"auto, (max-width: 724px) 100vw, 724px\" \/><\/figure>\n<\/div>\n<\/div>\n\n\n\n<div class=\"wp-block-column is-vertically-aligned-center is-layout-flow wp-block-column-is-layout-flow\">\n<p><\/p>\n\n\n\n<p class=\"has-text-align-center has-text-color\" style=\"color:#4c0f0f;font-size:1.5rem\"><strong>La aventura de la Modernidad. Los a\u00f1os veinte en Espa\u00f1a.<\/strong><\/p>\n\n\n\n<p class=\"has-text-align-center has-text-color\" style=\"color:#4c0f0f;font-size:1.5rem\">Jornadas desarrolladas entre el 2 de noviembre de 2021 y el 9 de marzo de 2022<\/p>\n\n\n\n<p class=\"has-text-align-center has-text-color\" style=\"color:#4c0f0f;font-size:1.5rem\">Facultad de Letras UCLM<\/p>\n<\/div>\n<\/div>\n\n\n\n<div style=\"height:14px\" aria-hidden=\"true\" class=\"wp-block-spacer\"><\/div>\n\n\n\n<hr class=\"wp-block-separator has-alpha-channel-opacity is-style-wide\" \/>\n\n\n\n<div style=\"height:0px\" aria-hidden=\"true\" class=\"wp-block-spacer\"><\/div>\n\n\n\n<div class=\"wp-block-columns is-layout-flex wp-container-core-columns-is-layout-28f84493 wp-block-columns-is-layout-flex\">\n<div class=\"wp-block-column is-layout-flow wp-block-column-is-layout-flow\">\n<figure class=\"wp-block-image\"><a href=\"https:\/\/blog.uclm.es\/ehcc\/wp-content\/uploads\/sites\/231\/2023\/01\/Diptico-Annual-2021_00002.jpg\"><img loading=\"lazy\" decoding=\"async\" width=\"1024\" height=\"724\" src=\"https:\/\/blog.uclm.es\/ehcc\/wp-content\/uploads\/sites\/231\/2023\/01\/Diptico-Annual-2021_00001-1024x724.jpg\" alt=\"\" class=\"wp-image-438\" srcset=\"https:\/\/blog.uclm.es\/ehcc\/wp-content\/uploads\/sites\/231\/2023\/01\/Diptico-Annual-2021_00001-1024x724.jpg 1024w, https:\/\/blog.uclm.es\/ehcc\/wp-content\/uploads\/sites\/231\/2023\/01\/Diptico-Annual-2021_00001-300x212.jpg 300w, https:\/\/blog.uclm.es\/ehcc\/wp-content\/uploads\/sites\/231\/2023\/01\/Diptico-Annual-2021_00001-768x543.jpg 768w, https:\/\/blog.uclm.es\/ehcc\/wp-content\/uploads\/sites\/231\/2023\/01\/Diptico-Annual-2021_00001-1536x1086.jpg 1536w, https:\/\/blog.uclm.es\/ehcc\/wp-content\/uploads\/sites\/231\/2023\/01\/Diptico-Annual-2021_00001-2048x1447.jpg 2048w\" sizes=\"auto, (max-width: 1024px) 100vw, 1024px\" \/><\/a><\/figure>\n\n\n\n<hr class=\"wp-block-separator has-alpha-channel-opacity is-style-wide\" \/>\n\n\n\n<div class=\"wp-block-columns is-layout-flex wp-container-core-columns-is-layout-28f84493 wp-block-columns-is-layout-flex\">\n<div class=\"wp-block-column is-layout-flow wp-block-column-is-layout-flow\">\n<div class=\"wp-block-group is-layout-constrained wp-block-group-is-layout-constrained\">\n<div class=\"wp-block-columns is-layout-flex wp-container-core-columns-is-layout-28f84493 wp-block-columns-is-layout-flex\">\n<div class=\"wp-block-column is-layout-flow wp-block-column-is-layout-flow\" style=\"flex-basis:100%\">\n<div class=\"wp-block-media-text alignwide is-stacked-on-mobile\"><figure class=\"wp-block-media-text__media\"><a href=\"https:\/\/blog.uclm.es\/ehcc\/wp-content\/uploads\/sites\/231\/2023\/01\/CartelMarco-Polo-2019_00002.jpg\"><img loading=\"lazy\" decoding=\"async\" width=\"724\" height=\"1024\" src=\"https:\/\/blog.uclm.es\/ehcc\/wp-content\/uploads\/sites\/231\/2023\/01\/CartelMarco-Polo-2019_00001-724x1024.jpg\" alt=\"\" class=\"wp-image-434 size-full\" srcset=\"https:\/\/blog.uclm.es\/ehcc\/wp-content\/uploads\/sites\/231\/2023\/01\/CartelMarco-Polo-2019_00001-724x1024.jpg 724w, https:\/\/blog.uclm.es\/ehcc\/wp-content\/uploads\/sites\/231\/2023\/01\/CartelMarco-Polo-2019_00001-212x300.jpg 212w, https:\/\/blog.uclm.es\/ehcc\/wp-content\/uploads\/sites\/231\/2023\/01\/CartelMarco-Polo-2019_00001-768x1086.jpg 768w, https:\/\/blog.uclm.es\/ehcc\/wp-content\/uploads\/sites\/231\/2023\/01\/CartelMarco-Polo-2019_00001-1086x1536.jpg 1086w, https:\/\/blog.uclm.es\/ehcc\/wp-content\/uploads\/sites\/231\/2023\/01\/CartelMarco-Polo-2019_00001-1448x2048.jpg 1448w, https:\/\/blog.uclm.es\/ehcc\/wp-content\/uploads\/sites\/231\/2023\/01\/CartelMarco-Polo-2019_00001.jpg 1654w\" sizes=\"auto, (max-width: 724px) 100vw, 724px\" \/><\/a><\/figure><div class=\"wp-block-media-text__content\">\n<p class=\"has-text-align-center has-text-color\" style=\"color:#4c0f0f;font-size:1.46rem\"><strong>De Marco Polo al low cost. Perfiles del turismo contempor\u00e1neo.<\/strong><\/p>\n\n\n\n<p class=\"has-text-align-center has-text-color\" style=\"color:#4c0f0f;font-size:1.5rem\">Seminario celebrado los d\u00edas 13 y 20 de noviembre de 2019. Facultad de Letras UCLM<\/p>\n<\/div><\/div>\n<\/div>\n<\/div>\n<\/div>\n<\/div>\n<\/div>\n<\/div>\n<\/div>\n\n\n\n<hr class=\"wp-block-separator has-alpha-channel-opacity is-style-wide\" \/>\n\n\n\n<div class=\"wp-block-group is-layout-constrained wp-block-group-is-layout-constrained\">\n<div class=\"wp-block-columns is-layout-flex wp-container-core-columns-is-layout-28f84493 wp-block-columns-is-layout-flex\">\n<div class=\"wp-block-column is-layout-flow wp-block-column-is-layout-flow\">\n<div class=\"wp-block-media-text alignwide is-stacked-on-mobile\"><figure class=\"wp-block-media-text__media\"><img loading=\"lazy\" decoding=\"async\" width=\"791\" height=\"1024\" src=\"https:\/\/blog.uclm.es\/ehcc\/wp-content\/uploads\/sites\/231\/2023\/01\/cartel-28-de-junio-2017-Cuerpo-Grupo-791x1024.jpg\" alt=\"\" class=\"wp-image-433 size-full\" srcset=\"https:\/\/blog.uclm.es\/ehcc\/wp-content\/uploads\/sites\/231\/2023\/01\/cartel-28-de-junio-2017-Cuerpo-Grupo-791x1024.jpg 791w, https:\/\/blog.uclm.es\/ehcc\/wp-content\/uploads\/sites\/231\/2023\/01\/cartel-28-de-junio-2017-Cuerpo-Grupo-232x300.jpg 232w, https:\/\/blog.uclm.es\/ehcc\/wp-content\/uploads\/sites\/231\/2023\/01\/cartel-28-de-junio-2017-Cuerpo-Grupo-768x994.jpg 768w, https:\/\/blog.uclm.es\/ehcc\/wp-content\/uploads\/sites\/231\/2023\/01\/cartel-28-de-junio-2017-Cuerpo-Grupo-1187x1536.jpg 1187w, https:\/\/blog.uclm.es\/ehcc\/wp-content\/uploads\/sites\/231\/2023\/01\/cartel-28-de-junio-2017-Cuerpo-Grupo-1583x2048.jpg 1583w, https:\/\/blog.uclm.es\/ehcc\/wp-content\/uploads\/sites\/231\/2023\/01\/cartel-28-de-junio-2017-Cuerpo-Grupo-scaled.jpg 1978w\" sizes=\"auto, (max-width: 791px) 100vw, 791px\" \/><\/figure><div class=\"wp-block-media-text__content\">\n<p><\/p>\n<\/div><\/div>\n<\/div>\n<\/div>\n<\/div>\n\n\n\n<hr class=\"wp-block-separator has-alpha-channel-opacity is-style-wide\" \/>\n\n\n\n<div class=\"wp-block-columns is-layout-flex wp-container-core-columns-is-layout-28f84493 wp-block-columns-is-layout-flex\">\n<div class=\"wp-block-column is-layout-flow wp-block-column-is-layout-flow\" style=\"flex-basis:100%\">\n<div class=\"wp-block-media-text alignwide is-stacked-on-mobile\"><figure class=\"wp-block-media-text__media\"><img loading=\"lazy\" decoding=\"async\" width=\"768\" height=\"1024\" src=\"https:\/\/blog.uclm.es\/ehcc\/wp-content\/uploads\/sites\/231\/2023\/01\/Jornadas.-Cuerpo-2017-768x1024.jpg\" alt=\"\" class=\"wp-image-432 size-full\" srcset=\"https:\/\/blog.uclm.es\/ehcc\/wp-content\/uploads\/sites\/231\/2023\/01\/Jornadas.-Cuerpo-2017-768x1024.jpg 768w, https:\/\/blog.uclm.es\/ehcc\/wp-content\/uploads\/sites\/231\/2023\/01\/Jornadas.-Cuerpo-2017-225x300.jpg 225w, https:\/\/blog.uclm.es\/ehcc\/wp-content\/uploads\/sites\/231\/2023\/01\/Jornadas.-Cuerpo-2017-1152x1536.jpg 1152w, https:\/\/blog.uclm.es\/ehcc\/wp-content\/uploads\/sites\/231\/2023\/01\/Jornadas.-Cuerpo-2017-1536x2048.jpg 1536w, https:\/\/blog.uclm.es\/ehcc\/wp-content\/uploads\/sites\/231\/2023\/01\/Jornadas.-Cuerpo-2017-scaled.jpg 1920w\" sizes=\"auto, (max-width: 768px) 100vw, 768px\" \/><\/figure><div class=\"wp-block-media-text__content\">\n<p><\/p>\n<\/div><\/div>\n<\/div>\n<\/div>\n\n\n\n<hr class=\"wp-block-separator has-alpha-channel-opacity is-style-wide\" \/>\n\n\n\n<div class=\"wp-block-columns are-vertically-aligned-center is-layout-flex wp-container-core-columns-is-layout-28f84493 wp-block-columns-is-layout-flex\">\n<div class=\"wp-block-column is-vertically-aligned-center is-layout-flow wp-block-column-is-layout-flow\">\n<div class=\"wp-block-media-text alignwide is-stacked-on-mobile\" style=\"grid-template-columns:49% auto\"><figure class=\"wp-block-media-text__media\"><a href=\"https:\/\/blog.uclm.es\/ehcc\/wp-content\/uploads\/sites\/231\/2023\/01\/CartelLA-DICTADURA-se-va-DE-FIESTA_00002.jpg\"><img loading=\"lazy\" decoding=\"async\" width=\"1024\" height=\"724\" src=\"https:\/\/blog.uclm.es\/ehcc\/wp-content\/uploads\/sites\/231\/2023\/01\/CartelLA-DICTADURA-se-va-DE-FIESTA-2016-1024x724.jpg\" alt=\"\" class=\"wp-image-431 size-full\" srcset=\"https:\/\/blog.uclm.es\/ehcc\/wp-content\/uploads\/sites\/231\/2023\/01\/CartelLA-DICTADURA-se-va-DE-FIESTA-2016-1024x724.jpg 1024w, https:\/\/blog.uclm.es\/ehcc\/wp-content\/uploads\/sites\/231\/2023\/01\/CartelLA-DICTADURA-se-va-DE-FIESTA-2016-300x212.jpg 300w, https:\/\/blog.uclm.es\/ehcc\/wp-content\/uploads\/sites\/231\/2023\/01\/CartelLA-DICTADURA-se-va-DE-FIESTA-2016-768x543.jpg 768w, https:\/\/blog.uclm.es\/ehcc\/wp-content\/uploads\/sites\/231\/2023\/01\/CartelLA-DICTADURA-se-va-DE-FIESTA-2016-1536x1086.jpg 1536w, https:\/\/blog.uclm.es\/ehcc\/wp-content\/uploads\/sites\/231\/2023\/01\/CartelLA-DICTADURA-se-va-DE-FIESTA-2016-2048x1448.jpg 2048w\" sizes=\"auto, (max-width: 1024px) 100vw, 1024px\" \/><\/a><\/figure><div class=\"wp-block-media-text__content\">\n<p class=\"has-text-align-center has-text-color\" style=\"color:#4c0f0f;font-size:1.5rem\">Jornadas de investigaci\u00f3n. noviembre de 2016<\/p>\n\n\n\n<p class=\"has-text-align-center has-text-color\" style=\"color:#4c0f0f;font-size:1.5rem\"><em><strong>La Dictadura se va de fiesta. Cultura y pol\u00edtica hacia 1964. La Espa\u00f1a de los XXV A\u00f1os de Paz<\/strong><\/em><\/p>\n\n\n\n<p class=\"has-text-align-center has-text-color\" style=\"color:#4c0f0f;font-size:1.5rem\">Facultad de Letras. UCLM<\/p>\n<\/div><\/div>\n<\/div>\n<\/div>\n\n\n\n<hr class=\"wp-block-separator has-alpha-channel-opacity is-style-wide\" \/>\n\n\n\n<div class=\"wp-block-columns is-layout-flex wp-container-core-columns-is-layout-28f84493 wp-block-columns-is-layout-flex\">\n<div class=\"wp-block-column is-layout-flow wp-block-column-is-layout-flow\">\n<figure class=\"wp-block-image size-full\"><img loading=\"lazy\" decoding=\"async\" width=\"346\" height=\"493\" src=\"https:\/\/blog.uclm.es\/ehcc\/wp-content\/uploads\/sites\/231\/2023\/01\/jornadasprovincia2015.jpg\" alt=\"\" class=\"wp-image-430\" srcset=\"https:\/\/blog.uclm.es\/ehcc\/wp-content\/uploads\/sites\/231\/2023\/01\/jornadasprovincia2015.jpg 346w, https:\/\/blog.uclm.es\/ehcc\/wp-content\/uploads\/sites\/231\/2023\/01\/jornadasprovincia2015-211x300.jpg 211w\" sizes=\"auto, (max-width: 346px) 100vw, 346px\" \/><\/figure>\n<\/div>\n<\/div>\n\n\n\n<hr class=\"wp-block-separator has-alpha-channel-opacity is-style-wide\" \/>\n\n\n\n<figure class=\"wp-block-image size-full is-resized\"><img loading=\"lazy\" decoding=\"async\" width=\"686\" height=\"960\" src=\"https:\/\/blog.uclm.es\/ehcc\/wp-content\/uploads\/sites\/231\/2023\/02\/2013.-Cartel-anos-80.jpeg\" alt=\"\" class=\"wp-image-470\" style=\"width:374px;height:523px\" srcset=\"https:\/\/blog.uclm.es\/ehcc\/wp-content\/uploads\/sites\/231\/2023\/02\/2013.-Cartel-anos-80.jpeg 686w, https:\/\/blog.uclm.es\/ehcc\/wp-content\/uploads\/sites\/231\/2023\/02\/2013.-Cartel-anos-80-214x300.jpeg 214w\" sizes=\"auto, (max-width: 686px) 100vw, 686px\" \/><\/figure>\n\n\n\n\n\n\n\n<h2 class=\"wp-block-heading\"><\/h2>\n\n\n\n<p><\/p>\n","protected":false},"excerpt":{"rendered":"<p>22 de abril. 16.15-19.00 horas. Jes\u00fas Carrasco. Encuentro con el escritorMar\u00eda Teresa Ortega, Mujeres rurales y agricultura 23 de abril, de 11.30 a 14.30 horas. Jaume Font, M\u00e1s all\u00e1 de las Espa\u00f1as despobladas. La nueva apropiaci\u00f3n del espacio rural. Tom\u00e1s Morcillo, Oficios perdidos de la Espa\u00f1a agraria 23 de abril, 17.00 horas. Mesa redonda con [&hellip;]<\/p>\n","protected":false},"author":365,"featured_media":0,"parent":0,"menu_order":5,"comment_status":"closed","ping_status":"closed","template":"","meta":{"footnotes":""},"class_list":["post-209","page","type-page","status-publish","hentry"],"_links":{"self":[{"href":"https:\/\/blog.uclm.es\/ehcc\/wp-json\/wp\/v2\/pages\/209","targetHints":{"allow":["GET"]}}],"collection":[{"href":"https:\/\/blog.uclm.es\/ehcc\/wp-json\/wp\/v2\/pages"}],"about":[{"href":"https:\/\/blog.uclm.es\/ehcc\/wp-json\/wp\/v2\/types\/page"}],"author":[{"embeddable":true,"href":"https:\/\/blog.uclm.es\/ehcc\/wp-json\/wp\/v2\/users\/365"}],"replies":[{"embeddable":true,"href":"https:\/\/blog.uclm.es\/ehcc\/wp-json\/wp\/v2\/comments?post=209"}],"version-history":[{"count":54,"href":"https:\/\/blog.uclm.es\/ehcc\/wp-json\/wp\/v2\/pages\/209\/revisions"}],"predecessor-version":[{"id":937,"href":"https:\/\/blog.uclm.es\/ehcc\/wp-json\/wp\/v2\/pages\/209\/revisions\/937"}],"wp:attachment":[{"href":"https:\/\/blog.uclm.es\/ehcc\/wp-json\/wp\/v2\/media?parent=209"}],"curies":[{"name":"wp","href":"https:\/\/api.w.org\/{rel}","templated":true}]}}