{"id":46,"date":"2016-11-15T12:52:10","date_gmt":"2016-11-15T11:52:10","guid":{"rendered":"http:\/\/blog.uclm.es\/egresadosbioamb\/?page_id=46"},"modified":"2023-01-20T11:06:50","modified_gmt":"2023-01-20T11:06:50","slug":"otros-enlaces-de-interes","status":"publish","type":"page","link":"https:\/\/blog.uclm.es\/egresadosbioamb\/otros-enlaces-de-interes\/","title":{"rendered":"Otros enlaces de inter\u00e9s"},"content":{"rendered":"<h4>ENLACES GENERALES<\/h4>\n<ul>\n<li>\n<h4><a href=\"https:\/\/www.youtube.com\/watch?v=wxCRdCnSyPw&amp;feature=youtu.be\" target=\"_blank\" rel=\"noopener\"><span style=\"color: #0000ff\">UCLM, la universidad de tu vida<\/span><\/a><\/h4>\n<\/li>\n<li>\n<h4><a href=\"http:\/\/emprende.uclm.es\/\" target=\"_blank\" rel=\"noopener\"><span style=\"color: #0000ff\">Emprende UCLM<\/span><\/a><\/h4>\n<\/li>\n<li>\n<h4><span style=\"color: #0000ff\"><a style=\"color: #0000ff\" href=\"https:\/\/www.antiguosalumnos.uclm.es\/\" target=\"_blank\" rel=\"noopener\">Programa de amigos y Antiguos alumnos de la UCLM<\/a><\/span><\/h4>\n<\/li>\n<li><strong><span style=\"color: #342be5\"><a style=\"color: #342be5\" href=\"https:\/\/curriculumvitaeplantillas.com\/\" target=\"_blank\" rel=\"noopener\">https:\/\/curriculumvitaeplantillas.com\/<\/a><\/span><\/strong><\/li>\n<li><strong><a href=\"https:\/\/curriculado.com\/\" target=\"_blank\" rel=\"noopener\"><span style=\"color: #000cf9\">https:\/\/curriculado.com<\/span><\/a><\/strong><\/li>\n<\/ul>\n<h4>ENLACES RELACIONADOS CON CIENCIAS AMBIENTALES<\/h4>\n<ul>\n<li>\n<h4><a href=\"http:\/\/acaclm.org\/3x\/\" target=\"_blank\" rel=\"noopener\"><span style=\"color: #0000ff\">Asociaci\u00f3n de Ciencias Ambientales de Castilla-la Mancha<\/span><\/a><\/h4>\n<\/li>\n<li>\n<h4><a href=\"http:\/\/www.ceccaa.com\/15\/\" target=\"_blank\" rel=\"noopener\"><span style=\"color: #0000ff\">Coordinadora Estatal de Ciencias Ambientales<\/span><\/a><\/h4>\n<\/li>\n<li>\n<h4><a href=\"https:\/\/drive.google.com\/file\/d\/14qEP0lCcFob_7KL5r58RlCxGejD8NO9w\/view?usp=sharing\" target=\"_blank\" rel=\"noopener\">\u00c1reas de Actividad Profesional del Ambient\u00f3logo\/a<\/a><\/h4>\n<\/li>\n<\/ul>\n<h4>ENLACES RELACIONADOS CON BIOQU\u00cdMICA<\/h4>\n","protected":false},"excerpt":{"rendered":"<p>ENLACES GENERALES UCLM, la universidad de tu vida Emprende UCLM Programa de amigos y Antiguos alumnos de la UCLM https:\/\/curriculumvitaeplantillas.com\/ https:\/\/curriculado.com ENLACES RELACIONADOS CON CIENCIAS AMBIENTALES Asociaci\u00f3n de Ciencias Ambientales de Castilla-la Mancha Coordinadora Estatal de Ciencias Ambientales \u00c1reas de Actividad Profesional del Ambient\u00f3logo\/a ENLACES RELACIONADOS CON BIOQU\u00cdMICA<\/p>\n","protected":false},"author":236,"featured_media":0,"parent":0,"menu_order":0,"comment_status":"closed","ping_status":"closed","template":"","meta":{"footnotes":""},"class_list":["post-46","page","type-page","status-publish","hentry"],"_links":{"self":[{"href":"https:\/\/blog.uclm.es\/egresadosbioamb\/wp-json\/wp\/v2\/pages\/46","targetHints":{"allow":["GET"]}}],"collection":[{"href":"https:\/\/blog.uclm.es\/egresadosbioamb\/wp-json\/wp\/v2\/pages"}],"about":[{"href":"https:\/\/blog.uclm.es\/egresadosbioamb\/wp-json\/wp\/v2\/types\/page"}],"author":[{"embeddable":true,"href":"https:\/\/blog.uclm.es\/egresadosbioamb\/wp-json\/wp\/v2\/users\/236"}],"replies":[{"embeddable":true,"href":"https:\/\/blog.uclm.es\/egresadosbioamb\/wp-json\/wp\/v2\/comments?post=46"}],"version-history":[{"count":2,"href":"https:\/\/blog.uclm.es\/egresadosbioamb\/wp-json\/wp\/v2\/pages\/46\/revisions"}],"predecessor-version":[{"id":3383,"href":"https:\/\/blog.uclm.es\/egresadosbioamb\/wp-json\/wp\/v2\/pages\/46\/revisions\/3383"}],"wp:attachment":[{"href":"https:\/\/blog.uclm.es\/egresadosbioamb\/wp-json\/wp\/v2\/media?parent=46"}],"curies":[{"name":"wp","href":"https:\/\/api.w.org\/{rel}","templated":true}]}}