{"id":21,"date":"2016-11-08T00:26:37","date_gmt":"2016-11-07T23:26:37","guid":{"rendered":"http:\/\/blog.uclm.es\/egresadosbioamb\/?page_id=21"},"modified":"2023-01-20T10:59:26","modified_gmt":"2023-01-20T10:59:26","slug":"ofertas-de-empleo","status":"publish","type":"page","link":"https:\/\/blog.uclm.es\/egresadosbioamb\/ofertas-de-empleo\/","title":{"rendered":"Enlaces a ofertas de empleo"},"content":{"rendered":"<p><img loading=\"lazy\" decoding=\"async\" class=\" wp-image-228 alignright\" src=\"https:\/\/blog.uclm.es\/egresadosbioamb\/wp-content\/uploads\/sites\/173\/2016\/11\/busqueda-empleo.jpg\" alt=\"busqueda-empleo\" width=\"305\" height=\"226\" srcset=\"https:\/\/blog.uclm.es\/egresadosbioamb\/wp-content\/uploads\/sites\/173\/2016\/11\/busqueda-empleo.jpg 500w, https:\/\/blog.uclm.es\/egresadosbioamb\/wp-content\/uploads\/sites\/173\/2016\/11\/busqueda-empleo-300x222.jpg 300w\" sizes=\"auto, (max-width: 305px) 100vw, 305px\" \/><\/p>\n<ul>\n<li><span style=\"color: #0000ff\"><a style=\"color: #0000ff\" href=\"https:\/\/www.uclm.es\/empresas\/cipe\" target=\"_blank\" rel=\"noopener\">Centro de Informaci\u00f3n y Promoci\u00f3n del Empleo (UCLM)<\/a><\/span><\/li>\n<li><span style=\"color: #0000ff\"><a style=\"color: #0000ff\" href=\"http:\/\/www.sepe.es\/\" target=\"_blank\" rel=\"noopener\">Servicio P\u00fablico de Empleo Estatal<\/a><\/span><\/li>\n<li><span style=\"color: #0000ff\"><a style=\"color: #0000ff\" href=\"https:\/\/garantiajuvenil.sepe.es\/login.action\" target=\"_blank\" rel=\"noopener\">Sistema de Garant\u00eda Juvenil<\/a><\/span><\/li>\n<li><span style=\"color: #0000ff\"><a style=\"color: #0000ff\" href=\"https:\/\/ec.europa.eu\/eures\/public\/es\/homepage\" target=\"_blank\" rel=\"noopener\">EURES<\/a><\/span><\/li>\n<li><span style=\"color: #0000ff\"><a style=\"color: #0000ff\" href=\"https:\/\/www.euraxess.es\/spain\/jobs-funding\" target=\"_blank\" rel=\"noopener\">EURAXESS<\/a><\/span><\/li>\n<li><a href=\"https:\/\/epso.europa.eu\/home_es\" target=\"_blank\" rel=\"noopener\"><span style=\"color: #0000ff\">European Personnel Selection Office<\/span><\/a><\/li>\n<li><span style=\"color: #0000ff\"><a style=\"color: #0000ff\" href=\"http:\/\/www.cienciasambientales.com\/es\/trabajar-en-medio-ambiente\" target=\"_blank\" rel=\"noopener\">Ofertas de Trabajo en Medio Ambiente y Gu\u00edas para Buscar Empleo<\/a><\/span><\/li>\n<li><span style=\"color: #0000ff\"><a style=\"color: #0000ff\" href=\"http:\/\/www.ecoempleo.com\/\" target=\"_blank\" rel=\"noopener\">Ecoempleo.com<\/a><\/span><\/li>\n<li><span style=\"color: #0000ff\"><a style=\"color: #0000ff\" href=\"https:\/\/www.trabajaenmedioambiente.com\/\" target=\"_blank\" rel=\"noopener\">Trabaja en medio ambiente<\/a><\/span><\/li>\n<li><a href=\"https:\/\/www.facebook.com\/groups\/empleoambiental\/permalink\/1644328679200309\/?__tn__=-R\" target=\"_blank\" rel=\"noopener\"><span style=\"color: #0000ff\">Solo empleo ambiental (Espa\u00f1a)<\/span><\/a><\/li>\n<li><span style=\"color: #2e59f4\"><a style=\"color: #2e59f4\" href=\"https:\/\/www.tragsa.es\/es\/equipo-humano\/trabaja-con-nosotros\/Paginas\/default.aspx\" target=\"_blank\" rel=\"noopener\"><span style=\"color: #0035f4\">TRAGSA<\/span><\/a><\/span><\/li>\n<li><a href=\"http:\/\/www.portaljovenclm.com\/verBoletin.php\" target=\"_blank\" rel=\"noopener\"><span style=\"color: #0000ff\">Portal Joven de CLM<\/span><\/a><\/li>\n<li><a href=\"https:\/\/www.youtube.com\/watch?v=UOBEaHTd6FE\" target=\"_blank\" rel=\"noopener\"><span style=\"color: #0000ff\">Jornada sobre oportunidades y nichos de empleo para ciencias ambientales<\/span><\/a><\/li>\n<li><span style=\"color: #0000ff\"><a style=\"color: #0000ff\" href=\"https:\/\/www.opcionempleo.com\/empleo-medio-ambiente.html\" target=\"_blank\" rel=\"noopener\">Opci\u00f3n Empleo (Medio ambiente)<\/a><\/span><\/li>\n<li><a href=\"https:\/\/www.opcionempleo.com\/buscar\/empleos?s=bioqu%C3%ADmica&amp;l=Espa%C3%B1a\" target=\"_blank\" rel=\"noopener\"><span style=\"color: #0000ff\">Opci\u00f3n Empleo (Bioqu\u00edmica)<\/span><\/a><\/li>\n<\/ul>\n<h4><strong>\u00a1<span style=\"color: #800000\">NO TE OLVIDES DE CONSULTAR LA SECCI\u00d3N DE<\/span><\/strong> <span style=\"color: #0000ff\"><a style=\"color: #0000ff\" href=\"http:\/\/blog.uclm.es\/egresadosbioamb\/novedades\/\" target=\"_blank\" rel=\"noopener\"><strong>NOVEDADES!<\/strong><\/a><\/span><\/h4>\n<h4>\u00a1Tambi\u00e9n podr\u00e1s encontrar ofertas de empleo ah\u00ed !<\/h4>\n","protected":false},"excerpt":{"rendered":"<p>Centro de Informaci\u00f3n y Promoci\u00f3n del Empleo (UCLM) Servicio P\u00fablico de Empleo Estatal Sistema de Garant\u00eda Juvenil EURES EURAXESS European Personnel Selection Office Ofertas de Trabajo en Medio Ambiente y Gu\u00edas para Buscar Empleo Ecoempleo.com Trabaja en medio ambiente Solo empleo ambiental (Espa\u00f1a) TRAGSA Portal Joven de CLM Jornada sobre oportunidades y nichos de empleo &hellip; <\/p>\n<p class=\"link-more\"><a href=\"https:\/\/blog.uclm.es\/egresadosbioamb\/ofertas-de-empleo\/\" class=\"more-link\">Continuar leyendo<span class=\"screen-reader-text\"> \u00abEnlaces a ofertas de empleo\u00bb<\/span><\/a><\/p>\n","protected":false},"author":236,"featured_media":0,"parent":0,"menu_order":0,"comment_status":"closed","ping_status":"closed","template":"","meta":{"footnotes":""},"class_list":["post-21","page","type-page","status-publish","hentry"],"_links":{"self":[{"href":"https:\/\/blog.uclm.es\/egresadosbioamb\/wp-json\/wp\/v2\/pages\/21","targetHints":{"allow":["GET"]}}],"collection":[{"href":"https:\/\/blog.uclm.es\/egresadosbioamb\/wp-json\/wp\/v2\/pages"}],"about":[{"href":"https:\/\/blog.uclm.es\/egresadosbioamb\/wp-json\/wp\/v2\/types\/page"}],"author":[{"embeddable":true,"href":"https:\/\/blog.uclm.es\/egresadosbioamb\/wp-json\/wp\/v2\/users\/236"}],"replies":[{"embeddable":true,"href":"https:\/\/blog.uclm.es\/egresadosbioamb\/wp-json\/wp\/v2\/comments?post=21"}],"version-history":[{"count":3,"href":"https:\/\/blog.uclm.es\/egresadosbioamb\/wp-json\/wp\/v2\/pages\/21\/revisions"}],"predecessor-version":[{"id":3379,"href":"https:\/\/blog.uclm.es\/egresadosbioamb\/wp-json\/wp\/v2\/pages\/21\/revisions\/3379"}],"wp:attachment":[{"href":"https:\/\/blog.uclm.es\/egresadosbioamb\/wp-json\/wp\/v2\/media?parent=21"}],"curies":[{"name":"wp","href":"https:\/\/api.w.org\/{rel}","templated":true}]}}