{"id":142,"date":"2017-12-14T13:59:24","date_gmt":"2017-12-14T12:59:24","guid":{"rendered":"http:\/\/blogdev.uclm.es\/eduardovieira\/?page_id=142"},"modified":"2023-11-15T18:40:53","modified_gmt":"2023-11-15T17:40:53","slug":"master-abstract","status":"publish","type":"page","link":"https:\/\/blog.uclm.es\/eduardovieira\/master-abstract\/","title":{"rendered":"Master"},"content":{"rendered":"<p align=\"justify\"><a href=\"https:\/\/pruebasaluuclm-my.sharepoint.com\/:b:\/g\/personal\/eduardo_vieira_uclm_es\/EfBT8tPj7-dHnJGMgyClmE4BqWmYSt5KyOQn3fedF-QUrQ?e=ZbIwQe\" target=\"_blank\" rel=\"noopener noreferrer\"><b>CHAVES, E.W.V. (1997).\u00a0<\/b><i><b>An\u00e1lise de placas, considerando varia\u00e7\u00e3o de espessura, atrav\u00e9s do m\u00e9todo dos elementos de contorno<\/b><\/i><b>.<\/b><\/a>\u00a0S\u00e3o Carlos, 1997. 271p. Disserta\u00e7\u00e3o (Mestrado) \u2013 Escola de Engenharia de S\u00e3o Carlos, Universidade de S\u00e3o Paulo. (in portuguese)<\/p>\n<p align=\"left\">\u00a0\u00a0 Advisor: Prof. Wilson S\u00e9rgio VENTURINI (In Memoriam).<\/p>\n<h4><strong>Abstract<\/strong><\/h4>\n<p align=\"justify\">This work deals with the formulation of the Boundary Element Method applied to plate bending problem using the Kirchhoff\u2019s theories. Special emphasis is given to plates with varying thickness since this subject is not much tackled. The study of the bending of plates of variable thickness is pursued in various fields, such as civil engineering, aerospace engineering, and the design of machines. It was adopted linearly varying rigidity, giving integral equations of displacements with domain terms, that will be treated by domain discretization into cells.<\/p>\n<p>\u00a0 Keywords:\u00a0Plate bending \u2013 boundary elements \u2013 varying thickness.<\/p>\n","protected":false},"excerpt":{"rendered":"<p>CHAVES, E.W.V. (1997).\u00a0An\u00e1lise de placas, considerando varia\u00e7\u00e3o de espessura, atrav\u00e9s do m\u00e9todo dos elementos de contorno.\u00a0S\u00e3o Carlos, 1997. 271p. Disserta\u00e7\u00e3o (Mestrado) \u2013 Escola de Engenharia de S\u00e3o Carlos, Universidade de S\u00e3o Paulo. (in portuguese) \u00a0\u00a0 Advisor: Prof. Wilson S\u00e9rgio VENTURINI (In Memoriam). Abstract This work deals with the formulation of the Boundary Element Method applied &hellip; <a href=\"https:\/\/blog.uclm.es\/eduardovieira\/master-abstract\/\" class=\"more-link\">Seguir leyendo <span class=\"screen-reader-text\">Master<\/span> <span class=\"meta-nav\">&rarr;<\/span><\/a><\/p>\n","protected":false},"author":45,"featured_media":0,"parent":0,"menu_order":0,"comment_status":"closed","ping_status":"closed","template":"","meta":{"footnotes":""},"class_list":["post-142","page","type-page","status-publish","hentry"],"_links":{"self":[{"href":"https:\/\/blog.uclm.es\/eduardovieira\/wp-json\/wp\/v2\/pages\/142","targetHints":{"allow":["GET"]}}],"collection":[{"href":"https:\/\/blog.uclm.es\/eduardovieira\/wp-json\/wp\/v2\/pages"}],"about":[{"href":"https:\/\/blog.uclm.es\/eduardovieira\/wp-json\/wp\/v2\/types\/page"}],"author":[{"embeddable":true,"href":"https:\/\/blog.uclm.es\/eduardovieira\/wp-json\/wp\/v2\/users\/45"}],"replies":[{"embeddable":true,"href":"https:\/\/blog.uclm.es\/eduardovieira\/wp-json\/wp\/v2\/comments?post=142"}],"version-history":[{"count":2,"href":"https:\/\/blog.uclm.es\/eduardovieira\/wp-json\/wp\/v2\/pages\/142\/revisions"}],"predecessor-version":[{"id":1334,"href":"https:\/\/blog.uclm.es\/eduardovieira\/wp-json\/wp\/v2\/pages\/142\/revisions\/1334"}],"wp:attachment":[{"href":"https:\/\/blog.uclm.es\/eduardovieira\/wp-json\/wp\/v2\/media?parent=142"}],"curies":[{"name":"wp","href":"https:\/\/api.w.org\/{rel}","templated":true}]}}