{"id":113,"date":"2017-12-13T12:32:18","date_gmt":"2017-12-13T11:32:18","guid":{"rendered":"http:\/\/blogdev.uclm.es\/eduardovieira\/?page_id=113"},"modified":"2022-12-16T12:40:14","modified_gmt":"2022-12-16T11:40:14","slug":"mecanica-del-solido-deformable","status":"publish","type":"page","link":"https:\/\/blog.uclm.es\/eduardovieira\/mecanica-del-solido-deformable\/","title":{"rendered":"MEC\u00c1NICA DEL S\u00d3LIDO DEFORMABLE"},"content":{"rendered":"<blockquote><p>Anuncios<\/p><\/blockquote>\n<p align=\"left\"><b><span style=\"font-size: medium\">Anuncios<\/span><\/b><span style=\"font-size: medium\"><b>:\u00a0<a href=\"https:\/\/campusvirtual.uclm.es\/login\/index.php\" target=\"_blank\" rel=\"noopener noreferrer\"><span style=\"color: #666666\">(ver Moodle)<\/span><\/a><\/b><\/span><\/p>\n<blockquote><p>Organizaci\u00f3n<\/p><\/blockquote>\n<p align=\"left\"><b><span style=\"font-size: medium\">Asignatura de Tercer Curso &#8211; Primer Cuatrimestre.<\/span><\/b><b><\/b><\/p>\n<p align=\"left\"><b><span style=\"font-size: medium\">Fechas de los Ex\u00e1menes Parciales<\/span><\/b><span style=\"font-size: medium\"><b>:\u00a0<a href=\"https:\/\/campusvirtual.uclm.es\/login\/index.php\" target=\"_blank\" rel=\"noopener noreferrer\"><span style=\"color: #666666\">(ver Moodle)<\/span><\/a><\/b><\/span><\/p>\n<blockquote><p>Referencias<\/p><\/blockquote>\n<p style=\"font-weight: 400\"><strong>Bibliograf\u00eda B\u00e1sica<\/strong><\/p>\n<p>CHAVES, E.W.V.(2007).\u00a0<em>\u00ab\u00bb<a href=\"http:\/\/www.cimne.com\/tiendaCIMNE\/ver_libro.asp?id_prod=1294\">Mec\u00e1nica del Medio Continuo. Conceptos B\u00e1sicos<\/a>\u00ab.\u00a0<\/em><a href=\"http:\/\/www.cimne.upc.es\/\">CIMNE<\/a>-Barcelona, ISBN: 978-84-96736-38-2.<\/p>\n<p>CHAVES, E.W.V.(2009).\u00a0<em>\u00ab\u00bb<a href=\"http:\/\/www.cimne.com\/tiendacimne\/ver_libro.asp?id_prod=1787\">Mec\u00e1nica del Medio Continuo. Modelos Constitutivos<\/a>\u00ab.\u00a0<\/em><a href=\"http:\/\/www.cimne.upc.es\/\">CIMNE<\/a>-Barcelona, ISBN:978-84-96736-68-9.<\/p>\n<p>Oliver, X. &amp; Agelet de Saracibar,C. (2000).\u00a0<em>Mec\u00e1nica de Medios Continuos para Ingenieros. Edicions UPC- Barcelona. ISBN: 84-8301-412-2.<\/em><\/p>\n<p>Mase, G.E. (1977).\u00a0<em>Mec\u00e1nica del Medio Continuo. McGraw-Hill, USA.<\/em><\/p>\n<p><strong>Bibliograf\u00eda Complementaria<\/strong><\/p>\n<p>Malvern, L. (1969).<em>\u00a0An Introduction to the Mechanics of a Continuous Medium.<\/em>\u00a0Prentice-Hall.<\/p>\n<p>Spencer, A.J.M. (1980).<em>\u00a0Continuum Mechanics<\/em>,\u00a0\u00a0Longman.<\/p>\n<p>Truesdell, C. &amp; Noll, W. (1965).<em>\u00a0The Non-Linear Field Theories of Mechanics.\u00a0<\/em>\u00a0in Encyclopedia of Physics, Vol. III\/3, Springer.<\/p>\n<p>Gurtin, M.E. (1981).\u00a0<em>Topics in Finite Elasticity.<\/em>\u00a0SIAM.<\/p>\n<p>Holzapfel, G.A. (2000). Nonlinear solid mechanics. John Wiley &amp; Sons Ltd. England.<\/p>\n<p>D\u00edaz del Valle, J. (1984). Mec\u00e1nica de los Medios Continuos I. Servicio de publicaciones E.T.S. de Ingenieros de Caminos, C. y P. Santander.<\/p>\n<p>Antman, S.S. (1995).<em>\u00a0<\/em><em>Nonlinear Problems of Elasticit<\/em>y. Springer-Verlag.<\/p>\n<p>Lai, W.M.; Rubin, D. &amp; Krempl, E. (1978).<em>\u00a0Introduction to Continuum Mechanics.<\/em>\u00a0Pergamon Press.<\/p>\n<p>Chadwick, P. (1976).<em>\u00a0Continuum Mechanics.<\/em>\u00a0George Allen and Unwin.<\/p>\n<p>Chadwick, P. (1999).<em>\u00a0Continuum Mechanics:Consice Theory and Problems.<\/em>\u00a0Dover Reprint.<\/p>\n<p>Ogden, R.W. (1984).<em>\u00a0Nonlinear Elastic Deformation<\/em>s. John Wiley (Dover reprint).<\/p>\n<p>Marsden, J.E. &amp; Hughes, T.J.R. (1983).<em>\u00a0Mathematical Foundation of Elasticit<\/em>y. Prentice Hall (Dover reprint).<\/p>\n<p>Wang, C.-C. &amp; Truesdell, C. (1973).<em>\u00a0Introduction to Rational Elasticity.<\/em>\u00a0Noordhoff.<\/p>\n<p>Valent, T. (1988)<em>. Boundary-Value Problems of Finite Elasticity<\/em>\u00a0Springer-Verlag.<\/p>\n<p>Fu, Y.B. &amp; Ogden, R.W. (2001).<em>\u00a0Nonlinear Elasticity.<\/em>\u00a0Eds., Cambridge.<\/p>\n<p>Drozdov, A.D. (1996).<em>\u00a0Finite Elasticity and Viscoelasticity.<\/em>\u00a0World Scientific.<\/p>\n<p>Atkin, R.J. &amp; Fox, N.\u00a0(1980).\u00a0<em>An Introduction to the Theory of Elasticity.\u00a0<\/em>Longman.<\/p>\n<blockquote><p>Evaluaci\u00f3n<\/p><\/blockquote>\n<p align=\"justify\">Las oportunidades de evaluaci\u00f3n a lo largo del curso ser\u00e1n tres, dos de las cuales tendr\u00e1n el car\u00e1cter de ex\u00e1menes finales y la tercera el de evaluaci\u00f3n por curso.<\/p>\n<p align=\"justify\">Los ex\u00e1menes finales consistir\u00e1n en una prueba \u00fanica que abarcar\u00e1 toda la materia impartida; se evaluar\u00e1n de 0 a 10 puntos, siendo necesario alcanzar una nota igual o superior a 5 puntos para superar la asignatura. En el examen final de la convocatoria ordinaria los alumnos pueden optar por examinarse s\u00f3lo de aquellas partes que tengan suspensas. En el examen final de la convocatoria extraordinaria los alumnos se examinar\u00e1n de toda la materia impartida.<\/p>\n<p align=\"justify\">La evaluaci\u00f3n por curso consta de 5 notas. Las tres primeras corresponden a tres pruebas escritas excluyentes, puntuadas de 0 a 10 puntos, siendo necesario alcanzar un m\u00ednimo de 4,0 en cada una de ellas para poder superar la asignatura por curso. La cuarta nota corresponde a la actividad desarrollada por el alumno en clase y ser\u00e1 evaluada por el profesor de 0 a 2 puntos. La quinta nota corresponde a las entregas de ejercicios a lo largo del curso, y ser\u00e1 evaluada por el profesor de 0 a 1 puntos. La asignatura se habr\u00e1 superado por curso cuando la suma de las cinco notas sea igual o superior a 15 puntos, cumpliendo los m\u00ednimos de puntuaci\u00f3n indicados para las pruebas escritas. Las notas de las pruebas escritas iguales o superiores a 4,0 puntos se conservan en el examen final de la convocatoria ordinaria, sin perjuicio de que el alumno pueda presentarse para mejorar nota.<\/p>\n<p align=\"justify\"><a href=\"https:\/\/blog.uclm.es\/eduardovieira\/wp-content\/uploads\/sites\/127\/2018\/11\/evaluacion.jpg\"><img loading=\"lazy\" decoding=\"async\" class=\"alignnone size-full wp-image-210\" src=\"https:\/\/blog.uclm.es\/eduardovieira\/wp-content\/uploads\/sites\/127\/2018\/11\/evaluacion.jpg\" alt=\"\" width=\"512\" height=\"829\" srcset=\"https:\/\/blog.uclm.es\/eduardovieira\/wp-content\/uploads\/sites\/127\/2018\/11\/evaluacion.jpg 512w, https:\/\/blog.uclm.es\/eduardovieira\/wp-content\/uploads\/sites\/127\/2018\/11\/evaluacion-185x300.jpg 185w\" sizes=\"auto, (max-width: 512px) 100vw, 512px\" \/><\/a><\/p>\n<blockquote><p>Apuntes<\/p><\/blockquote>\n<p><a href=\"https:\/\/blog.uclm.es\/eduardovieira\/wp-content\/uploads\/sites\/127\/2018\/11\/tapa.jpg\"><img loading=\"lazy\" decoding=\"async\" class=\"size-thumbnail wp-image-236 alignleft\" src=\"https:\/\/blog.uclm.es\/eduardovieira\/wp-content\/uploads\/sites\/127\/2018\/11\/tapa-150x150.jpg\" alt=\"\" width=\"186\" height=\"272\" srcset=\"https:\/\/blog.uclm.es\/eduardovieira\/wp-content\/uploads\/sites\/127\/2018\/11\/tapa-205x300.jpg 205w, https:\/\/blog.uclm.es\/eduardovieira\/wp-content\/uploads\/sites\/127\/2018\/11\/tapa.jpg 465w\" sizes=\"auto, (max-width: 186px) 100vw, 186px\" \/><\/a><\/p>\n<p>CHAVES, E.W.V.(2012-3\u00aa Edici\u00f3n).\u00a0<i><a href=\"http:\/\/www.cimne.com\/tiendaCIMNE\/ver_libro.asp?id_prod=1294\" target=\"_blank\" rel=\"noopener noreferrer\">\u201cMec\u00e1nica del Medio Continuo. Conceptos B\u00e1sicos\u201d<\/a>.\u00a0<\/i><a href=\"http:\/\/www.cimne.upc.es\/\" target=\"_blank\" rel=\"noopener noreferrer\">CIMNE<\/a>-Barcelona, ISBN: 978-84-96736-38-2.(1\u00aaEdici\u00f3n: 2007, 2\u00aaEdici\u00f3n: 2010).<\/p>\n<p>Introducci\u00f3n;<\/p>\n<p><a href=\"https:\/\/pruebasaluuclm-my.sharepoint.com\/:b:\/g\/personal\/eduardo_vieira_uclm_es\/EZZdmDlsi59PnoGels9zJr0B-reTUcL8ipHY7_sfkgGADA?e=QjFRE8\" target=\"_blank\" rel=\"noopener noreferrer\">1 Tensores<\/a>; Ap\u00e9ndicie A; 2 Cinem\u00e1tica del Continuo;<\/p>\n<p>3 Tensiones;<\/p>\n<p>4 Objetividad de Tensores;<\/p>\n<p>5 Ecuaciones Fundamentales de la Mec\u00e1nica del Medio Continuo;<\/p>\n<p>6 Introducci\u00f3n a las Ecuaciones Constitutivas;<\/p>\n<p>7 Elasticidad Lineal.<\/p>\n<p><a href=\"https:\/\/blog.uclm.es\/eduardovieira\/wp-content\/uploads\/sites\/127\/2018\/11\/tapa2.jpg\"><img loading=\"lazy\" decoding=\"async\" class=\"size-thumbnail wp-image-239 alignleft\" src=\"https:\/\/blog.uclm.es\/eduardovieira\/wp-content\/uploads\/sites\/127\/2018\/11\/tapa2-150x150.jpg\" alt=\"\" width=\"186\" height=\"272\" \/><\/a>CHAVES, E.W.V.\u00a0(2009).\u00a0<i><a href=\"http:\/\/www.cimne.com\/tiendacimne\/ver_libro.asp?id_prod=1787\" target=\"_blank\" rel=\"noopener noreferrer\">\u201cMec\u00e1nica del Medio Continuo. Modelos Constitutivos\u201d<\/a>.\u00a0<\/i><a href=\"http:\/\/www.cimne.upc.es\/\" target=\"_blank\" rel=\"noopener noreferrer\">CIMNE<\/a>, ISBN: 978-84-96736-68-9.<\/p>\n<p>Introducci\u00f3n;<\/p>\n<p>1 Hiperelasticidad;<\/p>\n<p>2 Plasticidad;<\/p>\n<p>3 Termoelasticidad. Termoplasticidad;<\/p>\n<p>4 Fluidos;<\/p>\n<p>5 Viscoelasticidad;<\/p>\n<p>6 Mec\u00e1nica del Da\u00f1o.<\/p>\n<p><a href=\"https:\/\/blog.uclm.es\/eduardovieira\/wp-content\/uploads\/sites\/127\/2018\/11\/tapa3.jpg\"><img loading=\"lazy\" decoding=\"async\" class=\"size-thumbnail wp-image-237 alignleft\" src=\"https:\/\/blog.uclm.es\/eduardovieira\/wp-content\/uploads\/sites\/127\/2018\/11\/tapa3.jpg\" alt=\"\" width=\"186\" height=\"272\" \/><\/a>CHAVES, E.W.V.\u00a0<i><a href=\"https:\/\/previa.uclm.es\/profesorado\/evieira\/ftp\/apuntes\/ejercicio_mmc.pdf\" target=\"_blank\" rel=\"noopener noreferrer\">\u201cMec\u00e1nica del Medio Continuo: Problemas Resueltos\u201d<\/a>.\u00a0<\/i>CIMNE-Barcelona, ISBN: 978-84-943307-5-9.(1\u00aaEdici\u00f3n: 2014).<\/p>\n<p>1 Tensores;<\/p>\n<p>2 Cinem\u00e1tica del Continuo;<\/p>\n<p>3 Tensiones;<\/p>\n<p>Ecuaciones Fundamentales de la mec\u00e1nica del Medio Continuo;<\/p>\n<p>5 Introducci\u00f3n a las ecuaciones Constitutivas;<\/p>\n<p>6 Elasticidad Lineal ;<\/p>\n<blockquote><p>Links<\/p><\/blockquote>\n<p><a href=\"http:\/\/oliver.rmee.upc.edu\/xo\/vpage\/1\/0\/Teaching\/Continuum-Mechanics\" target=\"_blank\" rel=\"noopener noreferrer\">UPC-Prof. Oliver (Mec\u00e1nica de Medios Continuos)<\/a><\/p>\n<p><a href=\"http:\/\/www.brown.edu\/Departments\/Engineering\/Courses\/En221\/\" target=\"_blank\" rel=\"noopener noreferrer\">Continuum Mechanics<\/a>\u00a0School of Engineering-Brown University<\/p>\n<p><a href=\"https:\/\/www.sites.beam.vt.edu\/batra\/media.php\" target=\"_blank\" rel=\"noopener noreferrer\">Prof. Romesh C. Batra<\/a><\/p>\n<p><a href=\"http:\/\/ocw.mit.edu\/courses\/mathematics\/18-02-multivariable-calculus-fall-2007\/video-lectures\/\" target=\"_blank\" rel=\"noopener noreferrer\">MITOPENCOURSEWARE (Calculus)<\/a><\/p>\n<p><a href=\"http:\/\/ocw.mit.edu\/courses\/mathematics\/18-085-computational-science-and-engineering-i-fall-2008\/video-lectures\/\" target=\"_blank\" rel=\"noopener noreferrer\">MITOPENCOURSEWARE (Computational Science and Engineering)<\/a><\/p>\n<p><b>You Tube<\/b><\/p>\n<p><a href=\"http:\/\/www.youtube.com\/watch?v=mdN8OOkx2ko&amp;feature=relmfu\" target=\"_blank\" rel=\"noopener noreferrer\">Eulerian and Lagrangian Description<\/a><\/p>\n<p><a href=\"http:\/\/www.youtube.com\/watch?v=pqWwHxn6LNo&amp;feature=related\" target=\"_blank\" rel=\"noopener noreferrer\">2. Deformation of Continuous Media<\/a><\/p>\n<p>MIT-Finite Element Procedures for Solids and Structures, Nonlinear Analysis(Prof. Klaus-J\u00fcrgen\u00a0<b>Bathe<\/b>)<\/p>\n<p><a href=\"http:\/\/www.youtube.com\/watch?v=TJh7KPABk6I&amp;playnext=1&amp;list=PL75C727EA9F6A0E8B&amp;feature=results_main\" target=\"_blank\" rel=\"noopener noreferrer\">Lecture 1<\/a>\u00a0\u00a0\u00a0<a href=\"http:\/\/www.youtube.com\/watch?v=o2Vlt1avXCs&amp;feature=relmfu\" target=\"_blank\" rel=\"noopener noreferrer\">Lecture 2<\/a>\u00a0\u00a0\u00a0<a href=\"http:\/\/www.youtube.com\/watch?v=20WSeL4tz2k&amp;feature=relmfu\" target=\"_blank\" rel=\"noopener noreferrer\">Lecture 3<\/a>\u00a0\u00a0\u00a0<a href=\"http:\/\/www.youtube.com\/watch?v=tkU3bM_6YLk&amp;feature=relmfu\" target=\"_blank\" rel=\"noopener noreferrer\">Lecture 4<\/a>\u00a0\u00a0\u00a0<a href=\"http:\/\/www.youtube.com\/watch?v=Tf0FDnIUHCI&amp;feature=relmfu\" target=\"_blank\" rel=\"noopener noreferrer\">Lecture 5<\/a>\u00a0\u00a0\u00a0<a href=\"http:\/\/www.youtube.com\/watch?v=E2HglWZcfKw&amp;feature=relmfu\" target=\"_blank\" rel=\"noopener noreferrer\">Lecture 6<\/a>\u00a0\u00a0\u00a0<a href=\"http:\/\/www.youtube.com\/watch?v=Krb1fF2Ycgo&amp;feature=relmfu\" target=\"_blank\" rel=\"noopener noreferrer\">Lecture 7<\/a><\/p>\n<p>[\/vc_column_text][\/vc_tta_section][\/vc_tta_accordion][\/vc_column][\/vc_row][vc_row][vc_column][vc_column_text]<\/p>\n<p align=\"center\"><b>C<\/b><b>ontenido de la Asignatura<\/b><\/p>\n<blockquote><p><b>I.A\u00a0<u>Tensores<\/u><\/b><\/p>\n<p align=\"justify\">El espacio de los tensores geom\u00e9tricos. Suma de tensores geom\u00e9tricos. Producto de tensor por escalar. Producto tensorial de vectores geom\u00e9tricos. Producto de tensores geom\u00e9tricos. Determinante de un tensor geom\u00e9trico. Traza de un tensor geom\u00e9trico. Autovalores y autovectores de un tensor. Trasposici\u00f3n de tensores geom\u00e9tricos. Producto escalar de tensores geom\u00e9tricos. Tensores geom\u00e9tricos sim\u00e9tricos. Tensores geom\u00e9tricos hemisim\u00e9tricos. Tensores geom\u00e9tricos ortogonales. Descomposici\u00f3n de tensores geom\u00e9tricos.<\/p>\n<p><b>I.B\u00a0<u>Teor\u00eda de Campos<\/u><\/b><\/p>\n<p align=\"justify\">Campos escalares, vectoriales y tensoriales. Operadores diferenciales. Propiedades de los operadores diferenciales. Operadores diferenciales compuestos. Transformaciones integrales. Coordenadas cartesianas. Coordenadas cil\u00edndricas.<\/p>\n<p>BLOQUE II: INTRODUCCI\u00d3N A LA MEC\u00c1NICA DE MEDIOS CONTINUOS<\/p>\n<p><b>II.A\u00a0<u>Cinem\u00e1tica y Din\u00e1mica de Medios Continuos<\/u><\/b><\/p>\n<p align=\"justify\">El medio continuo como sistema mec\u00e1nico: Materiales y medios continuos. Conservaci\u00f3n de la masa. Fuerzas interiores. El vector tensi\u00f3n.<br \/>\nCinem\u00e1tica de Medios Continuos: Descripciones del movimiento. Peque\u00f1as deformaciones. Deformaciones longitudinales y angulares. Deformaciones y desplazamientos. Tensor de peque\u00f1as deformaciones. Campo de deformaciones.<br \/>\nDin\u00e1mica de Medios Continuos: El tensor de tensiones. Teoremas de conservaci\u00f3n. Tensiones est\u00e1ticamente determinadas.<br \/>\nTermodin\u00e1mica de medios continuos: Calor y temperatura en un medio continuo. El vector de flujo t\u00e9rmico. Primer principio. Segundo principio.<\/p>\n<p><b>II.B\u00a0<u>Ecuaciones Constitutivas de S\u00f3lidos y de Fluidos.<\/u><\/b><\/p>\n<p align=\"justify\">Postulados fundamentales: Determinismo. Axioma de acci\u00f3n local. Objetividad. Disipaci\u00f3n universal.<br \/>\nEcuaciones constitutivas de s\u00f3lidos: Elasticidad cl\u00e1sica. El material hookeano.<br \/>\nEcuaciones constitutivas de fluidos: Concepto de presi\u00f3n (hidrost\u00e1tica, media y termodin\u00e1mica). Fluido newtoniano is\u00f3tropo.<\/p>\n<\/blockquote>\n","protected":false},"excerpt":{"rendered":"<p>Anuncios Anuncios:\u00a0(ver Moodle) Organizaci\u00f3n Asignatura de Tercer Curso &#8211; Primer Cuatrimestre. Fechas de los Ex\u00e1menes Parciales:\u00a0(ver Moodle) Referencias Bibliograf\u00eda B\u00e1sica CHAVES, E.W.V.(2007).\u00a0\u00ab\u00bbMec\u00e1nica del Medio Continuo. Conceptos B\u00e1sicos\u00ab.\u00a0CIMNE-Barcelona, ISBN: 978-84-96736-38-2. CHAVES, E.W.V.(2009).\u00a0\u00ab\u00bbMec\u00e1nica del Medio Continuo. Modelos Constitutivos\u00ab.\u00a0CIMNE-Barcelona, ISBN:978-84-96736-68-9. Oliver, X. &amp; Agelet de Saracibar,C. (2000).\u00a0Mec\u00e1nica de Medios Continuos para Ingenieros. Edicions UPC- Barcelona. ISBN: 84-8301-412-2. Mase, &hellip; <a href=\"https:\/\/blog.uclm.es\/eduardovieira\/mecanica-del-solido-deformable\/\" class=\"more-link\">Seguir leyendo <span class=\"screen-reader-text\">MEC\u00c1NICA DEL S\u00d3LIDO DEFORMABLE<\/span> <span class=\"meta-nav\">&rarr;<\/span><\/a><\/p>\n","protected":false},"author":45,"featured_media":0,"parent":0,"menu_order":0,"comment_status":"closed","ping_status":"closed","template":"","meta":{"footnotes":""},"class_list":["post-113","page","type-page","status-publish","hentry"],"_links":{"self":[{"href":"https:\/\/blog.uclm.es\/eduardovieira\/wp-json\/wp\/v2\/pages\/113","targetHints":{"allow":["GET"]}}],"collection":[{"href":"https:\/\/blog.uclm.es\/eduardovieira\/wp-json\/wp\/v2\/pages"}],"about":[{"href":"https:\/\/blog.uclm.es\/eduardovieira\/wp-json\/wp\/v2\/types\/page"}],"author":[{"embeddable":true,"href":"https:\/\/blog.uclm.es\/eduardovieira\/wp-json\/wp\/v2\/users\/45"}],"replies":[{"embeddable":true,"href":"https:\/\/blog.uclm.es\/eduardovieira\/wp-json\/wp\/v2\/comments?post=113"}],"version-history":[{"count":2,"href":"https:\/\/blog.uclm.es\/eduardovieira\/wp-json\/wp\/v2\/pages\/113\/revisions"}],"predecessor-version":[{"id":1239,"href":"https:\/\/blog.uclm.es\/eduardovieira\/wp-json\/wp\/v2\/pages\/113\/revisions\/1239"}],"wp:attachment":[{"href":"https:\/\/blog.uclm.es\/eduardovieira\/wp-json\/wp\/v2\/media?parent=113"}],"curies":[{"name":"wp","href":"https:\/\/api.w.org\/{rel}","templated":true}]}}