{"id":82,"date":"2020-03-31T19:45:33","date_gmt":"2020-03-31T18:45:33","guid":{"rendered":"http:\/\/blog.uclm.es\/eduardodemetrio\/?page_id=82"},"modified":"2025-06-08T10:26:23","modified_gmt":"2025-06-08T10:26:23","slug":"82-2","status":"publish","type":"page","link":"https:\/\/blog.uclm.es\/eduardodemetrio\/","title":{"rendered":"Short Biography and Research Abstract"},"content":{"rendered":"<p><strong>Born in Solothurn, Switzerland, on August 28, 1970.<\/strong><span data-ccp-props=\"{&quot;134233117&quot;:true,&quot;134233118&quot;:true,&quot;335551550&quot;:6,&quot;335551620&quot;:6}\">\u00a0<\/span><\/p>\n<p><span style=\"color: #993300\"><strong>(\u00a71) Academic Career<\/strong>\u00a0<\/span><\/p>\n<p><span data-contrast=\"auto\">He obtained his LLB (1993) and PhD (1997) from the University of Salamanca. Since 2001, he has been an\u00a0 Associate Professor (<em>profesor titular<\/em>), and since 2011, a Full Professor (<em>catedr\u00e1tico<\/em>) of Criminal Law at the Faculty of Juridical and Social Sciences of the University of Castilla-La Mancha (Toledo, Spain). He has also been a Visiting Professor at Universit\u00e0 degli Studi della Campania Luigi Vanvitelli (2018) and Universit\u00e0 degli Studi di Bergamo (2021). He has been granted five six-year research periods and one of knowledge transfer.<\/span><\/p>\n<p><span style=\"color: #993300\"><strong>(\u00a72) Research Interests<\/strong>\u00a0<\/span><\/p>\n<p><span data-contrast=\"auto\">His main research interests include the philosophy of punishment and sentencing, the general theory of crime, constitutional principles and economic criminal law. For over a decade, he has focused specifically on the interdisciplinary field of neuroscience (now also AI) and criminal law.\u00a0<\/span><\/p>\n<p><span style=\"color: #993300\"><strong>(\u00a73) <\/strong><strong>Research Stays &amp; Fellowships\u00a0<\/strong><\/span><\/p>\n<p>He has conducted research in Spain, Germany, the UK, and Italy, including fellowships at the University of Cologne (FPU, 1994-1996; Humboldt Foundation, 2005-2006), Max Planck Institute for Foreign and International Criminal Law in Freiburg (MPS, 2008), the Institute for Advanced Study in Delmenhorst (HWK, 2010), and the European University Institute in Florence (MECD, 2016). He has also completed research stays at Ludwig-Maximilians-Universit\u00e4t M\u00fcnchen (2004), the University of Cambridge (2009, 2012), the University of Kiel (2013), and Humboldt-Universit\u00e4t zu Berlin (2024).\u00a0<\/p>\n<p><span style=\"color: #993300\"><b>(\u00a74) Research Projects<\/b>\u00a0<\/span><\/p>\n<p><span data-contrast=\"auto\">Principal Investigator of the R&amp;D&amp;I project \u00ab<\/span><a href=\"https:\/\/blog.uclm.es\/proyecton3nddhh\/\"><span data-contrast=\"auto\">Neuro-Human Rights and Criminal Law<\/span><\/a><span data-contrast=\"auto\">\u00bb (PID2023-149978NB-I00), having previously led the projects \u00ab<\/span><a href=\"https:\/\/blog.uclm.es\/areadpenalto\/linea-v\/\"><span data-contrast=\"auto\">Neurosciences and Criminal Law<\/span><\/a><span data-contrast=\"auto\">\u00bb <\/span><span data-contrast=\"auto\">(<\/span><span data-contrast=\"auto\">DER2009-09868)<\/span> <span data-contrast=\"auto\">\u201c<\/span><a href=\"https:\/\/blog.uclm.es\/proyectocresta\/\"><span data-contrast=\"auto\">Crisis of the Criminal Law in the Democratic Constitutional State<\/span><\/a><span data-contrast=\"auto\">\u201d <\/span><span data-contrast=\"auto\">(BPLY\/17\/180501\/000223)<\/span><span data-contrast=\"auto\"> and <\/span><a href=\"https:\/\/blog.uclm.es\/proyectodpch\/\"><span data-contrast=\"auto\">\u00abCriminal Law and Human Behavior\u00bb<\/span><\/a> <span data-contrast=\"auto\">(RTI2018-097838-B-I00).<\/span><span data-ccp-props=\"{&quot;134233117&quot;:true,&quot;134233118&quot;:true,&quot;335551550&quot;:6,&quot;335551620&quot;:6}\">\u00a0<\/span><\/p>\n<p><span style=\"color: #993300\"><strong>(\u00a75) Recognitions<\/strong><\/span><\/p>\n<p><span data-contrast=\"auto\">The Ibero-American Institute of Criminal Law recognised him for his academic and professional trajectory (2015). He was also appointed an Honorary Professor at the University of San Mart\u00edn de Porres (2019) and awarded a Doctor Honoris Causa by Universidad Togatorum of Mexico (2021). Additionally, he became a Full Member of the Academy of Social Sciences and Humanities of Castilla-La Mancha (2022) and an Honorary Member of the Argentine Academy of Criminal Sciences (2023).\u00a0<\/span><\/p>\n<p><span style=\"color: #993300\"><strong>(\u00a76) Scientific Committees<\/strong>\u00a0<\/span><\/p>\n<p><span class=\"TextRun SCXW153144313 BCX0\" lang=\"EN-US\" xml:lang=\"EN-US\" data-contrast=\"none\"><span class=\"TextRun SCXW157289375 BCX0\" lang=\"EN-US\" xml:lang=\"EN-US\" data-contrast=\"auto\"><span class=\"NormalTextRun SCXW157289375 BCX0\" data-ccp-charstyle=\"normaltextrun\" data-ccp-charstyle-defn=\"{&quot;ObjectId&quot;:&quot;ac0262f4-8a9e-5820-b908-2d943c5f7113|1&quot;,&quot;ClassId&quot;:1073872969,&quot;Properties&quot;:[469777841,&quot;Times New Roman&quot;,469777842,&quot;Times New Roman&quot;,469777843,&quot;Times New Roman&quot;,469777844,&quot;Times New Roman&quot;,469769226,&quot;Times New Roman&quot;,469775450,&quot;normaltextrun&quot;,201340122,&quot;1&quot;,134233614,&quot;true&quot;,469778129,&quot;normaltextrun&quot;,335572020,&quot;1&quot;,469778324,&quot;Default Paragraph Font&quot;]}\">He is an associate member of several scientific committees. Since 2011, he has directed the <\/span><\/span><em><span class=\"TextRun SCXW157289375 BCX0\" lang=\"EN-US\" xml:lang=\"EN-US\" data-contrast=\"auto\"><span class=\"NormalTextRun SCXW157289375 BCX0\" data-ccp-charstyle=\"Emphasis\">Biblioteca<\/span> <span class=\"NormalTextRun SpellingErrorV2Themed SCXW157289375 BCX0\" data-ccp-charstyle=\"normaltextrun\">B\u00e1sica<\/span><span class=\"NormalTextRun SCXW157289375 BCX0\" data-ccp-charstyle=\"Emphasis\"> de Derecho Penal y <\/span><span class=\"NormalTextRun SCXW157289375 BCX0\" data-ccp-charstyle=\"Emphasis\">Ciencias<\/span><span class=\"NormalTextRun SCXW157289375 BCX0\" data-ccp-charstyle=\"Emphasis\"> Penales<\/span><\/span><\/em><span class=\"TextRun SCXW157289375 BCX0\" lang=\"EN-US\" xml:lang=\"EN-US\" data-contrast=\"auto\"><span class=\"NormalTextRun SCXW157289375 BCX0\" data-ccp-charstyle=\"normaltextrun\"> (<\/span><span class=\"NormalTextRun SCXW157289375 BCX0\" data-ccp-charstyle=\"normaltextrun\">Iustel<\/span><span class=\"NormalTextRun SCXW157289375 BCX0\" data-ccp-charstyle=\"normaltextrun\">). Since 2020, he has been a board member of <\/span><\/span><em><span class=\"TextRun SCXW157289375 BCX0\" lang=\"EN-US\" xml:lang=\"EN-US\" data-contrast=\"auto\"><span class=\"NormalTextRun SCXW157289375 BCX0\" data-ccp-charstyle=\"Emphasis\">Legal Studies in International, European, and Comparative Criminal Law<\/span><\/span><\/em><span class=\"TextRun SCXW157289375 BCX0\" lang=\"EN-US\" xml:lang=\"EN-US\" data-contrast=\"auto\"><span class=\"NormalTextRun SCXW157289375 BCX0\" data-ccp-charstyle=\"normaltextrun\"> (Springer), a review editor for <\/span><\/span><em><span class=\"TextRun SCXW157289375 BCX0\" lang=\"EN-US\" xml:lang=\"EN-US\" data-contrast=\"auto\"><span class=\"NormalTextRun SCXW157289375 BCX0\" data-ccp-charstyle=\"Emphasis\">Forensic and Legal Psychology<\/span><\/span><\/em><span class=\"TextRun SCXW157289375 BCX0\" lang=\"EN-US\" xml:lang=\"EN-US\" data-contrast=\"auto\"><span class=\"NormalTextRun SCXW157289375 BCX0\" data-ccp-charstyle=\"normaltextrun\"> (Frontiers in Psychology) since 2021, <\/span><span class=\"NormalTextRun SCXW157289375 BCX0\" data-ccp-charstyle=\"normaltextrun\">a <\/span><span class=\"NormalTextRun SCXW157289375 BCX0\" data-ccp-charstyle=\"normaltextrun\">member of the Expert Panel at <\/span><\/span><em><span class=\"TextRun SCXW157289375 BCX0\" lang=\"EN-US\" xml:lang=\"EN-US\" data-contrast=\"auto\"><span class=\"NormalTextRun SCXW157289375 BCX0\" data-ccp-charstyle=\"Emphasis\">The Centre for Neurotechnology and Law<\/span><\/span><\/em><span class=\"TextRun SCXW157289375 BCX0\" lang=\"EN-US\" xml:lang=\"EN-US\" data-contrast=\"auto\"><span class=\"NormalTextRun SCXW157289375 BCX0\" data-ccp-charstyle=\"normaltextrun\"> (London) <\/span><span class=\"NormalTextRun SCXW157289375 BCX0\" data-ccp-charstyle=\"normaltextrun\">and a member of <\/span><span class=\"NormalTextRun SCXW157289375 BCX0\" data-ccp-charstyle=\"normaltextrun\">the<\/span> <\/span><span class=\"TextRun SCXW157289375 BCX0\" lang=\"ES-ES\" xml:lang=\"ES-ES\" data-contrast=\"auto\"><em><span class=\"NormalTextRun SCXW157289375 BCX0\" data-ccp-charstyle=\"Strong\">International <\/span><span class=\"NormalTextRun SCXW157289375 BCX0\" data-ccp-charstyle=\"Strong\">Research<\/span><span class=\"NormalTextRun SCXW157289375 BCX0\" data-ccp-charstyle=\"Strong\"> Center <\/span><span class=\"NormalTextRun SCXW157289375 BCX0\" data-ccp-charstyle=\"Strong\">for<\/span><span class=\"NormalTextRun SCXW157289375 BCX0\" data-ccp-charstyle=\"Strong\"> Criminal <\/span><span class=\"NormalTextRun SCXW157289375 BCX0\" data-ccp-charstyle=\"Strong\">Law<\/span> <span class=\"NormalTextRun SpellingErrorV2Themed SCXW157289375 BCX0\" data-ccp-charstyle=\"Strong\">Science<\/span><span class=\"NormalTextRun SpellingErrorV2Themed SCXW157289375 BCX0\" data-ccp-charstyle=\"Strong\">s<\/span><span class=\"NormalTextRun SCXW157289375 BCX0\" data-ccp-charstyle=\"Strong\"> LMU<\/span><span class=\"NormalTextRun SCXW157289375 BCX0\" data-ccp-charstyle=\"Strong\">&#8211;<\/span><span class=\"NormalTextRun SpellingErrorV2Themed SCXW157289375 BCX0\" data-ccp-charstyle=\"Strong\">Ibero<\/span><span class=\"NormalTextRun SpellingErrorV2Themed SCXW157289375 BCX0\" data-ccp-charstyle=\"Strong\">a<\/span><span class=\"NormalTextRun SpellingErrorV2Themed SCXW157289375 BCX0\" data-ccp-charstyle=\"Strong\">meri<\/span><span class=\"NormalTextRun SpellingErrorV2Themed SCXW157289375 BCX0\" data-ccp-charstyle=\"Strong\">k<\/span><span class=\"NormalTextRun SpellingErrorV2Themed SCXW157289375 BCX0\" data-ccp-charstyle=\"Strong\">a<\/span><\/em><span class=\"NormalTextRun SCXW157289375 BCX0\" data-ccp-charstyle=\"Strong\"> (<\/span><span class=\"NormalTextRun SCXW157289375 BCX0\" data-ccp-charstyle=\"Strong\">L<\/span><span class=\"NormalTextRun SCXW157289375 BCX0\" data-ccp-charstyle=\"Strong\">udwig <\/span><span class=\"NormalTextRun SpellingErrorV2Themed SCXW157289375 BCX0\" data-ccp-charstyle=\"Strong\">M<\/span><span class=\"NormalTextRun SpellingErrorV2Themed SCXW157289375 BCX0\" data-ccp-charstyle=\"Strong\">aximiliam<\/span> <span class=\"NormalTextRun SpellingErrorV2Themed SCXW157289375 BCX0\" data-ccp-charstyle=\"Strong\">U<\/span><span class=\"NormalTextRun SpellingErrorV2Themed SCXW157289375 BCX0\" data-ccp-charstyle=\"Strong\">niversit\u00e4t<\/span><span class=\"NormalTextRun SCXW157289375 BCX0\" data-ccp-charstyle=\"Strong\">, <\/span><span class=\"NormalTextRun SpellingErrorV2Themed SCXW157289375 BCX0\" data-ccp-charstyle=\"Strong\">M\u00fcnchen<\/span><span class=\"NormalTextRun SCXW157289375 BCX0\" data-ccp-charstyle=\"Strong\">)<\/span> <span class=\"NormalTextRun SpellingErrorV2Themed SCXW157289375 BCX0\" data-ccp-charstyle=\"Strong\">both<\/span> <span class=\"NormalTextRun SpellingErrorV2Themed SpellingErrorHighlight SCXW157289375 BCX0\" data-ccp-charstyle=\"Strong\">since<\/span><span class=\"NormalTextRun SCXW157289375 BCX0\" data-ccp-charstyle=\"Strong\"> 2025.<\/span><\/span><span class=\"EOP SCXW157289375 BCX0\" data-ccp-props=\"{&quot;134233117&quot;:false,&quot;134233118&quot;:false,&quot;335551550&quot;:6,&quot;335551620&quot;:6,&quot;335559738&quot;:0,&quot;335559739&quot;:0}\">\u00a0<\/span><br \/><\/span><\/p>\n<p><span style=\"color: #993300\"><strong>(\u00a77) Main Publications<\/strong><\/span><\/p>\n<p><strong>7.1 Articles\u00a0\u00a0<\/strong><\/p>\n<p><span data-contrast=\"auto\">About eighty articles in Spanish and other languages.<\/span><span data-ccp-props=\"{&quot;134233117&quot;:true,&quot;134233118&quot;:true,&quot;335551550&quot;:6,&quot;335551620&quot;:6}\">\u00a0<\/span><\/p>\n<p><strong>7.2 Books\u00a0<\/strong><\/p>\n<p><i><span data-contrast=\"auto\">-Prevenci\u00f3n general e individualizaci\u00f3n judicial de la pena <\/span><\/i><span data-contrast=\"auto\">(1999; 2. Ed., 2016).<\/span><span data-ccp-props=\"{&quot;134233117&quot;:true,&quot;134233118&quot;:true,&quot;335551550&quot;:6,&quot;335551620&quot;:6}\">\u00a0<\/span><\/p>\n<p><i><span data-contrast=\"auto\">-La tentativa en la autor\u00eda mediata y en la actio libera in causa<\/span><\/i><span data-contrast=\"auto\"> (2003; 2. Ed. 2019).<\/span><span data-ccp-props=\"{&quot;134233117&quot;:true,&quot;134233118&quot;:true,&quot;335551550&quot;:6,&quot;335551620&quot;:6}\">\u00a0<\/span><\/p>\n<p><i><span data-contrast=\"auto\">-Culpabilidad y fines de la pena, con especial referencia al pensamiento de Claus Roxin<\/span><\/i><span data-contrast=\"auto\"> (2008, 2013).<\/span><span data-ccp-props=\"{&quot;134233117&quot;:true,&quot;134233118&quot;:true,&quot;335551550&quot;:6,&quot;335551620&quot;:6}\">\u00a0<\/span><\/p>\n<p><i><span data-contrast=\"auto\">-Responsabilidad penal por omisi\u00f3n del empresario<\/span><\/i><span data-contrast=\"auto\"> (2009; 2. Ed., 2017)<\/span><span data-ccp-props=\"{&quot;134233117&quot;:true,&quot;134233118&quot;:true,&quot;335551550&quot;:6,&quot;335551620&quot;:6}\">\u00a0<\/span><\/p>\n<p><i><span data-contrast=\"auto\">-Fragmentos sobre Neurociencias y Derecho penal<\/span><\/i><span data-contrast=\"auto\"> (2017).<\/span><span data-ccp-props=\"{&quot;134233117&quot;:true,&quot;134233118&quot;:true,&quot;335551550&quot;:6,&quot;335551620&quot;:6}\">\u00a0<\/span><\/p>\n<p><i><span data-contrast=\"auto\">-El Derecho penal del Estado de Derecho entre el esp\u00edritu de nuestro tiempo y la Constituci\u00f3n<\/span><\/i><span data-contrast=\"auto\"> (2020).<\/span><span data-ccp-props=\"{&quot;134233117&quot;:true,&quot;134233118&quot;:true,&quot;335551550&quot;:6,&quot;335551620&quot;:6}\">\u00a0<\/span><\/p>\n<p><i><span data-contrast=\"auto\">-Esp\u00edritu del tiempo y Derecho penal<\/span><\/i><span data-contrast=\"auto\"> (2022).\u00a0<\/span><span data-ccp-props=\"{&quot;134233117&quot;:true,&quot;134233118&quot;:true,&quot;335551550&quot;:6,&quot;335551620&quot;:6}\">\u00a0<\/span><\/p>\n<p><strong>7.3 Handbooks\u00a0<\/strong><\/p>\n<p><span data-contrast=\"auto\">&#8211;<\/span><i><span data-contrast=\"auto\">Lecciones y materiales para el estudio del Derecho penal.<\/span><\/i> <i><span data-contrast=\"auto\">Tomo II. Teor\u00eda del delito<\/span><\/i><span data-contrast=\"auto\"> (2. Ed., 2015) (coauthor and coordinator)<\/span><span data-ccp-props=\"{&quot;134233117&quot;:true,&quot;134233118&quot;:true,&quot;335551550&quot;:6,&quot;335551620&quot;:6}\">\u00a0<\/span><\/p>\n<p><span data-contrast=\"auto\">&#8211;<\/span><i><span data-contrast=\"auto\">Curso de Derecho penal. Parte General <\/span><\/i><span data-contrast=\"auto\">(3. Ed., 2016) (coauthor and coordinator)<\/span><span data-ccp-props=\"{&quot;134233117&quot;:true,&quot;134233118&quot;:true,&quot;335551550&quot;:6,&quot;335551620&quot;:6}\">\u00a0<\/span><\/p>\n<p><strong>7.4 Edited Books\u00a0<\/strong><\/p>\n<p><i><span data-contrast=\"auto\">-Cuestiones actuales de Derecho penal econ\u00f3mico<\/span><\/i><span data-contrast=\"auto\"> (2008).<\/span><span data-ccp-props=\"{&quot;134233117&quot;:true,&quot;134233118&quot;:true,&quot;335551550&quot;:6,&quot;335551620&quot;:6}\">\u00a0<\/span><\/p>\n<p><i><span data-contrast=\"auto\">-Terrorismo y Estado de Derecho<\/span><\/i><span data-contrast=\"auto\"> (2010).<\/span><span data-ccp-props=\"{&quot;134233117&quot;:true,&quot;134233118&quot;:true,&quot;335551550&quot;:6,&quot;335551620&quot;:6}\">\u00a0<\/span><\/p>\n<p><i><span data-contrast=\"auto\">-Cuestiones actuales de Derecho penal empresarial <\/span><\/i><span data-contrast=\"auto\">(2010).<\/span><span data-ccp-props=\"{&quot;134233117&quot;:true,&quot;134233118&quot;:true,&quot;335551550&quot;:6,&quot;335551620&quot;:6}\">\u00a0<\/span><\/p>\n<p><i><span data-contrast=\"auto\">-El Derecho penal econ\u00f3mico y empresarial ante los desaf\u00edos de la sociedad mundial del riesgo<\/span><\/i><span data-contrast=\"auto\"> (2010).<\/span><span data-ccp-props=\"{&quot;134233117&quot;:true,&quot;134233118&quot;:true,&quot;335551550&quot;:6,&quot;335551620&quot;:6}\">\u00a0<\/span><\/p>\n<p><i><span data-contrast=\"auto\">-Neurociencias y Derecho penal. Nuevas perspectivas en el \u00e1mbito de la culpabilidad y tratamiento jur\u00eddico-penal de la peligrosidad<\/span><\/i><span data-contrast=\"auto\"> (2013; 2. Ed. 2021).<\/span><span data-ccp-props=\"{&quot;134233117&quot;:true,&quot;134233118&quot;:true,&quot;335551550&quot;:6,&quot;335551620&quot;:6}\">\u00a0<\/span><\/p>\n<p><i><span data-contrast=\"auto\">-Crisis financiera y Derecho penal econ\u00f3mico<\/span><\/i><span data-contrast=\"auto\"> (2014).<\/span><span data-ccp-props=\"{&quot;134233117&quot;:true,&quot;134233118&quot;:true,&quot;335551550&quot;:6,&quot;335551620&quot;:6}\">\u00a0<\/span><\/p>\n<p><i><span data-contrast=\"auto\">-Legalidad y defensa. Garant\u00edas constitucionales del Derecho y la Justicia penal<\/span><\/i><span data-contrast=\"auto\"> (2015).<\/span><span data-ccp-props=\"{&quot;134233117&quot;:true,&quot;134233118&quot;:true,&quot;335551550&quot;:6,&quot;335551620&quot;:6}\">\u00a0<\/span><\/p>\n<p><i><span data-contrast=\"auto\">-Halcones y Palomas: corrupci\u00f3n y delincuencia econ\u00f3mica <\/span><\/i><span data-contrast=\"auto\">(2015).<\/span><span data-ccp-props=\"{&quot;134233117&quot;:true,&quot;134233118&quot;:true,&quot;335551550&quot;:6,&quot;335551620&quot;:6}\">\u00a0<\/span><\/p>\n<p><i><span data-contrast=\"auto\">-Derecho penal econ\u00f3mico y Derechos Humanos<\/span><\/i><span data-contrast=\"auto\"> (2018).<\/span><span data-ccp-props=\"{&quot;134233117&quot;:true,&quot;134233118&quot;:true,&quot;335551550&quot;:6,&quot;335551620&quot;:6}\">\u00a0<\/span><\/p>\n<p><i><span data-contrast=\"auto\">-El delito fiscal. Aspectos penales y tributarios <\/span><\/i><span data-contrast=\"auto\">(2019).<\/span><span data-ccp-props=\"{&quot;134233117&quot;:true,&quot;134233118&quot;:true,&quot;335551550&quot;:6,&quot;335551620&quot;:6}\">\u00a0<\/span><\/p>\n<p><i><span data-contrast=\"auto\">-Derecho penal econ\u00f3mico y teor\u00eda del delito<\/span><\/i><span data-contrast=\"auto\"> (2020).<\/span><span data-ccp-props=\"{&quot;134233117&quot;:true,&quot;134233118&quot;:true,&quot;335551550&quot;:6,&quot;335551620&quot;:6}\">\u00a0<\/span><\/p>\n<p><i><span data-contrast=\"auto\">-Derecho penal y Comportamiento Humano. Avances desde la Neurociencia y la Inteligencia Artificial<\/span><\/i><span data-contrast=\"auto\"> (2022).<\/span><span data-ccp-props=\"{&quot;134233117&quot;:true,&quot;134233118&quot;:true,&quot;335551550&quot;:6,&quot;335551620&quot;:6}\">\u00a0<\/span><\/p>\n<p><i><span data-contrast=\"auto\">-Crisis of the Criminal Law in the Democratic Constitutional State. Manifestations and Trends<\/span><\/i><span data-contrast=\"auto\"> (2023).<\/span><span data-ccp-props=\"{&quot;134233117&quot;:true,&quot;134233118&quot;:true,&quot;335551550&quot;:6,&quot;335551620&quot;:6}\">\u00a0<\/span><\/p>\n<h3><span style=\"color: #993300\"><strong>Academic Networks<\/strong><\/span><\/h3>\n\n\n<div class=\"wp-block-columns is-layout-flex wp-container-core-columns-is-layout-9d6595d7 wp-block-columns-is-layout-flex\">\n<div class=\"wp-block-column is-layout-flow wp-block-column-is-layout-flow\"><div class=\"wp-block-image\">\n<figure class=\"aligncenter size-full\"><a href=\"https:\/\/es.linkedin.com\/in\/edemetriocrespo\" target=\"_blank\" rel=\"noreferrer noopener\"><img loading=\"lazy\" decoding=\"async\" width=\"146\" height=\"40\" src=\"https:\/\/blog.uclm.es\/eduardodemetrio\/wp-content\/uploads\/sites\/145\/2020\/03\/1338996950_466073_1338998336_noticia_normal-1.png\" alt=\"\" class=\"wp-image-52\" \/><\/a><\/figure>\n<\/div><\/div>\n\n\n\n<div class=\"wp-block-column is-layout-flow wp-block-column-is-layout-flow\"><div class=\"wp-block-image\">\n<figure class=\"aligncenter size-full is-resized\"><a href=\"https:\/\/www.facebook.com\/Neuro-Artificial-Criminal-Law-105732891359969\" target=\"_blank\" rel=\"noreferrer noopener\"><img loading=\"lazy\" decoding=\"async\" width=\"140\" height=\"67\" src=\"https:\/\/blog.uclm.es\/eduardodemetrio\/wp-content\/uploads\/sites\/145\/2020\/12\/NACL_1_fondo.jpg\" alt=\"\" class=\"wp-image-880\" style=\"width:102px;height:49px\" \/><\/a><\/figure>\n<\/div><\/div>\n\n\n\n<div class=\"wp-block-column is-layout-flow wp-block-column-is-layout-flow\"><div class=\"wp-block-image\">\n<figure class=\"aligncenter size-full\"><a href=\"http:\/\/orcid.org\/0000-0002-3982-8177\" target=\"_blank\" rel=\"noreferrer noopener\"><img loading=\"lazy\" decoding=\"async\" width=\"120\" height=\"35\" src=\"https:\/\/blog.uclm.es\/eduardodemetrio\/wp-content\/uploads\/sites\/145\/2020\/03\/images-2.png\" alt=\"\" class=\"wp-image-51\" \/><\/a><\/figure>\n<\/div><\/div>\n\n\n\n<div class=\"wp-block-column is-layout-flow wp-block-column-is-layout-flow\"><div class=\"wp-block-image\">\n<figure class=\"aligncenter size-full\"><a href=\"https:\/\/dialnet.unirioja.es\/servlet\/autor?codigo=45406\" target=\"_blank\" rel=\"noreferrer noopener\"><img loading=\"lazy\" decoding=\"async\" width=\"768\" height=\"163\" src=\"https:\/\/blog.uclm.es\/eduardodemetrio\/wp-content\/uploads\/sites\/145\/2022\/11\/Dialnet-768x163-1.png\" alt=\"\" class=\"wp-image-1105\" srcset=\"https:\/\/blog.uclm.es\/eduardodemetrio\/wp-content\/uploads\/sites\/145\/2022\/11\/Dialnet-768x163-1.png 768w, https:\/\/blog.uclm.es\/eduardodemetrio\/wp-content\/uploads\/sites\/145\/2022\/11\/Dialnet-768x163-1-300x64.png 300w\" sizes=\"auto, (max-width: 706px) 89vw, (max-width: 767px) 82vw, 740px\" \/><\/a><\/figure>\n<\/div><\/div>\n<\/div>\n\n\n\n<div class=\"wp-block-columns is-layout-flex wp-container-core-columns-is-layout-9d6595d7 wp-block-columns-is-layout-flex\">\n<div class=\"wp-block-column is-layout-flow wp-block-column-is-layout-flow\">\n<figure class=\"wp-block-image size-full\"><a href=\"https:\/\/scholar.google.es\/citations?user=uyNnTNAAAAAJ&amp;hl=es\" target=\"_blank\" rel=\"noreferrer noopener\"><img loading=\"lazy\" decoding=\"async\" width=\"126\" height=\"36\" src=\"https:\/\/blog.uclm.es\/eduardodemetrio\/wp-content\/uploads\/sites\/145\/2020\/03\/google-scholar.png\" alt=\"\" class=\"wp-image-50\" \/><\/a><\/figure>\n<\/div>\n\n\n\n<div class=\"wp-block-column is-layout-flow wp-block-column-is-layout-flow\">\n<figure class=\"wp-block-image size-full\"><a href=\"https:\/\/www.humboldt-foundation.de\/\" target=\"_blank\" rel=\"noreferrer noopener\"><img loading=\"lazy\" decoding=\"async\" width=\"130\" height=\"50\" src=\"https:\/\/blog.uclm.es\/eduardodemetrio\/wp-content\/uploads\/sites\/145\/2020\/03\/header_logo_klein.png\" alt=\"\" class=\"wp-image-342\" \/><\/a><\/figure>\n<\/div>\n\n\n\n<div class=\"wp-block-column is-layout-flow wp-block-column-is-layout-flow\">\n<figure class=\"wp-block-image size-full\"><a href=\"https:\/\/uclm.academia.edu\/DemetrioCrespo\" target=\"_blank\" rel=\"noreferrer noopener\"><img loading=\"lazy\" decoding=\"async\" width=\"126\" height=\"71\" src=\"https:\/\/blog.uclm.es\/eduardodemetrio\/wp-content\/uploads\/sites\/145\/2020\/03\/academia-1.png\" alt=\"\" class=\"wp-image-49\" \/><\/a><\/figure>\n<\/div>\n\n\n\n<div class=\"wp-block-column is-layout-flow wp-block-column-is-layout-flow\"><\/div>\n<\/div>\n\n\n\n<p><\/p>\n","protected":false},"excerpt":{"rendered":"<p>Born in Solothurn, Switzerland, on August 28, 1970.\u00a0 (\u00a71) Academic Career\u00a0 He obtained his LLB (1993) and PhD (1997) from the University of Salamanca. Since 2001, he has been an\u00a0 Associate Professor (profesor titular), and since 2011, a Full Professor (catedr\u00e1tico) of Criminal Law at the Faculty of Juridical and Social Sciences of the University &hellip; <\/p>\n<p class=\"link-more\"><a href=\"https:\/\/blog.uclm.es\/eduardodemetrio\/\" class=\"more-link\">Continuar leyendo<span class=\"screen-reader-text\"> \u00abShort Biography and Research Abstract\u00bb<\/span><\/a><\/p>\n","protected":false},"author":132,"featured_media":0,"parent":0,"menu_order":0,"comment_status":"closed","ping_status":"closed","template":"","meta":{"footnotes":""},"class_list":["post-82","page","type-page","status-publish","hentry"],"_links":{"self":[{"href":"https:\/\/blog.uclm.es\/eduardodemetrio\/wp-json\/wp\/v2\/pages\/82","targetHints":{"allow":["GET"]}}],"collection":[{"href":"https:\/\/blog.uclm.es\/eduardodemetrio\/wp-json\/wp\/v2\/pages"}],"about":[{"href":"https:\/\/blog.uclm.es\/eduardodemetrio\/wp-json\/wp\/v2\/types\/page"}],"author":[{"embeddable":true,"href":"https:\/\/blog.uclm.es\/eduardodemetrio\/wp-json\/wp\/v2\/users\/132"}],"replies":[{"embeddable":true,"href":"https:\/\/blog.uclm.es\/eduardodemetrio\/wp-json\/wp\/v2\/comments?post=82"}],"version-history":[{"count":18,"href":"https:\/\/blog.uclm.es\/eduardodemetrio\/wp-json\/wp\/v2\/pages\/82\/revisions"}],"predecessor-version":[{"id":1532,"href":"https:\/\/blog.uclm.es\/eduardodemetrio\/wp-json\/wp\/v2\/pages\/82\/revisions\/1532"}],"wp:attachment":[{"href":"https:\/\/blog.uclm.es\/eduardodemetrio\/wp-json\/wp\/v2\/media?parent=82"}],"curies":[{"name":"wp","href":"https:\/\/api.w.org\/{rel}","templated":true}]}}