{"id":512,"date":"2020-06-23T12:21:10","date_gmt":"2020-06-23T11:21:10","guid":{"rendered":"http:\/\/blog.uclm.es\/eduardodemetrio\/?page_id=512"},"modified":"2024-10-22T12:14:38","modified_gmt":"2024-10-22T12:14:38","slug":"datos-de-caracter-general","status":"publish","type":"page","link":"https:\/\/blog.uclm.es\/eduardodemetrio\/datos-de-caracter-general\/","title":{"rendered":"Datos de car\u00e1cter general"},"content":{"rendered":"<figure class=\"wp-block-table\">\n<table>\n<thead>\n<tr>\n<th>Datos personales<\/th>\n<\/tr>\n<\/thead>\n<tbody>\n<tr>\n<td><strong>Apellidos y nombre<\/strong>: Demetrio Crespo, Eduardo.<br \/>\n<strong>Lugar y fecha de nacimiento<\/strong>: Solothurn (Suiza) 28\/08\/1970.<br \/>\n<strong>Nacionalidad<\/strong>: espa\u00f1ol<br \/>\n<strong>E-mail<\/strong>:\u00a0<a href=\"mailto:Eduardo.Demetrio@uclm.es\" target=\"_blank\" rel=\"noreferrer noopener\">Eduardo.Demetrio@uclm.es<\/a><br \/>\n<strong>Tel\u00e9fono<\/strong>: (00) (34) 925 268 800 Ext. 5128<\/td>\n<\/tr>\n<\/tbody>\n<\/table>\n<\/figure>\n<figure class=\"wp-block-table\">\n<table>\n<thead>\n<tr>\n<th>Situaci\u00f3n profesional<\/th>\n<\/tr>\n<\/thead>\n<tbody>\n<tr>\n<td><strong>Puesto<\/strong>: Catedr\u00e1tico de Derecho Penal<br \/>\n<strong>Organismo<\/strong>: UCLM.<br \/>\n<strong>Centro<\/strong>: Facultad de Ciencias Jur\u00eddicas y Sociales.<br \/>\n<strong>Departamento<\/strong>: Derecho P\u00fablico y de la Empresa.<br \/>\n<strong>\u00c1rea de Conocimiento<\/strong>: Derecho Penal.<br \/>\n<strong>Nombramiento<\/strong>: 21\/12\/2010<br \/>\n<strong>Toma de posesi\u00f3n<\/strong>: 04\/01\/2011<br \/>\n<strong>Trienios reconocidos<\/strong>: 8<\/td>\n<\/tr>\n<\/tbody>\n<\/table>\n<\/figure>\n<figure class=\"wp-block-table\">\n<table>\n<thead>\n<tr>\n<th>T\u00edtulos acad\u00e9micos y acreditaciones<\/th>\n<\/tr>\n<\/thead>\n<tbody>\n<tr>\n<td>Licenciado en Derecho por la USAL (16\/07\/1993)<\/p>\n<p>Reconocimiento de Suficiencia Investigadora (19\/12\/1995)<\/p>\n<p>Diploma de Grado de Licenciado de Salamanca (27\/12\/1995)<\/p>\n<p>Diploma de \u00abPremio de Grado\u00bb de la USAL (28\/01\/1997)<\/p>\n<p>T\u00edtulo de Doctor en Derecho cum laude (21\/04\/1997)<\/p>\n<p>Acreditaci\u00f3n cuerpo de catedr\u00e1ticos (23\/03\/2009)<\/td>\n<\/tr>\n<\/tbody>\n<\/table>\n<\/figure>\n<figure class=\"wp-block-table\">\n<table>\n<thead>\n<tr>\n<th>Conocimiento de idiomas<\/th>\n<\/tr>\n<\/thead>\n<tbody>\n<tr>\n<td><strong>1. Alem\u00e1n (C1-C2)<\/strong><\/td>\n<\/tr>\n<tr>\n<td><strong>A) T\u00edtulos oficiales obtenidos:<\/strong><\/p>\n<p>22\/09\/2005<\/p>\n<p>Zeugnis Zentrale Oberstufepr\u00fcfung Goethe Institut Bonn13\/04\/1995 Bescheinigung Pr\u00fcfung zum Nachweis deutscher Sprachkenntnisse f\u00fcr ausl\u00e4ndische Studienbewerber Universit\u00e4t zu K\u00f6ln<\/p>\n<p>13\/04\/1995 Sprachzeugnis Mittelstufe II Universit\u00e4t zu K\u00f6ln<\/p>\n<p>10\/02\/1995 Sprachzeugnis Mittelstufe I Universit\u00e4t zu K\u00f6ln<\/p>\n<p><strong>B) Certificados de participaci\u00f3n en cursos:<br \/>\n<\/strong>29\/09\/2005 Teilnahme-Best\u00e4tigung \u2013 Intensivkurs I4 C1.2 Goethe Institut Bonn<\/p>\n<p>25\/08\/2005 Teilnahme-Best\u00e4tigung \u2013 Intensivkurs I4 C1.2. Goethe Institut Bonn<\/p>\n<p>10\/02\/1995 \u00dcbung f\u00fcr Fortgeschrittene: Rechtswortschatz festigen Universit\u00e4t zu K\u00f6ln<\/p>\n<p>26\/08\/1994 Teilnahme-Best\u00e4tigung \u2013 Grundstufe II. Goethe Institut Bonn<\/td>\n<\/tr>\n<tr>\n<td><strong>2. Ingl\u00e9s (B2)<\/strong><\/td>\n<\/tr>\n<tr>\n<td><strong>A) T\u00edtulos oficiales obtenidos:<br \/>\n<\/strong>18.12.2009 First Certificate in English University of Cambridge<\/p>\n<p><strong>B) Certificados de participaci\u00f3n en cursos:<br \/>\n<\/strong>04\/12\/2009 General English Course. B2 Central Language School<\/p>\n<p>29\/08\/2014 General English Group Course. C1 Effective Proficiency Level (CoE) Inlingua Malta<\/p>\n<p>26\/07\/2023 <em>Certificate of Attendance-Level Advanced <\/em><em>\u00a0(30h). <\/em>Kaplan International Edinburgh<\/td>\n<\/tr>\n<tr>\n<td><strong>3. Italiano (A2)<\/strong><\/td>\n<\/tr>\n<tr>\n<td><strong>A) Certificados de participaci\u00f3n en cursos:<br \/>\n<\/strong>30\/05\/2016<\/p>\n<p>Italian Communication and Grammar Skills \u2013 Level A1-A2 CEFR Language Centre of the European University Institute29\/07\/2016 Lingua Italiana \u2013 Livelo A2 (40 lezioni) Sprachcaffe \u2013 Languages Plus<\/td>\n<\/tr>\n<\/tbody>\n<\/table>\n<\/figure>\n<hr class=\"wp-block-separator has-alpha-channel-opacity\" \/>\n<h2 class=\"has-text-color\">D. Eduardo Demetrio Crespo, se responsabiliza de los datos contenidos en el presente Historial Acad\u00e9mico, Docente e Investigador, comprometi\u00e9ndose a aportar, en su caso, las pruebas documentales que le sean requeridas.<\/h2>\n","protected":false},"excerpt":{"rendered":"<p>Datos personales Apellidos y nombre: Demetrio Crespo, Eduardo. Lugar y fecha de nacimiento: Solothurn (Suiza) 28\/08\/1970. Nacionalidad: espa\u00f1ol E-mail:\u00a0Eduardo.Demetrio@uclm.es Tel\u00e9fono: (00) (34) 925 268 800 Ext. 5128 Situaci\u00f3n profesional Puesto: Catedr\u00e1tico de Derecho Penal Organismo: UCLM. Centro: Facultad de Ciencias Jur\u00eddicas y Sociales. Departamento: Derecho P\u00fablico y de la Empresa. \u00c1rea de Conocimiento: Derecho Penal. &hellip; <\/p>\n<p class=\"link-more\"><a href=\"https:\/\/blog.uclm.es\/eduardodemetrio\/datos-de-caracter-general\/\" class=\"more-link\">Continuar leyendo<span class=\"screen-reader-text\"> \u00abDatos de car\u00e1cter general\u00bb<\/span><\/a><\/p>\n","protected":false},"author":132,"featured_media":0,"parent":0,"menu_order":0,"comment_status":"closed","ping_status":"closed","template":"","meta":{"footnotes":""},"class_list":["post-512","page","type-page","status-publish","hentry"],"_links":{"self":[{"href":"https:\/\/blog.uclm.es\/eduardodemetrio\/wp-json\/wp\/v2\/pages\/512","targetHints":{"allow":["GET"]}}],"collection":[{"href":"https:\/\/blog.uclm.es\/eduardodemetrio\/wp-json\/wp\/v2\/pages"}],"about":[{"href":"https:\/\/blog.uclm.es\/eduardodemetrio\/wp-json\/wp\/v2\/types\/page"}],"author":[{"embeddable":true,"href":"https:\/\/blog.uclm.es\/eduardodemetrio\/wp-json\/wp\/v2\/users\/132"}],"replies":[{"embeddable":true,"href":"https:\/\/blog.uclm.es\/eduardodemetrio\/wp-json\/wp\/v2\/comments?post=512"}],"version-history":[{"count":9,"href":"https:\/\/blog.uclm.es\/eduardodemetrio\/wp-json\/wp\/v2\/pages\/512\/revisions"}],"predecessor-version":[{"id":1442,"href":"https:\/\/blog.uclm.es\/eduardodemetrio\/wp-json\/wp\/v2\/pages\/512\/revisions\/1442"}],"wp:attachment":[{"href":"https:\/\/blog.uclm.es\/eduardodemetrio\/wp-json\/wp\/v2\/media?parent=512"}],"curies":[{"name":"wp","href":"https:\/\/api.w.org\/{rel}","templated":true}]}}