{"id":509,"date":"2020-06-23T12:20:44","date_gmt":"2020-06-23T11:20:44","guid":{"rendered":"http:\/\/blog.uclm.es\/eduardodemetrio\/?page_id=509"},"modified":"2022-12-02T08:08:21","modified_gmt":"2022-12-02T08:08:21","slug":"gestion-academica-y-organos-colegiados","status":"publish","type":"page","link":"https:\/\/blog.uclm.es\/eduardodemetrio\/gestion-academica-y-organos-colegiados\/","title":{"rendered":"Gesti\u00f3n acad\u00e9mica y \u00f3rganos colegiados"},"content":{"rendered":"\n<figure class=\"wp-block-table\"><table><thead><tr><th>Direcci\u00f3n de cursos y especialidades<\/th><\/tr><\/thead><tbody><tr><td>1) Curso: \u00abDerecho Penal (Parte General)\u00bb. Marco: V Cursos de Postgrado en Derecho, Pol\u00edtica y Criminolog\u00eda. Organismo: USAL. Fecha: enero de 1998. Cargo: Coordinador.<br><br>2) Curso: \u00abDerecho Penal (Parte General)\u00bb. Marco: VI Cursos de Postgrado en Derecho, Pol\u00edtica y Criminolog\u00eda. Organismo: USAL. Fecha: enero de 1999. Cargo: Coordinador.<br><br>3) Curso: \u00abDerecho Penal Econ\u00f3mico\u00bb. Marco: II Edici\u00f3n de los Cursos de Postgrado en Derecho. Organismo: UCLM. Fecha: 7-25\/01\/2002. Cargo: Coordinador.<br><br>4) Curso: \u00abDerecho Penal Econ\u00f3mico en la era de la globalizaci\u00f3n: nuevas perspectivas\u00bb. Marco: III Edici\u00f3n de los Cursos de Postgrado en Derecho. Organismo: UCLM. Fecha: 7-24\/01\/2003. Cargo: Coordinador.<br><br>5) Curso: \u00abJusticia internacional y crimen organizado\u00bb. Marco: IV Edici\u00f3n de los Cursos de Postgrado en Derecho. Organismo: UCLM. Fecha: 12-29\/01\/2004. Cargo: Coordinador.<br><br>6) Curso: \u00abDerecho Penal Econ\u00f3mico\u00bb. Marco: VII Edici\u00f3n de los Cursos de Postgrado en Derecho. Organismo: UCLM. Fecha: 08-25\/01\/2007. Cargo: Coordinador.<br><br>7) Curso: \u00abProblemas dogm\u00e1ticos y pol\u00edtico-criminales del Derecho Penal econ\u00f3mico\u00bb. Marco: VIII Edici\u00f3n de los Cursos de Postgrado en Derecho. Organismo: UCLM. Fecha: 08-25\/01\/2008. Cargo: Coordinador.<br><br>8) Curso: \u00abDerecho penal econ\u00f3mico y criminalidad organizada\u00bb. Marco: IX Edici\u00f3n de los Cursos de Postgrado en Derecho. Organismo: UCLM. Fecha: 12-29\/01\/2009. Cargo: Coordinador.<br><br>9) Curso: \u00abDerecho penal econ\u00f3mico y de la empresa\u00bb. Marco: X Cursos de Postgrado en Derecho. Organismo: UCLM. Lugar: Toledo (Espa\u00f1a). Fecha: 11-28\/01\/2010. Cargo: Codirector<br><br>10) Curso: \u00abDerecho penal econ\u00f3mico y de la empresa\u00bb. Marco: XI Cursos de Postgrado en Derecho. Organismo: UCLM. Lugar: Toledo (Espa\u00f1a). Fecha: 10-27\/01\/2011. Cargo: Codirector<br><br>11) Curso: \u00abDerecho penal econ\u00f3mico y de la empresa. Desaf\u00edos ante la crisis econ\u00f3mica internacional\u00bb. Marco: XIII Cursos de Postgrado en Derecho. Organismo: UCLM. Lugar: Toledo (Espa\u00f1a). Fecha: 07-24\/01\/2013. Cargo: Director.<br><br>12) Curso: \u00abGarant\u00edas constitucionales y Derechos Fundamentales en el Derecho penal y procesal penal\u00bb. Marco: XIV Cursos de Postgrado en Derecho. Organismo: UCLM. Lugar: Toledo (Espa\u00f1a). Fecha: 13-30\/01\/2014. Cargo: Codirector.<br><br>13) Curso: \u00abGarant\u00edas constitucionales y Derechos Fundamentales en el Derecho penal y procesal penal\u00bb. Marco: XV Cursos de Postgrado en Derecho. Organismo: UCLM. Lugar: Toledo (Espa\u00f1a). Fecha: 12-29\/01\/2015. Cargo: Codirector.<br><br>14) Curso: \u00abPrevenci\u00f3n de la corrupci\u00f3n en los \u00e1mbitos p\u00fablico y privado\u00bb. Marco: XV Cursos de Postgrado en Derecho. Organismo: UCLM. Lugar: Toledo (Espa\u00f1a). Fecha: 12-22\/01\/2015. Cargo: Codirector.<br><br>15) Curso: \u00abGarant\u00edas constitucionales y Derechos Fundamentales en el Derecho penal y procesal penal\u00bb. Marco: XVI Cursos de Postgrado en Derecho. Organismo: UCLM. Lugar: Toledo (Espa\u00f1a). Fecha: 11-27\/01\/2016. Cargo: Codirector.<br><br>16) Curso: \u00abDerecho penal econ\u00f3mico y Derechos Humanos\u00bb. Marco: XVII Cursos de Postgrado en Derecho. Organismo: UCLM. Lugar: Toledo (Espa\u00f1a). Fecha: 11-26\/01\/2017. Cargo: Director.<br><br>17) Curso: \u00abDerecho penal econ\u00f3mico y Teor\u00eda del delito\u00bb. Marco: XIX Cursos de Postgrado en Derecho. Organismo: UCLM. Lugar: Toledo (Espa\u00f1a). Fecha: 09-24\/01\/2019. Cargo: Director.rdoba).<\/td><\/tr><\/tbody><\/table><\/figure>\n\n\n\n<figure class=\"wp-block-table\"><table><thead><tr><th>Direcci\u00f3n de congresos o seminarios<\/th><\/tr><\/thead><tbody><tr><td>1) Congreso\/ Jornadas: \u00abEl Derecho Penal ante el Terrorismo\u00bb. Organismo: Universidad de Castilla la Mancha \/ Asociaci\u00f3n Universitaria de Toledo (AUTO). Lugar: Toledo (Espa\u00f1a). Fecha: 5\/11\/2000 \u2013 07\/11-2000.<br><br>2) Congreso\/ Jornadas: \u00abI Jornadas Iberoamericanas de Derecho Penal\u00bb celebradas con motivo de la VIII Edici\u00f3n de los Cursos de Postgrado en Derecho. Organismo: Universidad de Castilla la Mancha. Lugar: Toledo (Espa\u00f1a). Fecha: 23\/01\/2008.<br><br>3) Congreso\/ Jornadas: \u00abSeminario Internacional de Derecho Comparado \u201cTerrorismo y Estado de Derecho\u201d\u00bb. Organismo: UCLM. Facultad de Ciencias Jur\u00eddicas y Sociales de Toledo. Lugar: Toledo (Espa\u00f1a). Fecha: 11\/11\/2008 \u2013 12\/11\/2008 (conjuntamente con el Prof. Dr. J.R. Serrano-Piedecasas)<br><br>4) Congreso\/ Jornadas: \u00abII Jornadas Iberoamericanas de Derecho Penal\u00bb celebradas con motivo de la IX Edici\u00f3n de los Cursos de Postgrado en Derecho. Organismo: UCLM. Lugar: Toledo (Espa\u00f1a).<br><br>5) Congreso\/ Jornadas: \u00abSymposium Strafrecht und Neurowissenschaften\u00bb. Organismo: Hanse-Wissenschaftskolleg \u2013 Institute for Advanced Study. Lugar: Delmenhorst (Alemania). Fecha: 04\/06\/2010 \u2013 05\/06\/2010 (conjuntamente con la Dra. Grischa Merkel).<br><br>6) Congreso\/ Jornadas: \u00abSeminario Internacional Derecho penal y Neurociencia\u00bb. Organismo: Universidad de Barcelona. Lugar: Barcelona. Fecha: 30\/09\/2010 \u2013 01\/10\/2010 (conjuntamente con la Prof\u00aa. Dr\u00aa. Mirentxu Corcoy Bidasolo).<br><br>7) Congreso\/ Jornadas: \u00abNeurociencias y Derecho penal. Jornadas Internacionales\u00bb. Organismo: UCLM. Lugar: Toledo. Fecha: 29\/09\/2011 \u2013 30\/09\/2011.<br><br>8) Congreso\/ Jornadas: \u00abLa llamada \u201cDoctrina Parot\u201d a la luz de la Jurisprudencia del Tribunal Europeo de Derechos Humanos\u00bb. Organismo: APEU &amp; UCLM. Lugar: Toledo. Fecha: 13\/12\/2013 (conjuntamente con el Prof. Dr. F.J. D\u00edaz Revorio).<br><br>9) Congreso\/ Jornadas: \u00abSeminario en conmemoraci\u00f3n del 250 aniversario de la publicaci\u00f3n de De los delitos y de las penas\u00bb. Organismo: UCLM. Lugar: Toledo. Fecha: 1\/12\/2014.<br><br>10) Congreso\/ Jornadas: \u00abSeminario internacional Europeizaci\u00f3n del Derecho penal\u00bb. Organismo: UCLM. Lugar: Toledo. Fecha: 20\/07\/2015.<br><br>11) Congreso\/ Jornadas: \u00abI Seminario del Proyecto Crisis del Derecho penal del Estado de Derecho: manifestaciones y tendencias\u00bb. Organismo: UCLM. Lugar: Toledo. Fecha: 16-17\/05\/2019 (conjuntamente con los Profs. Drs. Alfonso J. Garc\u00eda Figueroa y Gema M\u00aa Marcilla C\u00f3rdoba).<\/td><\/tr><\/tbody><\/table><\/figure>\n\n\n\n<hr class=\"wp-block-separator has-alpha-channel-opacity\" \/>\n","protected":false},"excerpt":{"rendered":"<p>Direcci\u00f3n de cursos y especialidades 1) Curso: \u00abDerecho Penal (Parte General)\u00bb. Marco: V Cursos de Postgrado en Derecho, Pol\u00edtica y Criminolog\u00eda. Organismo: USAL. Fecha: enero de 1998. Cargo: Coordinador. 2) Curso: \u00abDerecho Penal (Parte General)\u00bb. Marco: VI Cursos de Postgrado en Derecho, Pol\u00edtica y Criminolog\u00eda. Organismo: USAL. Fecha: enero de 1999. Cargo: Coordinador. 3) Curso: &hellip; <\/p>\n<p class=\"link-more\"><a href=\"https:\/\/blog.uclm.es\/eduardodemetrio\/gestion-academica-y-organos-colegiados\/\" class=\"more-link\">Continuar leyendo<span class=\"screen-reader-text\"> \u00abGesti\u00f3n acad\u00e9mica y \u00f3rganos colegiados\u00bb<\/span><\/a><\/p>\n","protected":false},"author":132,"featured_media":0,"parent":0,"menu_order":0,"comment_status":"closed","ping_status":"closed","template":"","meta":{"footnotes":""},"class_list":["post-509","page","type-page","status-publish","hentry"],"_links":{"self":[{"href":"https:\/\/blog.uclm.es\/eduardodemetrio\/wp-json\/wp\/v2\/pages\/509","targetHints":{"allow":["GET"]}}],"collection":[{"href":"https:\/\/blog.uclm.es\/eduardodemetrio\/wp-json\/wp\/v2\/pages"}],"about":[{"href":"https:\/\/blog.uclm.es\/eduardodemetrio\/wp-json\/wp\/v2\/types\/page"}],"author":[{"embeddable":true,"href":"https:\/\/blog.uclm.es\/eduardodemetrio\/wp-json\/wp\/v2\/users\/132"}],"replies":[{"embeddable":true,"href":"https:\/\/blog.uclm.es\/eduardodemetrio\/wp-json\/wp\/v2\/comments?post=509"}],"version-history":[{"count":2,"href":"https:\/\/blog.uclm.es\/eduardodemetrio\/wp-json\/wp\/v2\/pages\/509\/revisions"}],"predecessor-version":[{"id":1148,"href":"https:\/\/blog.uclm.es\/eduardodemetrio\/wp-json\/wp\/v2\/pages\/509\/revisions\/1148"}],"wp:attachment":[{"href":"https:\/\/blog.uclm.es\/eduardodemetrio\/wp-json\/wp\/v2\/media?parent=509"}],"curies":[{"name":"wp","href":"https:\/\/api.w.org\/{rel}","templated":true}]}}