{"id":496,"date":"2020-06-23T12:19:12","date_gmt":"2020-06-23T11:19:12","guid":{"rendered":"http:\/\/blog.uclm.es\/eduardodemetrio\/?page_id=496"},"modified":"2024-10-23T09:19:18","modified_gmt":"2024-10-23T09:19:18","slug":"experiencia-docente","status":"publish","type":"page","link":"https:\/\/blog.uclm.es\/eduardodemetrio\/experiencia-docente\/","title":{"rendered":"Experiencia docente"},"content":{"rendered":"<figure class=\"wp-block-table\">\n<table>\n<thead>\n<tr>\n<th><span style=\"color: #000000\">Carrera acad\u00e9mica<\/span><\/th>\n<\/tr>\n<\/thead>\n<tbody>\n<tr>\n<td>\n<pre><strong><span style=\"color: #008000\">1) 01.08.1998 \/ 11.04.1999<\/span><\/strong>\n<strong>Profesor Titular Interino de Universidad <\/strong>\nUniversidad de Salamanca\nFacultad de Derecho. \n\n<strong><span style=\"color: #008000\">2) 01.10.1999 \/ 29.07.2001<\/span><\/strong>\n<strong>Profesor Asociado a Tiempo Completo<\/strong>\nUniversidad de Castilla-La Mancha\nFacultad de Ciencias Jur\u00eddicas y Sociales\n\n<span style=\"color: #008000\"><strong>3) 30.07.2001 \/ 03.01.2011<\/strong><\/span>\n<strong>Profesor Titular de Universidad\u00a0<\/strong>\nUniversidad de Castilla-La Mancha\nFacultad de Ciencias Jur\u00eddicas y Sociales\n\n<strong><span style=\"color: #008000\">4) 04.01.2011 \/ actualidad<\/span><\/strong>\n<strong>Catedr\u00e1tico de Universidad<\/strong>\nUniversidad de Castilla-La Mancha\nFacultad de Ciencias Jur\u00eddicas y Sociales<\/pre>\n<\/td>\n<\/tr>\n<\/tbody>\n<\/table>\n<\/figure>\n<figure class=\"wp-block-table\">\n<table>\n<thead>\n<tr>\n<th>Estancias docentes en el extranjero<\/th>\n<\/tr>\n<\/thead>\n<tbody>\n<tr>\n<td><span style=\"color: #008000\"><strong>1) Universit\u00e4t Passau (Alemania)<\/strong><\/span> Rechtswissenschaftliche Fakult\u00e4t Prof. Dr. Werner Beulke) Misi\u00f3n docente de corta duraci\u00f3n financiada por la Uni\u00f3n Europea. Freiheit, Sicherheit, und Feindstrafrecht Fecha: 09\/05\/2005. Horas: 8.<\/p>\n<p><strong><span style=\"color: #008000\">2)Universit\u00e4t Passau (Alemania)<\/span><\/strong> Rechtswissenschaftliche Fakult\u00e4t (Prof. Dr. Werner Beulke) Misi\u00f3n docente de corta duraci\u00f3n financiada por la Uni\u00f3n Europea. Die Garantenstellung des Unternehmers aus spanischer und rechtsvergleicherder Sicht. Fecha: 17\/07\/2007. Horas: 8.<\/p>\n<p><strong><span style=\"color: #008000\">3)University of Szeged (Hungr\u00eda)<\/span><\/strong> Faculty of Law and Political Sciences Institut of Criminal Law and Criminal Sciences (Prof\u00aa Dr\u00aa Krisztina Karsai) Staff mobility for teaching between Programme Countries ERASMUS+ Notwehr in Spanien \/ Neurowissenschaften und Strafrecht Fecha: 18-24\/09\/2016. Horas: 8.<\/p>\n<p><strong><span style=\"color: #008000\">4) Organismo: Universit\u00e4t zu K\u00f6ln <\/span><\/strong>Rechtswissenchaftliche Fakult\u00e4t Institut f\u00fcr ausl\u00e4ndisches und internationales Strafrecht (Prof\u00aa Dr\u00aa Bettina Weisser) Staff mobility for teaching between Programme Countries ERASMUS +. . Notwehr in Spanien \/ Neurowissenschaften und Strafrecht. Fecha: 28\/05\/2017 \u2013 03\/06\/2017. Horas: 8.<\/p>\n<p><strong><span style=\"color: #008000\">5) Universit\u00e0 degli Studi di Messina (Italia) <\/span><\/strong> Facolt\u00e0 di Giurisprudenza Dipartimento di Giurisprudenza \u201cSalvatore Pugliatti (Profs. Drs. Stefano Ruggeri &amp; Giuseppina Panebianco) Staff mobility for teaching between Programme Countries ERASMUS + (sin dotaci\u00f3n econ\u00f3mica). Transnational Organised Crime in the European Judicial Fecha: 19-Fecha: 20\/04\/2018. Horas: 8.<\/p>\n<p><strong><span style=\"color: #008000\">6) Universit\u00e0 degli Studi della Campania Luigi Vanvitelli (Italia)<\/span><\/strong> Facolt\u00e0 di Giurisprudenza (Prof. Dr. Mariano Menna) Visiting Professor \u2013 D.R. n\u00b0 138\/2018. Santa Maria Capua Vetere. Pa\u00eds: Italia. Fecha: Octubre a Diciembre 2018.<\/p>\n<p><strong><span style=\"color: #008000\">7) Westf\u00e4lische Wilhelms-Universit\u00e4t M\u00fcnster (Alemania)<\/span><\/strong> Rechtswissenschaftliche Fakult\u00e4t (Prof. Dr. Mark Deiters) Staff mobility for teaching between Programme Countries ERASMUS+. Strafrechtliche Veranwortlichkeit von juristischen Personen. Fecha: 16\/12\/2019-20\/12\/2019. Horas: 8.<\/p>\n<p><strong><span style=\"color: #008000\">8) Universit\u00e0 degli Studi di Bergamo (Italia)<\/span><\/strong> Facolt\u00e0 di Giurisprudenza (Prof. Dr. Luigi Cornacchia) <em>Visiting Professor<\/em> [Res.: 03\/02\/2020: Azione 2 Visiting Professor e Fellow 2020- Bando Incoming Visiting Short Term, nell\u2019ambito del Progetto STaRs] Fecha: 05\/1\/2021-06\/11\/2021.<\/p>\n<p><strong><span style=\"color: #008000\">9) Universit\u00e0 degli Studi di Messina (Italia)<\/span><\/strong> Facolt\u00e0 di Giurisprudenza Dipartimento di Giurisprudenza \u201cSalvatore Pugliatti\u00bb (Prof. Dr. Stefano Ruggeri) Blended Intensive Programme ERASMUS+ \u00abScience and Knowledge in Criminal Justice in The Era of (In)Security\u00bb. Fecha: 06-12\/07\/2023 (curso 2022-2023). Horas: 8.<\/td>\n<\/tr>\n<\/tbody>\n<\/table>\n<\/figure>\n<figure class=\"wp-block-table\">\n<table>\n<thead>\n<tr>\n<th>Tesis doctorales dirigidas<\/th>\n<\/tr>\n<\/thead>\n<tbody>\n<tr>\n<td><strong><span style=\"color: #008000\">1) Elisa M\u00aa G\u00fcidi Clas<\/span><\/strong> \u00abLa Prevaricaci\u00f3n Judicial\u00bb. Universidad de Castilla-La Mancha Lugar: Toledo. Fecha: 07\/07\/2004. Calificaci\u00f3n: Sobresaliente. Directores: Luis Arroyo Zapatero y Eduardo Demetrio Crespo.<\/p>\n<p><span style=\"color: #008000\"><strong>2)Alfredo Villalobos Jim\u00e9nez<\/strong><\/span> \u00abDelitos contra el honor, libertad de expresi\u00f3n e informaci\u00f3n, l\u00edmites y responsabilidad penal. An\u00e1lisis comparativo del conflicto en el ordenamiento jur\u00eddico espa\u00f1ol y costarricense\u00bb. Universidad de Salamanca Lugar: Salamanca. Fecha: 08\/10\/2004. Calificaci\u00f3n: Sobresaliente cum laude. Directores: Ignacio Berdugo G\u00f3mez de la Torre y Eduardo Demetrio Crespo.<\/p>\n<p><strong><span style=\"color: #008000\">3) Omar Albeiro Mej\u00eda Pati\u00f1o<\/span><\/strong> \u00abRealismo versus garantismo en la configuraci\u00f3n del ius puniendi del Estado. Propuestas de soluci\u00f3n a la problem\u00e1tica aplicaci\u00f3n de los principios y garant\u00edas del Derecho penal en el Derecho administrativo sancionador\u00bb. Facultad de Ciencias Sociales de Ciudad Real de la UCLM. Lugar: Ciudad Real. Fecha: 27\/03\/2006. Calificaci\u00f3n: Sobresaliente. Directores: Luis Arroyo Zapatero y Eduardo Demetrio Crespo.<\/p>\n<p><span style=\"color: #008000\"><strong>4) Jes\u00fas Iv\u00e1n Mora Gonz\u00e1lez<\/strong><\/span> \u00abProtecci\u00f3n penal de la marca en Espa\u00f1a desde un punto de vista comparado con el modelo estadounidense\u00bb. Universidad de Castilla-La Mancha Lugar: Toledo. Fecha: 22\/04\/2010. Calificaci\u00f3n: Sobresaliente cum laude Directores: Jos\u00e9. R. Serrano-Piedecasas y Eduardo Demetrio Crespo.<\/p>\n<p><strong><span style=\"color: #008000\">5) Jos\u00e9 Antonio Ayala Cazorla<\/span> <\/strong> \u00abProtecci\u00f3n penal de la seguridad vial\u00bb Universidad de Castilla-La Mancha Lugar: Toledo. Fecha: 22\/07\/2014 Calificaci\u00f3n: Sobresaliente Director: Eduardo Demetrio Crespo.<\/p>\n<p><strong><span style=\"color: #008000\">6) M\u00aa Pilar Marco Francia<\/span> <\/strong> \u00abLos agresores sexuales de menores: aspectos criminol\u00f3gicos y tratamiento jur\u00eddico-penal\u00bb Universidad de Castilla-La Mancha Lugar: Toledo. Fecha: 20\/07\/2015. Calificaci\u00f3n: Sobresaliente (doctorado internacional). Director: Eduardo Demetrio Crespo.<\/p>\n<p><strong><span style=\"color: #008000\">7) M\u00aa Teresa Montero Ruiz<\/span><\/strong> \u00abTratamiento jur\u00eddico penal de la contaminaci\u00f3n ac\u00fastica en zonas urbanas, con especial referencia a las zonas de ocio\u00bb. Universidad de Castilla-La Mancha Lugar: Toledo. Fecha: 25\/10\/2019. Calificaci\u00f3n: Sobresaliente cum laude. Director: Eduardo Demetrio Crespo.<\/p>\n<p><span style=\"color: #008000\"><strong>8) Manuel Moraleda Mart\u00edn-Pe\u00f1ato<\/strong><\/span> \u00abEl actual delito de abuso de informaci\u00f3n privilegiada en los mercados de valores\u00bb Universidad de Castilla-La Mancha. Lugar: Toledo. Fecha: 24\/11\/2020. Calificaci\u00f3n: Sobresaliente. Directores: Eduardo Demetrio Crespo y M\u00aa Teresa Mart\u00edn L\u00f3pez.<\/p>\n<p><strong><span style=\"color: #008000\">9) \u00d3scar L\u00f3pez Rey<\/span><\/strong> \u00abEl comiso como instituci\u00f3n. Aproximaci\u00f3n hist\u00f3rica a su naturaleza jur\u00eddica\u00bb. Universidad de Castilla-La Mancha Lugar: Toledo. Fecha: 22\/12\/2020. Calificaci\u00f3n: Sobresaliente <em>cum laude<\/em>. Directores: Eduardo Demetrio Crespo y \u00c1gata M.\u00aa Sanz Hermida.<\/p>\n<p><strong><span style=\"color: #008000\">10) M\u00f3nica de la Cuerda Mart\u00edn <\/span><\/strong> \u00abResponsabilidad penal y negocios est\u00e1ndar. Los casos del asesor fiscal (delitos tributarios) y del abogado (blanqueo de dinero) en perspectiva comparada Espa\u00f1a-Italia\u00bb Universidad de Castilla-La Mancha. Lugar: Toledo. Fecha: 04\/10\/2022. Calificaci\u00f3n: Sobresaliente <em>cum laude<\/em> (doctorado internacional). Director: Eduardo Demetrio Crespo.<\/p>\n<p><strong><span style=\"color: #008000\">11) Faustino Garc\u00eda de la Torre Garc\u00eda<\/span><\/strong> \u00abLas obligaciones estatales de tutela penal. Un estudio sobre el impacto de los mandatos de protecci\u00f3n y la prohibici\u00f3n de infraprotecci\u00f3n en los fundamentos constitucionales del Derecho penal\u00bb. Universidad de Castilla-La Mancha. Lugar: Toledo. Fecha: 05\/12\/2022. Calificaci\u00f3n: Sobresaliente <em>cum laude <\/em>(doctorado internacional). Director: Eduardo Demetrio Crespo<\/p>\n<pre><\/pre>\n<\/td>\n<\/tr>\n<\/tbody>\n<\/table>\n<\/figure>\n<figure class=\"wp-block-table\">\n<table>\n<thead>\n<tr>\n<th>Tesis doctorales en tutela<\/th>\n<\/tr>\n<\/thead>\n<\/table>\n<\/figure>\n<hr class=\"wp-block-separator has-alpha-channel-opacity\" \/>\n<h2 class=\"has-text-color\"><\/h2>\n","protected":false},"excerpt":{"rendered":"<p>Carrera acad\u00e9mica 1) 01.08.1998 \/ 11.04.1999 Profesor Titular Interino de Universidad Universidad de Salamanca Facultad de Derecho. 2) 01.10.1999 \/ 29.07.2001 Profesor Asociado a Tiempo Completo Universidad de Castilla-La Mancha Facultad de Ciencias Jur\u00eddicas y Sociales 3) 30.07.2001 \/ 03.01.2011 Profesor Titular de Universidad\u00a0 Universidad de Castilla-La Mancha Facultad de Ciencias Jur\u00eddicas y Sociales 4) &hellip; <\/p>\n<p class=\"link-more\"><a href=\"https:\/\/blog.uclm.es\/eduardodemetrio\/experiencia-docente\/\" class=\"more-link\">Continuar leyendo<span class=\"screen-reader-text\"> \u00abExperiencia docente\u00bb<\/span><\/a><\/p>\n","protected":false},"author":132,"featured_media":0,"parent":0,"menu_order":0,"comment_status":"closed","ping_status":"closed","template":"","meta":{"footnotes":""},"class_list":["post-496","page","type-page","status-publish","hentry"],"_links":{"self":[{"href":"https:\/\/blog.uclm.es\/eduardodemetrio\/wp-json\/wp\/v2\/pages\/496","targetHints":{"allow":["GET"]}}],"collection":[{"href":"https:\/\/blog.uclm.es\/eduardodemetrio\/wp-json\/wp\/v2\/pages"}],"about":[{"href":"https:\/\/blog.uclm.es\/eduardodemetrio\/wp-json\/wp\/v2\/types\/page"}],"author":[{"embeddable":true,"href":"https:\/\/blog.uclm.es\/eduardodemetrio\/wp-json\/wp\/v2\/users\/132"}],"replies":[{"embeddable":true,"href":"https:\/\/blog.uclm.es\/eduardodemetrio\/wp-json\/wp\/v2\/comments?post=496"}],"version-history":[{"count":15,"href":"https:\/\/blog.uclm.es\/eduardodemetrio\/wp-json\/wp\/v2\/pages\/496\/revisions"}],"predecessor-version":[{"id":1484,"href":"https:\/\/blog.uclm.es\/eduardodemetrio\/wp-json\/wp\/v2\/pages\/496\/revisions\/1484"}],"wp:attachment":[{"href":"https:\/\/blog.uclm.es\/eduardodemetrio\/wp-json\/wp\/v2\/media?parent=496"}],"curies":[{"name":"wp","href":"https:\/\/api.w.org\/{rel}","templated":true}]}}