{"id":274,"date":"2020-04-11T11:29:45","date_gmt":"2020-04-11T10:29:45","guid":{"rendered":"http:\/\/blog.uclm.es\/eduardodemetrio\/?page_id=274"},"modified":"2022-12-09T12:46:18","modified_gmt":"2022-12-09T12:46:18","slug":"manuales","status":"publish","type":"page","link":"https:\/\/blog.uclm.es\/eduardodemetrio\/manuales\/","title":{"rendered":"Manuales para el estudio del Derecho penal"},"content":{"rendered":"\n<div class=\"wp-block-columns is-layout-flex wp-container-core-columns-is-layout-9d6595d7 wp-block-columns-is-layout-flex\">\n<div class=\"wp-block-column is-layout-flow wp-block-column-is-layout-flow\" style=\"flex-basis:33.33%\">\n<figure class=\"wp-block-image size-full\"><img loading=\"lazy\" decoding=\"async\" width=\"200\" height=\"313\" src=\"https:\/\/blog.uclm.es\/eduardodemetrio\/wp-content\/uploads\/sites\/145\/2020\/04\/Curso-de-Derecho-penal.-Parte-general.-3a-ed.1-217x300-1.jpg\" alt=\"\" class=\"wp-image-179\" srcset=\"https:\/\/blog.uclm.es\/eduardodemetrio\/wp-content\/uploads\/sites\/145\/2020\/04\/Curso-de-Derecho-penal.-Parte-general.-3a-ed.1-217x300-1.jpg 200w, https:\/\/blog.uclm.es\/eduardodemetrio\/wp-content\/uploads\/sites\/145\/2020\/04\/Curso-de-Derecho-penal.-Parte-general.-3a-ed.1-217x300-1-192x300.jpg 192w\" sizes=\"auto, (max-width: 200px) 100vw, 200px\" \/><\/figure>\n<\/div>\n\n\n\n<div class=\"wp-block-column is-layout-flow wp-block-column-is-layout-flow\" style=\"flex-basis:66.66%\">\n<figure class=\"wp-block-table has-small-font-size\"><table><thead><tr><th>Curso de Derecho Penal, Parte General<\/th><\/tr><\/thead><tbody><tr><td>Manual de estudio<br><strong>Autores<\/strong>:&nbsp;<a href=\"https:\/\/blog.uclm.es\/eduardodemetrio\/\" target=\"_blank\" rel=\"noreferrer noopener\">Demetrio Crespo, Eduardo&nbsp;<\/a><br><strong>Datos de la obra<\/strong>:&nbsp;<a href=\"https:\/\/blog.uclm.es\/eduardodemetrio\/wp-content\/uploads\/sites\/145\/2022\/12\/Parte_general.pdf\" target=\"_blank\" rel=\"noreferrer noopener\">Demetrio Crespo, E. &amp; Rodr\u00edguez Yag\u00fce, C. (Coord.), Curso de Derecho Penal, Parte General, 3\u00aa ed., Experiencia: El Masnou, 2016<\/a><br><br>La publicaci\u00f3n del Curso de Derecho Penal, Parte General, tuvo desde su origen la vocaci\u00f3n de trasmitir a los alumnos de manera pedag\u00f3gica las bases conceptuales del Derecho penal del Estado de Derecho a partir de los principios constitucionales, que cobran en este \u00e1mbito una especial relevancia. Las sucesivas y numerosas reformas producidas en nuestro C\u00f3digo penal desde el a\u00f1o 1995 nos obligan a hacer una revisi\u00f3n rigurosa de nuestra obra, incluyendo las principales novedades que establece la reforma operada por la LO 1\/2015, de 30 de marzo. En ella se introducen cambios muy relevantes como el establecimiento de la cadena perpetua, llamada con cierto eufemismo \u201cprisi\u00f3n permanente revisable\u201d o la supresi\u00f3n del Libro III, relativo a las faltas, con el consiguiente incremento de penas respecto a la situaci\u00f3n anterior. Esta tercera edici\u00f3n cuenta adem\u00e1s de con los autores de la anterior, con nuevos profesores y con nuevas lecciones, con la pretensi\u00f3n de ofrecer una visi\u00f3n lo m\u00e1s completa posible del Derecho penal, ampli\u00e1ndolo a otras parcelas como el Derecho penal europeo, el Derecho penal internacional o el Derecho penal militar. La revisi\u00f3n se completa con la actualizaci\u00f3n de sus \u00fatiles tablas penol\u00f3gicas, que ayudan al alumno a la comprensi\u00f3n de algunos temas sumamente complejos. La presente edici\u00f3n sigue sin perder el car\u00e1cter que se le dio al libro desde el comienzo, es decir, la de proporcionar a los estudiantes un Manual escrito precisamente para ellos.<\/td><\/tr><\/tbody><\/table><\/figure>\n<\/div>\n<\/div>\n\n\n\n<div class=\"wp-block-columns is-layout-flex wp-container-core-columns-is-layout-9d6595d7 wp-block-columns-is-layout-flex\">\n<div class=\"wp-block-column is-layout-flow wp-block-column-is-layout-flow\" style=\"flex-basis:33.33%\">\n<figure class=\"wp-block-image size-full\"><img loading=\"lazy\" decoding=\"async\" width=\"200\" height=\"313\" src=\"https:\/\/blog.uclm.es\/eduardodemetrio\/wp-content\/uploads\/sites\/145\/2020\/04\/Portada-lecciones-y-materiales-207x300-1.jpg\" alt=\"\" class=\"wp-image-180\" srcset=\"https:\/\/blog.uclm.es\/eduardodemetrio\/wp-content\/uploads\/sites\/145\/2020\/04\/Portada-lecciones-y-materiales-207x300-1.jpg 200w, https:\/\/blog.uclm.es\/eduardodemetrio\/wp-content\/uploads\/sites\/145\/2020\/04\/Portada-lecciones-y-materiales-207x300-1-192x300.jpg 192w\" sizes=\"auto, (max-width: 200px) 100vw, 200px\" \/><\/figure>\n<\/div>\n\n\n\n<div class=\"wp-block-column is-layout-flow wp-block-column-is-layout-flow\" style=\"flex-basis:66.66%\">\n<figure class=\"wp-block-table has-small-font-size\"><table><thead><tr><th>Lecciones y materiales para el estudio del derecho penal, Tomo II, Teor\u00eda del delito.<\/th><\/tr><\/thead><tbody><tr><td>Manual de estudio<br><strong>Autores<\/strong>:&nbsp;<a href=\"https:\/\/blog.uclm.es\/eduardodemetrio\/\" target=\"_blank\" rel=\"noreferrer noopener\">Demetrio Crespo, Eduardo&nbsp;<\/a>&amp; De Vicente Mart\u00ednez, R. &amp; Matellanes Rodr\u00edguez, N.<br><strong>Datos de la obra<\/strong>:&nbsp;<a href=\"https:\/\/blog.uclm.es\/eduardodemetrio\/wp-content\/uploads\/sites\/145\/2022\/12\/Lecciones_teoria_delito.pdf\" target=\"_blank\" rel=\"noreferrer noopener\">Demetrio Crespo, E. &amp; De Vicente Mart\u00ednez, R. &amp; Matellanes Rodr\u00edguez, N.,&nbsp;<em>Lecciones y materiales para el estudio del derecho penal, Tomo II, Teor\u00eda del delito<\/em>&nbsp;(coordinado por E. Demetrio Crespo), 2\u00aa ed., Madrid: Iustel, 2015<\/a><br><br>Estas lecciones, redactadas por Catedr\u00e1ticos y Profesores de diversas universidades pretenden facilitar la ense\u00f1anza del Derecho Penal ajustada a las exigencias del Espacio Europeo de Educaci\u00f3n Superior. (\u2026) Los contenidos hacen especial hincapi\u00e9 en los aspectos m\u00e1s controvertidos no s\u00f3lo en su elaboraci\u00f3n doctrinal, sino sobre todo, en su aplicaci\u00f3n pr\u00e1ctica por parte de los Tribunales de justicia. Para la mejor compresi\u00f3n del Derecho penal, cada lecci\u00f3n se acompa\u00f1a de otros materiales que consisten en lecturas de textos cl\u00e1sicos o de fragmentos de art\u00edculos, partes relevantes de la argumentaci\u00f3n de algunas sentencias fundamentales, normativa de textos legales, e incluso supuestos pr\u00e1cticos. La obra, que recoge la reforma de 2015, es una herramienta \u00fatil para cualquiera de los programas de estudio y la ense\u00f1anza del Derecho penal que se emplean de la actualidad en las Facultades de Derecho espa\u00f1olas.<\/td><\/tr><\/tbody><\/table><\/figure>\n<\/div>\n<\/div>\n\n\n\n<div class=\"wp-block-columns is-layout-flex wp-container-core-columns-is-layout-9d6595d7 wp-block-columns-is-layout-flex\">\n<div class=\"wp-block-column is-layout-flow wp-block-column-is-layout-flow\" style=\"flex-basis:33.33%\">\n<figure class=\"wp-block-image size-full\"><img loading=\"lazy\" decoding=\"async\" width=\"200\" height=\"313\" src=\"https:\/\/blog.uclm.es\/eduardodemetrio\/wp-content\/uploads\/sites\/145\/2020\/04\/Lecciones-de-Derecho-penal-portada-189x300-1.jpg\" alt=\"\" class=\"wp-image-178\" srcset=\"https:\/\/blog.uclm.es\/eduardodemetrio\/wp-content\/uploads\/sites\/145\/2020\/04\/Lecciones-de-Derecho-penal-portada-189x300-1.jpg 200w, https:\/\/blog.uclm.es\/eduardodemetrio\/wp-content\/uploads\/sites\/145\/2020\/04\/Lecciones-de-Derecho-penal-portada-189x300-1-192x300.jpg 192w\" sizes=\"auto, (max-width: 200px) 100vw, 200px\" \/><\/figure>\n<\/div>\n\n\n\n<div class=\"wp-block-column is-layout-flow wp-block-column-is-layout-flow\" style=\"flex-basis:66.66%\">\n<figure class=\"wp-block-table has-small-font-size\"><table><thead><tr><th>Lecciones de Derecho penal. Teor\u00eda del Delito.<\/th><\/tr><\/thead><tbody><tr><td>Manual de estudio<br><strong>Autores<\/strong>:&nbsp;<a href=\"https:\/\/blog.uclm.es\/areadpenalto\/eduardo-demetrio-crespo\/\">Demetrio Crespo, Eduardo<\/a><br><strong>Datos de la obra<\/strong>:&nbsp;<a href=\"https:\/\/blog.uclm.es\/eduardodemetrio\/wp-content\/uploads\/sites\/145\/2022\/12\/Lecciones_penal.pdf\" target=\"_blank\" rel=\"noreferrer noopener\">Demetrio Crespo, E. &amp; De Vicente Mart\u00ednez, R. &amp; Matellanes Rodr\u00edguez, N.&nbsp;<em>Lecciones de Derecho penal, Tomo II, Teor\u00eda del delito<\/em>&nbsp;(coordinado por E. Demetrio Crespo), San Jos\u00e9 (Costa Rica): Editorial Jur\u00eddica Continental, 2016<\/a><br><br>Se trata de una obra que contiene las discusiones m\u00e1s actuales, puesto que su elaboraci\u00f3n concluy\u00f3, (\u2026), hace apenas unos pocos meses, conteniendo las \u00faltimas reformas que fueron aprobadas en Espa\u00f1a. La obra, en ambos tomos, est\u00e1 escrita con gran sentido did\u00e1ctico, explic\u00e1ndose en forma simple el Derecho Penal y la Teor\u00eda del delito, a lo cual se acompa\u00f1an diversas pr\u00e1cticas para el ejercicio docente, ello a trav\u00e9s de materiales complementarios, pr\u00e1cticas de lectura y estudio. Por lo anterior ser\u00e1 de gran utilidad para aquellos que quieran adentrarse en el estudio del Derecho Penal. Precisamente el t\u00edtulo de la obra \u201cLecciones de Derecho Penal\u201d, refleja claramente la intenci\u00f3n did\u00e1ctica de los autores, que hace que la obra sea de gran utilidad como libro de texto en los Cursos de Derecho Penal Parte General de la diversas universidades costarricenses (\u2026) (<a href=\"https:\/\/blog.uclm.es\/eduardodemetrio\/wp-content\/uploads\/sites\/145\/2022\/12\/Prologo.pdf\" target=\"_blank\" rel=\"noreferrer noopener\">Javier Llobet Rodr\u00edguez-Prologuista<\/a>).<\/td><\/tr><\/tbody><\/table><\/figure>\n<\/div>\n<\/div>\n\n\n\n<div class=\"wp-block-columns is-layout-flex wp-container-core-columns-is-layout-9d6595d7 wp-block-columns-is-layout-flex\">\n<div class=\"wp-block-column is-layout-flow wp-block-column-is-layout-flow\" style=\"flex-basis:33.33%\">\n<figure class=\"wp-block-image size-full\"><img loading=\"lazy\" decoding=\"async\" width=\"200\" height=\"313\" src=\"https:\/\/blog.uclm.es\/eduardodemetrio\/wp-content\/uploads\/sites\/145\/2020\/04\/Portada-lecciones-y-materiales-207x300-1.jpg\" alt=\"\" class=\"wp-image-180\" srcset=\"https:\/\/blog.uclm.es\/eduardodemetrio\/wp-content\/uploads\/sites\/145\/2020\/04\/Portada-lecciones-y-materiales-207x300-1.jpg 200w, https:\/\/blog.uclm.es\/eduardodemetrio\/wp-content\/uploads\/sites\/145\/2020\/04\/Portada-lecciones-y-materiales-207x300-1-192x300.jpg 192w\" sizes=\"auto, (max-width: 200px) 100vw, 200px\" \/><\/figure>\n<\/div>\n\n\n\n<div class=\"wp-block-column is-layout-flow wp-block-column-is-layout-flow\" style=\"flex-basis:66.66%\">\n<figure class=\"wp-block-table has-small-font-size\"><table><thead><tr><th>Lecciones y materiales para el estudio del derecho penal, Tomo II, Teor\u00eda del delito.<\/th><\/tr><\/thead><tbody><tr><td>Manual de estudio<br><strong>Autores<\/strong>:&nbsp;<a href=\"https:\/\/blog.uclm.es\/eduardodemetrio\/\" target=\"_blank\" rel=\"noreferrer noopener\">Demetrio Crespo, Eduardo&nbsp;<\/a>&amp; De Vicente Mart\u00ednez, R. &amp; Matellanes Rodr\u00edguez, N.<br><strong>Datos de la obra<\/strong>:&nbsp;<a href=\"https:\/\/blog.uclm.es\/eduardodemetrio\/wp-content\/uploads\/sites\/145\/2022\/12\/Lecciones_teoria_delito.pdf\" target=\"_blank\" rel=\"noreferrer noopener\">Demetrio Crespo, E. &amp; De Vicente Mart\u00ednez, R. &amp; Matellanes Rodr\u00edguez, N.,&nbsp;<em>Lecciones y materiales para el estudio del derecho penal, Tomo II, Teor\u00eda del delito<\/em>&nbsp;(coordinado por E. Demetrio Crespo), 2\u00aa ed., Madrid: Iustel, 2015<\/a><br><br>Estas lecciones, redactadas por Catedr\u00e1ticos y Profesores de diversas universidades pretenden facilitar la ense\u00f1anza del Derecho Penal ajustada a las exigencias del Espacio Europeo de Educaci\u00f3n Superior. (\u2026) Los contenidos hacen especial hincapi\u00e9 en los aspectos m\u00e1s controvertidos no s\u00f3lo en su elaboraci\u00f3n doctrinal, sino sobre todo, en su aplicaci\u00f3n pr\u00e1ctica por parte de los Tribunales de justicia. Para la mejor compresi\u00f3n del Derecho penal, cada lecci\u00f3n se acompa\u00f1a de otros materiales que consisten en lecturas de textos cl\u00e1sicos o de fragmentos de art\u00edculos, partes relevantes de la argumentaci\u00f3n de algunas sentencias fundamentales, normativa de textos legales, e incluso supuestos pr\u00e1cticos. La obra, que recoge la reforma de 2015, es una herramienta \u00fatil para cualquiera de los programas de estudio y la ense\u00f1anza del Derecho penal que se emplean de la actualidad en las Facultades de Derecho espa\u00f1olas.<\/td><\/tr><\/tbody><\/table><\/figure>\n<\/div>\n<\/div>\n\n\n\n<div class=\"wp-block-columns is-layout-flex wp-container-core-columns-is-layout-9d6595d7 wp-block-columns-is-layout-flex\">\n<div class=\"wp-block-column is-layout-flow wp-block-column-is-layout-flow\" style=\"flex-basis:33.33%\">\n<figure class=\"wp-block-image size-full\"><img loading=\"lazy\" decoding=\"async\" width=\"210\" height=\"300\" src=\"https:\/\/blog.uclm.es\/eduardodemetrio\/wp-content\/uploads\/sites\/145\/2020\/04\/Portada-210x300-1-1.jpg\" alt=\"\" class=\"wp-image-271\" \/><\/figure>\n<\/div>\n\n\n\n<div class=\"wp-block-column is-layout-flow wp-block-column-is-layout-flow\" style=\"flex-basis:66.66%\">\n<figure class=\"wp-block-table has-small-font-size\"><table><thead><tr><th>Curso de Derecho Penal, Parte General<\/th><\/tr><\/thead><tbody><tr><td>Manual de estudio<br><strong>Autores<\/strong>:&nbsp;<a href=\"https:\/\/blog.uclm.es\/eduardodemetrio\/\" target=\"_blank\" rel=\"noreferrer noopener\">Demetrio Crespo, Eduardo&nbsp;<\/a><br><strong>Datos de la obra<\/strong>:&nbsp;Demetrio Crespo, E. &amp; Rodr\u00edguez Yag\u00fce, C. (Coord.), Curso de Derecho Penal, Parte General, 2\u00aa ed., Experiencia: El Masnou, 2010<br><br>La publicaci\u00f3n del Curso de Derecho Penal. Parte General, pretende facilitar al estudiante el aprendizaje de los fundamentos constitucionales de esta disciplina y de los contenidos propios de la teor\u00eda del delito. La Reforma aprobada por la Ley Org\u00e1nica 5\/2010, de 22 de junio, incorpora numerosas novedades en el cat\u00e1logo de los delitos y, contadas pero muy relevantes, en la Parte General, que han exigido una r\u00e1pida revisi\u00f3n de esta obra. Se han incorporado al texto diferentes lecciones sobre las m\u00e1s relevantes novedades presentadas en la reforma del C\u00f3digo Penal de 2010, tales como: La responsabilidad penal de las personas jur\u00eddicas, la redacci\u00f3n de las fuentes del nuevo Derecho Penal Europeo tras el Tratado de Lisboa, la reforma de la libertad vigilada, la reformulaci\u00f3n de la pena de comiso. Toda la materia de responsabilidad penal de menores ha sido objeto de una nueva lecci\u00f3n aut\u00f3noma, se han revisado las \u00faltimas reformas del C\u00f3digo Penal; an\u00e1lisis de la incidencia de la reforma en las penas privativas de libertad y nueva configuraci\u00f3n del principio de justicia universal. La revisi\u00f3n se completa con la actualizaci\u00f3n de sus \u00fatiles tablas penol\u00f3gicas que ayudan al alumno a la comprensi\u00f3n de algunos temas sumamente complejos. La presente edici\u00f3n sigue sin perder el car\u00e1cter que se le dio al libro desde el comienzo, es decir proporcionar a los estudiantes un Manual escrito precisamente para ellos, lo que si ya hace a\u00f1os era muy conveniente, hoy con la estructura del grado es una imperiosa necesidad.<\/td><\/tr><\/tbody><\/table><\/figure>\n<\/div>\n<\/div>\n","protected":false},"excerpt":{"rendered":"<p>Curso de Derecho Penal, Parte General Manual de estudioAutores:&nbsp;Demetrio Crespo, Eduardo&nbsp;Datos de la obra:&nbsp;Demetrio Crespo, E. &amp; Rodr\u00edguez Yag\u00fce, C. (Coord.), Curso de Derecho Penal, Parte General, 3\u00aa ed., Experiencia: El Masnou, 2016 La publicaci\u00f3n del Curso de Derecho Penal, Parte General, tuvo desde su origen la vocaci\u00f3n de trasmitir a los alumnos de manera &hellip; <\/p>\n<p class=\"link-more\"><a href=\"https:\/\/blog.uclm.es\/eduardodemetrio\/manuales\/\" class=\"more-link\">Continuar leyendo<span class=\"screen-reader-text\"> \u00abManuales para el estudio del Derecho penal\u00bb<\/span><\/a><\/p>\n","protected":false},"author":132,"featured_media":0,"parent":0,"menu_order":0,"comment_status":"closed","ping_status":"closed","template":"","meta":{"footnotes":""},"class_list":["post-274","page","type-page","status-publish","hentry"],"_links":{"self":[{"href":"https:\/\/blog.uclm.es\/eduardodemetrio\/wp-json\/wp\/v2\/pages\/274","targetHints":{"allow":["GET"]}}],"collection":[{"href":"https:\/\/blog.uclm.es\/eduardodemetrio\/wp-json\/wp\/v2\/pages"}],"about":[{"href":"https:\/\/blog.uclm.es\/eduardodemetrio\/wp-json\/wp\/v2\/types\/page"}],"author":[{"embeddable":true,"href":"https:\/\/blog.uclm.es\/eduardodemetrio\/wp-json\/wp\/v2\/users\/132"}],"replies":[{"embeddable":true,"href":"https:\/\/blog.uclm.es\/eduardodemetrio\/wp-json\/wp\/v2\/comments?post=274"}],"version-history":[{"count":3,"href":"https:\/\/blog.uclm.es\/eduardodemetrio\/wp-json\/wp\/v2\/pages\/274\/revisions"}],"predecessor-version":[{"id":1316,"href":"https:\/\/blog.uclm.es\/eduardodemetrio\/wp-json\/wp\/v2\/pages\/274\/revisions\/1316"}],"wp:attachment":[{"href":"https:\/\/blog.uclm.es\/eduardodemetrio\/wp-json\/wp\/v2\/media?parent=274"}],"curies":[{"name":"wp","href":"https:\/\/api.w.org\/{rel}","templated":true}]}}