{"id":234,"date":"2020-04-11T10:01:15","date_gmt":"2020-04-11T09:01:15","guid":{"rendered":"http:\/\/blog.uclm.es\/eduardodemetrio\/?page_id=234"},"modified":"2022-12-12T16:38:37","modified_gmt":"2022-12-12T16:38:37","slug":"prox-eventos","status":"publish","type":"page","link":"https:\/\/blog.uclm.es\/eduardodemetrio\/prox-eventos\/","title":{"rendered":"Pr\u00f3ximos eventos"},"content":{"rendered":"\n<div class=\"wp-block-columns is-layout-flex wp-container-core-columns-is-layout-9d6595d7 wp-block-columns-is-layout-flex\">\n<div class=\"wp-block-column is-layout-flow wp-block-column-is-layout-flow\" style=\"flex-basis:33.33%\">\n<figure class=\"wp-block-image size-full\"><img loading=\"lazy\" decoding=\"async\" width=\"200\" height=\"313\" src=\"https:\/\/blog.uclm.es\/eduardodemetrio\/wp-content\/uploads\/sites\/145\/2020\/04\/unnamed-1.jpg\" alt=\"\" class=\"wp-image-348\" srcset=\"https:\/\/blog.uclm.es\/eduardodemetrio\/wp-content\/uploads\/sites\/145\/2020\/04\/unnamed-1.jpg 200w, https:\/\/blog.uclm.es\/eduardodemetrio\/wp-content\/uploads\/sites\/145\/2020\/04\/unnamed-1-192x300.jpg 192w\" sizes=\"auto, (max-width: 200px) 100vw, 200px\" \/><\/figure>\n<\/div>\n\n\n\n<div class=\"wp-block-column is-layout-flow wp-block-column-is-layout-flow\" style=\"flex-basis:66.66%\">\n<figure class=\"wp-block-table has-small-font-size\"><table><thead><tr><th>Derecho penal y comportamiento humano: avances desde la Neurociencia y la Inteligencia Artificial<\/th><\/tr><\/thead><tbody><tr><td>Curso de Postgrado 2021<br><strong>Directores<\/strong>: Demetrio Crespo, Eduardo<br><strong>Coordinaci\u00f3n<\/strong>: M\u00f3nica de la Cuerda Mart\u00edn<br><br>En esta ocasi\u00f3n, se ha optado por una\u00a0<strong><em>propuesta amplia<\/em><\/strong>\u00a0y, si se quiere, m\u00e1s innovadora, pero estamos convencidos que igual de atractiva, en torno a los\u00a0<em>fundamentos del Derecho penal vistos desde el punto de vista de los avances cient\u00edficos<\/em>, con especial atenci\u00f3n a los \u00e1mbitos de la investigaci\u00f3n sobre el cerebro (Neurociencias) y las tecnolog\u00edas disruptivas (inteligencia artificial).<br><br><a rel=\"noreferrer noopener\" href=\"http:\/\/blog.uclm.es\/postgradoenderechotoledo\/\" target=\"_blank\">M\u00e1s informaci\u00f3n sobre los cursos de postgrado de la UCLM<\/a><\/td><\/tr><\/tbody><\/table><\/figure>\n<\/div>\n<\/div>\n","protected":false},"excerpt":{"rendered":"<p>Derecho penal y comportamiento humano: avances desde la Neurociencia y la Inteligencia Artificial Curso de Postgrado 2021Directores: Demetrio Crespo, EduardoCoordinaci\u00f3n: M\u00f3nica de la Cuerda Mart\u00edn En esta ocasi\u00f3n, se ha optado por una\u00a0propuesta amplia\u00a0y, si se quiere, m\u00e1s innovadora, pero estamos convencidos que igual de atractiva, en torno a los\u00a0fundamentos del Derecho penal vistos desde &hellip; <\/p>\n<p class=\"link-more\"><a href=\"https:\/\/blog.uclm.es\/eduardodemetrio\/prox-eventos\/\" class=\"more-link\">Continuar leyendo<span class=\"screen-reader-text\"> \u00abPr\u00f3ximos eventos\u00bb<\/span><\/a><\/p>\n","protected":false},"author":132,"featured_media":0,"parent":0,"menu_order":0,"comment_status":"closed","ping_status":"closed","template":"","meta":{"footnotes":""},"class_list":["post-234","page","type-page","status-publish","hentry"],"_links":{"self":[{"href":"https:\/\/blog.uclm.es\/eduardodemetrio\/wp-json\/wp\/v2\/pages\/234","targetHints":{"allow":["GET"]}}],"collection":[{"href":"https:\/\/blog.uclm.es\/eduardodemetrio\/wp-json\/wp\/v2\/pages"}],"about":[{"href":"https:\/\/blog.uclm.es\/eduardodemetrio\/wp-json\/wp\/v2\/types\/page"}],"author":[{"embeddable":true,"href":"https:\/\/blog.uclm.es\/eduardodemetrio\/wp-json\/wp\/v2\/users\/132"}],"replies":[{"embeddable":true,"href":"https:\/\/blog.uclm.es\/eduardodemetrio\/wp-json\/wp\/v2\/comments?post=234"}],"version-history":[{"count":3,"href":"https:\/\/blog.uclm.es\/eduardodemetrio\/wp-json\/wp\/v2\/pages\/234\/revisions"}],"predecessor-version":[{"id":1336,"href":"https:\/\/blog.uclm.es\/eduardodemetrio\/wp-json\/wp\/v2\/pages\/234\/revisions\/1336"}],"wp:attachment":[{"href":"https:\/\/blog.uclm.es\/eduardodemetrio\/wp-json\/wp\/v2\/media?parent=234"}],"curies":[{"name":"wp","href":"https:\/\/api.w.org\/{rel}","templated":true}]}}