{"id":209,"date":"2022-07-25T10:32:04","date_gmt":"2022-07-25T09:32:04","guid":{"rendered":"https:\/\/blogdev.uclm.es\/fullsite\/?page_id=209"},"modified":"2024-10-14T16:48:46","modified_gmt":"2024-10-14T14:48:46","slug":"galeria","status":"publish","type":"page","link":"https:\/\/blog.uclm.es\/edelmariaporter\/galeria\/","title":{"rendered":"Galeria"},"content":{"rendered":"\n<figure class=\"wp-block-image aligncenter size-full is-resized is-style-rounded\"><img loading=\"lazy\" decoding=\"async\" width=\"1024\" height=\"987\" src=\"https:\/\/blog.uclm.es\/edelmariaporter\/wp-content\/uploads\/sites\/303\/2022\/10\/4-scaled-e1658998947545-1024x987-1.jpg\" alt=\"\" class=\"wp-image-311\" style=\"width:150px;height:150px\" srcset=\"https:\/\/blog.uclm.es\/edelmariaporter\/wp-content\/uploads\/sites\/303\/2022\/10\/4-scaled-e1658998947545-1024x987-1.jpg 1024w, https:\/\/blog.uclm.es\/edelmariaporter\/wp-content\/uploads\/sites\/303\/2022\/10\/4-scaled-e1658998947545-1024x987-1-300x289.jpg 300w, https:\/\/blog.uclm.es\/edelmariaporter\/wp-content\/uploads\/sites\/303\/2022\/10\/4-scaled-e1658998947545-1024x987-1-768x740.jpg 768w\" sizes=\"auto, (max-width: 1024px) 100vw, 1024px\" \/><figcaption class=\"wp-element-caption\">Miradas<\/figcaption><\/figure>\n\n\n\n<blockquote class=\"wp-block-quote has-text-align-center is-style-large is-layout-flow wp-block-quote-is-layout-flow\" style=\"font-size:12px\">\n<p>\u00abHay objetos que forman parte de la vida cotidiana: cosas que usamos sin verlas, en un horizonte dom\u00e9stico neutro y tranquilizador.<\/p>\n\n\n\n<p>Pero existen otros objetos, aqu\u00e9llos que trasforman los peque\u00f1os gestos de todos los d\u00edas en algo mas simple, m\u00e1s agradable, m\u00e1s nuestro\u00bb<\/p>\n<cite>\u2014 Alberto Alessi, <em>1921<\/em> \u2014 <\/cite><\/blockquote>\n\n\n\n<hr class=\"wp-block-separator has-css-opacity is-style-default\" \/>\n\n\n\n<h5 class=\"wp-block-heading has-text-align-center has-x-large-font-size\">Galeria de Im\u00e1genes<\/h5>\n\n\n\n<hr class=\"wp-block-separator has-css-opacity\" \/>\n\n\n\n<figure class=\"wp-block-gallery has-nested-images columns-default is-cropped wp-block-gallery-1 is-layout-flex wp-block-gallery-is-layout-flex\">\n<figure class=\"wp-block-image size-full\"><img loading=\"lazy\" decoding=\"async\" width=\"1920\" height=\"2560\" data-id=\"355\" src=\"https:\/\/blog.uclm.es\/edelmariaporter\/wp-content\/uploads\/sites\/303\/2024\/10\/calatrava-scaled.jpg\" alt=\"\" class=\"wp-image-355\" srcset=\"https:\/\/blog.uclm.es\/edelmariaporter\/wp-content\/uploads\/sites\/303\/2024\/10\/calatrava-scaled.jpg 1920w, https:\/\/blog.uclm.es\/edelmariaporter\/wp-content\/uploads\/sites\/303\/2024\/10\/calatrava-225x300.jpg 225w, https:\/\/blog.uclm.es\/edelmariaporter\/wp-content\/uploads\/sites\/303\/2024\/10\/calatrava-768x1024.jpg 768w, https:\/\/blog.uclm.es\/edelmariaporter\/wp-content\/uploads\/sites\/303\/2024\/10\/calatrava-1152x1536.jpg 1152w, https:\/\/blog.uclm.es\/edelmariaporter\/wp-content\/uploads\/sites\/303\/2024\/10\/calatrava-1536x2048.jpg 1536w\" sizes=\"auto, (max-width: 1920px) 100vw, 1920px\" \/><figcaption class=\"wp-element-caption\">oplus_32<\/figcaption><\/figure>\n\n\n\n<figure class=\"wp-block-image size-full\"><img loading=\"lazy\" decoding=\"async\" width=\"1024\" height=\"536\" data-id=\"303\" src=\"https:\/\/blog.uclm.es\/edelmariaporter\/wp-content\/uploads\/sites\/303\/2022\/10\/17-1024x536-1.jpg\" alt=\"\" class=\"wp-image-303\" srcset=\"https:\/\/blog.uclm.es\/edelmariaporter\/wp-content\/uploads\/sites\/303\/2022\/10\/17-1024x536-1.jpg 1024w, https:\/\/blog.uclm.es\/edelmariaporter\/wp-content\/uploads\/sites\/303\/2022\/10\/17-1024x536-1-300x157.jpg 300w, https:\/\/blog.uclm.es\/edelmariaporter\/wp-content\/uploads\/sites\/303\/2022\/10\/17-1024x536-1-768x402.jpg 768w\" sizes=\"auto, (max-width: 1024px) 100vw, 1024px\" \/><\/figure>\n\n\n\n<figure class=\"wp-block-image size-full\"><img loading=\"lazy\" decoding=\"async\" width=\"1024\" height=\"683\" data-id=\"300\" src=\"https:\/\/blog.uclm.es\/edelmariaporter\/wp-content\/uploads\/sites\/303\/2022\/10\/21-1024x683-1.jpg\" alt=\"\" class=\"wp-image-300\" srcset=\"https:\/\/blog.uclm.es\/edelmariaporter\/wp-content\/uploads\/sites\/303\/2022\/10\/21-1024x683-1.jpg 1024w, https:\/\/blog.uclm.es\/edelmariaporter\/wp-content\/uploads\/sites\/303\/2022\/10\/21-1024x683-1-300x200.jpg 300w, https:\/\/blog.uclm.es\/edelmariaporter\/wp-content\/uploads\/sites\/303\/2022\/10\/21-1024x683-1-768x512.jpg 768w\" sizes=\"auto, (max-width: 1024px) 100vw, 1024px\" \/><\/figure>\n\n\n\n<figure class=\"wp-block-image size-full\"><img loading=\"lazy\" decoding=\"async\" width=\"1024\" height=\"684\" data-id=\"299\" src=\"https:\/\/blog.uclm.es\/edelmariaporter\/wp-content\/uploads\/sites\/303\/2022\/10\/22-1024x684-1.jpg\" alt=\"\" class=\"wp-image-299\" srcset=\"https:\/\/blog.uclm.es\/edelmariaporter\/wp-content\/uploads\/sites\/303\/2022\/10\/22-1024x684-1.jpg 1024w, https:\/\/blog.uclm.es\/edelmariaporter\/wp-content\/uploads\/sites\/303\/2022\/10\/22-1024x684-1-300x200.jpg 300w, https:\/\/blog.uclm.es\/edelmariaporter\/wp-content\/uploads\/sites\/303\/2022\/10\/22-1024x684-1-768x513.jpg 768w\" sizes=\"auto, (max-width: 1024px) 100vw, 1024px\" \/><\/figure>\n\n\n\n<figure class=\"wp-block-image size-full\"><img loading=\"lazy\" decoding=\"async\" width=\"1024\" height=\"256\" data-id=\"298\" src=\"https:\/\/blog.uclm.es\/edelmariaporter\/wp-content\/uploads\/sites\/303\/2022\/10\/12_1-1024x256-1.jpg\" alt=\"\" class=\"wp-image-298\" srcset=\"https:\/\/blog.uclm.es\/edelmariaporter\/wp-content\/uploads\/sites\/303\/2022\/10\/12_1-1024x256-1.jpg 1024w, https:\/\/blog.uclm.es\/edelmariaporter\/wp-content\/uploads\/sites\/303\/2022\/10\/12_1-1024x256-1-300x75.jpg 300w, https:\/\/blog.uclm.es\/edelmariaporter\/wp-content\/uploads\/sites\/303\/2022\/10\/12_1-1024x256-1-768x192.jpg 768w\" sizes=\"auto, (max-width: 1024px) 100vw, 1024px\" \/><\/figure>\n\n\n\n<figure class=\"wp-block-image size-full\"><img loading=\"lazy\" decoding=\"async\" width=\"1024\" height=\"683\" data-id=\"302\" src=\"https:\/\/blog.uclm.es\/edelmariaporter\/wp-content\/uploads\/sites\/303\/2022\/10\/18-1024x683-1.jpg\" alt=\"\" class=\"wp-image-302\" srcset=\"https:\/\/blog.uclm.es\/edelmariaporter\/wp-content\/uploads\/sites\/303\/2022\/10\/18-1024x683-1.jpg 1024w, https:\/\/blog.uclm.es\/edelmariaporter\/wp-content\/uploads\/sites\/303\/2022\/10\/18-1024x683-1-300x200.jpg 300w, https:\/\/blog.uclm.es\/edelmariaporter\/wp-content\/uploads\/sites\/303\/2022\/10\/18-1024x683-1-768x512.jpg 768w\" sizes=\"auto, (max-width: 1024px) 100vw, 1024px\" \/><\/figure>\n\n\n\n<figure class=\"wp-block-image size-full\"><img loading=\"lazy\" decoding=\"async\" width=\"1024\" height=\"678\" data-id=\"304\" src=\"https:\/\/blog.uclm.es\/edelmariaporter\/wp-content\/uploads\/sites\/303\/2022\/10\/16-1024x678-1.jpg\" alt=\"\" class=\"wp-image-304\" srcset=\"https:\/\/blog.uclm.es\/edelmariaporter\/wp-content\/uploads\/sites\/303\/2022\/10\/16-1024x678-1.jpg 1024w, https:\/\/blog.uclm.es\/edelmariaporter\/wp-content\/uploads\/sites\/303\/2022\/10\/16-1024x678-1-300x199.jpg 300w, https:\/\/blog.uclm.es\/edelmariaporter\/wp-content\/uploads\/sites\/303\/2022\/10\/16-1024x678-1-768x509.jpg 768w\" sizes=\"auto, (max-width: 1024px) 100vw, 1024px\" \/><\/figure>\n\n\n\n<figure class=\"wp-block-image size-full\"><img loading=\"lazy\" decoding=\"async\" width=\"1024\" height=\"683\" data-id=\"305\" src=\"https:\/\/blog.uclm.es\/edelmariaporter\/wp-content\/uploads\/sites\/303\/2022\/10\/15-1024x683-1.jpg\" alt=\"\" class=\"wp-image-305\" srcset=\"https:\/\/blog.uclm.es\/edelmariaporter\/wp-content\/uploads\/sites\/303\/2022\/10\/15-1024x683-1.jpg 1024w, https:\/\/blog.uclm.es\/edelmariaporter\/wp-content\/uploads\/sites\/303\/2022\/10\/15-1024x683-1-300x200.jpg 300w, https:\/\/blog.uclm.es\/edelmariaporter\/wp-content\/uploads\/sites\/303\/2022\/10\/15-1024x683-1-768x512.jpg 768w\" sizes=\"auto, (max-width: 1024px) 100vw, 1024px\" \/><\/figure>\n\n\n\n<figure class=\"wp-block-image size-full\"><img loading=\"lazy\" decoding=\"async\" width=\"1024\" height=\"644\" data-id=\"307\" src=\"https:\/\/blog.uclm.es\/edelmariaporter\/wp-content\/uploads\/sites\/303\/2022\/10\/13-scaled-e1658738755979-1024x644-1.jpg\" alt=\"\" class=\"wp-image-307\" srcset=\"https:\/\/blog.uclm.es\/edelmariaporter\/wp-content\/uploads\/sites\/303\/2022\/10\/13-scaled-e1658738755979-1024x644-1.jpg 1024w, https:\/\/blog.uclm.es\/edelmariaporter\/wp-content\/uploads\/sites\/303\/2022\/10\/13-scaled-e1658738755979-1024x644-1-300x189.jpg 300w, https:\/\/blog.uclm.es\/edelmariaporter\/wp-content\/uploads\/sites\/303\/2022\/10\/13-scaled-e1658738755979-1024x644-1-768x483.jpg 768w\" sizes=\"auto, (max-width: 1024px) 100vw, 1024px\" \/><\/figure>\n\n\n\n<figure class=\"wp-block-image size-full\"><img loading=\"lazy\" decoding=\"async\" width=\"1024\" height=\"328\" data-id=\"308\" src=\"https:\/\/blog.uclm.es\/edelmariaporter\/wp-content\/uploads\/sites\/303\/2022\/10\/9-scaled-e1658738834502-1024x328-1.jpg\" alt=\"\" class=\"wp-image-308\" srcset=\"https:\/\/blog.uclm.es\/edelmariaporter\/wp-content\/uploads\/sites\/303\/2022\/10\/9-scaled-e1658738834502-1024x328-1.jpg 1024w, https:\/\/blog.uclm.es\/edelmariaporter\/wp-content\/uploads\/sites\/303\/2022\/10\/9-scaled-e1658738834502-1024x328-1-300x96.jpg 300w, https:\/\/blog.uclm.es\/edelmariaporter\/wp-content\/uploads\/sites\/303\/2022\/10\/9-scaled-e1658738834502-1024x328-1-768x246.jpg 768w\" sizes=\"auto, (max-width: 1024px) 100vw, 1024px\" \/><\/figure>\n<\/figure>\n","protected":false},"excerpt":{"rendered":"<p>\u00abHay objetos que forman parte de la vida cotidiana: cosas que usamos sin verlas, en un horizonte dom\u00e9stico neutro y tranquilizador. Pero existen otros objetos, aqu\u00e9llos que trasforman los peque\u00f1os gestos de todos los d\u00edas en algo mas simple, m\u00e1s agradable, m\u00e1s nuestro\u00bb \u2014 Alberto Alessi, 1921 \u2014 Galeria de Im\u00e1genes<\/p>\n","protected":false},"author":493,"featured_media":0,"parent":0,"menu_order":0,"comment_status":"closed","ping_status":"closed","template":"","meta":{"footnotes":""},"class_list":["post-209","page","type-page","status-publish","hentry"],"_links":{"self":[{"href":"https:\/\/blog.uclm.es\/edelmariaporter\/wp-json\/wp\/v2\/pages\/209","targetHints":{"allow":["GET"]}}],"collection":[{"href":"https:\/\/blog.uclm.es\/edelmariaporter\/wp-json\/wp\/v2\/pages"}],"about":[{"href":"https:\/\/blog.uclm.es\/edelmariaporter\/wp-json\/wp\/v2\/types\/page"}],"author":[{"embeddable":true,"href":"https:\/\/blog.uclm.es\/edelmariaporter\/wp-json\/wp\/v2\/users\/493"}],"replies":[{"embeddable":true,"href":"https:\/\/blog.uclm.es\/edelmariaporter\/wp-json\/wp\/v2\/comments?post=209"}],"version-history":[{"count":2,"href":"https:\/\/blog.uclm.es\/edelmariaporter\/wp-json\/wp\/v2\/pages\/209\/revisions"}],"predecessor-version":[{"id":357,"href":"https:\/\/blog.uclm.es\/edelmariaporter\/wp-json\/wp\/v2\/pages\/209\/revisions\/357"}],"wp:attachment":[{"href":"https:\/\/blog.uclm.es\/edelmariaporter\/wp-json\/wp\/v2\/media?parent=209"}],"curies":[{"name":"wp","href":"https:\/\/api.w.org\/{rel}","templated":true}]}}