{"id":73,"date":"2015-06-14T14:39:17","date_gmt":"2015-06-14T14:39:17","guid":{"rendered":"https:\/\/diegopedregaluclm.wordpress.com\/?page_id=73"},"modified":"2022-12-09T11:56:17","modified_gmt":"2022-12-09T10:56:17","slug":"journal-papers","status":"publish","type":"page","link":"https:\/\/blog.uclm.es\/diegopedregal\/journal-papers\/","title":{"rendered":"Journal papers"},"content":{"rendered":"<hr \/>\n<ol>\n<li>Pedregal, D.J. (2022), <a href=\"https:\/\/doi.org\/10.18637\/jss.v103.i09\" target=\"_blank\" rel=\"noopener noreferrer\">Automatic Identification and Forecasting of Structural Unobserved Components Models with UComp<\/a>, Journal of Statistical Software, 103, 1-33.<\/li>\n<li>Proietti, T. Pedregal, D.J. (2022), <a href=\"https:\/\/doi.org\/10.1016\/j.ecosta.2022.02.001\" target=\"_blank\" rel=\"noopener noreferrer\">Seasonality in High Frequency Time Series<\/a>, Decision Support SystemsEconometrics &amp; Statistics, in press.<\/li>\n<li>Fotios, P., Pedregal, D.J. et al. (2022), <a href=\"https:\/\/doi.org\/10.1016\/j.ijforecast.2021.11.001\" target=\"_blank\" rel=\"noopener noreferrer\">Forecasting: theory and practice, <\/a>, International Journal of Forecasting, 38, 705-871.<\/li>\n<li>Pedregal, D.J. (2021), <a href=\"https:\/\/doi.org\/10.1016\/j.dss.2021.113585\" target=\"_blank\" rel=\"noopener noreferrer\">New algorithms for automatic modelling and forecasting of decision support systems<\/a>, Decision Support Systems, 148, 113585.<\/li>\n<li>Pedregal, D.J., Trapero, J.R. (2021), <a href=\"https:\/\/doi.org\/10.1016\/j.apenergy.2021.117155\" target=\"_blank\" rel=\"noopener noreferrer\">Adjusted combination of moving averages: A forecasting system for medium-term solar irradiance<\/a>, Applied Energy, 298, 117155.<\/li>\n<li>Puig-Gamero, M., Trapero, J.R., Pedregal, D.J., S\u00e1nchez, P., Sanchez-Silva, L. (2021), <a href=\"https:\/\/doi.org\/10.1016\/j.fuel.2021.120631\" target=\"_blank\" rel=\"noopener noreferrer\">Impact of the forecast price on economic results for methanol production from olive waste<\/a>, Fuel, 295, 120631.<\/li>\n<li>Pedregal, D.J. (2020), <a href=\"https:\/\/doi.org\/10.1016\/j.net.2019.11.028\" target=\"_blank\" rel=\"noopener noreferrer\">Forecasting uranium prices: Some empirical results<\/a>, Nuclear Engineering and Technology, 52, 1334-1339.<\/li>\n<li>Pedregal, D.J. (2019), <a href=\"https:\/\/journals.plos.org\/plosone\/article?id=10.1371\/journal.pone.0221238\" target=\"_blank\" rel=\"noopener noreferrer\">Time series analysis and forecasting with ECOTOOL<\/a>, PLOS ONE, 14(10): e0221238.<\/li>\n<li>Pedregal, D.J. (2019), <a href=\"https:\/\/foresight.forecasters.org\/\" target=\"_blank\" rel=\"noopener noreferrer\">State Space modeling for practitioners<\/a>, Foresight, Issue 54 (Summer), 21-25.<\/li>\n<li>Castillo, J.I., Castro, M., L\u00f3pez, L., Pedregal, D.J. (2019), <a href=\"https:\/\/www.sciencedirect.com\/science\/article\/pii\/S0967070X18303299\" target=\"_blank\" rel=\"noopener noreferrer\">From legislation to compliance: The power of traffic law enforcement for the case study of Spain<\/a>, Transport Policy, 75, 1-9.<\/li>\n<li>Villegas, M.A., Pedregal, D.J. (2019), <a href=\"https:\/\/www.sciencedirect.com\/science\/article\/pii\/S0169207017301322\" target=\"_blank\" rel=\"noopener noreferrer\">Automatic selection of Unobserved Components models for supply chain forecasting<\/a>, International Journal of Forecasting, 35, 157-169.<\/li>\n<li>Villegas, M.A., Pedregal, D.J. (2018),\u00a0<a href=\"https:\/\/www.jstatsoft.org\/article\/view\/v087i05\" target=\"_blank\" rel=\"noopener noreferrer\">SSpace: A toolbox for State Space modelling, Journal of Statistical Software, 87-5,1-26.<\/a><\/li>\n<li>Villegas, M.A., Pedregal, D.J. (2018),\u00a0<a href=\"https:\/\/www.sciencedirect.com\/science\/article\/pii\/S0167923618301246\" target=\"_blank\" rel=\"noopener noreferrer\">Supply chain decision support systems based on a novel hierarchical forecasting approach<\/a>, Decision Support Systems, 114, 29-36.<\/li>\n<li>Castillo, J.I., Castro, M.\u00a0, L\u00f3pez, L., Pedregal, D.J., Garrido, J.M. (2018), <a href=\"https:\/\/www.sciencedirect.com\/science\/article\/pii\/S0160738318300112\" target=\"_blank\" rel=\"noopener noreferrer\">High Speed Rail: Fast tracking tourism in the EU?<\/a>, Annals of Tourism Research, 71, 64-66.<\/li>\n<li>Villegas, M.A., Pedregal, D.J., Trapero, J.R. (2018), <a href=\"https:\/\/www.sciencedirect.com\/science\/article\/pii\/S0360835218301864\" target=\"_blank\" rel=\"noopener noreferrer\">A support vector machine for model selection in demand forecasting applications<\/a>, Computers &amp; Industrial Engineering, 121, 1-7.<\/li>\n<li>Castillo, J.I., Pedregal, D.J., Gonz\u00e1lez, F., Castro, M. (2017), <a href=\"https:\/\/www.sciencedirect.com\/science\/article\/pii\/S0957178716303101\" target=\"_blank\" rel=\"noopener noreferrer\">Legal reform and the devolution of the Spanish port system: an econometric assessment<\/a>, Utilities Policy, 50, 73-82.<\/li>\n<li>Castillo, J.I., Castro, M.,\u00a0L\u00f3pez, L., Pedregal, D.J. (2017), <a href=\"https:\/\/www.sciencedirect.com\/science\/article\/pii\/S096969971730193X\" target=\"_blank\" rel=\"noopener noreferrer\">Measuring the LCC effect on charter airlines in the Spanish airport system<\/a>, Journal of Air Transport Management, 65, 110-117.<\/li>\n<li>Trapero, J.R., Pedregal, D.J. (2016), <a href=\"http:\/\/www.sciencedirect.com\/science\/article\/pii\/S0925527316302808\" target=\"_blank\" rel=\"noopener noreferrer\">A novel time-varying bullwhip effect metric: An application to promotional sales<\/a>, International Journal of Production Economics, 182, 465-471.<\/li>\n<li>Castillo-Manzano J.I., Pedregal, D.J., Pozo-Barajas, R. (2016),\u00a0\u2018<a href=\"http:\/\/ac.els-cdn.com\/S026499931500406X\/1-s2.0-S026499931500406X-main.pdf?_tid=14cf0c6c-2258-11e6-9374-00000aab0f01&amp;acdnat=1464167418_97b7ac76da63842e0a695b17155e796b\" target=\"_blank\" rel=\"noopener noreferrer\">An econometric evaluation of the management of large-scale transport infrastructure in Spain during the great recession: Lessons for infrastructure bubbles<\/a>\u2019,\u00a0Economic Modelling, 53, 302-313.<\/li>\n<li>Amo-Salas, M., L\u00f3pez-Fidalgo, J., Pedregal, D.J. (2015), \u2018<a href=\"http:\/\/dx.doi.org\/10.1016\/j.ress.2014.09.003\" target=\"_blank\" rel=\"noopener noreferrer\">Experimental designs for Autoregressive Models Applied to Industrial Maintenance<\/a>\u2019, Reliability Engineering &amp; System Safety, 133, 87-94.<\/li>\n<li>Garc\u00eda, F.P., Pedregal, D.J., Roberts, C. (2015), &#8216;<a href=\"http:\/\/dx.doi.org\/10.1080\/00207721.2013.801090\" target=\"_blank\" rel=\"noopener noreferrer\">New Methods for the Condition monitoring of Level Crossings<\/a>&#8216;, International Journal of Systems Science, 46, 878-884.<\/li>\n<li>Pedregal, D.J., P\u00e9rez, J.J., S\u00e1nchez, A.J., (2014), \u2018<a href=\"http:\/\/www.ief.es\/documentos\/recursos\/publicaciones\/revistas\/hac_pub\/211_Sumario.pdf\" target=\"_blank\" rel=\"noopener noreferrer\">A toolkit to strengthen government budget surveillance<\/a>\u2019, Review of Public Economics, 211, 117-146<\/li>\n<li>Paredes, J., Pedregal, D.J., P\u00e9rez, J.J. (2014), \u2018<a href=\"http:\/\/dx.doi.org\/10.1016\/j.jpolmod.2014.07.003\" target=\"_blank\" rel=\"noopener noreferrer\">Fiscal policy analysis in the Euro area: expanding the toolkit<\/a>\u2019, Journal of Policy Modeling, 36, 800-823.<\/li>\n<li>Castillo, J.I., Castro, M., Pedregal, D.J., (2014), \u2018<a href=\"http:\/\/dx.doi.org\/10.1016\/j.econmod.2014.01.032\">Temporary speed limit changes: An econometric estimation of the effects of the Spanish Energy Efficiency and Saving Plan<\/a>\u2019, Economic Modelling, 44, 568-576.<\/li>\n<li>Castillo, J.I., Castro, M., Pedregal, D.J., (2014), \u2018<a href=\"http:\/\/dx.doi.org\/10.1016\/j.tranpol.2014.05.021\" target=\"_blank\" rel=\"noopener noreferrer\">The trend towards convergence in road accident fatality rates in Europe: the contributions of non-economic variables<\/a>\u2019, Transport Policy, 35, 229-240.<\/li>\n<li>Castillo, J.I., L\u00f3pez, L., Gonz\u00e1lez, F., M. Pedregal, D.J., (2013), \u2018<a href=\"http:\/\/dx.doi.org\/10.1093\/icesjms\/fst186\" target=\"_blank\" rel=\"noopener noreferrer\">An econometric analysis of the Spanish fresh fish market<\/a>\u2019, ICES Journal of Marine Science, 71, 628-635<\/li>\n<li>Castillo, J.I., L\u00f3pez, L., Marchena, M. Pedregal, D.J., (2013), \u2018<a href=\"http:\/\/dx.doi.org\/10.1080\/00036846.2013.788785\" target=\"_blank\" rel=\"noopener noreferrer\">How much does water consumption drop when each household takes charge of its own consumption? The case of the city of Seville<\/a>&#8216;, Applied Economics, 45, 4465-4473.<\/li>\n<li>Trapero, J.R., Pedregal, D.J., Fildes, R., Kourentzes, N. (2013), <a href=\"http:\/\/dx.doi.org\/10.1016\/j.ijforecast.2012.10.002\" target=\"_blank\" rel=\"noopener noreferrer\">Analysis of judgmental adjustments in the presence of promotions<\/a>, International Journal of Forecasting, 29, 234-243.<\/li>\n<li>Carnero, M.C., Pedregal, D.J. (2013), <a href=\"http:\/\/dx.doi.org\/10.1016\/j.ress.2012.09.003\" target=\"_blank\" rel=\"noopener noreferrer\">Ex-ante Assessment of the Spanish Occupational Health and Safety Strategy (2007-2012) Using a State Space framework<\/a>, RESS, 110, 14-21.<\/li>\n<li>Fern\u00e1ndez, L., Pedregal, D.J., P\u00e9rez, J.J. (2012), &#8216;<a href=\"http:\/\/www.ief.es\/documentos\/recursos\/publicaciones\/revistas\/hac_pub\/202_Art4.pdf\" target=\"_blank\" rel=\"noopener noreferrer\">Monitoring Sub-central Government Spending in Spain<\/a>&#8216;, Review of Public Economics, 77-104.<\/li>\n<li>Castillo, J.I., L\u00f3pez, L., Pedregal, D.J. (2012), &#8216;<a href=\"http:\/\/dx.doi.org\/10.1016\/j.jtrangeo.2012.02.009\" target=\"_blank\" rel=\"noopener noreferrer\">What role will hubs play in the LCC point-to-point connections era? The Spanish experience<\/a>&#8216;, Journal of Transport Geography, 24, 262-270.<\/li>\n<li>Castillo, J.I., Pedregal, D.J., Pozo, R. (2012), &#8216;<a href=\"http:\/\/dx.doi.org\/10.1016\/j.jairtraman.2011.10.006\" target=\"_blank\" rel=\"noopener noreferrer\">Assessing fear of flying after a plane crash. The \u00abRainman\u00bb effect &#8211; Myth or reality?<\/a>&#8216;, Journal of Air Transport Management, 20, 20-22.<\/li>\n<li>Castillo, J.I., L\u00f3pez, L., Pedregal, D.J. (2012), &#8216;<a href=\"http:\/\/www.catchword.com\/cgi-bin\/cgi?ini=bc&amp;body=linker&amp;reqidx=0022-5258(20120501)46:2L.263;1-\" target=\"_blank\" rel=\"noopener noreferrer\">How can the effects of the introduction of a new airline on a national airline network be measured? A time series approach for the Ryanair case in Spain<\/a>&#8216;, Journal of Transport Economics and Policy, 46, 1-17.<\/li>\n<li>Castillo, J.I., Pedregal, D.J. (2012), &#8216;<a href=\"http:\/\/dx.doi.org\/10.1016\/j.trf.2011.12.008\" target=\"_blank\" rel=\"noopener noreferrer\">How many lives can bloody and shocking road safety advertising save? the case of Spain<\/a>&#8216;, Transportation Research Part F, 15, 174-187.<\/li>\n<li>\n<div class=\"title\">Pedreal, D.j., Taylor, C.J. (2012), &#8216;<a href=\"http:\/\/615-636.\u00a010.1007\/978-0-85729-974-1_30\">SSpace: A Flexible and General State Space Toolbox for MATLAB<\/a>&#8216;, in Wang, L., Garnier. H. (eds.), System Identification, Enrivonmental Modelling and Contro System Design, 615-636.\u00a010.1007\/978-0-85729-974-1_30.<\/div>\n<\/li>\n<li>Castillo, J.I., Castro, M., Pedregal, D.J. (2011), &#8216;<a href=\"http:\/\/dx.doi.org\/10.1016\/j.jsr.2011.03.004\" target=\"_blank\" rel=\"noopener noreferrer\">Can fear of going to jail reduce the number of road fatalities? The Spanish experience<\/a>&#8216;, Journal of Safety Research, 42, 223-228.<\/li>\n<li>Carnero, C., Pedregal, D.J. (2011), \u2018<a href=\"http:\/\/dx.doi.org\/10.1016\/j.jlp.2011.03.006\" target=\"_blank\" rel=\"noopener noreferrer\">Forecasting turbine problems by means of the state space framework<\/a>\u2019, Journal of Loss Prevention in the Process Industries, 24, 432-439.<\/li>\n<li>Leal, T., Pedregal, D.J., P\u00e9rez, J.J. (2011), \u2018<a href=\"http:\/\/dx.doi.org\/10.1007\/s13209-010-0018-3\" target=\"_blank\" rel=\"noopener noreferrer\">Short-term monitoring of the Spanish government balance<\/a>\u2019, Journal of the Spanish Economic Association (SERIEs), 2, 97-119.<\/li>\n<li>Carnero, C., Pedregal, D.J. (2010), \u2018<a href=\"http:\/\/dx.doi.org\/10.1016\/j.ress.2010.07.003\" target=\"_blank\" rel=\"noopener noreferrer\">Modelling and forecasting occupational accidents of different severity levels in Spain<\/a>\u2019, Reliability Engineering and System Safety, 95, 1134-1141.<\/li>\n<li>Castillo, JI, Castro, M, Pedregal, DJ,\u00a0 (2010), \u201c<a href=\"http:\/\/dx.doi.org\/10.1016\/j.aap.2010.02.009\" target=\"_blank\" rel=\"noopener noreferrer\">An econometric analysis of the effects of the penalty points system driver&#8217;s license in Spain<\/a>\u201d, Accident Analysis &amp; Prevention 42 (4): 1310-1319.<\/li>\n<li>Garc\u00eda, F.P., Pedregal, D.J., Roberts, C. (2010), &#8216;<a href=\"http:\/\/dx.doi.org\/10.1016\/j.ress.2009.10.009\" target=\"_blank\" rel=\"noopener noreferrer\">Time Series methods applied to failure prediction and detection<\/a>&#8216;, Reliability Engineering &amp; System Safety, 95, 698-703.<\/li>\n<li>Pedregal, D.J., Trapero, J.R. (2010), \u2018<a href=\"http:\/\/dx.doi.org\/10.1016\/j.enconman.2009.08.028\" target=\"_blank\" rel=\"noopener noreferrer\">Mid-term hourly electricity forecasting based on a multi-rate approach<\/a>\u2019, Energy Conversion and Management, 51, 105-111.<\/li>\n<li>Pedregal, D.J., P\u00e9rez, J.J. (2010), \u2018<a href=\"http:\/\/dx.doi.org\/10.1016\/j.ijforecast.2009.08.002\" target=\"_blank\" rel=\"noopener noreferrer\">Should quarterly government finance statistics be used for fiscal surveillance in Europe?<\/a>&#8216;, International Journal of Forecasting, 26, 794-807.<\/li>\n<li>Onorante, L., Pedregal, D.J., P\u00e9rez, J.J., Signorini, S. (2010), \u2018<a href=\"http:\/\/dx.doi.org\/10.1016\/j.jpolmod.2009.10.003\" target=\"_blank\" rel=\"noopener noreferrer\">The usefulness of infra-annual government cash budgetary data for fiscal forecasting in the euro area<\/a>\u2019, Journal of Policy Modeling, 32, 98-119.<\/li>\n<li>Trapero, J.R., Pedregal, D.J. (2009), \u2018<a href=\"http:\/\/dx.doi.org\/10.1016\/j.eneco.2009.03.002\" target=\"_blank\" rel=\"noopener noreferrer\">Frequency domain methods applied to forecasting electricity markets<\/a>\u2019, Energy Economics, 31, 727-735.<\/li>\n<li>Pedregal, D.J., Deju\u00e1n, O., G\u00f3mez, N. y Tobarra, M.A. (2009), \u2018<a href=\"http:\/\/dx.doi.org\/10.1016\/j.enpol.2009.05.062\" target=\"_blank\" rel=\"noopener noreferrer\">Modelling demand for crude oil products in Spain<\/a>\u2019, Energy Policy, 37, 4417-4427.<\/li>\n<li>Pedregal, D.J., Rivas, R., Feliu, V., S\u00e1nchez, L., Linares, A. (2009), \u2018<a href=\"http:\/\/dx.doi.org\/10.1016\/j.envsoft.2008.09.010\" target=\"_blank\" rel=\"noopener noreferrer\">A non-linear forecasting system for the Ebro River at Zaragoza, Spain<\/a>\u2019, Environmental Modelling and Software, 24, 502-509.<\/li>\n<li>Pedregal, D.J., Carnero, C. (2009), \u2018<a href=\"http:\/\/dx.doi.org\/10.1016\/j.ress.2008.03.003\" target=\"_blank\" rel=\"noopener noreferrer\">Vibration analysis diagnostics by continuous-time models: A case study<\/a>\u2019, Reliability Engineering and System Safety, 94, 244-253.<\/li>\n<li>Pedregal, D.J., Garc\u00eda, F.P., Roberts, C. (2009), \u2018<a href=\"http:\/\/dx.doi.org\/10.1007\/s10479-008-0403-5\" target=\"_blank\" rel=\"noopener noreferrer\">An algorithmic approach for maintenance management based on advanced state space systems and harmonic regressions<\/a>\u2019, Annals of Operations Research, 166, 109-124.<\/li>\n<li>Rivas, R., Feliu, V., S\u00e1nchez, L., Pedregal, D.J., Linares, A., Aguilar, J.V., Langarita, P. (2008), \u2018<a href=\"http:\/\/www.imta.gob.mx\/tyca\/index.php?page=shop.product_details&amp;flypage=flypage.tpl&amp;product_id=621&amp;category_id=104&amp;option=com_virtuemart&amp;Itemid=88&amp;lang=en\" target=\"_blank\" rel=\"noopener noreferrer\">Identificaci\u00f3n del primer tramo del canal principal de riego \u00abImperial de Arag\u00f3n<\/a>\u00ab\u2019, Ingenier\u00eda hidr\u00e1ulica en M\u00e9xico, 23, 71-87.<\/li>\n<li>Pedregal, D.J., Young, P.C. (2008), <a href=\"http:\/\/dx.doi.org\/10.1057\/palgrave.jors.2602447\" target=\"_blank\" rel=\"noopener noreferrer\">Development of improved adaptive approaches to electricity demand forecasting<\/a>, Journal of the Operational Research Society, 59, 1066-1076.<\/li>\n<li>Garc\u00eda, F.P. and Pedregal, D. J. (2007). <a href=\"10.1007\/s11633-007-0109-1\" target=\"_blank\" rel=\"noopener noreferrer\">Applied RCM2 Algorithms Based on Statistical Methods<\/a>, International Journal of Automation and Computing, 4, 109-116.<\/li>\n<li>Garc\u00eda, F.P., Pedregal, D.J., (2007), &#8216;<a href=\"10.1016\/j.engfailanal.2007.03.005\" target=\"_blank\" rel=\"noopener noreferrer\">Failure Analysis and Diagnostics for Railway Trackside Equipment<\/a>&#8216;, Engineering Failure Analysis, 14, 1411-1426.<\/li>\n<li>Pedregal, D.J., Trapero, J.R. (2007), \u2018<a href=\"http:\/\/dx.doi.org\/10.1016\/j.enconman.2006.11.004\" target=\"_blank\" rel=\"noopener noreferrer\">Electricity Prices Forecasting by Automatic Dynamic Harmonic Regression Models<\/a>\u2019, Energy Conversion and Management, 48, 1710-1719.<\/li>\n<li>Taylor, C.J., Pedregal, D.J., Young, P.C., Tych, W., (2007) \u2018<a href=\"http:\/\/dx.doi.org\/10.1016\/j.envsoft.2006.03.002\" target=\"_blank\" rel=\"noopener noreferrer\">Time series analysis and forecasting with the Captain toolbox<\/a>&#8216;, Environmental Modelling and Software, 22, 797-814.<\/li>\n<li>Garc\u00eda, F.P., Pedregal, D.J., Schmid, F., (2007), &#8216;<a href=\"http:\/\/dx.doi.org\/10.1016\/j.ejor.2005.10.037\" target=\"_blank\" rel=\"noopener noreferrer\">Unobserved Components models applied to the assessment of wear in railway points: a case study<\/a>&#8216;, European Journal of Operational Research, 176, 1703-1712.<\/li>\n<li>Pedregal, D.J., Young, P.C. (2006), \u2018<a href=\"http:\/\/dx.doi.org\/10.1016\/j.ijforecast.2005.03.001\">Modulated cycles, an Approach to Modelling Periodic Components from Rapidly Sampled Data<\/a>\u2019, International Journal of Forecasting, 22, 189-194.<\/li>\n<li>Pedregal, D.J., Carnero, C. (2006), \u2018<a href=\"http:\/\/dx.doi.org\/10.1016\/j.ress.2004.12.001\">State Space Models for Condition Monitoring. A case study<\/a>\u2019, Reliability Engineering and System Safety, 91, 171-180.<\/li>\n<li>Pedregal, D.J., Garc\u00eda, F.P., Schmid, F. (2004), \u2018<a href=\"http:\/\/dx.doi.org\/10.1016\/j.ress.2003.09.020\" target=\"_blank\" rel=\"noopener noreferrer\">RCM<sup>2<\/sup> Predictive Maintenance of Railway Systems Based on Unobserved Components Models<\/a>\u2019, Reliability Engineering and System Safety, 83, 103-110.<\/li>\n<li>Tych, W., Pedregal, D.J., Young, P.C., Davies, J. (2002), \u2018<a href=\"http:\/\/dx.doi.org\/10.1016\/S0169-2070(02)00071-7\" target=\"_blank\" rel=\"noopener noreferrer\">An unobserved component model for multi-rate forecasting of telephone call demand: the design of a forecasting support system<\/a>\u2019, International Journal of Forecasting, 18, 673-695.<\/li>\n<li>Pedregal, D.J., (2001), \u2018<a href=\"http:\/\/dx.doi.org\/10.1016\/S0169-2070(01)00088-7\" target=\"_blank\" rel=\"noopener noreferrer\">Book review: Tourism demand modelling and forecasting. Modern Econometric approaches, Haiyan Song and Stephen F. Witt (1999) (Elsevier Science Ltd.)<\/a>\u2019, International Journal of Forecasting, 17, 297-299.<\/li>\n<li>Pedregal, D.J., Young, P.C. (2001), \u2018<a href=\"http:\/\/www.es.lancs.ac.uk\/cres\/papers\/available\/HP_final.doc.pdf\" target=\"_blank\" rel=\"noopener noreferrer\">Some comments on the use and abuse of the Hodrick-Prescott Filter<\/a>\u2019, Review on Economic Cycles, II.<\/li>\n<li>Pedregal, D.J., (2001), \u2018<a href=\"http:\/\/www.usc.es\/economet\/cycles\/cycles23.pdf\" target=\"_blank\" rel=\"noopener noreferrer\">Analysis of Economic Cycles Using Unobserved Components Models<\/a>\u2019, Review on Economic Cycles, II.<\/li>\n<li>Pedregal, D.J., (2001), \u2018<a href=\"http:\/\/www.uned.es\/imaec2000\/articulos%20revista\/revista3\/pedregal.pdf\" target=\"_blank\" rel=\"noopener noreferrer\">Trend Models for the Prediction of Economic Cycles<\/a>\u2019, Review on Economic Cycles, III.<\/li>\n<li>Young, P.C., Pedregal, D.J., Tych, W. (1999), \u2018&lt;a href=\u00bbhttp:\/\/dx.doi.org\/10.1002\/(SICI)1099-131X(199911)18:63.0.CO;2-K\u00bb target=\u00bb_blank\u00bb rel=\u00bbnoopener noreferrer\u00bb&gt;Dynamic Harmonic Regression\u2019, Journal of Forecasting, 18, 369-394.<\/li>\n<li>Young, P.C., Pedregal, D.J. (1999), \u2018<a href=\"http:\/\/dx.doi.org\/10.1080\/02664769922692\" target=\"_blank\" rel=\"noopener noreferrer\">Recursive and En-Block Approaches to Signal Extraction<\/a>\u2019, Journal of Applied Statistics, 26, 103-128.<\/li>\n<li>Young, P.C., Pedregal, D.J. (1999), \u2018<a href=\"http:\/\/dx.doi.org\/10.1016\/S0954-349X(99)00006-5\" target=\"_blank\" rel=\"noopener noreferrer\">Macro-Economic Relativity: Government Spending, Private Investment and Unemployment in the USA<\/a>\u2019, Structural Change and Economic Dynamics, 10, 359-380.<\/li>\n<li>Young, P.C., Tych, W., Pedregal, D.J. (1998), \u2018<a href=\"http:\/\/dx.doi.org\/10.1109\/NNSP.1998.710653\" target=\"_blank\" rel=\"noopener noreferrer\">Stochastic unobserved Component models for adaptive signal extraction and forecasting<\/a>\u2019, Proceedings of Neural Networks for Signal Processing, VIII, 234-243.<\/li>\n<li>Young, P.C., Pedregal, D.J. (1997), \u2018<a href=\"http:\/\/dx.doi.org\/10.1016\/S0169-2070(97)00034-4\" target=\"_blank\" rel=\"noopener noreferrer\">COMMENTS ON THE PAPER \u201cAn analysis of the international tourism demand in Spain<\/a>\u201d&#8217;, International Journal of Forecasting<em>,<\/em> 13, 551-556.<\/li>\n<li>Young, P.C., Pedregal, D.J. (1996), \u2018&lt;a href=\u00bbhttp:\/\/dx.doi.org\/10.1002\/(SICI)1099-095X(199607)7:43.3.CO;2-J\u00bb target=\u00bb_blank\u00bb rel=\u00bbnoopener noreferrer\u00bb&gt;Recursive Fixed Interval Smoothing and the Evaluation of LIDAR Measurements: A Comment on the Paper by Holst, H\u00f6ssjer, Bj\u00f6rklund, Ragnarsson and Edner\u2019, Environmetrics, 7, 417-427.<\/li>\n<li>Pedregal, D.J., (1996), \u2018Forecasting with STAMP\u2019, O.R. Insight, 9, No. 3, 29-32.<\/li>\n<li>Young, P.C., Pedregal, D.J. (1996), \u2018<a href=\"http:\/\/dx.doi.org\/10.1016\/S0169-2070(96)90048-5\" target=\"_blank\" rel=\"noopener noreferrer\">SOFTWARE review: Bayesian analysis of time series (BATS)<\/a>\u2019, International Journal of Forecasting, 12, 429-432.<\/li>\n<\/ol>\n","protected":false},"excerpt":{"rendered":"<p>Pedregal, D.J. (2022), Automatic Identification and Forecasting of Structural Unobserved Components Models with UComp, Journal of Statistical Software, 103, 1-33. Proietti, T. Pedregal, D.J. (2022), Seasonality in High Frequency Time Series, Decision Support SystemsEconometrics &amp; Statistics, in press. Fotios, P., Pedregal, D.J. et al. (2022), Forecasting: theory and practice, , International Journal of Forecasting, 38, &hellip; <\/p>\n<p class=\"link-more\"><a href=\"https:\/\/blog.uclm.es\/diegopedregal\/journal-papers\/\" class=\"more-link\">Continuar leyendo<span class=\"screen-reader-text\"> \u00abJournal papers\u00bb<\/span><\/a><\/p>\n","protected":false},"author":340,"featured_media":0,"parent":0,"menu_order":0,"comment_status":"open","ping_status":"open","template":"","meta":{"footnotes":""},"class_list":["post-73","page","type-page","status-publish","hentry"],"_links":{"self":[{"href":"https:\/\/blog.uclm.es\/diegopedregal\/wp-json\/wp\/v2\/pages\/73","targetHints":{"allow":["GET"]}}],"collection":[{"href":"https:\/\/blog.uclm.es\/diegopedregal\/wp-json\/wp\/v2\/pages"}],"about":[{"href":"https:\/\/blog.uclm.es\/diegopedregal\/wp-json\/wp\/v2\/types\/page"}],"author":[{"embeddable":true,"href":"https:\/\/blog.uclm.es\/diegopedregal\/wp-json\/wp\/v2\/users\/340"}],"replies":[{"embeddable":true,"href":"https:\/\/blog.uclm.es\/diegopedregal\/wp-json\/wp\/v2\/comments?post=73"}],"version-history":[{"count":1,"href":"https:\/\/blog.uclm.es\/diegopedregal\/wp-json\/wp\/v2\/pages\/73\/revisions"}],"predecessor-version":[{"id":698,"href":"https:\/\/blog.uclm.es\/diegopedregal\/wp-json\/wp\/v2\/pages\/73\/revisions\/698"}],"wp:attachment":[{"href":"https:\/\/blog.uclm.es\/diegopedregal\/wp-json\/wp\/v2\/media?parent=73"}],"curies":[{"name":"wp","href":"https:\/\/api.w.org\/{rel}","templated":true}]}}