{"id":71,"date":"2015-06-14T14:37:23","date_gmt":"2015-06-14T14:37:23","guid":{"rendered":"https:\/\/diegopedregaluclm.wordpress.com\/?page_id=71"},"modified":"2023-06-15T10:23:07","modified_gmt":"2023-06-15T09:23:07","slug":"books-and-book-chapters","status":"publish","type":"page","link":"https:\/\/blog.uclm.es\/diegopedregal\/books-and-book-chapters\/","title":{"rendered":"Books and Book chapters"},"content":{"rendered":"<hr \/>\n<p><span style=\"text-decoration: underline\"><strong>Books (in Spanish)<\/strong><\/span><\/p>\n<ol>\n<li>Pedregal, D.J. (2023), Fundamentos de gesti\u00f3n empresarial para ingenieros, <a href=\"https:\/\/djpedregal.github.io\/LibroGE\/\" target=\"_blank\" rel=\"noopener\">https:\/\/djpedregal.github.io\/LibroGE\/<\/a>.<\/li>\n<li>Pedregal, D.J. (2016), <a href=\"http:\/\/www.lulu.com\/shop\/diego-j-pedregal-tercero\/econom%C3%ADa-para-ingenieros\/paperback\/product-22785865.html\" target=\"_blank\" rel=\"noopener noreferrer\">Econom\u00eda para ingenieros<\/a>.\u00a0ISBN 978-1-326-73331-5.<\/li>\n<li>Trapero, J.R., Garc\u00eda, F.P., Pedregal, D.J. (2013), <a href=\"http:\/\/www.mheducation.es\/9788448190385-spain-direccion-y-gestion-empresarial\" target=\"_blank\" rel=\"noopener noreferrer\">Direcci\u00f3n y gesti\u00f3n empresarial<\/a>, McGraw-Hill. ISBN 978-84-481-9038-5.<\/li>\n<li>Pedregal, D.J. (2011), <a href=\"http:\/\/www.lulu.com\/shop\/diego-jos%C3%A9-pedregal-tercero\/microeconom%C3%ADa\/paperback\/product-15145369.html\" target=\"_blank\" rel=\"noopener noreferrer\">Manual de Microeconom\u00eda<\/a>. Todo lo imprescindible para entenderla. ISBN 978-1-4475-1725-2. <a href=\"http:\/\/www.uclm.es\/profesorado\/diego\/Microeconomia.xls\" target=\"_blank\" rel=\"noopener noreferrer\">Libro Excel Microeconom\u00eda<\/a>.<\/li>\n<li>Pedregal, D.J. (2011), <a href=\"http:\/\/www.lulu.com\/shop\/diego-jos%C3%A9-pedregal-tercero\/macroeconom%C3%ADa\/paperback\/product-15696810.html\" target=\"_blank\" rel=\"noopener noreferrer\">Manual de Macroeconom\u00eda<\/a>. Todo lo necesario para entenderla. ISBN 978-1-4477-1113-1. <a href=\"http:\/\/www.uclm.es\/profesorado\/diego\/Macroeconomia.xls\" target=\"_blank\" rel=\"noopener noreferrer\">Libro Excel Macroeconomia<\/a>.<\/li>\n<\/ol>\n<hr \/>\n<p><span style=\"text-decoration: underline\"><b>Book Chapters<\/b><\/span><\/p>\n<ol>\n<li>Babiloni, E, Guijarro, E, Pedregal, DJ, Trapero, JR (2023), \u201cImpact of Backordering on the Demand Forecasting Process\u201d. In: Garc\u00eda, FP, Segovia, I, Bernalte, PJ, Mu\u00f1oz, A (eds) IoT and Data Science in Engineering Management. CIO 2022. Lecture Notes on Data Engineering and Communications Technologies, vol 160. Springer.<\/li>\n<li>Pedregal, DJ, Trapero, JR (2020), \u201cOn the identification of Unobserved Components Models\u201d, in: Valenzuela, O, Rojas, F, Herrera, LJ, Pomares, H, Rojas, I (eds.),\u00a0<em>Theory and Applications of Times Series Analysis<\/em>, 65-80, Springer.<\/li>\n<li>Pedregal, DJ, Villegas, MA, Villegas, DA, Trapero, JR (2019), \u201cTime series modeling with MATLAB:The SSpace toolbox\u201d, in: Valenzuela, O, Rojas, F, Pomares, H, Rojas I (eds.),\u00a0<em>Theory and Applications of Times Series Analysis<\/em>, 71-84, Springer.<\/li>\n<li>Villegas, M.A., Garc\u00eda, F.P., Pedregal, D.J., (2015), \u00abHow Business Analytics Should Work\u00bb, in: Garc\u00eda, F.P. and Lev, B. (eds.),\u00a0<em>Advanced Business Analytics<\/em>, 93-108, Springer.<\/li>\n<li>G\u00f3mez, C.Q., Villegas, M.A., Garc\u00eda, F.P., Pedregal, D.J. (2015), \u00abBig Data and Web Intelligence for Condition Monitoring. A Case Study on Wind Turbines\u00bb, in: Zarman, N., Ehassan, M., Fadzil, M., Garc\u00eda, F.P., <em>Handbook of Research on Trends and Future Directions in Big Data and Web Intelligence.<\/em>\u00a0IGI-Global.<\/li>\n<li>Trapero, J.R. and Pedregal, D.J. (2012), \u00abSupply chain demand forecasting: towards an integrated approach\u00bb, in: Sethi, S.P. Bogataj, M. and Ros-McDonnell, L. (eds.), <em>Industrial engineering: innovative networks<\/em>, Springer, Cartagena, Spain, chapter 31, 275-282.<\/li>\n<li>Pedregal, D.J. and Trapero, J.R. (2012), \u00abThe power of ECOTOOL MATLAB Toolbox\u00bb, in: Sethi, S.P. Bogataj, M. and Ros-McDonnell, L. (eds.), <em>Industrial engineering: innovative networks<\/em>, Springer, Caragena, Spain, chapter 36, 319-328.<\/li>\n<li>Pedregal, D.J. and Taylor, C.J. (2012), \u00abSSpace: A Flexible and General State Space Toolbox for MATLAB\u00bb, in L. Wang and Garnier, H. (eds.), System Identification, Environmental Modelling, and Control System Design, Springer Verlag, London.<\/li>\n<li>Pedregal, D.J., Contreras, J., and S\u00e1nchez, A. (2012), \u00abECOTOOL: A general MATLAB Forecasting Toolbox with applications to Electricity Markets\u00bb, in: P.M. Pardalos, M.V.F. Pereira, N.A. Iliadis, S. Rebennack and A. Sorokin(eds), Handbook of Networks in Power Systems, Springer Verlag.<\/li>\n<li>Garc\u00eda, F.P. and Pedregal, D.J. (2011), \u00abDigital Filters for Maintenance Management\u00bb, in: F.P. Garc\u00eda (ed.), Digital Filters, InTech, Rijeka, Croatia.<\/li>\n<li>Young, P.C., Pedregal, D.J. (2004), \u2018Environmental forecasting\u2019. <em>Encyclopedia of Environmetrics<\/em>, editado por A.H. El-Shaarawi and W.W. Piegorsch (J. Wiley). <a href=\"http:\/\/www.wiley.com\/legacy\/wileychi\/eoenv\/pdf\/Vaf007-.pdf\">http:\/\/www.wiley.com\/legacy\/wileychi\/eoenv\/pdf\/Vaf007-.pdf<\/a><\/li>\n<li>Pedregal, D.J., Young, P.C. (2002), \u2018Statistical Approaches to Modelling and Forecasting Time Series\u2019. En Clements, M. and Hendry, D. (eds.), <em>Companion to Economic Forecasting<\/em> (Blackwell Publishers), 69-104.<\/li>\n<li>Young, P.C., Pedregal, D.J. (1997), \u2018Data-Based Mechanistic Modelling\u2019. C. Heij <em>et al.<\/em> (eds.), <em>System Dynamics in Economic and Financial models<\/em> (J. Wiley, Chichester), 169-213.<\/li>\n<li>Young, P.C., Pedregal, D.J. (1997), \u2018Comments on \u201cMultivariate Structural Time Series Models\u201d \u2019 by A. Harvey and S. J. Koopman. C. Heij <em>et al.<\/em> (eds.), <em>System Dynamics in Economic and Financial models<\/em> (J. Wiley, Chichester), 291-293.<\/li>\n<\/ol>\n","protected":false},"excerpt":{"rendered":"<p>Books (in Spanish) Pedregal, D.J. (2023), Fundamentos de gesti\u00f3n empresarial para ingenieros, https:\/\/djpedregal.github.io\/LibroGE\/. Pedregal, D.J. (2016), Econom\u00eda para ingenieros.\u00a0ISBN 978-1-326-73331-5. Trapero, J.R., Garc\u00eda, F.P., Pedregal, D.J. (2013), Direcci\u00f3n y gesti\u00f3n empresarial, McGraw-Hill. ISBN 978-84-481-9038-5. Pedregal, D.J. (2011), Manual de Microeconom\u00eda. Todo lo imprescindible para entenderla. ISBN 978-1-4475-1725-2. Libro Excel Microeconom\u00eda. Pedregal, D.J. (2011), Manual de &hellip; <\/p>\n<p class=\"link-more\"><a href=\"https:\/\/blog.uclm.es\/diegopedregal\/books-and-book-chapters\/\" class=\"more-link\">Continuar leyendo<span class=\"screen-reader-text\"> \u00abBooks and Book chapters\u00bb<\/span><\/a><\/p>\n","protected":false},"author":340,"featured_media":0,"parent":0,"menu_order":0,"comment_status":"open","ping_status":"open","template":"","meta":{"footnotes":""},"class_list":["post-71","page","type-page","status-publish","hentry"],"_links":{"self":[{"href":"https:\/\/blog.uclm.es\/diegopedregal\/wp-json\/wp\/v2\/pages\/71","targetHints":{"allow":["GET"]}}],"collection":[{"href":"https:\/\/blog.uclm.es\/diegopedregal\/wp-json\/wp\/v2\/pages"}],"about":[{"href":"https:\/\/blog.uclm.es\/diegopedregal\/wp-json\/wp\/v2\/types\/page"}],"author":[{"embeddable":true,"href":"https:\/\/blog.uclm.es\/diegopedregal\/wp-json\/wp\/v2\/users\/340"}],"replies":[{"embeddable":true,"href":"https:\/\/blog.uclm.es\/diegopedregal\/wp-json\/wp\/v2\/comments?post=71"}],"version-history":[{"count":3,"href":"https:\/\/blog.uclm.es\/diegopedregal\/wp-json\/wp\/v2\/pages\/71\/revisions"}],"predecessor-version":[{"id":709,"href":"https:\/\/blog.uclm.es\/diegopedregal\/wp-json\/wp\/v2\/pages\/71\/revisions\/709"}],"wp:attachment":[{"href":"https:\/\/blog.uclm.es\/diegopedregal\/wp-json\/wp\/v2\/media?parent=71"}],"curies":[{"name":"wp","href":"https:\/\/api.w.org\/{rel}","templated":true}]}}