{"id":45,"date":"2015-05-22T10:44:08","date_gmt":"2015-05-22T10:44:08","guid":{"rendered":"https:\/\/diegopedregaluclm.wordpress.com\/?page_id=45"},"modified":"2015-05-22T10:44:08","modified_gmt":"2015-05-22T10:44:08","slug":"misc","status":"publish","type":"page","link":"https:\/\/blog.uclm.es\/diegopedregal\/misc\/","title":{"rendered":"Misc"},"content":{"rendered":"<hr \/>\n<p><strong>PEOPLE<\/strong>:<\/p>\n<hr \/>\n<p><a href=\"http:\/\/aem.us.es\/AEM\/miembros\/jcastillo.php\" target=\"_blank\" rel=\"noopener\">Jos\u00e9 Ignacio Castillo Manzano<\/a><br \/>\n<a href=\"http:\/\/oscardejuan.blogspot.com.es\/\" target=\"_blank\" rel=\"noopener\">\u00d3scar Deju\u00e1n<\/a><br \/>\n<a href=\"http:\/\/nikolaos.kourentzes.com\/\" target=\"_blank\" rel=\"noopener\">Nikos Kourentzes<\/a><br \/>\n<a href=\"http:\/\/www.bde.es\/investigador\/en\/menu\/research_staff_a\/Perez__Javier_J_.html\" target=\"_blank\" rel=\"noopener\">Javier Jos\u00e9 P\u00e9rez<\/a><br \/>\n<a href=\"https:\/\/www.ucm.es\/ecpublic\/a-jesus-sanchez-fuentes\" target=\"_blank\" rel=\"noopener\">Antonio Jes\u00fas S\u00e1nchez Fuentes<\/a><br \/>\n<a href=\"http:\/\/www.lancaster.ac.uk\/staff\/taylorcj\/\" target=\"_blank\" rel=\"noopener\">James C Taylor<\/a><br \/>\n<a href=\"http:\/\/blog.uclm.es\/juanramontrapero\/\" target=\"_blank\" rel=\"noopener\">Juan Ram\u00f3n Trapero<\/a><br \/>\n<a href=\"http:\/\/www.lancaster.ac.uk\/lec\/about-us\/people\/peter-young\" target=\"_blank\" rel=\"noopener\">Peter C Young<\/a><\/p>\n<hr \/>\n<p><strong>OTHER<\/strong>:<\/p>\n<hr \/>\n<p><a href=\"http:\/\/aem.us.es\/AEM\/miembros\/jcastillo.php\" target=\"_blank\" rel=\"noopener\">AEM<\/a><br \/>\n<a href=\"http:\/\/www.airef.es\/\" target=\"_blank\" rel=\"noopener\">Airef<\/a><br \/>\n<a href=\"http:\/\/www3.uclm.es\/etsii-cr\/\" target=\"_blank\" rel=\"noopener\">ETSI Industriales de Ciudad Real<\/a><br \/>\n<a href=\"http:\/\/www.uclm.es\/\" target=\"_blank\" rel=\"noopener\">Universidad Castilla-La Mancha<\/a><\/p>\n<hr \/>\n<p><strong>Some interesting R tips I found somewhere:<\/strong><\/p>\n<hr \/>\n<p>install.packages(\u00abinstallr\u00bb); installr::updateR()<\/p>\n<p>memory.limit()<\/p>\n<p>&nbsp;<\/p>\n","protected":false},"excerpt":{"rendered":"<p>PEOPLE: Jos\u00e9 Ignacio Castillo Manzano \u00d3scar Deju\u00e1n Nikos Kourentzes Javier Jos\u00e9 P\u00e9rez Antonio Jes\u00fas S\u00e1nchez Fuentes James C Taylor Juan Ram\u00f3n Trapero Peter C Young OTHER: AEM Airef ETSI Industriales de Ciudad Real Universidad Castilla-La Mancha Some interesting R tips I found somewhere: install.packages(\u00abinstallr\u00bb); installr::updateR() memory.limit() &nbsp;<\/p>\n","protected":false},"author":340,"featured_media":0,"parent":0,"menu_order":0,"comment_status":"open","ping_status":"open","template":"","meta":{"footnotes":""},"class_list":["post-45","page","type-page","status-publish","hentry"],"_links":{"self":[{"href":"https:\/\/blog.uclm.es\/diegopedregal\/wp-json\/wp\/v2\/pages\/45","targetHints":{"allow":["GET"]}}],"collection":[{"href":"https:\/\/blog.uclm.es\/diegopedregal\/wp-json\/wp\/v2\/pages"}],"about":[{"href":"https:\/\/blog.uclm.es\/diegopedregal\/wp-json\/wp\/v2\/types\/page"}],"author":[{"embeddable":true,"href":"https:\/\/blog.uclm.es\/diegopedregal\/wp-json\/wp\/v2\/users\/340"}],"replies":[{"embeddable":true,"href":"https:\/\/blog.uclm.es\/diegopedregal\/wp-json\/wp\/v2\/comments?post=45"}],"version-history":[{"count":0,"href":"https:\/\/blog.uclm.es\/diegopedregal\/wp-json\/wp\/v2\/pages\/45\/revisions"}],"wp:attachment":[{"href":"https:\/\/blog.uclm.es\/diegopedregal\/wp-json\/wp\/v2\/media?parent=45"}],"curies":[{"name":"wp","href":"https:\/\/api.w.org\/{rel}","templated":true}]}}