{"id":68,"date":"2022-10-19T10:48:01","date_gmt":"2022-10-19T10:48:01","guid":{"rendered":"https:\/\/blog.uclm.es\/dep-epa\/?page_id=68"},"modified":"2022-10-20T10:56:47","modified_gmt":"2022-10-20T10:56:47","slug":"equipo-de-direccion-y-gestion","status":"publish","type":"page","link":"https:\/\/blog.uclm.es\/dep-epa\/equipo-de-direccion-y-gestion\/","title":{"rendered":"Equipo de Direcci\u00f3n y Gesti\u00f3n"},"content":{"rendered":"\n<div class=\"wp-block-group alignfull has-foreground-color has-text-color has-small-font-size is-content-justification-center is-layout-flex wp-container-core-group-is-layout-b53a0a10 wp-block-group-is-layout-flex\" style=\"padding-top:10px;padding-right:10px;padding-bottom:10px;padding-left:10px\">\n<div class=\"wp-block-group has-foreground-color has-text-color has-small-font-size is-content-justification-center is-layout-flex wp-container-core-group-is-layout-b53a0a10 wp-block-group-is-layout-flex\" style=\"padding-top:10px;padding-right:10px;padding-bottom:10px;padding-left:10px\">\n<div class=\"wp-block-buttons is-content-justification-center is-layout-flex wp-container-core-buttons-is-layout-c124d1c4 wp-block-buttons-is-layout-flex\">\n<div class=\"wp-block-button has-custom-font-size has-small-font-size\"><a class=\"wp-block-button__link has-foreground-color has-background-background-color has-text-color has-background\" href=\"https:\/\/blog.uclm.es\/dep-epa\/equipo-de-direccion-y-gestion\/\">Equipo de Direcci\u00f3n y Gesti\u00f3n<\/a><\/div>\n\n\n\n<div class=\"wp-block-button has-custom-font-size has-small-font-size\"><a class=\"wp-block-button__link has-foreground-color has-background-background-color has-text-color has-background\" href=\"https:\/\/blog.uclm.es\/dep-epa\/el-departamento\/\">El Departamento<\/a><\/div>\n\n\n\n<div class=\"wp-block-button has-custom-font-size has-small-font-size\"><a class=\"wp-block-button__link has-foreground-color has-background-background-color has-text-color has-background\" href=\"https:\/\/blog.uclm.es\/dep-epa\/personal-docente-e-investigador\/\">Personal Docente e Investigador<\/a><\/div>\n\n\n\n<div class=\"wp-block-button has-custom-font-size has-small-font-size\"><a class=\"wp-block-button__link has-foreground-color has-background-background-color has-text-color has-background\" href=\"https:\/\/blog.uclm.es\/dep-epa\/docencia\/\">Docencia<\/a><\/div>\n\n\n\n<div class=\"wp-block-button has-custom-font-size has-small-font-size\"><a class=\"wp-block-button__link has-foreground-color has-background-background-color has-text-color has-background\" href=\"https:\/\/blog.uclm.es\/dep-epa\/investigacion\/\">Investigaci\u00f3n<\/a><\/div>\n\n\n\n<div class=\"wp-block-button has-custom-font-size has-small-font-size\"><a class=\"wp-block-button__link has-foreground-color has-background-background-color has-text-color has-background\" href=\"https:\/\/blog.uclm.es\/dep-epa\/novedades\/\">Novedades<\/a><\/div>\n\n\n\n<div class=\"wp-block-button has-custom-font-size has-small-font-size\"><a class=\"wp-block-button__link has-foreground-color has-background-background-color has-text-color has-background\" href=\"https:\/\/blog.uclm.es\/dep-epa\/buzon-de-sugerencias\/\">Buz\u00f3n<\/a><\/div>\n<\/div>\n<\/div>\n<\/div>\n\n\n\n<div class=\"wp-block-group alignfull is-layout-constrained wp-container-core-group-is-layout-55de09d9 wp-block-group-is-layout-constrained\">\n<div style=\"height:30px\" aria-hidden=\"true\" class=\"wp-block-spacer\"><\/div>\n\n\n\n<div class=\"wp-block-group alignfull is-content-justification-center is-nowrap is-layout-flex wp-container-core-group-is-layout-3da00326 wp-block-group-is-layout-flex\">\n<div class=\"wp-block-group is-vertical is-content-justification-center is-layout-flex wp-container-core-group-is-layout-ce155fab wp-block-group-is-layout-flex\">\n<figure class=\"wp-block-image aligncenter size-full is-resized is-style-rounded\"><img loading=\"lazy\" decoding=\"async\" src=\"https:\/\/blog.uclm.es\/dep-epa\/wp-content\/themes\/twentytwentytwo\/assets\/images\/icon-bird.jpg\" alt=\"Logotipo con un p\u00e1jaro volando\" width=\"100\" height=\"100\" \/><\/figure>\n\n\n\n<h2 class=\"has-text-align-center wp-block-heading\" style=\"font-size:32px;font-style:normal;font-weight:700\">Directora<\/h2>\n\n\n\n<p class=\"has-text-align-center has-medium-font-size\">Gabriela Lagos Rodr\u00edguez<\/p>\n<\/div>\n\n\n\n<div class=\"wp-block-group is-vertical is-content-justification-center is-layout-flex wp-container-core-group-is-layout-ce155fab wp-block-group-is-layout-flex\">\n<figure class=\"wp-block-image aligncenter size-full is-resized is-style-rounded\"><img loading=\"lazy\" decoding=\"async\" src=\"https:\/\/blog.uclm.es\/dep-epa\/wp-content\/themes\/twentytwentytwo\/assets\/images\/icon-bird.jpg\" alt=\"Logotipo con un p\u00e1jaro volando\" width=\"100\" height=\"100\" \/><\/figure>\n\n\n\n<h2 class=\"has-text-align-center wp-block-heading\" style=\"font-size:32px;font-style:normal;font-weight:700\">Subdirectora<\/h2>\n\n\n\n<p class=\"has-text-align-center has-medium-font-size\">Isabel Pardo Garc\u00eda<\/p>\n<\/div>\n\n\n\n<div class=\"wp-block-group is-vertical is-content-justification-center is-layout-flex wp-container-core-group-is-layout-ce155fab wp-block-group-is-layout-flex\">\n<figure class=\"wp-block-image aligncenter size-full is-resized is-style-rounded\"><img loading=\"lazy\" decoding=\"async\" src=\"https:\/\/blog.uclm.es\/dep-epa\/wp-content\/themes\/twentytwentytwo\/assets\/images\/icon-bird.jpg\" alt=\"Logotipo con un p\u00e1jaro volando\" width=\"100\" height=\"100\" \/><\/figure>\n\n\n\n<h2 class=\"has-text-align-center wp-block-heading\" style=\"font-size:32px;font-style:normal;font-weight:700\">Secretaria<\/h2>\n\n\n\n<p class=\"has-text-align-center has-medium-font-size\">Leticia Meseguer Santamar\u00eda<\/p>\n<\/div>\n\n\n\n<div class=\"wp-block-group is-vertical is-content-justification-center is-layout-flex wp-container-core-group-is-layout-ce155fab wp-block-group-is-layout-flex\">\n<figure class=\"wp-block-image aligncenter size-full is-resized is-style-rounded\"><img loading=\"lazy\" decoding=\"async\" src=\"https:\/\/blog.uclm.es\/dep-epa\/wp-content\/themes\/twentytwentytwo\/assets\/images\/icon-bird.jpg\" alt=\"Logotipo con un p\u00e1jaro volando\" width=\"100\" height=\"100\" \/><\/figure>\n\n\n\n<h2 class=\"has-text-align-center wp-block-heading\" style=\"font-size:32px;font-style:normal;font-weight:700\">Gesti\u00f3n Administrativa<\/h2>\n\n\n\n<p class=\"has-text-align-center has-medium-font-size\">Sagrario Romero Mar\u00edn<\/p>\n<\/div>\n<\/div>\n\n\n\n<div style=\"height:100px\" aria-hidden=\"true\" class=\"wp-block-spacer\"><\/div>\n\n\n\n<h3 class=\"wp-block-heading\" style=\"font-size:24px;font-style:normal;font-weight:600\">Presentaci\u00f3n<\/h3>\n\n\n\n<div class=\"wp-block-group is-layout-constrained wp-container-core-group-is-layout-aae52aff wp-block-group-is-layout-constrained\">\n<div class=\"wp-block-media-text alignwide is-stacked-on-mobile\" style=\"grid-template-columns:44% auto\"><figure class=\"wp-block-media-text__media\"><img loading=\"lazy\" decoding=\"async\" width=\"749\" height=\"480\" src=\"https:\/\/blog.uclm.es\/dep-epa\/wp-content\/uploads\/sites\/184\/2022\/10\/DEA.jpg\" alt=\"\" class=\"wp-image-22 size-full\" srcset=\"https:\/\/blog.uclm.es\/dep-epa\/wp-content\/uploads\/sites\/184\/2022\/10\/DEA.jpg 749w, https:\/\/blog.uclm.es\/dep-epa\/wp-content\/uploads\/sites\/184\/2022\/10\/DEA-300x192.jpg 300w\" sizes=\"auto, (max-width: 749px) 100vw, 749px\" \/><\/figure><div class=\"wp-block-media-text__content\">\n<p>Lorem ipsum dolor sit amet, consectetur adipiscing elit, sed do eiusmod tempor incididunt ut labore et dolore magna aliqua. Neque viverra justo nec ultrices dui sapien. <\/p>\n\n\n\n<p>Urna nec tincidunt praesent semper feugiat nibh. Porta lorem mollis aliquam ut porttitor. Scelerisque mauris pellentesque pulvinar pellentesque habitant morbi.<\/p>\n<\/div><\/div>\n<\/div>\n\n\n\n<p class=\"has-vivid-red-color has-text-color has-medium-font-size\"><strong>Direcci\u00f3n de Correo Institucional<\/strong><\/p>\n\n\n\n<div style=\"height:40px\" aria-hidden=\"true\" class=\"wp-block-spacer\"><\/div>\n<\/div>\n\n\n\n<div style=\"height:50px\" aria-hidden=\"true\" class=\"wp-block-spacer\"><\/div>\n","protected":false},"excerpt":{"rendered":"<p>Directora Gabriela Lagos Rodr\u00edguez Subdirectora Isabel Pardo Garc\u00eda Secretaria Leticia Meseguer Santamar\u00eda Gesti\u00f3n Administrativa Sagrario Romero Mar\u00edn Presentaci\u00f3n Lorem ipsum dolor sit amet, consectetur adipiscing elit, sed do eiusmod tempor incididunt ut labore et dolore magna aliqua. Neque viverra justo nec ultrices dui sapien. Urna nec tincidunt praesent semper feugiat nibh. Porta lorem mollis aliquam [&hellip;]<\/p>\n","protected":false},"author":259,"featured_media":0,"parent":0,"menu_order":0,"comment_status":"closed","ping_status":"closed","template":"page-no-separators","meta":{"footnotes":""},"class_list":["post-68","page","type-page","status-publish","hentry"],"_links":{"self":[{"href":"https:\/\/blog.uclm.es\/dep-epa\/wp-json\/wp\/v2\/pages\/68","targetHints":{"allow":["GET"]}}],"collection":[{"href":"https:\/\/blog.uclm.es\/dep-epa\/wp-json\/wp\/v2\/pages"}],"about":[{"href":"https:\/\/blog.uclm.es\/dep-epa\/wp-json\/wp\/v2\/types\/page"}],"author":[{"embeddable":true,"href":"https:\/\/blog.uclm.es\/dep-epa\/wp-json\/wp\/v2\/users\/259"}],"replies":[{"embeddable":true,"href":"https:\/\/blog.uclm.es\/dep-epa\/wp-json\/wp\/v2\/comments?post=68"}],"version-history":[{"count":7,"href":"https:\/\/blog.uclm.es\/dep-epa\/wp-json\/wp\/v2\/pages\/68\/revisions"}],"predecessor-version":[{"id":213,"href":"https:\/\/blog.uclm.es\/dep-epa\/wp-json\/wp\/v2\/pages\/68\/revisions\/213"}],"wp:attachment":[{"href":"https:\/\/blog.uclm.es\/dep-epa\/wp-json\/wp\/v2\/media?parent=68"}],"curies":[{"name":"wp","href":"https:\/\/api.w.org\/{rel}","templated":true}]}}