{"id":21,"date":"2022-10-19T10:52:10","date_gmt":"2022-10-19T10:52:10","guid":{"rendered":"https:\/\/blog.uclm.es\/dep-epa\/?page_id=21"},"modified":"2022-10-20T10:55:46","modified_gmt":"2022-10-20T10:55:46","slug":"departamento-de-economia-aplicada-i","status":"publish","type":"page","link":"https:\/\/blog.uclm.es\/dep-epa\/","title":{"rendered":"Departamento de Econom\u00eda Aplicada I"},"content":{"rendered":"\n<div class=\"wp-block-columns alignfull is-layout-flex wp-container-core-columns-is-layout-28f84493 wp-block-columns-is-layout-flex\">\n<div class=\"wp-block-column is-vertically-aligned-center is-layout-flow wp-block-column-is-layout-flow\" style=\"padding-bottom:10px;flex-basis:100%\">\n<div class=\"wp-block-group is-layout-flow wp-block-group-is-layout-flow\">\n<div class=\"wp-block-group has-foreground-color has-text-color has-small-font-size is-content-justification-center is-layout-flex wp-container-core-group-is-layout-b53a0a10 wp-block-group-is-layout-flex\" style=\"padding-top:10px;padding-right:10px;padding-bottom:10px;padding-left:10px\">\n<div class=\"wp-block-buttons is-content-justification-center is-layout-flex wp-container-core-buttons-is-layout-c124d1c4 wp-block-buttons-is-layout-flex\">\n<div class=\"wp-block-button has-custom-font-size has-small-font-size\"><a class=\"wp-block-button__link has-foreground-color has-background-background-color has-text-color has-background\" href=\"https:\/\/blog.uclm.es\/dep-epa\/equipo-de-direccion-y-gestion\/\">Equipo de Direcci\u00f3n y Gesti\u00f3n<\/a><\/div>\n\n\n\n<div class=\"wp-block-button has-custom-font-size has-small-font-size\"><a class=\"wp-block-button__link has-foreground-color has-background-background-color has-text-color has-background\" href=\"https:\/\/blog.uclm.es\/dep-epa\/el-departamento\/\">El Departamento<\/a><\/div>\n\n\n\n<div class=\"wp-block-button has-custom-font-size has-small-font-size\"><a class=\"wp-block-button__link has-foreground-color has-background-background-color has-text-color has-background\" href=\"https:\/\/blog.uclm.es\/dep-epa\/personal-docente-e-investigador\/\">Personal Docente e Investigador<\/a><\/div>\n\n\n\n<div class=\"wp-block-button has-custom-font-size has-small-font-size\"><a class=\"wp-block-button__link has-foreground-color has-background-background-color has-text-color has-background\" href=\"https:\/\/blog.uclm.es\/dep-epa\/docencia\/\">Docencia<\/a><\/div>\n\n\n\n<div class=\"wp-block-button has-custom-font-size has-small-font-size\"><a class=\"wp-block-button__link has-foreground-color has-background-background-color has-text-color has-background\" href=\"https:\/\/blog.uclm.es\/dep-epa\/investigacion\/\">Investigaci\u00f3n<\/a><\/div>\n\n\n\n<div class=\"wp-block-button has-custom-font-size has-small-font-size\"><a class=\"wp-block-button__link has-foreground-color has-background-background-color has-text-color has-background\" href=\"https:\/\/blog.uclm.es\/dep-epa\/novedades\/\">Novedades<\/a><\/div>\n\n\n\n<div class=\"wp-block-button has-custom-font-size has-small-font-size\"><a class=\"wp-block-button__link has-foreground-color has-background-background-color has-text-color has-background\" href=\"https:\/\/blog.uclm.es\/dep-epa\/buzon-de-sugerencias\/\">Buz\u00f3n<\/a><\/div>\n<\/div>\n<\/div>\n<\/div>\n<\/div>\n<\/div>\n\n\n\n<div class=\"wp-block-cover alignfull is-light has-custom-content-position is-position-bottom-center\"><span aria-hidden=\"true\" class=\"wp-block-cover__background has-background-dim\"><\/span><img loading=\"lazy\" decoding=\"async\" width=\"1024\" height=\"576\" class=\"wp-block-cover__image-background wp-image-37\" alt=\"\" src=\"https:\/\/blog.uclm.es\/dep-epa\/wp-content\/uploads\/sites\/184\/2022\/10\/Inicio-1024x576.webp\" style=\"object-position:55% 83%\" data-object-fit=\"cover\" data-object-position=\"55% 83%\" srcset=\"https:\/\/blog.uclm.es\/dep-epa\/wp-content\/uploads\/sites\/184\/2022\/10\/Inicio-1024x576.webp 1024w, https:\/\/blog.uclm.es\/dep-epa\/wp-content\/uploads\/sites\/184\/2022\/10\/Inicio-300x169.webp 300w, https:\/\/blog.uclm.es\/dep-epa\/wp-content\/uploads\/sites\/184\/2022\/10\/Inicio-768x432.webp 768w, https:\/\/blog.uclm.es\/dep-epa\/wp-content\/uploads\/sites\/184\/2022\/10\/Inicio-1536x864.webp 1536w, https:\/\/blog.uclm.es\/dep-epa\/wp-content\/uploads\/sites\/184\/2022\/10\/Inicio-2048x1152.webp 2048w\" sizes=\"auto, (max-width: 1024px) 100vw, 1024px\" \/><div class=\"wp-block-cover__inner-container is-layout-flow wp-block-cover-is-layout-flow\">\n<p class=\"has-text-align-center has-background-color has-text-color\" style=\"font-size:72px\"><strong>Lorem Ipsum<\/strong><\/p>\n\n\n\n<div class=\"wp-block-buttons is-content-justification-center is-layout-flex wp-container-core-buttons-is-layout-a89b3969 wp-block-buttons-is-layout-flex\">\n<div class=\"wp-block-button\"><a class=\"wp-block-button__link has-vivid-red-background-color has-background\" style=\"border-radius:10px\">Ver m\u00e1s<\/a><\/div>\n<\/div>\n\n\n\n<div style=\"height:150px\" aria-hidden=\"true\" class=\"wp-block-spacer\"><\/div>\n<\/div><\/div>\n\n\n\n<div class=\"wp-block-group alignfull is-layout-constrained wp-block-group-is-layout-constrained\" style=\"padding-top:2rem\">\n<div class=\"wp-block-columns alignwide is-layout-flex wp-container-core-columns-is-layout-28f84493 wp-block-columns-is-layout-flex\">\n<div class=\"wp-block-column is-vertically-aligned-bottom is-layout-flow wp-block-column-is-layout-flow\" style=\"padding-bottom:1em\">\n<h2 class=\"wp-block-heading\" style=\"font-size:42px\">Sede del departamento<\/h2>\n\n\n\n<hr class=\"wp-block-separator has-text-color has-vivid-red-color has-alpha-channel-opacity has-vivid-red-background-color has-background is-style-wide\" \/>\n<\/div>\n\n\n\n<div class=\"wp-block-column is-vertically-aligned-bottom is-layout-flow wp-block-column-is-layout-flow\">\n<div style=\"height:80px\" aria-hidden=\"true\" class=\"wp-block-spacer\"><\/div>\n<\/div>\n<\/div>\n\n\n\n<div class=\"wp-block-columns alignwide is-layout-flex wp-container-core-columns-is-layout-28f84493 wp-block-columns-is-layout-flex\">\n<div class=\"wp-block-column is-vertically-aligned-bottom is-layout-flow wp-block-column-is-layout-flow\" style=\"padding-bottom:1em\">\n<p><strong>Fac. CC. Econ\u00f3micas y Empresariales.<\/strong><\/p>\n\n\n\n<p>Plaza de la universidad, 1. 02071 &#8211; Albacete<\/p>\n\n\n\n<p>Si desea obtener detalles sobre c\u00f3mo llegar a esta direcci\u00f3n, pulse en ampliar mapa y Google Maps le permitir\u00e1 las diferentes alternativas.<\/p>\n\n\n\n<div style=\"height:276px\" aria-hidden=\"true\" class=\"wp-block-spacer\"><\/div>\n<\/div>\n\n\n\n<div class=\"wp-block-column is-vertically-aligned-bottom is-layout-flow wp-block-column-is-layout-flow\">\n<figure class=\"wp-block-image size-full\"><img loading=\"lazy\" decoding=\"async\" width=\"488\" height=\"500\" src=\"https:\/\/blog.uclm.es\/dep-epa\/wp-content\/uploads\/sites\/184\/2022\/10\/map.webp\" alt=\"\" class=\"wp-image-48\" srcset=\"https:\/\/blog.uclm.es\/dep-epa\/wp-content\/uploads\/sites\/184\/2022\/10\/map.webp 488w, https:\/\/blog.uclm.es\/dep-epa\/wp-content\/uploads\/sites\/184\/2022\/10\/map-293x300.webp 293w\" sizes=\"auto, (max-width: 488px) 100vw, 488px\" \/><\/figure>\n<\/div>\n<\/div>\n\n\n\n<div style=\"height:100px\" aria-hidden=\"true\" class=\"wp-block-spacer\"><\/div>\n<\/div>\n","protected":false},"excerpt":{"rendered":"<p>Sede del departamento Fac. CC. Econ\u00f3micas y Empresariales. Plaza de la universidad, 1. 02071 &#8211; Albacete Si desea obtener detalles sobre c\u00f3mo llegar a esta direcci\u00f3n, pulse en ampliar mapa y Google Maps le permitir\u00e1 las diferentes alternativas.<\/p>\n","protected":false},"author":259,"featured_media":0,"parent":0,"menu_order":0,"comment_status":"closed","ping_status":"closed","template":"page-no-separators","meta":{"footnotes":""},"class_list":["post-21","page","type-page","status-publish","hentry"],"_links":{"self":[{"href":"https:\/\/blog.uclm.es\/dep-epa\/wp-json\/wp\/v2\/pages\/21","targetHints":{"allow":["GET"]}}],"collection":[{"href":"https:\/\/blog.uclm.es\/dep-epa\/wp-json\/wp\/v2\/pages"}],"about":[{"href":"https:\/\/blog.uclm.es\/dep-epa\/wp-json\/wp\/v2\/types\/page"}],"author":[{"embeddable":true,"href":"https:\/\/blog.uclm.es\/dep-epa\/wp-json\/wp\/v2\/users\/259"}],"replies":[{"embeddable":true,"href":"https:\/\/blog.uclm.es\/dep-epa\/wp-json\/wp\/v2\/comments?post=21"}],"version-history":[{"count":36,"href":"https:\/\/blog.uclm.es\/dep-epa\/wp-json\/wp\/v2\/pages\/21\/revisions"}],"predecessor-version":[{"id":222,"href":"https:\/\/blog.uclm.es\/dep-epa\/wp-json\/wp\/v2\/pages\/21\/revisions\/222"}],"wp:attachment":[{"href":"https:\/\/blog.uclm.es\/dep-epa\/wp-json\/wp\/v2\/media?parent=21"}],"curies":[{"name":"wp","href":"https:\/\/api.w.org\/{rel}","templated":true}]}}