{"id":121,"date":"2022-10-20T07:08:32","date_gmt":"2022-10-20T07:08:32","guid":{"rendered":"https:\/\/blog.uclm.es\/dep-epa\/?page_id=121"},"modified":"2022-10-20T12:02:24","modified_gmt":"2022-10-20T12:02:24","slug":"investigacion","status":"publish","type":"page","link":"https:\/\/blog.uclm.es\/dep-epa\/investigacion\/","title":{"rendered":"Investigaci\u00f3n"},"content":{"rendered":"\n<div class=\"wp-block-columns alignfull is-layout-flex wp-container-core-columns-is-layout-28f84493 wp-block-columns-is-layout-flex\">\n<div class=\"wp-block-column is-layout-flow wp-block-column-is-layout-flow\">\n<div class=\"wp-block-group has-foreground-color has-text-color has-small-font-size is-content-justification-center is-layout-flex wp-container-core-group-is-layout-b53a0a10 wp-block-group-is-layout-flex\" style=\"padding-top:10px;padding-right:10px;padding-bottom:10px;padding-left:10px\">\n<div class=\"wp-block-buttons is-content-justification-center is-layout-flex wp-container-core-buttons-is-layout-c124d1c4 wp-block-buttons-is-layout-flex\">\n<div class=\"wp-block-button has-custom-font-size has-small-font-size\"><a class=\"wp-block-button__link has-foreground-color has-background-background-color has-text-color has-background\" href=\"https:\/\/blog.uclm.es\/dep-epa\/equipo-de-direccion-y-gestion\/\">Equipo de Direcci\u00f3n y Gesti\u00f3n<\/a><\/div>\n\n\n\n<div class=\"wp-block-button has-custom-font-size has-small-font-size\"><a class=\"wp-block-button__link has-foreground-color has-background-background-color has-text-color has-background\" href=\"https:\/\/blog.uclm.es\/dep-epa\/el-departamento\/\">El Departamento<\/a><\/div>\n\n\n\n<div class=\"wp-block-button has-custom-font-size has-small-font-size\"><a class=\"wp-block-button__link has-foreground-color has-background-background-color has-text-color has-background\" href=\"https:\/\/blog.uclm.es\/dep-epa\/personal-docente-e-investigador\/\">Personal Docente e Investigador<\/a><\/div>\n\n\n\n<div class=\"wp-block-button has-custom-font-size has-small-font-size\"><a class=\"wp-block-button__link has-foreground-color has-background-background-color has-text-color has-background\" href=\"https:\/\/blog.uclm.es\/dep-epa\/docencia\/\">Docencia<\/a><\/div>\n\n\n\n<div class=\"wp-block-button has-custom-font-size has-small-font-size\"><a class=\"wp-block-button__link has-foreground-color has-background-background-color has-text-color has-background\" href=\"https:\/\/blog.uclm.es\/dep-epa\/investigacion\/\">Investigaci\u00f3n<\/a><\/div>\n\n\n\n<div class=\"wp-block-button has-custom-font-size has-small-font-size\"><a class=\"wp-block-button__link has-foreground-color has-background-background-color has-text-color has-background\" href=\"https:\/\/blog.uclm.es\/dep-epa\/novedades\/\">Novedades<\/a><\/div>\n\n\n\n<div class=\"wp-block-button has-custom-font-size has-small-font-size\"><a class=\"wp-block-button__link has-foreground-color has-background-background-color has-text-color has-background\" href=\"https:\/\/blog.uclm.es\/dep-epa\/buzon-de-sugerencias\/\">Buz\u00f3n<\/a><\/div>\n<\/div>\n<\/div>\n<\/div>\n<\/div>\n\n\n\n<div class=\"wp-block-group alignfull is-layout-flow wp-block-group-is-layout-flow\">\n<figure class=\"wp-block-image alignwide size-full\"><img loading=\"lazy\" decoding=\"async\" width=\"2560\" height=\"1424\" src=\"https:\/\/blog.uclm.es\/dep-epa\/wp-content\/uploads\/sites\/184\/2022\/10\/Prueba-scaled.webp\" alt=\"\" class=\"wp-image-122\" srcset=\"https:\/\/blog.uclm.es\/dep-epa\/wp-content\/uploads\/sites\/184\/2022\/10\/Prueba-scaled.webp 2560w, https:\/\/blog.uclm.es\/dep-epa\/wp-content\/uploads\/sites\/184\/2022\/10\/Prueba-300x167.webp 300w, https:\/\/blog.uclm.es\/dep-epa\/wp-content\/uploads\/sites\/184\/2022\/10\/Prueba-1024x570.webp 1024w, https:\/\/blog.uclm.es\/dep-epa\/wp-content\/uploads\/sites\/184\/2022\/10\/Prueba-768x427.webp 768w, https:\/\/blog.uclm.es\/dep-epa\/wp-content\/uploads\/sites\/184\/2022\/10\/Prueba-1536x854.webp 1536w, https:\/\/blog.uclm.es\/dep-epa\/wp-content\/uploads\/sites\/184\/2022\/10\/Prueba-2048x1139.webp 2048w\" sizes=\"auto, (max-width: 2560px) 100vw, 2560px\" \/><\/figure>\n\n\n\n<div class=\"wp-block-columns is-layout-flex wp-container-core-columns-is-layout-28f84493 wp-block-columns-is-layout-flex\">\n<div class=\"wp-block-column is-layout-flow wp-block-column-is-layout-flow\">\n<div class=\"sp-slideshow\">\n\t\t\t\n\t\n\t<label for=\"button-1\" class=\"button-label-1\"><\/label>\n\t\n\t\n\t<label for=\"button-2\" class=\"button-label-2\"><\/label>\n\t\n\t\n\t<label for=\"button-3\" class=\"button-label-3\"><\/label>\n\t\n\t\n\t<label for=\"button-4\" class=\"button-label-4\"><\/label>\n\t\n\t\n\t<label for=\"button-5\" class=\"button-label-5\"><\/label>\n\t\n\t<label for=\"button-1\" class=\"sp-arrow sp-a1\"><\/label>\n\t<label for=\"button-2\" class=\"sp-arrow sp-a2\"><\/label>\n\t<label for=\"button-3\" class=\"sp-arrow sp-a3\"><\/label>\n\t<label for=\"button-4\" class=\"sp-arrow sp-a4\"><\/label>\n\t<label for=\"button-5\" class=\"sp-arrow sp-a5\"><\/label>\n\t\n\t<div class=\"sp-content\">\n\t\t<div class=\"sp-parallax-bg\"><\/div>\n\t\t<ul class=\"sp-slider clearfix\">\n\t\t\t<li><img decoding=\"async\" src=\"https:\/\/blog.uclm.es\/dep-epa\/wp-content\/uploads\/sites\/184\/2022\/10\/SES.webp\" \/><\/li>\n\t\t\t<li><img decoding=\"async\" src=\"https:\/\/blog.uclm.es\/dep-epa\/wp-content\/uploads\/sites\/184\/2022\/10\/PETD.webp\" \/><\/li>\n\t\t\t<li><img decoding=\"async\" src=\"https:\/\/blog.uclm.es\/dep-epa\/wp-content\/uploads\/sites\/184\/2022\/10\/ICRG.webp\" \/><\/li>\n\t\t\t<li><img decoding=\"async\" src=\"https:\/\/blog.uclm.es\/dep-epa\/wp-content\/uploads\/sites\/184\/2022\/10\/GVIES.webp\" \/><\/li>\n\t\t\t<li><img decoding=\"async\" src=\"https:\/\/blog.uclm.es\/dep-epa\/wp-content\/uploads\/sites\/184\/2022\/10\/GITECA.webp\" \/><\/li>\n\t\t\t<li><img decoding=\"async\" src=\"https:\/\/blog.uclm.es\/dep-epa\/wp-content\/uploads\/sites\/184\/2022\/10\/EFS.webp\" \/><\/li>\n\t\t\t<li><img decoding=\"async\" src=\"https:\/\/blog.uclm.es\/dep-epa\/wp-content\/uploads\/sites\/184\/2022\/10\/ECOAPPMC.webp\" \/><\/li>\n\t\t\t<li><img decoding=\"async\" src=\"https:\/\/blog.uclm.es\/dep-epa\/wp-content\/uploads\/sites\/184\/2022\/10\/AE2PE.webp\" \/><\/li>\n\t\t<\/ul>\n\t<\/div><!-- sp-content -->\n\t\n<\/div><!-- sp-slideshow -->\n\n.sp-slideshow {\n    position: relative;\n\tmargin: 10px auto;\n\twidth: 80%;\n\tmax-width: 1000px;\n\tmin-width: 260px;\n\theight: 460px;\n\tborder: 10px solid #fff;\n\tborder: 10px solid rgba(255,255,255,0.9);\n    box-shadow: 0 2px 6px rgba(0,0,0,0.2);\n}\n\n.sp-content {\n    background: #7d7f72 url(..\/images\/grid.png) repeat scroll 0 0;\n\tposition: relative;\n\twidth: 100%;\n\theight: 100%;\n\toverflow: hidden;\n}\n\n.sp-parallax-bg {\n    background: url(..\/images\/map.png) repeat-x scroll 0 0;\n    background-size: cover;\n\tposition: absolute;\n\ttop: 0;\n\tleft: 0;\n\twidth: 100%;\n\theight: 100%;\n\toverflow: hidden;\n}\n\n.sp-slideshow input {\n    position: absolute;\n\tbottom: 15px;\n\tleft: 50%;\n\twidth: 9px;\n\theight: 9px;\n\tz-index: 1001;\n\tcursor: pointer;\n    opacity: 0;\n}\n\n.sp-slideshow input + label {\n    position: absolute;\n    bottom: 15px;\n\tleft: 50%;\n    width: 6px;\n\theight: 6px;\n\tdisplay: block;\n\tz-index: 1000;\n\tborder: 3px solid #fff;\n\tborder: 3px solid rgba(255,255,255,0.9);\n    border-radius: 50%;\n    transition: background-color linear 0.1s;\n}\n.sp-slideshow input:checked + label {\n\tbackground-color: #fff;\n    background-color: rgba(255,255,255,0.9);\n}\n\n.sp-selector-1, .button-label-1 {\n    margin-left: -36px;\n}\n\n.sp-selector-2, .button-label-2 {\n    margin-left: -18px;\n}\n\n.sp-selector-4, .button-label-4 {\n    margin-left: 18px;\n}\n\n.sp-selector-5, .button-label-5 {\n    margin-left: 36px;\n}\n\n.sp-arrow {\n    position: absolute;\n\ttop: 50%;\n\twidth: 28px;\n\theight: 38px;\n\tmargin-top: -19px;\n\tdisplay: none;\n\topacity: 0.8;\n\tcursor: pointer;\n\tz-index: 1000;\n\tbackground: transparent url(..\/images\/arrows.png) no-repeat;\n    transition: opacity linear 0.3s;\n}\n.sp-arrow:hover{\n\topacity: 1;\n}\n.sp-arrow:active{\n\tmargin-top: -18px;\n}\n\n.sp-selector-1:checked ~ .sp-arrow.sp-a2,\n.sp-selector-2:checked ~ .sp-arrow.sp-a3,\n.sp-selector-3:checked ~ .sp-arrow.sp-a4,\n.sp-selector-4:checked ~ .sp-arrow.sp-a5 {\n    right: 15px;\n\tdisplay: block;\n\tbackground-position: top right;\n}\n.sp-selector-2:checked ~ .sp-arrow.sp-a1,\n.sp-selector-3:checked ~ .sp-arrow.sp-a2,\n.sp-selector-4:checked ~ .sp-arrow.sp-a3,\n.sp-selector-5:checked ~ .sp-arrow.sp-a4 {\n    left: 15px;\n\tdisplay: block;\n\tbackground-position: top left;\n}\n\n.sp-slideshow input:checked ~ .sp-content {\n    transition: background-position linear 0.6s, background-color linear 0.8s;\n}\n\n.sp-slideshow input:checked ~ .sp-content .sp-parallax-bg {\n    transition: background-position linear 0.7s;\n}\n\ninput.sp-selector-1:checked ~ .sp-content {\n    background-position: 0 0;\n\tbackground-color: #727b7f;\n}\n\ninput.sp-selector-2:checked ~ .sp-content {\n    background-position: -100px 0;\n\tbackground-color: #7f7276;\n}\n\ninput.sp-selector-3:checked ~ .sp-content {\n    background-position: -200px 0;\n\tbackground-color: #737f72;\n}\n\ninput.sp-selector-4:checked ~ .sp-content {\n    background-position: -300px 0;\n\tbackground-color: #79727f;\n}\n\ninput.sp-selector-5:checked ~ .sp-content {\n    background-position: -400px 0;\n\tbackground-color: #7d7f72;\n}\n\ninput.sp-selector-1:checked ~ .sp-content .sp-parallax-bg {\n    background-position: 0 0;\n}\n\ninput.sp-selector-2:checked ~ .sp-content .sp-parallax-bg {\n    background-position: -200px 0;\n}\n\ninput.sp-selector-3:checked ~ .sp-content .sp-parallax-bg {\n    background-position: -400px 0;\n}\n\ninput.sp-selector-4:checked ~ .sp-content .sp-parallax-bg {\n    background-position: -600px 0;\n}\n\ninput.sp-selector-5:checked ~ .sp-content .sp-parallax-bg {\n    background-position: -800px 0;\n}\n\n.sp-slider {\n    position: relative;\n\tleft: 0;\n    width: 500%;\n\theight: 100%;\n\tlist-style: none;\n    margin: 0;\n\tpadding: 0;\n    transition: left ease-in 0.8s; \n}\n\n.sp-slider &gt; li {\n\tcolor: #fff;\n\twidth: 20%;\n\tbox-sizing: border-box;\n\theight: 100%;\n\tpadding: 0 60px;\n    float: left;\n\ttext-align: center;\n\topacity: 0.4;\n    transition: opacity ease-in 0.4s 0.8s; \n}\n.sp-slider &gt; li img{\n\tbox-sizing: border-box;\n\tdisplay: block;\n\tmargin: 0 auto;\n\tpadding: 40px 0 50px 0;\n\tmax-height: 100%;\n\tmax-width: 100%;\n}\n\ninput.sp-selector-1:checked ~ .sp-content .sp-slider {\n    left: 0;\n}\n\ninput.sp-selector-2:checked ~ .sp-content .sp-slider {\n    left: -100%;\n}\n\ninput.sp-selector-3:checked ~ .sp-content .sp-slider {\n    left: -200%;\n}\n\ninput.sp-selector-4:checked ~ .sp-content .sp-slider {\n    left: -300%;\n}\n\ninput.sp-selector-5:checked ~ .sp-content .sp-slider {\n    left: -400%;\n}\n\ninput.sp-selector-1:checked ~ .sp-content .sp-slider &gt; li:first-child,\ninput.sp-selector-2:checked ~ .sp-content .sp-slider &gt; li:nth-child(2),\ninput.sp-selector-3:checked ~ .sp-content .sp-slider &gt; li:nth-child(3),\ninput.sp-selector-4:checked ~ .sp-content .sp-slider &gt; li:nth-child(4),\ninput.sp-selector-5:checked ~ .sp-content .sp-slider &gt; li:nth-child(5){\n\topacity: 1;\n}\n\n<\/div>\n<\/div>\n\n\n\n<div class=\"wp-block-columns alignwide is-layout-flex wp-container-core-columns-is-layout-28f84493 wp-block-columns-is-layout-flex\">\n<div class=\"wp-block-column is-layout-flow wp-block-column-is-layout-flow\">\n<div class=\"wp-block-buttons is-layout-flex wp-block-buttons-is-layout-flex\">\n<div class=\"wp-block-button has-custom-width wp-block-button__width-100 has-custom-font-size\" style=\"font-size:14px\"><a class=\"wp-block-button__link has-vivid-red-background-color has-background\">Actividad Econ\u00f3mica, Pol\u00edtica Emprendedora y Pol\u00edtica Econ\u00f3mica (AE2+PE)<\/a><\/div>\n<\/div>\n<\/div>\n\n\n\n<div class=\"wp-block-column is-layout-flow wp-block-column-is-layout-flow\">\n<div class=\"wp-block-buttons is-layout-flex wp-block-buttons-is-layout-flex\">\n<div class=\"wp-block-button has-custom-width wp-block-button__width-100 has-custom-font-size\" style=\"font-size:14px\"><a class=\"wp-block-button__link has-vivid-red-background-color has-background\">Econom\u00eda Aplicada y M\u00e9todos Cuantitativos <br>(ECOAPP&amp;MC)<\/a><\/div>\n<\/div>\n<\/div>\n\n\n\n<div class=\"wp-block-column is-layout-flow wp-block-column-is-layout-flow\">\n<div class=\"wp-block-buttons is-layout-flex wp-block-buttons-is-layout-flex\">\n<div class=\"wp-block-button has-custom-width wp-block-button__width-100 has-custom-font-size\" style=\"font-size:14px\"><a class=\"wp-block-button__link has-vivid-red-background-color has-background\">Econom\u00eda P\u00fablica y Desarrollo Territorial <br>(PETD)<\/a><\/div>\n<\/div>\n<\/div>\n\n\n\n<div class=\"wp-block-column is-layout-flow wp-block-column-is-layout-flow\">\n<div class=\"wp-block-buttons is-layout-flex wp-block-buttons-is-layout-flex\">\n<div class=\"wp-block-button has-custom-width wp-block-button__width-100 has-custom-font-size\" style=\"font-size:14px\"><a class=\"wp-block-button__link has-vivid-red-background-color has-background\">Econom\u00eda, Alimentaci\u00f3n y Sociedad <br>(EF&amp;S)<\/a><\/div>\n<\/div>\n<\/div>\n<\/div>\n\n\n\n<div class=\"wp-block-columns alignwide is-layout-flex wp-container-core-columns-is-layout-28f84493 wp-block-columns-is-layout-flex\">\n<div class=\"wp-block-column is-layout-flow wp-block-column-is-layout-flow\">\n<div class=\"wp-block-buttons is-layout-flex wp-block-buttons-is-layout-flex\">\n<div class=\"wp-block-button has-custom-width wp-block-button__width-100 has-custom-font-size\" style=\"font-size:14px\"><a class=\"wp-block-button__link has-vivid-red-background-color has-background\">Investigaci\u00f3n T\u00e9cnicas Estad\u00edsticas y Clasificaci\u00f3n Aplicadas (GITECA)<\/a><\/div>\n<\/div>\n<\/div>\n\n\n\n<div class=\"wp-block-column is-layout-flow wp-block-column-is-layout-flow\">\n<div class=\"wp-block-buttons is-layout-flex wp-block-buttons-is-layout-flex\">\n<div class=\"wp-block-button has-custom-width wp-block-button__width-100 has-custom-font-size\" style=\"font-size:14px\"><a class=\"wp-block-button__link has-vivid-red-background-color has-background\">Grupo Vitoria Investigaci\u00f3n Econ\u00f3mica y Social <br>(GVIES)<\/a><\/div>\n<\/div>\n<\/div>\n\n\n\n<div class=\"wp-block-column is-layout-flow wp-block-column-is-layout-flow\">\n<div class=\"wp-block-buttons is-layout-flex wp-block-buttons-is-layout-flex\">\n<div class=\"wp-block-button has-custom-width wp-block-button__width-100 has-custom-font-size\" style=\"font-size:14px\"><a class=\"wp-block-button__link has-vivid-red-background-color has-background\">Seminario Econom\u00eda Sostenible<br> (SES)<\/a><\/div>\n<\/div>\n<\/div>\n\n\n\n<div class=\"wp-block-column is-layout-flow wp-block-column-is-layout-flow\">\n<div class=\"wp-block-buttons is-layout-flex wp-block-buttons-is-layout-flex\">\n<div class=\"wp-block-button has-custom-width wp-block-button__width-100 has-custom-font-size\" style=\"font-size:14px\"><a class=\"wp-block-button__link has-vivid-red-background-color has-background\">Grupo Capital <br>Intelectual (ICRG)<\/a><\/div>\n<\/div>\n<\/div>\n<\/div>\n\n\n\n<div style=\"height:50px\" aria-hidden=\"true\" class=\"wp-block-spacer\"><\/div>\n\n\n\n<div class=\"wp-block-group alignwide is-content-justification-center is-nowrap is-layout-flex wp-container-core-group-is-layout-0acf2d99 wp-block-group-is-layout-flex\">\n<figure class=\"wp-block-image size-thumbnail is-resized is-style-rounded\"><img loading=\"lazy\" decoding=\"async\" src=\"https:\/\/blog.uclm.es\/dep-epa\/wp-content\/uploads\/sites\/184\/2022\/10\/grupo-150x150.png\" alt=\"\" class=\"wp-image-127\" width=\"75\" height=\"75\" srcset=\"https:\/\/blog.uclm.es\/dep-epa\/wp-content\/uploads\/sites\/184\/2022\/10\/grupo-150x150.png 150w, https:\/\/blog.uclm.es\/dep-epa\/wp-content\/uploads\/sites\/184\/2022\/10\/grupo-300x300.png 300w, https:\/\/blog.uclm.es\/dep-epa\/wp-content\/uploads\/sites\/184\/2022\/10\/grupo.png 512w\" sizes=\"auto, (max-width: 75px) 100vw, 75px\" \/><figcaption>Personal<\/figcaption><\/figure>\n\n\n\n<figure class=\"wp-block-image size-thumbnail is-resized\"><img loading=\"lazy\" decoding=\"async\" src=\"https:\/\/blog.uclm.es\/dep-epa\/wp-content\/uploads\/sites\/184\/2022\/10\/estadisticas-150x150.png\" alt=\"\" class=\"wp-image-129\" width=\"75\" height=\"75\" srcset=\"https:\/\/blog.uclm.es\/dep-epa\/wp-content\/uploads\/sites\/184\/2022\/10\/estadisticas-150x150.png 150w, https:\/\/blog.uclm.es\/dep-epa\/wp-content\/uploads\/sites\/184\/2022\/10\/estadisticas-300x300.png 300w, https:\/\/blog.uclm.es\/dep-epa\/wp-content\/uploads\/sites\/184\/2022\/10\/estadisticas.png 512w\" sizes=\"auto, (max-width: 75px) 100vw, 75px\" \/><figcaption>L\u00edneas de Investigaci\u00f3n<\/figcaption><\/figure>\n\n\n\n<figure class=\"wp-block-image size-thumbnail is-resized is-style-default\"><img loading=\"lazy\" decoding=\"async\" src=\"https:\/\/blog.uclm.es\/dep-epa\/wp-content\/uploads\/sites\/184\/2022\/10\/flecha-grafica-150x150.png\" alt=\"\" class=\"wp-image-128\" width=\"75\" height=\"75\" srcset=\"https:\/\/blog.uclm.es\/dep-epa\/wp-content\/uploads\/sites\/184\/2022\/10\/flecha-grafica-150x150.png 150w, https:\/\/blog.uclm.es\/dep-epa\/wp-content\/uploads\/sites\/184\/2022\/10\/flecha-grafica-300x300.png 300w, https:\/\/blog.uclm.es\/dep-epa\/wp-content\/uploads\/sites\/184\/2022\/10\/flecha-grafica.png 512w\" sizes=\"auto, (max-width: 75px) 100vw, 75px\" \/><figcaption>Oferta tecnol\u00f3gica<\/figcaption><\/figure>\n\n\n\n<figure class=\"wp-block-image size-thumbnail is-resized\"><img loading=\"lazy\" decoding=\"async\" src=\"https:\/\/blog.uclm.es\/dep-epa\/wp-content\/uploads\/sites\/184\/2022\/10\/engranaje-150x150.png\" alt=\"\" class=\"wp-image-130\" width=\"75\" height=\"75\" srcset=\"https:\/\/blog.uclm.es\/dep-epa\/wp-content\/uploads\/sites\/184\/2022\/10\/engranaje-150x150.png 150w, https:\/\/blog.uclm.es\/dep-epa\/wp-content\/uploads\/sites\/184\/2022\/10\/engranaje-300x300.png 300w, https:\/\/blog.uclm.es\/dep-epa\/wp-content\/uploads\/sites\/184\/2022\/10\/engranaje.png 512w\" sizes=\"auto, (max-width: 75px) 100vw, 75px\" \/><figcaption>Proyectos de investigaci\u00f3n<\/figcaption><\/figure>\n\n\n\n<figure class=\"wp-block-image size-thumbnail is-resized\"><img loading=\"lazy\" decoding=\"async\" src=\"https:\/\/blog.uclm.es\/dep-epa\/wp-content\/uploads\/sites\/184\/2022\/10\/lanzamiento-de-cohete-150x150.png\" alt=\"\" class=\"wp-image-131\" width=\"75\" height=\"75\" srcset=\"https:\/\/blog.uclm.es\/dep-epa\/wp-content\/uploads\/sites\/184\/2022\/10\/lanzamiento-de-cohete-150x150.png 150w, https:\/\/blog.uclm.es\/dep-epa\/wp-content\/uploads\/sites\/184\/2022\/10\/lanzamiento-de-cohete-300x300.png 300w, https:\/\/blog.uclm.es\/dep-epa\/wp-content\/uploads\/sites\/184\/2022\/10\/lanzamiento-de-cohete.png 512w\" sizes=\"auto, (max-width: 75px) 100vw, 75px\" \/><figcaption>Servicios de Transferencia<\/figcaption><\/figure>\n\n\n\n<figure class=\"wp-block-image size-thumbnail is-resized\"><img loading=\"lazy\" decoding=\"async\" src=\"https:\/\/blog.uclm.es\/dep-epa\/wp-content\/uploads\/sites\/184\/2022\/10\/gorro-de-graduacion-150x150.png\" alt=\"\" class=\"wp-image-132\" width=\"75\" height=\"75\" srcset=\"https:\/\/blog.uclm.es\/dep-epa\/wp-content\/uploads\/sites\/184\/2022\/10\/gorro-de-graduacion-150x150.png 150w, https:\/\/blog.uclm.es\/dep-epa\/wp-content\/uploads\/sites\/184\/2022\/10\/gorro-de-graduacion-300x300.png 300w, https:\/\/blog.uclm.es\/dep-epa\/wp-content\/uploads\/sites\/184\/2022\/10\/gorro-de-graduacion.png 512w\" sizes=\"auto, (max-width: 75px) 100vw, 75px\" \/><figcaption>Tesis Dirigidas<\/figcaption><\/figure>\n\n\n\n<figure class=\"wp-block-image size-thumbnail is-resized\"><img loading=\"lazy\" decoding=\"async\" src=\"https:\/\/blog.uclm.es\/dep-epa\/wp-content\/uploads\/sites\/184\/2022\/10\/cuaderno-150x150.png\" alt=\"\" class=\"wp-image-133\" width=\"75\" height=\"75\" srcset=\"https:\/\/blog.uclm.es\/dep-epa\/wp-content\/uploads\/sites\/184\/2022\/10\/cuaderno-150x150.png 150w, https:\/\/blog.uclm.es\/dep-epa\/wp-content\/uploads\/sites\/184\/2022\/10\/cuaderno-300x300.png 300w, https:\/\/blog.uclm.es\/dep-epa\/wp-content\/uploads\/sites\/184\/2022\/10\/cuaderno.png 512w\" sizes=\"auto, (max-width: 75px) 100vw, 75px\" \/><figcaption>Publicaciones<\/figcaption><\/figure>\n<\/div>\n<\/div>\n\n\n\n<div style=\"height:100px\" aria-hidden=\"true\" class=\"wp-block-spacer\"><\/div>\n","protected":false},"excerpt":{"rendered":"<p>.sp-slideshow { position: relative; margin: 10px auto; width: 80%; max-width: 1000px; min-width: 260px; height: 460px; border: 10px solid #fff; border: 10px solid rgba(255,255,255,0.9); box-shadow: 0 2px 6px rgba(0,0,0,0.2); } .sp-content { background: #7d7f72 url(..\/images\/grid.png) repeat scroll 0 0; position: relative; width: 100%; height: 100%; overflow: hidden; } .sp-parallax-bg { background: url(..\/images\/map.png) repeat-x scroll 0 0; [&hellip;]<\/p>\n","protected":false},"author":259,"featured_media":0,"parent":0,"menu_order":0,"comment_status":"closed","ping_status":"closed","template":"page-no-separators","meta":{"footnotes":""},"class_list":["post-121","page","type-page","status-publish","hentry"],"_links":{"self":[{"href":"https:\/\/blog.uclm.es\/dep-epa\/wp-json\/wp\/v2\/pages\/121","targetHints":{"allow":["GET"]}}],"collection":[{"href":"https:\/\/blog.uclm.es\/dep-epa\/wp-json\/wp\/v2\/pages"}],"about":[{"href":"https:\/\/blog.uclm.es\/dep-epa\/wp-json\/wp\/v2\/types\/page"}],"author":[{"embeddable":true,"href":"https:\/\/blog.uclm.es\/dep-epa\/wp-json\/wp\/v2\/users\/259"}],"replies":[{"embeddable":true,"href":"https:\/\/blog.uclm.es\/dep-epa\/wp-json\/wp\/v2\/comments?post=121"}],"version-history":[{"count":11,"href":"https:\/\/blog.uclm.es\/dep-epa\/wp-json\/wp\/v2\/pages\/121\/revisions"}],"predecessor-version":[{"id":234,"href":"https:\/\/blog.uclm.es\/dep-epa\/wp-json\/wp\/v2\/pages\/121\/revisions\/234"}],"wp:attachment":[{"href":"https:\/\/blog.uclm.es\/dep-epa\/wp-json\/wp\/v2\/media?parent=121"}],"curies":[{"name":"wp","href":"https:\/\/api.w.org\/{rel}","templated":true}]}}