{"id":104,"date":"2022-10-20T06:03:46","date_gmt":"2022-10-20T06:03:46","guid":{"rendered":"https:\/\/blog.uclm.es\/dep-epa\/?page_id=104"},"modified":"2022-10-20T10:57:52","modified_gmt":"2022-10-20T10:57:52","slug":"personal-docente-e-investigador","status":"publish","type":"page","link":"https:\/\/blog.uclm.es\/dep-epa\/personal-docente-e-investigador\/","title":{"rendered":"Personal Docente e Investigador"},"content":{"rendered":"\n<div class=\"wp-block-columns alignfull is-layout-flex wp-container-core-columns-is-layout-28f84493 wp-block-columns-is-layout-flex\">\n<div class=\"wp-block-column is-layout-flow wp-block-column-is-layout-flow\">\n<div class=\"wp-block-group has-foreground-color has-text-color has-small-font-size is-content-justification-center is-layout-flex wp-container-core-group-is-layout-b53a0a10 wp-block-group-is-layout-flex\" style=\"padding-top:10px;padding-right:10px;padding-bottom:10px;padding-left:10px\">\n<div class=\"wp-block-buttons is-content-justification-center is-layout-flex wp-container-core-buttons-is-layout-c124d1c4 wp-block-buttons-is-layout-flex\">\n<div class=\"wp-block-button has-custom-font-size has-small-font-size\"><a class=\"wp-block-button__link has-foreground-color has-background-background-color has-text-color has-background\" href=\"https:\/\/blog.uclm.es\/dep-epa\/equipo-de-direccion-y-gestion\/\">Equipo de Direcci\u00f3n y Gesti\u00f3n<\/a><\/div>\n\n\n\n<div class=\"wp-block-button has-custom-font-size has-small-font-size\"><a class=\"wp-block-button__link has-foreground-color has-background-background-color has-text-color has-background\" href=\"https:\/\/blog.uclm.es\/dep-epa\/el-departamento\/\">El Departamento<\/a><\/div>\n\n\n\n<div class=\"wp-block-button has-custom-font-size has-small-font-size\"><a class=\"wp-block-button__link has-foreground-color has-background-background-color has-text-color has-background\" href=\"https:\/\/blog.uclm.es\/dep-epa\/personal-docente-e-investigador\/\">Personal Docente e Investigador<\/a><\/div>\n\n\n\n<div class=\"wp-block-button has-custom-font-size has-small-font-size\"><a class=\"wp-block-button__link has-foreground-color has-background-background-color has-text-color has-background\" href=\"https:\/\/blog.uclm.es\/dep-epa\/docencia\/\">Docencia<\/a><\/div>\n\n\n\n<div class=\"wp-block-button has-custom-font-size has-small-font-size\"><a class=\"wp-block-button__link has-foreground-color has-background-background-color has-text-color has-background\" href=\"https:\/\/blog.uclm.es\/dep-epa\/investigacion\/\">Investigaci\u00f3n<\/a><\/div>\n\n\n\n<div class=\"wp-block-button has-custom-font-size has-small-font-size\"><a class=\"wp-block-button__link has-foreground-color has-background-background-color has-text-color has-background\" href=\"https:\/\/blog.uclm.es\/dep-epa\/novedades\/\">Novedades<\/a><\/div>\n\n\n\n<div class=\"wp-block-button has-custom-font-size has-small-font-size\"><a class=\"wp-block-button__link has-foreground-color has-background-background-color has-text-color has-background\" href=\"https:\/\/blog.uclm.es\/dep-epa\/buzon-de-sugerencias\/\">Buz\u00f3n<\/a><\/div>\n<\/div>\n<\/div>\n<\/div>\n<\/div>\n\n\n\n<h3 class=\"alignwide has-large-font-size wp-block-heading\">Listado de personal docente e investigador del departamento<\/h3>\n\n\n\n<div class=\"wp-block-columns alignwide has-border-color has-background-border-color is-layout-flex wp-container-core-columns-is-layout-28f84493 wp-block-columns-is-layout-flex\">\n<div class=\"wp-block-column is-layout-flow wp-block-column-is-layout-flow\">\n<figure class=\"wp-block-table is-style-stripes has-small-font-size\"><table class=\"has-background-border-color has-border-color\"><tbody><tr><td>Alamo Cerrillo, Raquel<\/td><\/tr><tr><td>Alfaro Cortes, Esteban<\/td><\/tr><tr><td>Alfaro Navarro, Jose Luis<\/td><\/tr><tr><td>Al\u00eda Aguado, Mar\u00eda Pilar<\/td><\/tr><tr><td>Aranda Garcia, Evangelina<\/td><\/tr><tr><td>Arias Rodr\u00edguez, Antonio<\/td><\/tr><tr><td>Balsalobre Lorente, Daniel<\/td><\/tr><tr><td>Ba\u00f1os Torres, Jose<\/td><\/tr><tr><td>Bonilla Delgado, Maria Isabel<\/td><\/tr><tr><td>Buendia Martinez, Maria Inmaculada<\/td><\/tr><tr><td>Calvo Palomino, Antonio<\/td><\/tr><tr><td>Cantero Galiano, Jesus<\/td><\/tr><tr><td>Cantos Cantos, Jose Maria<\/td><\/tr><tr><td>Carrasco Monteagudo, Mar\u00eda Inmaculada<\/td><\/tr><tr><td>Casta\u00f1o Martinez, Maria Soledad<\/td><\/tr><tr><td>Cerros Villegas, Mayra<\/td><\/tr><tr><td>Fern\u00e1ndez Bravo Pinto, Jes\u00fas<\/td><\/tr><tr><td>Fernandez Cabanillas, Francisco Jose<\/td><\/tr><tr><td>Fernandez-Aviles Calderon, Gema<\/td><\/tr><tr><td>Galindo Martin, Miguel Angel<\/td><\/tr><tr><td>Gamez Martinez, Matias<\/td><\/tr><tr><td>Garcia Nicolas, Cristina<\/td><\/tr><tr><td>Garcia Rico, Agustin<\/td><\/tr><tr><td>Garcia Rubio, Noelia<\/td><\/tr><tr><td>Gonzalez Rodriguez, Jose Ignacio<\/td><\/tr><tr><td>Lagos Rodriguez, Maria Gabriela<\/td><\/tr><tr><td>Larraz Iribas, Beatriz<\/td><\/tr><tr><td>L\u00f3pez Sanz, Gregorio<\/td><\/tr><tr><td>Martin De Vidales Carrasco, Irene<\/td><\/tr><tr><td>Martin Lopez, Carolina<\/td><\/tr><tr><td>Meseguer Santamaria, Maria Leticia<\/td><\/tr><tr><td>Minguez Salido, Roman<\/td><\/tr><tr><td>Mondejar Jimenez, Jose<\/td><\/tr><tr><td>Montero Lorenzo, Jose Mar\u00eda<\/td><\/tr><tr><td>Olaya Iniesta, Antonio<\/td><\/tr><tr><td>Pardo Garcia, Isabel<\/td><\/tr><tr><td>Parr\u00f3n Jim\u00e9nez, Roberto<\/td><\/tr><tr><td>Quintana Rubio, Consolaci\u00f3n<\/td><\/tr><tr><td>Rojas Pe\u00f1a, Daniel<\/td><\/tr><tr><td>Rubio Guerrero, Juan Jos\u00e9<\/td><\/tr><tr><td>S\u00e1nchez Del Cubo, Francisco<\/td><\/tr><tr><td>Santos Del Cerro, Jesus<\/td><\/tr><tr><td>Sanz Gomez, Maria De Las Mercedes<\/td><\/tr><tr><td>Selva Sevilla, Carmen<\/td><\/tr><tr><td>Taranc\u00f3n Moran, Miguel \u00c1ngel<\/td><\/tr><tr><td>Urban L\u00f3pez, Pablo<\/td><\/tr><tr><td>Vargas Vargas, Manuel<\/td><\/tr><\/tbody><\/table><\/figure>\n<\/div>\n\n\n\n<div class=\"wp-block-column is-layout-flow wp-block-column-is-layout-flow\">\n<figure class=\"wp-block-table is-style-stripes has-small-font-size\"><table><tbody><tr><td>ECON. POL\u00cdTICA Y HAC. P\u00daBLICA<\/td><\/tr><tr><td>ESTAD\u00cdSTICA<\/td><\/tr><tr><td>ESTAD\u00cdSTICA<\/td><\/tr><tr><td>ECON. POL\u00cdTICA Y HAC. P\u00daBLICA<\/td><\/tr><tr><td>POL\u00cdTICA ECON\u00d3MICA<\/td><\/tr><tr><td>ECON. POL\u00cdTICA Y HAC. P\u00daBLICA<\/td><\/tr><tr><td>ECON. POL\u00cdTICA Y HAC. P\u00daBLICA<\/td><\/tr><tr><td>ECON. POL\u00cdTICA Y HAC. P\u00daBLICA<\/td><\/tr><tr><td>POL\u00cdTICA ECON\u00d3MICA<\/td><\/tr><tr><td>POL\u00cdTICA ECON\u00d3MICA<\/td><\/tr><tr><td>POL\u00cdTICA ECON\u00d3MICA<\/td><\/tr><tr><td>ECON. POL\u00cdTICA Y HAC. P\u00daBLICA<\/td><\/tr><tr><td>ECON. POL\u00cdTICA Y HAC. P\u00daBLICA<\/td><\/tr><tr><td>POL\u00cdTICA ECON\u00d3MICA<\/td><\/tr><tr><td>POL\u00cdTICA ECON\u00d3MICA<\/td><\/tr><tr><td>POL\u00cdTICA ECON\u00d3MICA<\/td><\/tr><tr><td>ECON. POL\u00cdTICA Y HAC. P\u00daBLICA<\/td><\/tr><tr><td>ECON. POL\u00cdTICA Y HAC. P\u00daBLICA<\/td><\/tr><tr><td>ESTAD\u00cdSTICA<\/td><\/tr><tr><td>POL\u00cdTICA ECON\u00d3MICA<\/td><\/tr><tr><td>ESTAD\u00cdSTICA<\/td><\/tr><tr><td>ECON. POL\u00cdTICA Y HAC. P\u00daBLICA<\/td><\/tr><tr><td>ECON. POL\u00cdTICA Y HAC. P\u00daBLICA<\/td><\/tr><tr><td>ESTAD\u00cdSTICA<\/td><\/tr><tr><td>POL\u00cdTICA ECON\u00d3MICA<\/td><\/tr><tr><td>ECON. POL\u00cdTICA Y HAC. P\u00daBLICA<\/td><\/tr><tr><td>ESTAD\u00cdSTICA<\/td><\/tr><tr><td>POL\u00cdTICA ECON\u00d3MICA<\/td><\/tr><tr><td>POL\u00cdTICA ECON\u00d3MICA<\/td><\/tr><tr><td>ESTAD\u00cdSTICA<\/td><\/tr><tr><td>ESTAD\u00cdSTICA<\/td><\/tr><tr><td>ESTAD\u00cdSTICA<\/td><\/tr><tr><td>ESTAD\u00cdSTICA<\/td><\/tr><tr><td>ESTAD\u00cdSTICA<\/td><\/tr><tr><td>ECON. POL\u00cdTICA Y HAC. P\u00daBLICA<\/td><\/tr><tr><td>POL\u00cdTICA ECON\u00d3MICA<\/td><\/tr><tr><td>ECON. POL\u00cdTICA Y HAC. P\u00daBLICA<\/td><\/tr><tr><td>ESTAD\u00cdSTICA<\/td><\/tr><tr><td>ESTAD\u00cdSTICA<\/td><\/tr><tr><td>ECON. POL\u00cdTICA Y HAC. P\u00daBLICA<\/td><\/tr><tr><td>ESTAD\u00cdSTICA<\/td><\/tr><tr><td>ESTAD\u00cdSTICA<\/td><\/tr><tr><td>ECON. POL\u00cdTICA Y HAC. P\u00daBLICA<\/td><\/tr><tr><td>ECON. POL\u00cdTICA Y HAC. P\u00daBLICA<\/td><\/tr><tr><td>ESTAD\u00cdSTICA<\/td><\/tr><tr><td>ECON. POL\u00cdTICA Y HAC. P\u00daBLICA<\/td><\/tr><tr><td>ESTAD\u00cdSTICA<\/td><\/tr><\/tbody><\/table><\/figure>\n<\/div>\n\n\n\n<div class=\"wp-block-column is-layout-flow wp-block-column-is-layout-flow\">\n<figure class=\"wp-block-table is-style-stripes has-small-font-size\"><table><tbody><tr><td>PROF. TITULAR DE UNIVERSIDAD<\/td><\/tr><tr><td>PROF. TITULAR DE UNIVERSIDAD<\/td><\/tr><tr><td>CATEDRATICO\/A DE UNIVERSIDAD<\/td><\/tr><tr><td>PROFESOR\/A ASOCIADO\/A<\/td><\/tr><tr><td>PROF. TITULAR DE UNIVERSIDAD<\/td><\/tr><tr><td>PROFESOR\/A ASOCIADO\/A<\/td><\/tr><tr><td>PROF. TITULAR DE UNIVERSIDAD<\/td><\/tr><tr><td>PROF. TITULAR DE UNIVERSIDAD<\/td><\/tr><tr><td>PROFESOR\/A&nbsp;&nbsp; TITULAR DE E.U.<\/td><\/tr><tr><td>PROF. TITULAR DE UNIVERSIDAD<\/td><\/tr><tr><td>PROFESOR\/A ASOCIADO\/A<\/td><\/tr><tr><td>AYUDANTE<\/td><\/tr><tr><td>CATEDRATICO\/A DE UNIVERSIDAD<\/td><\/tr><tr><td>PROF. TITULAR DE UNIVERSIDAD<\/td><\/tr><tr><td>PROF. TITULAR DE UNIVERSIDAD<\/td><\/tr><tr><td>PROFESOR\/A ASOCIADO\/A<\/td><\/tr><tr><td>PROFESOR\/A ASOCIADO\/A<\/td><\/tr><tr><td>PROF. TITULAR DE UNIVERSIDAD<\/td><\/tr><tr><td>PROF. TITULAR DE UNIVERSIDAD<\/td><\/tr><tr><td>CATEDRATICO\/A DE UNIVERSIDAD<\/td><\/tr><tr><td>PROF. TITULAR DE UNIVERSIDAD<\/td><\/tr><tr><td>PROF. CONTRATADO DOCTOR INTERINO<\/td><\/tr><tr><td>PROF. TITULAR DE UNIVERSIDAD<\/td><\/tr><tr><td>PROF. TITULAR DE UNIVERSIDAD<\/td><\/tr><tr><td>PROF. TITULAR DE UNIVERSIDAD<\/td><\/tr><tr><td>PROF. TITULAR DE UNIVERSIDAD<\/td><\/tr><tr><td>PROF. TITULAR DE UNIVERSIDAD<\/td><\/tr><tr><td>PROF. TITULAR DE UNIVERSIDAD<\/td><\/tr><tr><td>PROF. CONTRATADO DOCTOR INTERINO<\/td><\/tr><tr><td>PROFESOR\/A&nbsp;&nbsp; TITULAR DE E.U.<\/td><\/tr><tr><td>PROF. TITULAR DE UNIVERSIDAD<\/td><\/tr><tr><td>PROF. TITULAR DE UNIVERSIDAD<\/td><\/tr><tr><td>CATEDRATICO\/A DE UNIVERSIDAD<\/td><\/tr><tr><td>CATEDRATICO\/A DE UNIVERSIDAD<\/td><\/tr><tr><td>CATEDRATICO\/A DE UNIVERSIDAD<\/td><\/tr><tr><td>PROF. TITULAR DE UNIVERSIDAD<\/td><\/tr><tr><td>PROFESOR\/A ASOCIADO\/A<\/td><\/tr><tr><td>AYUDANTE<\/td><\/tr><tr><td>PROFESOR\/A ASOCIADO\/A<\/td><\/tr><tr><td>CATEDRATICO\/A DE UNIVERSIDAD<\/td><\/tr><tr><td>CONTRATADO PREDOCTORAL<\/td><\/tr><tr><td>PROF. TITULAR DE UNIVERSIDAD<\/td><\/tr><tr><td>PROF. TITULAR DE UNIVERSIDAD<\/td><\/tr><tr><td>PROF. TITULAR DE UNIVERSIDAD<\/td><\/tr><tr><td>CATEDRATICO\/A DE UNIVERSIDAD<\/td><\/tr><tr><td>PROFESOR\/A&nbsp;&nbsp; TITULAR DE E.U.<\/td><\/tr><tr><td>PROF. TITULAR DE UNIVERSIDAD<\/td><\/tr><\/tbody><\/table><\/figure>\n<\/div>\n<\/div>\n\n\n\n<div class=\"wp-block-columns alignfull is-layout-flex wp-container-core-columns-is-layout-82e9ded6 wp-block-columns-is-layout-flex\" style=\"padding-right:30px;padding-left:30px\">\n<div class=\"wp-block-column is-layout-flow wp-block-column-is-layout-flow\">\n<h3 class=\"alignfull has-large-font-size wp-block-heading\" style=\"margin-left:30px\"><strong>PDI por \u00e1rea y Campus<\/strong><\/h3>\n\n\n\n<h3 class=\"alignfull has-medium-font-size wp-block-heading\" style=\"margin-left:30px\">\u00c1rea de Econom\u00eda Pol\u00edtica y Hacienda P\u00fablica<\/h3>\n<\/div>\n<\/div>\n\n\n\n<div class=\"wp-block-columns alignfull is-layout-flex wp-container-core-columns-is-layout-c12006c6 wp-block-columns-is-layout-flex\" style=\"padding-right:30px;padding-left:30px\">\n<div class=\"wp-block-column has-text-color has-background has-link-color wp-elements-4ab20d079c8da67baaded2ab7cf64b97 is-layout-flow wp-block-column-is-layout-flow\" style=\"background-color:#fdd1d1;color:#000000;padding-top:2em;padding-right:2em;padding-bottom:2em;padding-left:2em\">\n<h2 class=\"wp-block-heading\" id=\"single\" style=\"font-size:40px\"><strong>Albacete<\/strong><\/h2>\n\n\n\n<figure class=\"wp-block-table is-style-stripes\" style=\"font-size:14px\"><table><tbody><tr><td>BA\u00d1OS TORRES, JOSE<\/td><td>PROF. TITULAR DE UNIVERSIDAD<\/td><\/tr><tr><td>CANTERO GALIANO, JESUS<\/td><td>AYUDANTE<\/td><\/tr><tr><td>LAGOS RODRIGUEZ, MARIA GABRIELA<\/td><td>PROF. TITULAR DE UNIVERSIDAD<\/td><\/tr><tr><td>OLAYA INIESTA, ANTONIO<\/td><td>CATEDRATICO\/A DE UNIVERSIDAD<\/td><\/tr><tr><td>SANZ GOMEZ, MARIA DE LAS MERCEDES<\/td><td>PROF. TITULAR DE UNIVERSIDAD<\/td><\/tr><tr><td>SELVA SEVILLA, CARMEN<\/td><td>PROF. TITULAR DE UNIVERSIDAD<\/td><\/tr><\/tbody><\/table><\/figure>\n<\/div>\n\n\n\n<div class=\"wp-block-column has-text-color has-background has-link-color wp-elements-329efdda9d8f2d80b75daa9c1dd443c2 is-layout-flow wp-block-column-is-layout-flow\" style=\"background-color:#fdd1d1;color:#000000;padding-top:2em;padding-right:2em;padding-bottom:2em;padding-left:2em\">\n<h2 class=\"wp-block-heading\" id=\"single\" style=\"font-size:40px\"><strong>Ciudad Real<\/strong><\/h2>\n\n\n\n<figure class=\"wp-block-table is-style-stripes\" style=\"font-size:14px\"><table><tbody><tr><td>ARIAS RODR\u00cdGUEZ, ANTONIO<\/td><td>PROFESOR\/A ASOCIADO\/A<\/td><\/tr><tr><td>FERN\u00c1NDEZ BRAVO PINTO, JES\u00daS<\/td><td>PROFESOR\/A ASOCIADO\/A<\/td><\/tr><tr><td>FERNANDEZ CABANILLAS, FRANCISCO JOSE<\/td><td>PROF. TITULAR DE UNIVERSIDAD<\/td><\/tr><tr><td>RUBIO GUERRERO, JUAN JOSE<\/td><td>CATEDRATICO\/A DE UNIVERSIDAD<\/td><\/tr><\/tbody><\/table><\/figure>\n<\/div>\n\n\n\n<div class=\"wp-block-column has-text-color has-background has-link-color wp-elements-9722d9a22740433c702d636f0450a332 is-layout-flow wp-block-column-is-layout-flow\" style=\"background-color:#fdd1d1;color:#000000;padding-top:2em;padding-right:2em;padding-bottom:2em;padding-left:2em\">\n<h2 class=\"wp-block-heading\" id=\"single\" style=\"font-size:40px\"><strong>Toledo<\/strong><\/h2>\n\n\n\n<figure class=\"wp-block-table is-style-stripes\" style=\"font-size:14px\"><table><tbody><tr><td>AL\u00cdA AGUADO, MAR\u00cdA PILAR<\/td><td>PROFESOR\/A ASOCIADO\/A<\/td><\/tr><tr><td>CANTOS CANTOS, JOSE MARIA<\/td><td>CATEDRATICO\/A DE UNIVERSIDAD<\/td><\/tr><tr><td>GARCIA NICOLAS, CRISTINA<\/td><td>PROF. CONTRATADO DOCTOR INTERINO<\/td><\/tr><tr><td>GARCIA RICO, AGUSTIN<\/td><td>PROF. TITULAR DE UNIVERSIDAD<\/td><\/tr><tr><td>PARR\u00d3N JIM\u00c9NEZ, ROBERTO<\/td><td>PROFESOR\/A ASOCIADO\/A<\/td><\/tr><\/tbody><\/table><\/figure>\n<\/div>\n\n\n\n<div class=\"wp-block-column has-text-color has-background has-link-color wp-elements-1d83dff208aef5204f70e490bb1b2ef7 is-layout-flow wp-block-column-is-layout-flow\" style=\"background-color:#fdd1d1;color:#000000;padding-top:2em;padding-right:2em;padding-bottom:2em;padding-left:2em\">\n<h2 class=\"wp-block-heading\" id=\"patron\" style=\"font-size:40px\"><strong>Cuenca<\/strong><\/h2>\n\n\n\n<figure class=\"wp-block-table is-style-stripes\" style=\"font-size:14px\"><table><tbody><tr><td>ALAMO CERRILLO, RAQUEL<\/td><td>PROF. TITULAR DE UNIVERSIDAD<\/td><\/tr><tr><td>BALSALOBRE LORENTE, DANIEL<\/td><td>PROF. TITULAR DE UNIVERSIDAD<\/td><\/tr><\/tbody><\/table><\/figure>\n\n\n\n<h2 class=\"wp-block-heading\" id=\"patron\" style=\"font-size:40px\"><strong>Talavera de la Reina<\/strong><\/h2>\n\n\n\n<figure class=\"wp-block-table is-style-stripes\"><table><tbody><tr><td>URBAN LOPEZ, PABLO<\/td><td>PROFESOR\/A&nbsp;&nbsp; TITULAR DE E.U.<\/td><\/tr><\/tbody><\/table><\/figure>\n<\/div>\n<\/div>\n\n\n\n<div class=\"wp-block-columns alignfull is-layout-flex wp-container-core-columns-is-layout-c12006c6 wp-block-columns-is-layout-flex\" style=\"padding-right:30px;padding-left:30px\">\n<div class=\"wp-block-column is-layout-flow wp-block-column-is-layout-flow\">\n<h3 class=\"alignfull has-large-font-size wp-block-heading\" style=\"margin-left:30px\"><strong>PDI por \u00e1rea y Campus<\/strong><\/h3>\n\n\n\n<h3 class=\"alignfull has-medium-font-size wp-block-heading\" style=\"margin-left:30px\">\u00c1rea de Estad\u00edstica econ\u00f3mica y empresarial<\/h3>\n<\/div>\n<\/div>\n\n\n\n<div class=\"wp-block-columns alignfull is-layout-flex wp-container-core-columns-is-layout-c12006c6 wp-block-columns-is-layout-flex\" style=\"padding-right:30px;padding-left:30px\">\n<div class=\"wp-block-column has-text-color has-background has-link-color wp-elements-42758ecf8cc7d18c8ac97c3995d5f5ba is-layout-flow wp-block-column-is-layout-flow\" style=\"background-color:#fdd1d1;color:#000000;padding-top:2em;padding-right:2em;padding-bottom:2em;padding-left:2em\">\n<h2 class=\"wp-block-heading\" id=\"single\" style=\"font-size:40px\"><strong>Albacete<\/strong><\/h2>\n\n\n\n<figure class=\"wp-block-table is-style-stripes\" style=\"font-size:14px\"><table><tbody><tr><td>ALFARO CORTES, ESTEBAN<\/td><td>PROF. TITULAR DE UNIVERSIDAD<\/td><\/tr><tr><td>ALFARO NAVARRO, JOSE LUIS<\/td><td>CATEDRATICO\/A DE UNIVERSIDAD<\/td><\/tr><tr><td>GAMEZ MARTINEZ, MATIAS<\/td><td>PROF. TITULAR DE UNIVERSIDAD<\/td><\/tr><tr><td>GARCIA RUBIO, NOELIA<\/td><td>PROF. TITULAR DE UNIVERSIDAD<\/td><\/tr><tr><td>MESEGUER SANTAMARIA, MARIA LETICIA<\/td><td>PROF. TITULAR DE UNIVERSIDAD<\/td><\/tr><tr><td>VARGAS VARGAS, MANUEL<\/td><td>PROF. TITULAR DE UNIVERSIDAD<\/td><\/tr><\/tbody><\/table><\/figure>\n<\/div>\n\n\n\n<div class=\"wp-block-column has-text-color has-background has-link-color wp-elements-8ee94029d1f6018e42d96194069f020b is-layout-flow wp-block-column-is-layout-flow\" style=\"background-color:#fdd1d1;color:#000000;padding-top:2em;padding-right:2em;padding-bottom:2em;padding-left:2em\">\n<h2 class=\"wp-block-heading\" id=\"single\" style=\"font-size:40px\"><strong>Toledo<\/strong><\/h2>\n\n\n\n<figure class=\"wp-block-table is-style-stripes\" style=\"font-size:14px\"><table><tbody><tr><td>FERNANDEZ-AVILES CALDERON, GEMA<\/td><td>CATEDRATICA DE UNIVERSIDAD<\/td><\/tr><tr><td>LARRAZ IRIBAS, BEATRIZ<\/td><td>PROF. TITULAR DE UNIVERSIDAD<\/td><\/tr><tr><td>MONTERO LORENZO, JOSE MARIA<\/td><td>CATEDRATICO DE UNIVERSIDAD<\/td><\/tr><tr><td>SANTOS DEL CERRO, JESUS<\/td><td>PROF. TITULAR DE UNIVERSIDAD<\/td><\/tr><\/tbody><\/table><\/figure>\n<\/div>\n\n\n\n<div class=\"wp-block-column has-text-color has-background has-link-color wp-elements-3440300d7c317de9c077c081135ce69d is-layout-flow wp-block-column-is-layout-flow\" style=\"background-color:#fdd1d1;color:#000000;padding-top:2em;padding-right:2em;padding-bottom:2em;padding-left:2em\">\n<h2 class=\"wp-block-heading\" id=\"patron\" style=\"font-size:40px\"><strong>Cuenca<\/strong><\/h2>\n\n\n\n<figure class=\"wp-block-table is-style-stripes\" style=\"font-size:14px\"><table><tbody><tr><td>MINGUEZ SALIDO, ROMAN<\/td><td>PROF. TITULAR DE UNIVERSIDAD<\/td><\/tr><tr><td>MONDEJAR JIMENEZ, JOSE<\/td><td>CATEDRATICO DE UNIVERSIDAD<\/td><\/tr><tr><td>S\u00c1NCHEZ DEL CUBO, FRANCISCO<\/td><td>CONTRATADO PREDOCTORAL<\/td><\/tr><\/tbody><\/table><\/figure>\n<\/div>\n\n\n\n<div class=\"wp-block-column has-text-color has-background has-link-color wp-elements-fb7ec38f4ddcb51fe0b8daec406cae2d is-layout-flow wp-block-column-is-layout-flow\" style=\"background-color:#fdd1d1;color:#000000;padding-top:2em;padding-right:2em;padding-bottom:2em;padding-left:2em\">\n<h2 class=\"wp-block-heading\" id=\"family\" style=\"font-size:40px\"><strong>Ciudad Real<\/strong><\/h2>\n\n\n\n<figure class=\"wp-block-table is-style-stripes\" style=\"font-size:14px\"><table><tbody><tr><td>QUINTANA RUBIO, CONSOLACI\u00d3N<\/td><td>AYUDANTE<\/td><\/tr><tr><td>ROJAS PE\u00d1A, DANIEL<\/td><td>PROFESOR\/A ASOCIADO\/A<\/td><\/tr><tr><td>TARANCON MORAN, MIGUEL ANGEL<\/td><td>CATEDRATICO DE UNIVERSIDAD<\/td><\/tr><\/tbody><\/table><\/figure>\n\n\n\n<h2 class=\"wp-block-heading\" id=\"family\" style=\"font-size:40px\"><strong>Talavera de la Reina<\/strong><\/h2>\n\n\n\n<figure class=\"wp-block-table is-style-stripes\" style=\"font-size:14px\"><table><tbody><tr><td>MARTIN LOPEZ, CAROLINA<\/td><td>PROFESOR\/A&nbsp;&nbsp; TITULAR DE E.U.<\/td><\/tr><\/tbody><\/table><\/figure>\n<\/div>\n<\/div>\n\n\n\n<div class=\"wp-block-columns alignfull is-layout-flex wp-container-core-columns-is-layout-c12006c6 wp-block-columns-is-layout-flex\" style=\"padding-right:30px;padding-left:30px\">\n<div class=\"wp-block-column is-layout-flow wp-block-column-is-layout-flow\">\n<h3 class=\"alignfull has-large-font-size wp-block-heading\" style=\"margin-left:30px\"><strong>PDI por \u00e1rea y Campus<\/strong><\/h3>\n\n\n\n<h3 class=\"alignfull has-medium-font-size wp-block-heading\">\u00c1rea de Pol\u00edtica econ\u00f3mica<\/h3>\n<\/div>\n<\/div>\n\n\n\n<div class=\"wp-block-columns alignfull is-layout-flex wp-container-core-columns-is-layout-c12006c6 wp-block-columns-is-layout-flex\" style=\"padding-right:30px;padding-left:30px\">\n<div class=\"wp-block-column has-text-color has-background has-link-color wp-elements-9d8e210c22e7652003e46cda7d8af720 is-layout-flow wp-block-column-is-layout-flow\" style=\"background-color:#fdd1d1;color:#000000;padding-top:2em;padding-right:2em;padding-bottom:2em;padding-left:2em\">\n<h2 class=\"wp-block-heading\" id=\"single\" style=\"font-size:40px\"><strong>Albacete<\/strong><\/h2>\n\n\n\n<figure class=\"wp-block-table is-style-stripes\" style=\"font-size:14px\"><table><tbody><tr><td>CARRASCO MONTEAGUDO, MARIA INMACULADA<\/td><td>PROF. TITULAR DE UNIVERSIDAD<\/td><\/tr><tr><td>CASTA\u00d1O MARTINEZ, MARIA SOLEDAD<\/td><td>PROF. TITULAR DE UNIVERSIDAD<\/td><\/tr><tr><td>LOPEZ SANZ, GREGORIO<\/td><td>PROF. TITULAR DE UNIVERSIDAD<\/td><\/tr><tr><td>PARDO GARCIA, ISABEL<\/td><td>PROF. TITULAR DE UNIVERSIDAD<\/td><\/tr><\/tbody><\/table><\/figure>\n<\/div>\n\n\n\n<div class=\"wp-block-column has-text-color has-background has-link-color wp-elements-e64ab054faa2a2b41861688f123f91fb is-layout-flow wp-block-column-is-layout-flow\" style=\"background-color:#fdd1d1;color:#000000;padding-top:2em;padding-right:2em;padding-bottom:2em;padding-left:2em\">\n<h2 class=\"wp-block-heading\" id=\"family\" style=\"font-size:40px\"><strong>Cuenca<\/strong><\/h2>\n\n\n\n<figure class=\"wp-block-table is-style-stripes\" style=\"font-size:14px\"><table><tbody><tr><td>BUENDIA MARTINEZ, MARIA INMACULADA<\/td><td>PROF. TITULAR DE UNIVERSIDAD<\/td><\/tr><\/tbody><\/table><\/figure>\n\n\n\n<h2 class=\"wp-block-heading\" id=\"family\" style=\"font-size:40px\"><strong>Talavera de la Reina<\/strong><\/h2>\n\n\n\n<figure class=\"wp-block-table is-style-stripes\" style=\"font-size:14px\"><table><tbody><tr><td>CALVO PALOMINO, ANTONIO<\/td><td>PROFESOR\/A ASOCIADO\/A<\/td><\/tr><\/tbody><\/table><\/figure>\n<\/div>\n\n\n\n<div class=\"wp-block-column has-text-color has-background has-link-color wp-elements-8e1768f729e4b252da2d94c6bf81d95e is-layout-flow wp-block-column-is-layout-flow\" style=\"background-color:#fdd1d1;color:#000000;padding-top:2em;padding-right:2em;padding-bottom:2em;padding-left:2em\">\n<h2 class=\"wp-block-heading\" id=\"single\" style=\"font-size:40px\"><strong>Toledo<\/strong><\/h2>\n\n\n\n<figure class=\"wp-block-table is-style-stripes\" style=\"font-size:14px\"><table><tbody><tr><td>ARANDA GARCIA, EVANGELINA<\/td><td>PROF. TITULAR DE UNIVERSIDAD<\/td><\/tr><tr><td>BONILLA DELGADO, MARIA ISABEL<\/td><td>PROFESOR\/A&nbsp;&nbsp; TITULAR DE E.U.<\/td><\/tr><tr><td>GONZALEZ RODRIGUEZ, JOSE IGNACIO<\/td><td>PROF. TITULAR DE UNIVERSIDAD<\/td><\/tr><\/tbody><\/table><\/figure>\n<\/div>\n\n\n\n<div class=\"wp-block-column has-text-color has-background has-link-color wp-elements-001eb29aa4c86d134bb9c2e1afefae85 is-layout-flow wp-block-column-is-layout-flow\" style=\"background-color:#fdd1d1;color:#000000;padding-top:2em;padding-right:2em;padding-bottom:2em;padding-left:2em\">\n<h2 class=\"wp-block-heading\" id=\"patron\" style=\"font-size:40px\"><strong>Ciudad Real<\/strong><\/h2>\n\n\n\n<figure class=\"wp-block-table is-style-stripes\" style=\"font-size:14px\"><table><tbody><tr><td>CERROS VILLEGAS, MAYRA<\/td><td>PROFESOR\/A ASOCIADO\/A<\/td><\/tr><tr><td>GALINDO MARTIN, MIGUEL ANGEL<\/td><td>CATEDRATICO\/A DE UNIVERSIDAD<\/td><\/tr><tr><td>MARTIN DE VIDALES CARRASCO, IRENE<\/td><td>PROF. CONTRATADO DOCTOR INTERINO<\/td><\/tr><\/tbody><\/table><\/figure>\n<\/div>\n<\/div>\n\n\n\n<div style=\"height:100px\" aria-hidden=\"true\" class=\"wp-block-spacer\"><\/div>\n","protected":false},"excerpt":{"rendered":"<p>Listado de personal docente e investigador del departamento Alamo Cerrillo, Raquel Alfaro Cortes, Esteban Alfaro Navarro, Jose Luis Al\u00eda Aguado, Mar\u00eda Pilar Aranda Garcia, Evangelina Arias Rodr\u00edguez, Antonio Balsalobre Lorente, Daniel Ba\u00f1os Torres, Jose Bonilla Delgado, Maria Isabel Buendia Martinez, Maria Inmaculada Calvo Palomino, Antonio Cantero Galiano, Jesus Cantos Cantos, Jose Maria Carrasco Monteagudo, Mar\u00eda [&hellip;]<\/p>\n","protected":false},"author":259,"featured_media":0,"parent":0,"menu_order":0,"comment_status":"closed","ping_status":"closed","template":"page-no-separators","meta":{"footnotes":""},"class_list":["post-104","page","type-page","status-publish","hentry"],"_links":{"self":[{"href":"https:\/\/blog.uclm.es\/dep-epa\/wp-json\/wp\/v2\/pages\/104","targetHints":{"allow":["GET"]}}],"collection":[{"href":"https:\/\/blog.uclm.es\/dep-epa\/wp-json\/wp\/v2\/pages"}],"about":[{"href":"https:\/\/blog.uclm.es\/dep-epa\/wp-json\/wp\/v2\/types\/page"}],"author":[{"embeddable":true,"href":"https:\/\/blog.uclm.es\/dep-epa\/wp-json\/wp\/v2\/users\/259"}],"replies":[{"embeddable":true,"href":"https:\/\/blog.uclm.es\/dep-epa\/wp-json\/wp\/v2\/comments?post=104"}],"version-history":[{"count":20,"href":"https:\/\/blog.uclm.es\/dep-epa\/wp-json\/wp\/v2\/pages\/104\/revisions"}],"predecessor-version":[{"id":215,"href":"https:\/\/blog.uclm.es\/dep-epa\/wp-json\/wp\/v2\/pages\/104\/revisions\/215"}],"wp:attachment":[{"href":"https:\/\/blog.uclm.es\/dep-epa\/wp-json\/wp\/v2\/media?parent=104"}],"curies":[{"name":"wp","href":"https:\/\/api.w.org\/{rel}","templated":true}]}}