{"id":566,"date":"2026-02-23T16:16:31","date_gmt":"2026-02-23T15:16:31","guid":{"rendered":"https:\/\/blog.uclm.es\/delegacionesiiab\/?page_id=566"},"modified":"2026-02-23T18:42:34","modified_gmt":"2026-02-23T17:42:34","slug":"identidad-visual","status":"publish","type":"page","link":"https:\/\/blog.uclm.es\/delegacionesiiab\/identidad-visual\/","title":{"rendered":"Identidad Visual"},"content":{"rendered":"\n<div class=\"wp-block-group is-nowrap is-layout-flex wp-container-core-group-is-layout-6c531013 wp-block-group-is-layout-flex\">\n<div class=\"wp-block-group has-background has-global-padding is-layout-constrained wp-container-core-group-is-layout-c385debf wp-block-group-is-layout-constrained\" style=\"background-color:#b20c36;padding-top:var(--wp--preset--spacing--20);padding-right:var(--wp--preset--spacing--20);padding-bottom:var(--wp--preset--spacing--20);padding-left:var(--wp--preset--spacing--20)\"><\/div>\n\n\n\n<div class=\"wp-block-group has-background has-global-padding is-layout-constrained wp-container-core-group-is-layout-c385debf wp-block-group-is-layout-constrained\" style=\"background-color:#1d1d1b;padding-top:var(--wp--preset--spacing--20);padding-right:var(--wp--preset--spacing--20);padding-bottom:var(--wp--preset--spacing--20);padding-left:var(--wp--preset--spacing--20)\"><\/div>\n\n\n\n<div class=\"wp-block-group has-background has-global-padding is-layout-constrained wp-container-core-group-is-layout-c385debf wp-block-group-is-layout-constrained\" style=\"background-color:#575756;padding-top:var(--wp--preset--spacing--20);padding-right:var(--wp--preset--spacing--20);padding-bottom:var(--wp--preset--spacing--20);padding-left:var(--wp--preset--spacing--20)\"><\/div>\n\n\n\n<div class=\"wp-block-group has-background has-global-padding is-layout-constrained wp-container-core-group-is-layout-c385debf wp-block-group-is-layout-constrained\" style=\"background-color:#9d9d9c;padding-top:var(--wp--preset--spacing--20);padding-right:var(--wp--preset--spacing--20);padding-bottom:var(--wp--preset--spacing--20);padding-left:var(--wp--preset--spacing--20)\"><\/div>\n<\/div>\n\n\n\n<p class=\"has-medium-font-size\">La Delegaci\u00f3n de Estudiantes ha actualizado su identidad gr\u00e1fica para estar en concordancia con la nueva identidad visual de la Escuela Superior de Ingenier\u00eda Inform\u00e1tica de Albacete (ESIIAB). Nuestro objetivo es mantener una total coherencia visual, aline\u00e1ndonos con los nuevos estilos de dise\u00f1o corporativo de la Universidad de Castilla-La Mancha (UCLM), lo que refuerza el sentido de pertenencia y facilita a los estudiantes la identificaci\u00f3n r\u00e1pida de nuestras comunicaciones.<\/p>\n\n\n\n<div class=\"wp-block-group is-content-justification-center is-nowrap is-layout-flex wp-container-core-group-is-layout-23441af8 wp-block-group-is-layout-flex\">\n<figure class=\"wp-block-image aligncenter size-large is-resized\"><img loading=\"lazy\" decoding=\"async\" width=\"1024\" height=\"512\" src=\"https:\/\/blog.uclm.es\/delegacionesiiab\/wp-content\/uploads\/sites\/252\/2026\/02\/Logo_UCLM_2025-1024x512.png\" alt=\"\" class=\"wp-image-579\" style=\"width:194px;height:auto\" srcset=\"https:\/\/blog.uclm.es\/delegacionesiiab\/wp-content\/uploads\/sites\/252\/2026\/02\/Logo_UCLM_2025-1024x512.png 1024w, https:\/\/blog.uclm.es\/delegacionesiiab\/wp-content\/uploads\/sites\/252\/2026\/02\/Logo_UCLM_2025-300x150.png 300w, https:\/\/blog.uclm.es\/delegacionesiiab\/wp-content\/uploads\/sites\/252\/2026\/02\/Logo_UCLM_2025-768x384.png 768w, https:\/\/blog.uclm.es\/delegacionesiiab\/wp-content\/uploads\/sites\/252\/2026\/02\/Logo_UCLM_2025.png 1181w\" sizes=\"auto, (max-width: 1024px) 100vw, 1024px\" \/><\/figure>\n\n\n\n<figure class=\"wp-block-image is-resized\"><img decoding=\"async\" src=\"https:\/\/esiiab.uclm.es\/wp-content\/uploads\/2025\/07\/logo_ESII_AB-1024x176.png\" alt=\"logo ESII AB\" class=\"wp-image-547521\" style=\"aspect-ratio:5.82005804579168;width:292px;height:auto\" \/><\/figure>\n<\/div>\n\n\n\n<p class=\"has-text-align-center has-small-font-size\">Nuevos logos UCLM\/ESIIAB<\/p>\n\n\n\n<h2 class=\"wp-block-heading\">Logomarca Institucional<\/h2>\n\n\n\n<p class=\"has-medium-font-size\">El uso de nuestra imagen, tanto en solitario como acompa\u00f1ada de la marca de la UCLM, sigue estrictamente los nuevos estilos de dise\u00f1o y manuales de identidad visual de la Universidad. Esto garantiza que cualquier documento, cartel o publicaci\u00f3n mantenga un est\u00e1ndar \u00f3ptimo de profesionalidad.<\/p>\n\n\n\n<p class=\"has-medium-font-size\">Para adaptarnos a los diferentes soportes f\u00edsicos y digitales, disponemos de varias versiones de nuestro logotipo oficial:<\/p>\n\n\n\n<h3 class=\"wp-block-heading\">Logotipo a color<\/h3>\n\n\n\n<p class=\"has-medium-font-size\">Es la versi\u00f3n principal y la de uso preferente. Se debe utilizar siempre que el soporte lo permita y sobre fondos blancos o muy claros que no interfieran con la legibilidad de los colores institucionales (rojo y gris).<\/p>\n\n\n\n<div class=\"wp-block-group is-nowrap is-layout-flex wp-container-core-group-is-layout-ab6f0d78 wp-block-group-is-layout-flex\" style=\"margin-top:var(--wp--preset--spacing--40);margin-bottom:var(--wp--preset--spacing--40)\">\n<figure class=\"wp-block-image size-large is-resized\"><img loading=\"lazy\" decoding=\"async\" width=\"1024\" height=\"299\" src=\"https:\/\/blog.uclm.es\/delegacionesiiab\/wp-content\/uploads\/sites\/252\/2026\/02\/delega_sin_bordes-1-1024x299.png\" alt=\"\" class=\"wp-image-567\" style=\"width:361px;height:auto\" srcset=\"https:\/\/blog.uclm.es\/delegacionesiiab\/wp-content\/uploads\/sites\/252\/2026\/02\/delega_sin_bordes-1-1024x299.png 1024w, https:\/\/blog.uclm.es\/delegacionesiiab\/wp-content\/uploads\/sites\/252\/2026\/02\/delega_sin_bordes-1-300x88.png 300w, https:\/\/blog.uclm.es\/delegacionesiiab\/wp-content\/uploads\/sites\/252\/2026\/02\/delega_sin_bordes-1-768x224.png 768w, https:\/\/blog.uclm.es\/delegacionesiiab\/wp-content\/uploads\/sites\/252\/2026\/02\/delega_sin_bordes-1.png 1164w\" sizes=\"auto, (max-width: 1024px) 100vw, 1024px\" \/><\/figure>\n\n\n\n<div class=\"wp-block-file\" style=\"border-top-left-radius:0px;border-top-right-radius:0px;border-bottom-left-radius:0px;border-bottom-right-radius:0px;margin-right:var(--wp--preset--spacing--40);margin-left:var(--wp--preset--spacing--40)\"><a id=\"wp-block-file--media-3a091c26-6610-4df5-862f-4ecbe1e0cee7\" href=\"https:\/\/blog.uclm.es\/delegacionesiiab\/wp-content\/uploads\/sites\/252\/2026\/02\/delegacion_color.png\">Logo en formato PNG<\/a><a href=\"https:\/\/blog.uclm.es\/delegacionesiiab\/wp-content\/uploads\/sites\/252\/2026\/02\/delegacion_color.png\" class=\"wp-block-file__button wp-element-button\" download aria-describedby=\"wp-block-file--media-3a091c26-6610-4df5-862f-4ecbe1e0cee7\">Descargar<\/a><\/div>\n<\/div>\n\n\n\n<h3 class=\"wp-block-heading\">Logotipo en positivo<\/h3>\n\n\n\n<p class=\"has-medium-font-size\">Esta versi\u00f3n en un solo color oscuro (negro) est\u00e1 pensada para impresiones en blanco y negro, documentos monocrom\u00e1ticos o fondos claros donde la versi\u00f3n a color no ofrezca un contraste adecuado.<\/p>\n\n\n\n<div class=\"wp-block-group is-nowrap is-layout-flex wp-container-core-group-is-layout-ab6f0d78 wp-block-group-is-layout-flex\" style=\"margin-top:var(--wp--preset--spacing--40);margin-bottom:var(--wp--preset--spacing--40)\">\n<figure class=\"wp-block-image size-large is-resized\"><img loading=\"lazy\" decoding=\"async\" width=\"1024\" height=\"299\" src=\"https:\/\/blog.uclm.es\/delegacionesiiab\/wp-content\/uploads\/sites\/252\/2026\/02\/delegacion_positivo-1024x299.png\" alt=\"\" class=\"wp-image-570\" style=\"width:361px;height:auto\" srcset=\"https:\/\/blog.uclm.es\/delegacionesiiab\/wp-content\/uploads\/sites\/252\/2026\/02\/delegacion_positivo-1024x299.png 1024w, https:\/\/blog.uclm.es\/delegacionesiiab\/wp-content\/uploads\/sites\/252\/2026\/02\/delegacion_positivo-300x88.png 300w, https:\/\/blog.uclm.es\/delegacionesiiab\/wp-content\/uploads\/sites\/252\/2026\/02\/delegacion_positivo-768x224.png 768w, https:\/\/blog.uclm.es\/delegacionesiiab\/wp-content\/uploads\/sites\/252\/2026\/02\/delegacion_positivo.png 1164w\" sizes=\"auto, (max-width: 1024px) 100vw, 1024px\" \/><\/figure>\n\n\n\n<div class=\"wp-block-file\" style=\"border-top-left-radius:0px;border-top-right-radius:0px;border-bottom-left-radius:0px;border-bottom-right-radius:0px;margin-right:var(--wp--preset--spacing--40);margin-left:var(--wp--preset--spacing--40)\"><a id=\"wp-block-file--media-f25a8f60-dbc0-48d2-9ef5-ab32e74cae62\" href=\"https:\/\/blog.uclm.es\/delegacionesiiab\/wp-content\/uploads\/sites\/252\/2026\/02\/delegacion_positivo-1.png\">Logo en formato PNG<\/a><a href=\"https:\/\/blog.uclm.es\/delegacionesiiab\/wp-content\/uploads\/sites\/252\/2026\/02\/delegacion_positivo-1.png\" class=\"wp-block-file__button wp-element-button\" download aria-describedby=\"wp-block-file--media-f25a8f60-dbc0-48d2-9ef5-ab32e74cae62\">Descargar<\/a><\/div>\n<\/div>\n\n\n\n<h3 class=\"wp-block-heading\">Logotipo en negativo<\/h3>\n\n\n\n<p class=\"has-medium-font-size\">Se trata de la versi\u00f3n calada en blanco. Su uso es obligatorio cuando el logotipo deba aplicarse sobre fondos oscuros, fotograf\u00edas con poca luminosidad o sobre bloques s\u00f3lidos del rojo institucional, garantizando as\u00ed su correcta visibilidad y contraste.<\/p>\n\n\n\n<div class=\"wp-block-group is-nowrap is-layout-flex wp-container-core-group-is-layout-ab6f0d78 wp-block-group-is-layout-flex\" style=\"margin-top:var(--wp--preset--spacing--40);margin-bottom:var(--wp--preset--spacing--40)\">\n<figure class=\"wp-block-image size-large is-resized\"><img loading=\"lazy\" decoding=\"async\" width=\"1024\" height=\"314\" src=\"https:\/\/blog.uclm.es\/delegacionesiiab\/wp-content\/uploads\/sites\/252\/2026\/02\/logo_sombra-1-1024x314.png\" alt=\"\" class=\"wp-image-578\" style=\"box-shadow:none;width:361px;height:auto\" srcset=\"https:\/\/blog.uclm.es\/delegacionesiiab\/wp-content\/uploads\/sites\/252\/2026\/02\/logo_sombra-1-1024x314.png 1024w, https:\/\/blog.uclm.es\/delegacionesiiab\/wp-content\/uploads\/sites\/252\/2026\/02\/logo_sombra-1-300x92.png 300w, https:\/\/blog.uclm.es\/delegacionesiiab\/wp-content\/uploads\/sites\/252\/2026\/02\/logo_sombra-1-768x235.png 768w, https:\/\/blog.uclm.es\/delegacionesiiab\/wp-content\/uploads\/sites\/252\/2026\/02\/logo_sombra-1.png 1188w\" sizes=\"auto, (max-width: 1024px) 100vw, 1024px\" \/><\/figure>\n\n\n\n<div class=\"wp-block-file\" style=\"border-top-left-radius:0px;border-top-right-radius:0px;border-bottom-left-radius:0px;border-bottom-right-radius:0px;margin-right:var(--wp--preset--spacing--40);margin-left:var(--wp--preset--spacing--40)\"><a id=\"wp-block-file--media-bf273e77-0542-42b3-bd89-1529bc09dfaa\" href=\"https:\/\/blog.uclm.es\/delegacionesiiab\/wp-content\/uploads\/sites\/252\/2026\/02\/delegacion_negativo-2.png\">Logo en formato PNG<\/a><a href=\"https:\/\/blog.uclm.es\/delegacionesiiab\/wp-content\/uploads\/sites\/252\/2026\/02\/delegacion_negativo-2.png\" class=\"wp-block-file__button wp-element-button\" download aria-describedby=\"wp-block-file--media-bf273e77-0542-42b3-bd89-1529bc09dfaa\">Descargar<\/a><\/div>\n<\/div>\n\n\n\n<p>Si deseas obtener los logotipos en versi\u00f3n vectorial, desc\u00e1rgalos desde <a href=\"https:\/\/pruebasaluuclm-my.sharepoint.com\/:f:\/g\/personal\/alejandro_romero11_alu_uclm_es\/IgBjyj5FtHnRTZUaLUG4YhVYAYAbWh2G5ip5UVPqREGSEZs?e=eq1alH\">OneDrive<\/a><\/p>\n\n\n\n<hr class=\"wp-block-separator has-alpha-channel-opacity\" \/>\n\n\n\n<h2 class=\"wp-block-heading\">Sello<\/h2>\n\n\n\n<p class=\"has-medium-font-size\">Adem\u00e1s de la logomarca principal, la Delegaci\u00f3n cuenta con un sello circular o emblema propio. Este recurso gr\u00e1fico se utiliza habitualmente para la validaci\u00f3n y estampaci\u00f3n de documentos oficiales, como imagen representativa en perfiles de redes sociales, o en aquellos formatos y aplicaciones gr\u00e1ficas donde un dise\u00f1o compacto y circular resulte m\u00e1s adecuado visualmente. Al igual que ocurre con el logotipo general, el sello dispone de una versi\u00f3n a color que emplea el rojo institucional, y una versi\u00f3n monocrom\u00e1tica en negro pensada para impresiones y documentos en blanco y negro.<\/p>\n\n\n\n<div class=\"wp-block-group is-content-justification-center is-nowrap is-layout-flex wp-container-core-group-is-layout-23441af8 wp-block-group-is-layout-flex\">\n<figure class=\"wp-block-image size-large is-resized\"><img loading=\"lazy\" decoding=\"async\" width=\"1024\" height=\"1024\" src=\"https:\/\/blog.uclm.es\/delegacionesiiab\/wp-content\/uploads\/sites\/252\/2026\/02\/sello_delegacion_color-1024x1024.png\" alt=\"\" class=\"wp-image-587\" style=\"width:205px;height:auto\" srcset=\"https:\/\/blog.uclm.es\/delegacionesiiab\/wp-content\/uploads\/sites\/252\/2026\/02\/sello_delegacion_color-1024x1024.png 1024w, https:\/\/blog.uclm.es\/delegacionesiiab\/wp-content\/uploads\/sites\/252\/2026\/02\/sello_delegacion_color-300x300.png 300w, https:\/\/blog.uclm.es\/delegacionesiiab\/wp-content\/uploads\/sites\/252\/2026\/02\/sello_delegacion_color-150x150.png 150w, https:\/\/blog.uclm.es\/delegacionesiiab\/wp-content\/uploads\/sites\/252\/2026\/02\/sello_delegacion_color-768x768.png 768w, https:\/\/blog.uclm.es\/delegacionesiiab\/wp-content\/uploads\/sites\/252\/2026\/02\/sello_delegacion_color.png 1080w\" sizes=\"auto, (max-width: 1024px) 100vw, 1024px\" \/><\/figure>\n\n\n\n<figure class=\"wp-block-image size-large is-resized\"><img loading=\"lazy\" decoding=\"async\" width=\"1024\" height=\"1024\" src=\"https:\/\/blog.uclm.es\/delegacionesiiab\/wp-content\/uploads\/sites\/252\/2026\/02\/sello_delegacion_negro-1024x1024.png\" alt=\"\" class=\"wp-image-588\" style=\"width:205px;height:auto\" srcset=\"https:\/\/blog.uclm.es\/delegacionesiiab\/wp-content\/uploads\/sites\/252\/2026\/02\/sello_delegacion_negro-1024x1024.png 1024w, https:\/\/blog.uclm.es\/delegacionesiiab\/wp-content\/uploads\/sites\/252\/2026\/02\/sello_delegacion_negro-300x300.png 300w, https:\/\/blog.uclm.es\/delegacionesiiab\/wp-content\/uploads\/sites\/252\/2026\/02\/sello_delegacion_negro-150x150.png 150w, https:\/\/blog.uclm.es\/delegacionesiiab\/wp-content\/uploads\/sites\/252\/2026\/02\/sello_delegacion_negro-768x768.png 768w, https:\/\/blog.uclm.es\/delegacionesiiab\/wp-content\/uploads\/sites\/252\/2026\/02\/sello_delegacion_negro.png 1080w\" sizes=\"auto, (max-width: 1024px) 100vw, 1024px\" \/><\/figure>\n<\/div>\n\n\n\n<hr class=\"wp-block-separator has-alpha-channel-opacity\" \/>\n\n\n\n<h2 class=\"wp-block-heading\">Paleta de Colores Corporativos<\/h2>\n\n\n\n<p class=\"has-medium-font-size\"><\/p>\n\n\n\n<p class=\"has-medium-font-size\">Toda nuestra comunicaci\u00f3n visual y el dise\u00f1o de esta misma web se apoyan en los colores oficiales. Compartimos los c\u00f3digos exactos, un recurso fundamental para aquellos estudiantes o agrupaciones que necesiten elaborar carteler\u00eda, presentaciones o proyectos en colaboraci\u00f3n con la Delegaci\u00f3n:<\/p>\n\n\n\n<div class=\"wp-block-group is-layout-grid wp-container-core-group-is-layout-b757edec wp-block-group-is-layout-grid\">\n<div class=\"wp-block-group has-background has-global-padding is-layout-constrained wp-container-core-group-is-layout-80fb368b wp-block-group-is-layout-constrained\" style=\"background-color:#b20c36;padding-top:var(--wp--preset--spacing--30);padding-right:var(--wp--preset--spacing--30);padding-bottom:var(--wp--preset--spacing--30);padding-left:var(--wp--preset--spacing--30)\">\n<ul class=\"wp-block-list has-base-color has-text-color has-link-color wp-elements-44aca7c03acf02448d412d7a44dd65eb\">\n<li>HEX: #B20C36<\/li>\n\n\n\n<li>RGB: 179, 0, 51<\/li>\n\n\n\n<li>CMYK: 19, 100, 74, 12<\/li>\n<\/ul>\n<\/div>\n\n\n\n<div class=\"wp-block-group has-background has-global-padding is-layout-constrained wp-container-core-group-is-layout-80fb368b wp-block-group-is-layout-constrained\" style=\"background-color:#1d1d1b;padding-top:var(--wp--preset--spacing--30);padding-right:var(--wp--preset--spacing--30);padding-bottom:var(--wp--preset--spacing--30);padding-left:var(--wp--preset--spacing--30)\">\n<ul class=\"wp-block-list has-base-color has-text-color has-link-color wp-elements-f4f02f0bc9dfed20f7573e6dcc2343f3\">\n<li>HEX: #1D1D1B<\/li>\n\n\n\n<li>RGB: 29, 29, 27<\/li>\n\n\n\n<li>CMYK: 0, 0, 0, 100<\/li>\n<\/ul>\n<\/div>\n\n\n\n<div class=\"wp-block-group has-background has-global-padding is-layout-constrained wp-container-core-group-is-layout-80fb368b wp-block-group-is-layout-constrained\" style=\"background-color:#575756;padding-top:var(--wp--preset--spacing--30);padding-right:var(--wp--preset--spacing--30);padding-bottom:var(--wp--preset--spacing--30);padding-left:var(--wp--preset--spacing--30)\">\n<ul class=\"wp-block-list has-base-color has-text-color has-link-color wp-elements-e8ab67d14978dcb53b0bd3d57b53ec49\">\n<li>HEX: #575756<\/li>\n\n\n\n<li>RGB: 87, 87, 86<\/li>\n\n\n\n<li>CMYK: 0, 0, 0, 80<\/li>\n<\/ul>\n<\/div>\n\n\n\n<div class=\"wp-block-group has-background has-global-padding is-layout-constrained wp-container-core-group-is-layout-80fb368b wp-block-group-is-layout-constrained\" style=\"background-color:#9d9d9c;padding-top:var(--wp--preset--spacing--30);padding-right:var(--wp--preset--spacing--30);padding-bottom:var(--wp--preset--spacing--30);padding-left:var(--wp--preset--spacing--30)\">\n<ul class=\"wp-block-list\">\n<li class=\"has-base-color has-text-color has-link-color wp-elements-0863e5be22f21ab8d70e2457dd81c2a8\">HEX: #9D9D9C<\/li>\n\n\n\n<li class=\"has-base-color has-text-color has-link-color wp-elements-f37835cad061c0330b4407ee7dd3b46d\">RGB: 157, 157, 156<\/li>\n\n\n\n<li class=\"has-base-color has-text-color has-link-color wp-elements-bd8ef929bd4519428aba8c201f5c56ce\">CMYK: 0, 0, 0, 50<\/li>\n<\/ul>\n<\/div>\n<\/div>\n\n\n\n<h2 class=\"wp-block-heading\">Tipograf\u00eda<\/h2>\n\n\n\n<p class=\"has-medium-font-size\">Para acompa\u00f1ar a la logomarca y mantener un estilo limpio, moderno y altamente legible en nuestras comunicaciones principales, empleamos la familia tipogr\u00e1fica <strong>Roboto<\/strong>, de acuerdo con las nuevas l\u00edneas de identidad corporativa.<\/p>\n\n\n\n<hr class=\"wp-block-separator has-alpha-channel-opacity\" \/>\n\n\n\n<p class=\"has-medium-font-size\"><strong>Nota para estudiantes y asociaciones:<\/strong> Si tu asociaci\u00f3n o grupo de trabajo est\u00e1 organizando una actividad con el respaldo o la colaboraci\u00f3n de la Delegaci\u00f3n, te rogamos que respetes estos c\u00f3digos de color, as\u00ed como el uso correcto de las versiones en positivo y negativo, para asegurar una imagen unificada.<\/p>\n\n\n\n<p class=\"has-small-font-size\"><strong>Cr\u00e9ditos y adaptaci\u00f3n:<\/strong> La adaptaci\u00f3n de esta p\u00e1gina web, as\u00ed como la actualizaci\u00f3n de la identidad visual de la Delegaci\u00f3n a los nuevos estilos corporativos de la UCLM, fue realizada por Alejandro Romero Lorenzo, Delegado de Centro, durante el curso acad\u00e9mico 2025\/2026.<\/p>\n","protected":false},"excerpt":{"rendered":"<p>La Delegaci\u00f3n de Estudiantes ha actualizado su identidad gr\u00e1fica para estar en concordancia con la nueva identidad visual de la Escuela Superior de Ingenier\u00eda Inform\u00e1tica de Albacete (ESIIAB). Nuestro objetivo es mantener una total coherencia visual, aline\u00e1ndonos con los nuevos estilos de dise\u00f1o corporativo de la Universidad de Castilla-La Mancha (UCLM), lo que refuerza el [&hellip;]<\/p>\n","protected":false},"author":577,"featured_media":0,"parent":0,"menu_order":0,"comment_status":"closed","ping_status":"closed","template":"","meta":{"footnotes":""},"class_list":["post-566","page","type-page","status-publish","hentry"],"_links":{"self":[{"href":"https:\/\/blog.uclm.es\/delegacionesiiab\/wp-json\/wp\/v2\/pages\/566","targetHints":{"allow":["GET"]}}],"collection":[{"href":"https:\/\/blog.uclm.es\/delegacionesiiab\/wp-json\/wp\/v2\/pages"}],"about":[{"href":"https:\/\/blog.uclm.es\/delegacionesiiab\/wp-json\/wp\/v2\/types\/page"}],"author":[{"embeddable":true,"href":"https:\/\/blog.uclm.es\/delegacionesiiab\/wp-json\/wp\/v2\/users\/577"}],"replies":[{"embeddable":true,"href":"https:\/\/blog.uclm.es\/delegacionesiiab\/wp-json\/wp\/v2\/comments?post=566"}],"version-history":[{"count":7,"href":"https:\/\/blog.uclm.es\/delegacionesiiab\/wp-json\/wp\/v2\/pages\/566\/revisions"}],"predecessor-version":[{"id":589,"href":"https:\/\/blog.uclm.es\/delegacionesiiab\/wp-json\/wp\/v2\/pages\/566\/revisions\/589"}],"wp:attachment":[{"href":"https:\/\/blog.uclm.es\/delegacionesiiab\/wp-json\/wp\/v2\/media?parent=566"}],"curies":[{"name":"wp","href":"https:\/\/api.w.org\/{rel}","templated":true}]}}