{"id":554,"date":"2026-02-23T15:37:18","date_gmt":"2026-02-23T14:37:18","guid":{"rendered":"https:\/\/blog.uclm.es\/delegacionesiiab\/?page_id=554"},"modified":"2026-02-23T15:52:47","modified_gmt":"2026-02-23T14:52:47","slug":"representantes-de-estudiantes","status":"publish","type":"page","link":"https:\/\/blog.uclm.es\/delegacionesiiab\/representantes-de-estudiantes\/","title":{"rendered":"Representantes de Estudiantes"},"content":{"rendered":"\n<figure class=\"wp-block-image aligncenter size-large\"><img loading=\"lazy\" decoding=\"async\" width=\"1024\" height=\"164\" src=\"https:\/\/blog.uclm.es\/delegacionesiiab\/wp-content\/uploads\/sites\/252\/2026\/02\/cropped-politecnica-uclm-archivo-albacete-img_4282-12-1-1024x164.jpg\" alt=\"\" class=\"wp-image-564\" srcset=\"https:\/\/blog.uclm.es\/delegacionesiiab\/wp-content\/uploads\/sites\/252\/2026\/02\/cropped-politecnica-uclm-archivo-albacete-img_4282-12-1-1024x164.jpg 1024w, https:\/\/blog.uclm.es\/delegacionesiiab\/wp-content\/uploads\/sites\/252\/2026\/02\/cropped-politecnica-uclm-archivo-albacete-img_4282-12-1-300x48.jpg 300w, https:\/\/blog.uclm.es\/delegacionesiiab\/wp-content\/uploads\/sites\/252\/2026\/02\/cropped-politecnica-uclm-archivo-albacete-img_4282-12-1-768x123.jpg 768w, https:\/\/blog.uclm.es\/delegacionesiiab\/wp-content\/uploads\/sites\/252\/2026\/02\/cropped-politecnica-uclm-archivo-albacete-img_4282-12-1-1536x246.jpg 1536w, https:\/\/blog.uclm.es\/delegacionesiiab\/wp-content\/uploads\/sites\/252\/2026\/02\/cropped-politecnica-uclm-archivo-albacete-img_4282-12-1.jpg 2000w\" sizes=\"auto, (max-width: 1024px) 100vw, 1024px\" \/><\/figure>\n\n\n\n<p class=\"has-medium-font-size\">Desde la Delegaci\u00f3n de Estudiantes de la Escuela Superior de Ingenier\u00eda Inform\u00e1tica de Albacete (ESIIAB) , os presentamos a los compa\u00f1eros y compa\u00f1eras que nos representar\u00e1n durante el curso acad\u00e9mico 2025\/26.<\/p>\n\n\n\n<p class=\"has-medium-font-size\">Vuestros representantes est\u00e1n a vuestra disposici\u00f3n para ayudaros con cualquier duda, problema o sugerencia relacionada con las asignaturas, la escuela y la vida universitaria. \u00a1No dud\u00e9is en contactar con la persona correspondiente a vuestro curso!<\/p>\n\n\n\n<h2 class=\"wp-block-heading\">Comisi\u00f3n Ejecutiva y Delegaci\u00f3n de Centro<\/h2>\n\n\n\n<p class=\"has-medium-font-size\" id=\"p-rc_7d61cbaf6c61e166-20\">El equipo encargado de coordinar y representar a los estudiantes a nivel general en la Escuela <sup><\/sup> es el siguiente:<\/p>\n\n\n\n<ul class=\"wp-block-list has-medium-font-size\">\n<li><strong>Delegado de Centro:<\/strong> Alejandro Romero Lorenzo <\/li>\n\n\n\n<li><strong>Subdelegado de Centro (Grado):<\/strong> Jaime S\u00e1nchez Parada <\/li>\n\n\n\n<li><strong>Subdelegada de Centro (M\u00e1steres):<\/strong> Elena Ballesteros Morall\u00f3n <\/li>\n\n\n\n<li><strong>Secretario:<\/strong> Guillermo Morcillo Conch\u00e1n <\/li>\n\n\n\n<li><strong>Tesorero:<\/strong> David Garc\u00eda de Andr\u00e9s <\/li>\n<\/ul>\n\n\n\n<hr class=\"wp-block-separator has-alpha-channel-opacity\" \/>\n\n\n\n<h2 class=\"wp-block-heading\">Delegados y Subdelegados por Titulaci\u00f3n y Curso<\/h2>\n\n\n\n<p class=\"has-medium-font-size\">A continuaci\u00f3n, detallamos los representantes elegidos para cada una de las titulaciones impartidas en nuestro centro:<\/p>\n\n\n\n<p class=\"has-medium-font-size\" id=\"p-rc_7d61cbaf6c61e166-26\">Grado en Ingenier\u00eda Inform\u00e1tica <sup><\/sup><\/p>\n\n\n\n<ul class=\"wp-block-list has-medium-font-size\">\n<li><strong>1\u00ba Curso:<\/strong> Pablo Pacheco Soria (Delegado) y David Garc\u00eda de Andr\u00e9s (Subdelegado) <\/li>\n\n\n\n<li><strong>2\u00ba Curso:<\/strong> Iv\u00e1n Paredes Ferrero (Delegado) y Marco G\u00f3mez Botonjic (Subdelegado) <\/li>\n\n\n\n<li><strong>3\u00ba Curso:<\/strong> Jaime S\u00e1nchez Parada (Delegado) y Guillermo Morcillo Conch\u00e1n (Subdelegado) <\/li>\n\n\n\n<li><strong>4\u00ba Curso:<\/strong> Alejandro Romero Lorenzo (Delegado) y Pablo Carboneras Herrera (Subdelegado) <\/li>\n<\/ul>\n\n\n\n<p id=\"p-rc_7d61cbaf6c61e166-31\">M\u00e1ster Universitario en Ingenier\u00eda Inform\u00e1tica <sup><\/sup><\/p>\n\n\n\n<ul class=\"wp-block-list has-medium-font-size\">\n<li class=\"has-medium-font-size\"><strong>1\u00ba Curso:<\/strong> Carmen Caba\u00f1as B\u00f3galo (Delegada) y Manuel Perales Briones (Subdelegado) <\/li>\n\n\n\n<li><strong>2\u00ba Curso:<\/strong> Abel Ortiz Villaescusa (Delegado) y Cristian Rubio Barato (Subdelegado) <\/li>\n<\/ul>\n\n\n\n<p id=\"p-rc_7d61cbaf6c61e166-34\">M\u00e1ster Universitario en Inteligencia Artificial <sup><\/sup><\/p>\n\n\n\n<ul class=\"wp-block-list\">\n<li class=\"has-medium-font-size\"><strong>1\u00ba Curso:<\/strong> Iv\u00e1n Rom\u00e1n Utrilla (Delegado) y Ra\u00fal Bernalte S\u00e1nchez (Subdelegado) <\/li>\n<\/ul>\n\n\n\n<p id=\"p-rc_7d61cbaf6c61e166-36\">M\u00e1ster Universitario en Big Data y Computaci\u00f3n en la Nube <sup><\/sup><\/p>\n\n\n\n<ul class=\"wp-block-list\">\n<li class=\"has-medium-font-size\"><strong>1\u00ba Curso:<\/strong> Elena Ballesteros Morall\u00f3n (Delegada) y Francisco Javier Luna Ortiz (Subdelegado) <\/li>\n<\/ul>\n\n\n\n<hr class=\"wp-block-separator has-alpha-channel-opacity\" \/>\n\n\n\n<h3 class=\"wp-block-heading\">Documento Oficial de Resoluci\u00f3n<\/h3>\n\n\n\n<p class=\"has-medium-font-size\">Si necesitas consultar la informaci\u00f3n formalizada por la Universidad de Castilla-La Mancha<sup><\/sup>, puedes acceder a la resoluci\u00f3n oficial a trav\u00e9s del siguiente enlace: \ud83d\udc49 <a target=\"_blank\" rel=\"noreferrer noopener\" href=\"https:\/\/esiiab.uclm.es\/wp-content\/uploads\/2025\/10\/2025-26-Delegados-y-Subdelegados-curso-y-centro.pdf\">Resoluci\u00f3n de Delegados y Subdelegados de curso y centro 2025\/26<\/a><\/p>\n","protected":false},"excerpt":{"rendered":"<p>Desde la Delegaci\u00f3n de Estudiantes de la Escuela Superior de Ingenier\u00eda Inform\u00e1tica de Albacete (ESIIAB) , os presentamos a los compa\u00f1eros y compa\u00f1eras que nos representar\u00e1n durante el curso acad\u00e9mico 2025\/26. Vuestros representantes est\u00e1n a vuestra disposici\u00f3n para ayudaros con cualquier duda, problema o sugerencia relacionada con las asignaturas, la escuela y la vida universitaria. [&hellip;]<\/p>\n","protected":false},"author":577,"featured_media":0,"parent":0,"menu_order":0,"comment_status":"closed","ping_status":"closed","template":"","meta":{"footnotes":""},"class_list":["post-554","page","type-page","status-publish","hentry"],"_links":{"self":[{"href":"https:\/\/blog.uclm.es\/delegacionesiiab\/wp-json\/wp\/v2\/pages\/554","targetHints":{"allow":["GET"]}}],"collection":[{"href":"https:\/\/blog.uclm.es\/delegacionesiiab\/wp-json\/wp\/v2\/pages"}],"about":[{"href":"https:\/\/blog.uclm.es\/delegacionesiiab\/wp-json\/wp\/v2\/types\/page"}],"author":[{"embeddable":true,"href":"https:\/\/blog.uclm.es\/delegacionesiiab\/wp-json\/wp\/v2\/users\/577"}],"replies":[{"embeddable":true,"href":"https:\/\/blog.uclm.es\/delegacionesiiab\/wp-json\/wp\/v2\/comments?post=554"}],"version-history":[{"count":4,"href":"https:\/\/blog.uclm.es\/delegacionesiiab\/wp-json\/wp\/v2\/pages\/554\/revisions"}],"predecessor-version":[{"id":565,"href":"https:\/\/blog.uclm.es\/delegacionesiiab\/wp-json\/wp\/v2\/pages\/554\/revisions\/565"}],"wp:attachment":[{"href":"https:\/\/blog.uclm.es\/delegacionesiiab\/wp-json\/wp\/v2\/media?parent=554"}],"curies":[{"name":"wp","href":"https:\/\/api.w.org\/{rel}","templated":true}]}}