{"id":9,"date":"2013-12-11T10:46:07","date_gmt":"2013-12-11T09:46:07","guid":{"rendered":"http:\/\/blog.uclm.es\/davidsanchezramos\/?page_id=9"},"modified":"2022-10-18T08:03:01","modified_gmt":"2022-10-18T08:03:01","slug":"inicio","status":"publish","type":"page","link":"https:\/\/blog.uclm.es\/davidsanchezramos\/","title":{"rendered":"INICIO"},"content":{"rendered":"<p>Bienvenido! Esta es la p\u00e1gina web de David S\u00e1nchez Ramos, profesor de la E.T.S. Ingenier\u00eda de Caminos, Canales y Puertos de la Universidad de Castilla-La Mancha<\/p>\n<table id=\"table1\" style=\"border-collapse: collapse\" border=\"0\" width=\"714\" cellspacing=\"0\" cellpadding=\"0\">\n<tbody>\n<tr>\n<td style=\"padding: 0in 5.4pt 0in 5.4pt\" valign=\"top\" width=\"193\">\n<p align=\"center\">\u00a0<\/p>\n<p><img loading=\"lazy\" decoding=\"async\" class=\"alignnone size-medium wp-image-281\" src=\"https:\/\/blog.uclm.es\/davidsanchezramos\/wp-content\/uploads\/sites\/48\/2022\/01\/IMG_20201020_111613-scaled-1-225x300.jpg\" alt=\"\" width=\"225\" height=\"300\" srcset=\"https:\/\/blog.uclm.es\/davidsanchezramos\/wp-content\/uploads\/sites\/48\/2022\/01\/IMG_20201020_111613-scaled-1-225x300.jpg 225w, https:\/\/blog.uclm.es\/davidsanchezramos\/wp-content\/uploads\/sites\/48\/2022\/01\/IMG_20201020_111613-scaled-1-768x1024.jpg 768w, https:\/\/blog.uclm.es\/davidsanchezramos\/wp-content\/uploads\/sites\/48\/2022\/01\/IMG_20201020_111613-scaled-1-1152x1536.jpg 1152w, https:\/\/blog.uclm.es\/davidsanchezramos\/wp-content\/uploads\/sites\/48\/2022\/01\/IMG_20201020_111613-scaled-1-1536x2048.jpg 1536w, https:\/\/blog.uclm.es\/davidsanchezramos\/wp-content\/uploads\/sites\/48\/2022\/01\/IMG_20201020_111613-scaled-1.jpg 1920w\" sizes=\"auto, (max-width: 225px) 100vw, 225px\" \/><\/p>\n<p class=\"MsoNormal\" style=\"text-align: center\" align=\"center\">\u00a0<\/p>\n<\/td>\n<td style=\"padding: 0in 5.4pt 0in 5.4pt\" valign=\"top\" width=\"493\">\n<h2 style=\"margin: 0in;margin-bottom: .0001pt\"><span style=\"color: #800000;font-family: Lucida Sans\">David S\u00e1nchez Ramos<\/span><\/h2>\n<p><span style=\"color: #005000;font-family: Calibri;font-size: small\"><br \/>E.T.S. Ingenier\u00eda de Caminos, Canales y Puertos<br \/>Universidad de Castilla-La Mancha\u00a0<br \/>Av. Camilo Jos\u00e9 Cela s\/n (Ed. Polit\u00e9cnico)<br \/>Ciudad Real, 13071 &#8211; Espa\u00f1a<\/span><\/p>\n<p><span style=\"color: #005000;font-family: Calibri;font-size: small\"> E-mail: <a href=\"mailto:david.sanchezramos@uclm.es\"> <span style=\"color: #333333\">david.sanchezramos@uclm.es<\/span><\/a><br \/>Tel. (int + 34) 926 052 111<br \/><\/span><\/p>\n<\/td>\n<\/tr>\n<\/tbody>\n<\/table>\n<p><!--more--><\/p>\n\n\n<p><\/p>\n","protected":false},"excerpt":{"rendered":"<p>Bienvenido! Esta es la p\u00e1gina web de David S\u00e1nchez Ramos, profesor de la E.T.S. Ingenier\u00eda de Caminos, Canales y Puertos de la Universidad de Castilla-La Mancha \u00a0 \u00a0 David S\u00e1nchez Ramos E.T.S. Ingenier\u00eda de Caminos, Canales y PuertosUniversidad de Castilla-La Mancha\u00a0Av. Camilo Jos\u00e9 Cela s\/n (Ed. Polit\u00e9cnico)Ciudad Real, 13071 &#8211; Espa\u00f1a E-mail: david.sanchezramos@uclm.esTel. (int + &hellip; <a href=\"https:\/\/blog.uclm.es\/davidsanchezramos\/\" class=\"more-link\">Seguir leyendo <span class=\"screen-reader-text\">INICIO<\/span> <span class=\"meta-nav\">&rarr;<\/span><\/a><\/p>\n","protected":false},"author":47,"featured_media":0,"parent":0,"menu_order":0,"comment_status":"closed","ping_status":"open","template":"","meta":{"footnotes":""},"class_list":["post-9","page","type-page","status-publish","hentry"],"_links":{"self":[{"href":"https:\/\/blog.uclm.es\/davidsanchezramos\/wp-json\/wp\/v2\/pages\/9","targetHints":{"allow":["GET"]}}],"collection":[{"href":"https:\/\/blog.uclm.es\/davidsanchezramos\/wp-json\/wp\/v2\/pages"}],"about":[{"href":"https:\/\/blog.uclm.es\/davidsanchezramos\/wp-json\/wp\/v2\/types\/page"}],"author":[{"embeddable":true,"href":"https:\/\/blog.uclm.es\/davidsanchezramos\/wp-json\/wp\/v2\/users\/47"}],"replies":[{"embeddable":true,"href":"https:\/\/blog.uclm.es\/davidsanchezramos\/wp-json\/wp\/v2\/comments?post=9"}],"version-history":[{"count":2,"href":"https:\/\/blog.uclm.es\/davidsanchezramos\/wp-json\/wp\/v2\/pages\/9\/revisions"}],"predecessor-version":[{"id":317,"href":"https:\/\/blog.uclm.es\/davidsanchezramos\/wp-json\/wp\/v2\/pages\/9\/revisions\/317"}],"wp:attachment":[{"href":"https:\/\/blog.uclm.es\/davidsanchezramos\/wp-json\/wp\/v2\/media?parent=9"}],"curies":[{"name":"wp","href":"https:\/\/api.w.org\/{rel}","templated":true}]}}