{"id":44,"date":"2013-12-11T11:05:39","date_gmt":"2013-12-11T10:05:39","guid":{"rendered":"http:\/\/blog.uclm.es\/davidsanchezramos\/?page_id=44"},"modified":"2022-10-14T09:16:29","modified_gmt":"2022-10-14T09:16:29","slug":"paisaje-contenido","status":"publish","type":"page","link":"https:\/\/blog.uclm.es\/davidsanchezramos\/paisaje-contenido\/","title":{"rendered":"PAISAJE &#8211; Contenidos"},"content":{"rendered":"<h1>1\u00a0\u00a0 <a href=\"https:\/\/blog.uclm.es\/davidsanchezramos\/wp-content\/uploads\/sites\/48\/2013\/12\/1_CONCEPTO_PAISAJE.pdf\">Concepto de Paisaje<\/a><\/h1>\n<h1>2\u00a0\u00a0 <a href=\"https:\/\/blog.uclm.es\/davidsanchezramos\/wp-content\/uploads\/sites\/48\/2013\/12\/2_VISIBILIDAD.pdf\">Visibilidad<\/a><\/h1>\n<h1>3\u00a0 <a href=\"https:\/\/blog.uclm.es\/davidsanchezramos\/wp-content\/uploads\/sites\/48\/2013\/12\/3_ESCENOGRAFIA.pdf\">Escenograf\u00eda<\/a><\/h1>\n<h1>4\u00a0\u00a0 <a href=\"https:\/\/blog.uclm.es\/davidsanchezramos\/wp-content\/uploads\/sites\/48\/2013\/12\/4-RELIEVE-resumen.pdf\">Relieve<\/a><\/h1>\n<h1>5\u00a0\u00a0 <a href=\"https:\/\/blog.uclm.es\/davidsanchezramos\/wp-content\/uploads\/sites\/48\/2013\/12\/6-ECOLOGIA-resumen.pdf\">Ecolog\u00eda territorial<\/a><\/h1>\n<h1>6\u00a0\u00a0 <a href=\"https:\/\/blog.uclm.es\/davidsanchezramos\/wp-content\/uploads\/sites\/48\/2013\/12\/7-USOS-Y-APROVECHAMIENTOS-resumen.pdf\">Usos y aprovechamientos de los recursos naturales<\/a><\/h1>\n<h1>7\u00a0\u00a0 <a href=\"https:\/\/blog.uclm.es\/davidsanchezramos\/wp-content\/uploads\/sites\/48\/2016\/05\/8_HABITAT-HUMANO-E-HISTORIA_resumen.pdf\">H\u00e1bitat humano e historia<\/a><\/h1>\n<h1>8\u00a0\u00a0 <a href=\"https:\/\/blog.uclm.es\/davidsanchezramos\/wp-content\/uploads\/sites\/48\/2016\/05\/9_ESTETICA_resumen.pdf\">Est\u00e9tica<\/a><\/h1>\n<h1>9\u00a0\u00a0 <a href=\"https:\/\/blog.uclm.es\/davidsanchezramos\/wp-content\/uploads\/sites\/48\/2016\/05\/10_PERCEPCION-COMPOSICION-APRECIO_resumen.pdf\">Composici\u00f3n paisaj\u00edstica<\/a><\/h1>\n<h1>10 <a href=\"https:\/\/blog.uclm.es\/davidsanchezramos\/wp-content\/uploads\/sites\/48\/2016\/05\/11_SIGNIFICADOS_resumen.pdf\">Significados<\/a><\/h1>\n<h1>\u00b7\u00a0\u00a0\u00a0 <a href=\"https:\/\/blog.uclm.es\/davidsanchezramos\/wp-content\/uploads\/sites\/48\/2013\/12\/PAISAJE_BIBLIO.pdf\">Bibliograf\u00eda<\/a><\/h1>\n<p><a href=\"http:\/\/creativecommons.org\/licenses\/by-sa\/4.0\/\" rel=\"license\"><img decoding=\"async\" style=\"border-width: 0\" src=\"http:\/\/i.creativecommons.org\/l\/by-sa\/4.0\/88x31.png\" alt=\"Licencia Creative Commons\" \/><\/a><br \/>\nPAISAJE Y EVALUACI\u00d3N AMBIENTAL (2014) por David S\u00e1nchez Ramos se distribuye bajo una <a href=\"http:\/\/creativecommons.org\/licenses\/by-sa\/4.0\/\" rel=\"license\">Licencia Creative Commons Atribuci\u00f3n-CompartirIgual 4.0 Internacional<\/a>.<\/p>\n","protected":false},"excerpt":{"rendered":"<p>1\u00a0\u00a0 Concepto de Paisaje 2\u00a0\u00a0 Visibilidad 3\u00a0 Escenograf\u00eda 4\u00a0\u00a0 Relieve 5\u00a0\u00a0 Ecolog\u00eda territorial 6\u00a0\u00a0 Usos y aprovechamientos de los recursos naturales 7\u00a0\u00a0 H\u00e1bitat humano e historia 8\u00a0\u00a0 Est\u00e9tica 9\u00a0\u00a0 Composici\u00f3n paisaj\u00edstica 10 Significados \u00b7\u00a0\u00a0\u00a0 Bibliograf\u00eda PAISAJE Y EVALUACI\u00d3N AMBIENTAL (2014) por David S\u00e1nchez Ramos se distribuye bajo una Licencia Creative Commons Atribuci\u00f3n-CompartirIgual 4.0 Internacional.<\/p>\n","protected":false},"author":47,"featured_media":0,"parent":0,"menu_order":0,"comment_status":"closed","ping_status":"closed","template":"","meta":{"footnotes":""},"class_list":["post-44","page","type-page","status-publish","hentry"],"_links":{"self":[{"href":"https:\/\/blog.uclm.es\/davidsanchezramos\/wp-json\/wp\/v2\/pages\/44","targetHints":{"allow":["GET"]}}],"collection":[{"href":"https:\/\/blog.uclm.es\/davidsanchezramos\/wp-json\/wp\/v2\/pages"}],"about":[{"href":"https:\/\/blog.uclm.es\/davidsanchezramos\/wp-json\/wp\/v2\/types\/page"}],"author":[{"embeddable":true,"href":"https:\/\/blog.uclm.es\/davidsanchezramos\/wp-json\/wp\/v2\/users\/47"}],"replies":[{"embeddable":true,"href":"https:\/\/blog.uclm.es\/davidsanchezramos\/wp-json\/wp\/v2\/comments?post=44"}],"version-history":[{"count":3,"href":"https:\/\/blog.uclm.es\/davidsanchezramos\/wp-json\/wp\/v2\/pages\/44\/revisions"}],"predecessor-version":[{"id":308,"href":"https:\/\/blog.uclm.es\/davidsanchezramos\/wp-json\/wp\/v2\/pages\/44\/revisions\/308"}],"wp:attachment":[{"href":"https:\/\/blog.uclm.es\/davidsanchezramos\/wp-json\/wp\/v2\/media?parent=44"}],"curies":[{"name":"wp","href":"https:\/\/api.w.org\/{rel}","templated":true}]}}