{"id":31,"date":"2013-12-11T10:55:06","date_gmt":"2013-12-11T09:55:06","guid":{"rendered":"http:\/\/blog.uclm.es\/davidsanchezramos\/?page_id=31"},"modified":"2026-03-23T10:25:11","modified_gmt":"2026-03-23T10:25:11","slug":"enlaces","status":"publish","type":"page","link":"https:\/\/blog.uclm.es\/davidsanchezramos\/enlaces\/","title":{"rendered":"ENLACES"},"content":{"rendered":"<div class=\"Section1\">\n<p><a href=\"https:\/\/orcid.org\/0000-0002-7967-4686\">Perfil de ORCID<\/a><\/p>\n<p><a href=\"https:\/\/publons.com\/researcher\/1245085\/david-sanchez-ramos\/\">Perfil de Researcher ID\/Publons<\/a><\/p>\n<p><a href=\"https:\/\/www.researchgate.net\/profile\/David_Sanchez-Ramos\">Perfil de ResearchGate<\/a><\/p>\n<p class=\"MsoNormal\"><a href=\"http:\/\/www.uclm.es\/\" target=\"_blank\" rel=\"noopener noreferrer\">Universidad de Castilla-La Mancha<\/a><\/p>\n<p class=\"MsoNormal\"><a href=\"https:\/\/www.uclm.es\/ciudad-real\/caminos\"><span class=\"SpellE\">E.T.S<\/span>. Ingenier\u00eda de Caminos, Canales y Puertos de Ciudad Real<\/a><\/p>\n<p class=\"MsoNormal\"><a href=\"http:\/\/biblioteca.uclm.es\/\" target=\"_blank\" rel=\"noopener noreferrer\">Biblioteca de la UCLM<\/a><\/p>\n<p class=\"MsoNormal\"><a href=\"https:\/\/www.uclm.es\/departamentos\/cytag\" target=\"_blank\" rel=\"noopener noreferrer\">Departamento de Ciencia y Tecnolog\u00eda Agroforestal y Gen\u00e9tica (UCLM)<\/a><\/p>\n<p class=\"MsoNormal\"><a href=\"https:\/\/www.uclm.es\/ciudad-real\/caminos\/Investigacion\/Hidroecologia\" target=\"_blank\" rel=\"noopener noreferrer\">Grupo de Investigaci\u00f3n en Hidroecolog\u00eda (UCLM)<\/a><\/p>\n<p class=\"MsoNormal\"><a href=\"https:\/\/crea.uclm.es\/grupos\/210\" target=\"_blank\" rel=\"noopener noreferrer\">Secci\u00f3n de humedales del Centro Regional de Estudios del Agua (CREA)<\/a><\/p>\n<p><a href=\"https:\/\/www.uclm.es\/ginnovacion\/REEDS\">Grupo de Innovaci\u00f3n Docente \u00abRed Ecosocial para la Educaci\u00f3n y el Desarrollo Sostenible\u00bb (REEDS)<\/a><\/p>\n<p class=\"MsoNormal\"><a href=\"http:\/\/www.ongawa.org\/\" target=\"_blank\" rel=\"noopener noreferrer\">ONGAWA &#8211; Ingenier\u00eda para el Desarrollo Humano<\/a><\/p>\n<p class=\"MsoNormal\"><a href=\"https:\/\/www.un-ihe.org\/\" target=\"_blank\" rel=\"noopener noreferrer\">UNESCO-IHE, Institute for Water Education (Delft, Holanda)<\/a><\/p>\n<p class=\"MsoNormal\"><a href=\"https:\/\/boku.ac.at\/en\/\" target=\"_blank\" rel=\"noopener noreferrer\">University of Natural Resources and Life Sciences (Viena, Austria)<\/a><\/p>\n<p class=\"MsoNormal\">\u00a0<\/p>\n<\/div>\n\n\n<p><\/p>\n","protected":false},"excerpt":{"rendered":"<p>Perfil de ORCID Perfil de Researcher ID\/Publons Perfil de ResearchGate Universidad de Castilla-La Mancha E.T.S. Ingenier\u00eda de Caminos, Canales y Puertos de Ciudad Real Biblioteca de la UCLM Departamento de Ciencia y Tecnolog\u00eda Agroforestal y Gen\u00e9tica (UCLM) Grupo de Investigaci\u00f3n en Hidroecolog\u00eda (UCLM) Secci\u00f3n de humedales del Centro Regional de Estudios del Agua (CREA) Grupo &hellip; <a href=\"https:\/\/blog.uclm.es\/davidsanchezramos\/enlaces\/\" class=\"more-link\">Seguir leyendo <span class=\"screen-reader-text\">ENLACES<\/span> <span class=\"meta-nav\">&rarr;<\/span><\/a><\/p>\n","protected":false},"author":47,"featured_media":0,"parent":0,"menu_order":0,"comment_status":"closed","ping_status":"open","template":"","meta":{"footnotes":""},"class_list":["post-31","page","type-page","status-publish","hentry"],"_links":{"self":[{"href":"https:\/\/blog.uclm.es\/davidsanchezramos\/wp-json\/wp\/v2\/pages\/31","targetHints":{"allow":["GET"]}}],"collection":[{"href":"https:\/\/blog.uclm.es\/davidsanchezramos\/wp-json\/wp\/v2\/pages"}],"about":[{"href":"https:\/\/blog.uclm.es\/davidsanchezramos\/wp-json\/wp\/v2\/types\/page"}],"author":[{"embeddable":true,"href":"https:\/\/blog.uclm.es\/davidsanchezramos\/wp-json\/wp\/v2\/users\/47"}],"replies":[{"embeddable":true,"href":"https:\/\/blog.uclm.es\/davidsanchezramos\/wp-json\/wp\/v2\/comments?post=31"}],"version-history":[{"count":3,"href":"https:\/\/blog.uclm.es\/davidsanchezramos\/wp-json\/wp\/v2\/pages\/31\/revisions"}],"predecessor-version":[{"id":324,"href":"https:\/\/blog.uclm.es\/davidsanchezramos\/wp-json\/wp\/v2\/pages\/31\/revisions\/324"}],"wp:attachment":[{"href":"https:\/\/blog.uclm.es\/davidsanchezramos\/wp-json\/wp\/v2\/media?parent=31"}],"curies":[{"name":"wp","href":"https:\/\/api.w.org\/{rel}","templated":true}]}}