{"id":175,"date":"2016-05-18T11:31:43","date_gmt":"2016-05-18T10:31:43","guid":{"rendered":"http:\/\/blog.uclm.es\/davidsanchezramos\/?page_id=175"},"modified":"2016-05-18T11:31:43","modified_gmt":"2016-05-18T10:31:43","slug":"ingenieriaambiental-contenidos","status":"publish","type":"page","link":"https:\/\/blog.uclm.es\/davidsanchezramos\/docencia\/ingenieriaambiental-contenidos\/","title":{"rendered":"INGENIER\u00cdA AMBIENTAL &#8211; Contenidos"},"content":{"rendered":"<h1><\/h1>\n<h1>1\u00a0\u00a0\u00a0\u00a0\u00a0\u00a0\u00a0\u00a0 Conceptos generales<\/h1>\n<h2>1.1\u00a0\u00a0\u00a0\u00a0\u00a0\u00a0 Ingenier\u00eda Ambiental y Sanitaria: Origen, evoluci\u00f3n y concepto<\/h2>\n<h2>1.2\u00a0\u00a0\u00a0\u00a0\u00a0\u00a0 Salud P\u00fablica y Demograf\u00eda Humana<\/h2>\n<h2>1.3\u00a0\u00a0\u00a0\u00a0\u00a0\u00a0 Conceptos b\u00e1sicos de Microbiolog\u00eda y Ecolog\u00eda<\/h2>\n<h1>2\u00a0\u00a0\u00a0\u00a0\u00a0\u00a0\u00a0\u00a0 Calidad de las aguas<\/h1>\n<h2>2.1\u00a0\u00a0\u00a0\u00a0\u00a0\u00a0 Gesti\u00f3n del agua<\/h2>\n<h2>\u00a0\u00a0\u00a0\u00a0\u00a0\u00a0\u00a0 2.1.1 Principios b\u00e1sicos y recursos h\u00eddricos<\/h2>\n<h2>\u00a0\u00a0\u00a0\u00a0\u00a0\u00a0\u00a0 2.1.2 Usos del agua<\/h2>\n<h2>2.2\u00a0\u00a0\u00a0\u00a0\u00a0\u00a0 El agua natural<\/h2>\n<h2>2.3\u00a0\u00a0\u00a0\u00a0\u00a0\u00a0 Contaminaci\u00f3n de las aguas<\/h2>\n<h2>2.4\u00a0\u00a0\u00a0\u00a0\u00a0\u00a0 Calidad del agua y su control<\/h2>\n<h2>2.5\u00a0\u00a0\u00a0\u00a0\u00a0\u00a0 Calidad del agua en r\u00edos<\/h2>\n<h2>2.6\u00a0\u00a0\u00a0\u00a0\u00a0\u00a0 Contaminaci\u00f3n de lagos, embalses y acu\u00edferos<\/h2>\n<h2><a href=\"https:\/\/blog.uclm.es\/davidsanchezramos\/wp-content\/uploads\/sites\/48\/2016\/05\/ING_AMBIENTAL_Bibliografia.pdf\">*\u00a0 Bibliograf\u00eda<\/a><\/h2>\n<p><a href=\"http:\/\/creativecommons.org\/licenses\/by-sa\/4.0\/\" rel=\"license\"><img decoding=\"async\" style=\"border-width: 0\" src=\"http:\/\/i.creativecommons.org\/l\/by-sa\/4.0\/88x31.png\" alt=\"Licencia Creative Commons\" \/><\/a><br \/>\nINGENIER\u00cdA AMBIENTAL (2015) por David S\u00e1nchez Ramos se distribuye bajo una <a href=\"http:\/\/creativecommons.org\/licenses\/by-sa\/4.0\/\" rel=\"license\">Licencia Creative Commons Atribuci\u00f3n-CompartirIgual 4.0 Internacional.<\/a><\/p>\n","protected":false},"excerpt":{"rendered":"<p>1\u00a0\u00a0\u00a0\u00a0\u00a0\u00a0\u00a0\u00a0 Conceptos generales 1.1\u00a0\u00a0\u00a0\u00a0\u00a0\u00a0 Ingenier\u00eda Ambiental y Sanitaria: Origen, evoluci\u00f3n y concepto 1.2\u00a0\u00a0\u00a0\u00a0\u00a0\u00a0 Salud P\u00fablica y Demograf\u00eda Humana 1.3\u00a0\u00a0\u00a0\u00a0\u00a0\u00a0 Conceptos b\u00e1sicos de Microbiolog\u00eda y Ecolog\u00eda 2\u00a0\u00a0\u00a0\u00a0\u00a0\u00a0\u00a0\u00a0 Calidad de las aguas 2.1\u00a0\u00a0\u00a0\u00a0\u00a0\u00a0 Gesti\u00f3n del agua \u00a0\u00a0\u00a0\u00a0\u00a0\u00a0\u00a0 2.1.1 Principios b\u00e1sicos y recursos h\u00eddricos \u00a0\u00a0\u00a0\u00a0\u00a0\u00a0\u00a0 2.1.2 Usos del agua 2.2\u00a0\u00a0\u00a0\u00a0\u00a0\u00a0 El agua natural 2.3\u00a0\u00a0\u00a0\u00a0\u00a0\u00a0 Contaminaci\u00f3n de las aguas &hellip; <a href=\"https:\/\/blog.uclm.es\/davidsanchezramos\/docencia\/ingenieriaambiental-contenidos\/\" class=\"more-link\">Seguir leyendo <span class=\"screen-reader-text\">INGENIER\u00cdA AMBIENTAL &#8211; Contenidos<\/span> <span class=\"meta-nav\">&rarr;<\/span><\/a><\/p>\n","protected":false},"author":47,"featured_media":0,"parent":33,"menu_order":0,"comment_status":"closed","ping_status":"closed","template":"","meta":{"footnotes":""},"class_list":["post-175","page","type-page","status-publish","hentry"],"_links":{"self":[{"href":"https:\/\/blog.uclm.es\/davidsanchezramos\/wp-json\/wp\/v2\/pages\/175","targetHints":{"allow":["GET"]}}],"collection":[{"href":"https:\/\/blog.uclm.es\/davidsanchezramos\/wp-json\/wp\/v2\/pages"}],"about":[{"href":"https:\/\/blog.uclm.es\/davidsanchezramos\/wp-json\/wp\/v2\/types\/page"}],"author":[{"embeddable":true,"href":"https:\/\/blog.uclm.es\/davidsanchezramos\/wp-json\/wp\/v2\/users\/47"}],"replies":[{"embeddable":true,"href":"https:\/\/blog.uclm.es\/davidsanchezramos\/wp-json\/wp\/v2\/comments?post=175"}],"version-history":[{"count":0,"href":"https:\/\/blog.uclm.es\/davidsanchezramos\/wp-json\/wp\/v2\/pages\/175\/revisions"}],"up":[{"embeddable":true,"href":"https:\/\/blog.uclm.es\/davidsanchezramos\/wp-json\/wp\/v2\/pages\/33"}],"wp:attachment":[{"href":"https:\/\/blog.uclm.es\/davidsanchezramos\/wp-json\/wp\/v2\/media?parent=175"}],"curies":[{"name":"wp","href":"https:\/\/api.w.org\/{rel}","templated":true}]}}