{"id":41,"date":"2012-12-22T10:29:15","date_gmt":"2012-12-22T09:29:15","guid":{"rendered":"http:\/\/blog.uclm.es\/danielmoya\/?page_id=41"},"modified":"2026-03-11T11:30:23","modified_gmt":"2026-03-11T11:30:23","slug":"ecofor","status":"publish","type":"page","link":"https:\/\/blog.uclm.es\/danielmoya\/ecofor\/","title":{"rendered":"ECOFOR"},"content":{"rendered":"<p><a href=\"https:\/\/www.uclm.es\/grupos\/ECOFOR\"><strong><em><span style=\"text-decoration: underline\">GRUPO DE INVESTIGACION en ECOLOGIA FORESTAL Y LIMNOLOGIA<\/span><\/em><\/strong><\/a><\/p>\n<p><strong>A\u00f1o de formaci\u00f3n: <\/strong>2001<\/p>\n<p><strong>Direcci\u00f3n: <\/strong>ETSIAMB\/INSTITUTO BOTANICO<\/p>\n<p>\u00a0<\/p>\n<div id=\"lineas\" class=\"col-xs-12 col-sm-12 no-padding-right row\">\n<div id=\"accordion-lineas\" class=\"col-xs-12 col-sm-12 no-padding panel-group\">\n<div class=\"panel panel-default estudios\">\n<div class=\"panel-heading no-padding-right\">\n<div class=\"panel-title fe-panel-titulo bg-grad-ing-arq\"><a class=\"accordion-toggle\" href=\"https:\/\/www.uclm.es\/es\/grupos\/ECOFOR\/Presentacion\/LineasdeInvestigacionEcofor\" data-toggle=\"collapse\" data-parent=\"#accordion-lineas\"><span class=\"fe-panel-titulo-texto\">L\u00edneas de investigacion<\/span><\/a><\/div>\n<\/div>\n<div id=\"detalle-lineas\" class=\"panel-collapse collapse in\">\n<div class=\"panel-body estudios no-padding\">\n<div>\n<div class=\"col-sm-12 no-padding margen-bottom-20\">\n<ul>\n<li>Valoraci\u00f3n de vulnerabilidad y resiliencia de ecosistemas forestales Mediterr\u00e1neos a perturbaciones (incendios)<\/li>\n<li>Restauraci\u00f3n forestal post-incendio<\/li>\n<li>Quemas prescritas como herramienta de manejo de combustible<\/li>\n<\/ul>\n<\/div>\n<\/div>\n<\/div>\n<\/div>\n<\/div>\n<\/div>\n<\/div>\n<p><strong>Las l\u00edneas de investigaci\u00f3n de este grupo se alinean con la\u00a0<acronym title=\"Research and Innovation Smart Specialisation Strategy \u2013 Estrategia de Especializaci\u00f3n Inteligente en Investigaci\u00f3n e Innovaci\u00f3n\">RIS3<\/acronym> de Castilla-La Mancha en los sectores : <\/strong>turismo y cultura + medio ambiente y energ\u00eda<\/p>\n<p>En uno de los muchos intentos de rentabilizar la econom\u00eda rural, los poderes p\u00fablicos han intentado derivar a ella actividades de ocio medioambiental (turismo rural). Para el mantenimiento y la promoci\u00f3n del sector tur\u00edstico en Castilla-La Mancha es necesaria la conservaci\u00f3n de su importante patrimonio natural, as\u00ed como la restauraci\u00f3n del mismo, una vez haya sido sometido a perturbaciones severas como son los incendios forestales.<br \/><strong><a href=\"http:\/\/ris3.castillalamancha.es\/que-es-la-ris3\" target=\"_blank\" rel=\"noopener noreferrer\">\u00bfQu\u00e9 es la\u00a0<acronym title=\"Research and Innovation Smart Specialisation Strategy \u2013 Estrategia de Especializaci\u00f3n Inteligente en Investigaci\u00f3n e Innovaci\u00f3n\">RIS3<\/acronym>?<\/a><\/strong><\/p>\n<p><a href=\"https:\/\/www.uclm.es\/es\/grupos\/ECOFOR\/Miembros\"><strong><em><span style=\"text-decoration: underline\">Personal<\/span><\/em><\/strong><\/a><\/p>\n\n\n<p><\/p>\n","protected":false},"excerpt":{"rendered":"<p>GRUPO DE INVESTIGACION en ECOLOGIA FORESTAL Y LIMNOLOGIA A\u00f1o de formaci\u00f3n: 2001 Direcci\u00f3n: ETSIAMB\/INSTITUTO BOTANICO \u00a0 L\u00edneas de investigacion Valoraci\u00f3n de vulnerabilidad y resiliencia de ecosistemas forestales Mediterr\u00e1neos a perturbaciones (incendios) Restauraci\u00f3n forestal post-incendio Quemas prescritas como herramienta de manejo de combustible Las l\u00edneas de investigaci\u00f3n de este grupo se alinean con la\u00a0RIS3 de Castilla-La &hellip; <a href=\"https:\/\/blog.uclm.es\/danielmoya\/ecofor\/\" class=\"more-link\">Seguir leyendo <span class=\"screen-reader-text\">ECOFOR<\/span> <span class=\"meta-nav\">&rarr;<\/span><\/a><\/p>\n","protected":false},"author":161,"featured_media":0,"parent":0,"menu_order":0,"comment_status":"closed","ping_status":"open","template":"","meta":{"footnotes":""},"class_list":["post-41","page","type-page","status-publish","hentry"],"_links":{"self":[{"href":"https:\/\/blog.uclm.es\/danielmoya\/wp-json\/wp\/v2\/pages\/41","targetHints":{"allow":["GET"]}}],"collection":[{"href":"https:\/\/blog.uclm.es\/danielmoya\/wp-json\/wp\/v2\/pages"}],"about":[{"href":"https:\/\/blog.uclm.es\/danielmoya\/wp-json\/wp\/v2\/types\/page"}],"author":[{"embeddable":true,"href":"https:\/\/blog.uclm.es\/danielmoya\/wp-json\/wp\/v2\/users\/161"}],"replies":[{"embeddable":true,"href":"https:\/\/blog.uclm.es\/danielmoya\/wp-json\/wp\/v2\/comments?post=41"}],"version-history":[{"count":5,"href":"https:\/\/blog.uclm.es\/danielmoya\/wp-json\/wp\/v2\/pages\/41\/revisions"}],"predecessor-version":[{"id":637,"href":"https:\/\/blog.uclm.es\/danielmoya\/wp-json\/wp\/v2\/pages\/41\/revisions\/637"}],"wp:attachment":[{"href":"https:\/\/blog.uclm.es\/danielmoya\/wp-json\/wp\/v2\/media?parent=41"}],"curies":[{"name":"wp","href":"https:\/\/api.w.org\/{rel}","templated":true}]}}