{"id":120,"date":"2013-02-03T11:13:17","date_gmt":"2013-02-03T10:13:17","guid":{"rendered":"http:\/\/blog.uclm.es\/danielmoya\/?page_id=120"},"modified":"2025-02-05T09:08:42","modified_gmt":"2025-02-05T09:08:42","slug":"presentacion","status":"publish","type":"page","link":"https:\/\/blog.uclm.es\/danielmoya\/","title":{"rendered":"PRESENTACION"},"content":{"rendered":"<div class=\"x_elementToProof\" data-ogsc=\"rgb(0, 0, 0)\" data-olk-copy-source=\"MessageBody\">Catedr\u00e1tico de Universidad en el Departamento de Producci\u00f3n Vegetal y Tecnolog\u00eda Agraria de la UCLM, siendo<\/div>\n<ul>\n<li style=\"list-style-type: none\">\n<ul>\n<li data-ogsc=\"rgb(0, 0, 0)\">Docente colaborador en las asignaturas de Geobot\u00e1nica, Jardiner\u00eda y Paisajismo, Estrategias de Conservaci\u00f3n del Medio Natural (Grado Ingeniero Forestal y Medio Natural impartido en ETSIAMB de Albacete), Industrias de la Celulosa, Papel y Resina (M\u00e1ster Ingeniero de Montes impartido en ETSIAMB de Albacete), Bot\u00e1nica y ecolog\u00eda aplicada (Grado en Maestro Educaci\u00f3n Primaria en Facultad de Educaci\u00f3n de Albacete) y Bot\u00e1nica (Grado en Farmacia en Facultad de Farmacia de Albacete).<\/li>\n<li data-ogsc=\"rgb(0, 0, 0)\">Investigador en el grupo de investigaci\u00f3n ECOFOR (ecolog\u00eda forestal y limnolog\u00eda) y se centra en la ecolog\u00eda del fuego aplicada a la gesti\u00f3n y restauraci\u00f3n de montes, en especial aquellos situados en \u00e1reas propensas a incendios (Regi\u00f3n Mediterr\u00e1nea) y\/o han sido afectados por dicha perturbaci\u00f3n. Los procesos que estudio se centran en la regeneraci\u00f3n tras incendio, las medidas a emplear para fomentar una gesti\u00f3n sostenible y el manejo forestal adecuado mediante el estudio de las relaciones en las interfaces suelo-planta y el efecto de diversas herramientas de gesti\u00f3n. Actualmente soy integrante de la secci\u00f3n \u201cBiolog\u00eda de conservaci\u00f3n de plantas y ecolog\u00eda vegetal\u201d del Instituto Bot\u00e1nico del JBCLM.<\/li>\n<\/ul>\n<\/li>\n<\/ul>\n<div class=\"x_elementToProof\" data-ogsc=\"rgb(0, 0, 0)\"><\/div>\n<div class=\"x_elementToProof\" data-ogsc=\"rgb(0, 0, 0)\">Mi formaci\u00f3n es Ingeniero T\u00e9cnico Forestal (UCLM, 1999), Licenciado en Ciencias Ambientales (UPV, 2002) con proyecto fin de carrera realizado en Larenstein (Arnhem, Holanda) y Doctor en Ciencias Agrarias (UCLM, 2008) con menci\u00f3n doctor europeo con estancia en la Universita della Basilicata.\u00a0 (3 meses). He realizado estancias de investigaci\u00f3n en Universita degli Studi della Basilicata situada en Potenza (Italia), en la Pacific Southwestern Station del USDA FS en Riverside, California (USA) , en la Universidad Aut\u00f3noma de Barcelona (en CREAF), en Ljubliana (Slovenia), Porto (Portugal) Torino\u00a0 y Firenze (Italia). He obtenido una Beca Marie Curie para foramcion en Brandenburg Technical University de Cottbus (Alemania), Premio COST (Conference Grant for Early Stage Researchers) y una Travel Grant Award de la International Association of Fire Ecology (USA).<\/div>\n<div class=\"x_elementToProof\" data-ogsc=\"rgb(0, 0, 0)\">Desde 2003 trabajo para la UCLM en varios puestos, siendo investigador principal en 6 proyectos de \u00e1mbito regional y 3 nacional, colaborador en 3 proyectos europeos, 11 nacionales y 4 regionales. He participado como investigador colaborador en 2 proyectos nacionales de educaci\u00f3n y divulgaci\u00f3n (FECYT), liderado 1 proyecto de innovaci\u00f3n docente y colaborador en 4.<\/div>\n<div class=\"x_elementToProof\" data-ogsc=\"rgb(0, 0, 0)\">Adem\u00e1s, he colaborado en la petici\u00f3n y realizaci\u00f3n de 1 acci\u00f3n especial, 1 planta piloto, 3 ayudas a grupo de investigaci\u00f3n, 11 convenios de investigaci\u00f3n, 5 contratos de asistencia t\u00e9cnica y 3 convenios especiales de investigaci\u00f3n. Soy autor de 72 art\u00edculos\u00a0cient\u00edficos indexados en revistas internacionales, 17 en revistas no indexadas en JCR, 16 cap\u00edtulos de libro, 6 art\u00edculos de divulgaci\u00f3n y 15 apariciones en medios de divulgaci\u00f3n, m\u00e1s de 120 aportaciones a congresos nacionales (53) e internacionales (92) y m\u00e1s de 175 revisiones de art\u00edculos internacionales indexados. Editor de 2 revistas internacionales indexadas JCR y otra en DOAJ.<\/div>\n","protected":false},"excerpt":{"rendered":"<p>Catedr\u00e1tico de Universidad en el Departamento de Producci\u00f3n Vegetal y Tecnolog\u00eda Agraria de la UCLM, siendo Docente colaborador en las asignaturas de Geobot\u00e1nica, Jardiner\u00eda y Paisajismo, Estrategias de Conservaci\u00f3n del Medio Natural (Grado Ingeniero Forestal y Medio Natural impartido en ETSIAMB de Albacete), Industrias de la Celulosa, Papel y Resina (M\u00e1ster Ingeniero de Montes impartido &hellip; <a href=\"https:\/\/blog.uclm.es\/danielmoya\/\" class=\"more-link\">Seguir leyendo <span class=\"screen-reader-text\">PRESENTACION<\/span> <span class=\"meta-nav\">&rarr;<\/span><\/a><\/p>\n","protected":false},"author":161,"featured_media":0,"parent":0,"menu_order":0,"comment_status":"closed","ping_status":"open","template":"","meta":{"footnotes":""},"class_list":["post-120","page","type-page","status-publish","hentry"],"_links":{"self":[{"href":"https:\/\/blog.uclm.es\/danielmoya\/wp-json\/wp\/v2\/pages\/120","targetHints":{"allow":["GET"]}}],"collection":[{"href":"https:\/\/blog.uclm.es\/danielmoya\/wp-json\/wp\/v2\/pages"}],"about":[{"href":"https:\/\/blog.uclm.es\/danielmoya\/wp-json\/wp\/v2\/types\/page"}],"author":[{"embeddable":true,"href":"https:\/\/blog.uclm.es\/danielmoya\/wp-json\/wp\/v2\/users\/161"}],"replies":[{"embeddable":true,"href":"https:\/\/blog.uclm.es\/danielmoya\/wp-json\/wp\/v2\/comments?post=120"}],"version-history":[{"count":4,"href":"https:\/\/blog.uclm.es\/danielmoya\/wp-json\/wp\/v2\/pages\/120\/revisions"}],"predecessor-version":[{"id":604,"href":"https:\/\/blog.uclm.es\/danielmoya\/wp-json\/wp\/v2\/pages\/120\/revisions\/604"}],"wp:attachment":[{"href":"https:\/\/blog.uclm.es\/danielmoya\/wp-json\/wp\/v2\/media?parent=120"}],"curies":[{"name":"wp","href":"https:\/\/api.w.org\/{rel}","templated":true}]}}