{"id":520,"date":"2024-06-13T10:28:09","date_gmt":"2024-06-13T08:28:09","guid":{"rendered":"https:\/\/blog.uclm.es\/cristinasolares\/?page_id=520"},"modified":"2025-12-07T18:34:47","modified_gmt":"2025-12-07T17:34:47","slug":"material-docente","status":"publish","type":"page","link":"https:\/\/blog.uclm.es\/cristinasolares\/material-docente\/","title":{"rendered":"Material Docente"},"content":{"rendered":"\n<h4 class=\"wp-block-heading\"><strong>Material Docente<\/strong><\/h4>\n\n\n\n<p><strong><mark style=\"background-color:#ffe2c7\" class=\"has-inline-color has-foreground-color\">INSTRUMENTOS MATEM\u00c1TICOS E INFORM\u00c1TICOS PARA LA INGENIER\u00cdA<\/mark><\/strong><\/p>\n\n\n\n<p>INTRODUCCI\u00d3N A LA PROGRAMACI\u00d3N CON PYTHON<\/p>\n\n\n\n<p>Tema 1 (Introducci\u00f3n. Inici\u00e1ndose en Python) | Tema 2 (Listas, Tuplas, Diccionarios y Conjuntos. Vectores y Matrices) | Tema 3 (Funciones) | Tema 4 (Gr\u00e1ficos 2D) | Tema 5 <a href=\"https:\/\/blog.uclm.es\/cristinasolares\/wp-content\/uploads\/sites\/287\/2024\/06\/Tema7.pdf\">(<\/a>Gr\u00e1ficos 3D) | Tema 6 (Programaci\u00f3n) |<\/p>\n\n\n\n<p>Bibliograf\u00eda<\/p>\n\n\n\n<ul class=\"wp-block-list\">\n<li><a href=\"https:\/\/www.python.org\/doc\/\">Documentaci\u00f3n oficial<\/a>.<\/li>\n\n\n\n<li>Programming Python 3. SecondEdition. Mark Summerfield. Addison-Wesley, 2010.<\/li>\n\n\n\n<li>El tutorial de Python. Guido Van Rossum, 2016. <a href=\"http:\/\/tutorial.python.org.ar\/\"><\/a><a href=\"https:\/\/web.archive.org\/web\/20161219042859\/http:\/\/docs.python.org.ar\/tutorial\/pdfs\/TutorialPython3.pdf\"><\/a><a href=\"https:\/\/web.archive.org\/web\/20161219042859\/http:\/\/docs.python.org.ar\/tutorial\/pdfs\/TutorialPython3.pdf\">Wayback Machine<\/a><\/li>\n\n\n\n<li>Apuntes de Python 3. Ernesto Aranda, 2018.<\/li>\n\n\n\n<li>Introducci\u00f3n a la programaci\u00f3n con Python 3. <a href=\"https:\/\/archive.org\/details\/2014IntroduccionALaProgramacionConPython3\">Internet Archive<\/a>.<\/li>\n\n\n\n<li><a href=\"https:\/\/ocw.mit.edu\/courses\/6-0001-introduction-to-computer-science-and-programming-in-python-fall-2016\/\">Introduction to Computer Science and Programming in Python<\/a>. MIT 2016.<\/li>\n<\/ul>\n\n\n\n<p>C\u00c1LCULO DE UNA VARIABLE CON PYTHON<\/p>\n\n\n\n<p>Tema 1 (N\u00fameros Reales) | Tema 2 (N\u00fameros Complejos) | Tema 3 (Sucesiones. Series de n\u00fameros reales.) | Tema 4 (Funciones reales de variable real) | Tema 5 <a href=\"https:\/\/blog.uclm.es\/cristinasolares\/wp-content\/uploads\/sites\/287\/2024\/06\/Tema7.pdf\">(<\/a>C\u00e1lculo Integral) | Tema 6 (Series de potencias) |<\/p>\n\n\n\n<p>Bibliograf\u00eda<\/p>\n\n\n\n<ul class=\"wp-block-list\">\n<li>Exploring University Mathematics with Python. Siri Chongchitnan, Springer, 2023<\/li>\n\n\n\n<li><a href=\"https:\/\/personales.unican.es\/alvareze\/\">Elena Alvarez (unican.es)<\/a><\/li>\n\n\n\n<li><a href=\"https:\/\/ocw.mit.edu\/courses\/res-18-005-highlights-of-calculus-spring-2010\/video_galleries\/highlights_of_calculus\/\">Gilbert Strang (MIT)<\/a><\/li>\n\n\n\n<li>Art\u00edculos sobre ense\u00f1anza y aprendizaje de Matem\u00e1ticas del profesor Guershon Harel (UC San Diego).<\/li>\n\n\n\n<li>Art\u00edculos de investigaci\u00f3n en Did\u00e1ctica de la Matem\u00e1tica de la profesora Mar\u00eda Trigueros (ITAM &#8211; Instituto Tecnol\u00f3gico Aut\u00f3nomo de M\u00e9xico).<\/li>\n\n\n\n<li>C\u00e1lculo de una variable. J. Rogawski, Revert\u00e9, 2012.<\/li>\n\n\n\n<li>C\u00e1lculo 1 de Una Variable. Ron Larson y Bruce H. Edwards, McGraw-Hill, 2010. <\/li>\n\n\n\n<li>C\u00e1lculo I. Jos\u00e9 Ram\u00f3n Franco Bra\u00f1as, 2001.<\/li>\n\n\n\n<li>C\u00e1lculo I : Teor\u00eda y Problemas de An\u00e1lisis Matem\u00e1tico en una Variable. Alfonsa Garc\u00eda L\u00f3pez, CLAGSA, 2011.<\/li>\n\n\n\n<li>Problemas de C\u00e1lculo de una Variable. E. Aranda, F. Ure\u00f1a, Bubok Publishing, 2008.<\/li>\n\n\n\n<li>C\u00e1lculo de una variable : Trascendentes tempranas. J. Stewart, International Thomson, 2001.&nbsp;<\/li>\n\n\n\n<li>Apuntes de Python 3. Ernesto Aranda, 2018.<\/li>\n<\/ul>\n\n\n\n<p>M\u00c9TODOS NUM\u00c9RICOS CON PYTHON<\/p>\n\n\n\n<p>Tema 1 (Ecuaciones no lineales y su resoluci\u00f3n num\u00e9rica)  | Tema 2 (Aproximaci\u00f3n e Interpolaci\u00f3n Polin\u00f3mica de Funciones y Datos) | Tema 3 (Integraci\u00f3n num\u00e9rica) | Tema 4 <a href=\"https:\/\/blog.uclm.es\/cristinasolares\/wp-content\/uploads\/sites\/287\/2024\/06\/Tema7.pdf\">(<\/a>Derivaci\u00f3n num\u00e9rica) |<\/p>\n\n\n\n<p>Bibliograf\u00eda<\/p>\n\n\n\n<ul class=\"wp-block-list\">\n<li>Numerical Methods in Engineering with Python 3. Jaan Kiusalaas, Cambridge University Press, 2013.<\/li>\n\n\n\n<li>Applied Numerical Methods with Python for Engineers and Scientists ISE. Steven C. Chapra and&nbsp;David E. Clough, McGraw Hill, 2021.<\/li>\n\n\n\n<li>Diez Lecciones de C\u00e1lculo Num\u00e9rico. J. M. Sanz-Serna, Universidad de Valladolid, 2001.<\/li>\n\n\n\n<li>Python Programming And Numerical Methods: A Guide For Engineers And Scientists. <a href=\"https:\/\/pythonnumericalmethods.studentorg.berkeley.edu\/notebooks\/Index.html\">Python Programming And Numerical Methods: A Guide For Engineers And Scientists \u2014 Python Numerical Methods<\/a>.<\/li>\n\n\n\n<li>Introduction to Numerical Methods. <a href=\"https:\/\/ocw.mit.edu\/courses\/18-335j-introduction-to-numerical-methods-spring-2019\/\">Introduction to Numerical Methods | Mathematics | MIT OpenCourseWare<\/a>.<\/li>\n\n\n\n<li>An\u00e1lisis Num\u00e9rico. Richard L. Burden, Douglas J. Faires and Annette M. Burden, CENGAGE Learning, 2017.<\/li>\n<\/ul>\n\n\n\n<p><strong><mark style=\"background-color:#ffe2c7\" class=\"has-inline-color has-foreground-color\">\u00c1LGEBRA LINEAL Y GEOMETR\u00cdA ANAL\u00cdTICA<\/mark><\/strong><\/p>\n\n\n\n<p>GEOMETR\u00cdA ANAL\u00cdTICA CON GEOGEBRA<\/p>\n\n\n\n<p class=\"has-text-align-left\">Tema 1 (Geometr\u00eda Plano) | Tema 2 (Circunferencia) | <a href=\"https:\/\/blog.uclm.es\/cristinasolares\/wp-content\/uploads\/sites\/287\/2025\/12\/TransparenciasGeometria2526_TemaIII.pdf\" data-type=\"attachment\" data-id=\"1137\">Tema 3 (C\u00f3nicas)<\/a> | <a href=\"https:\/\/blog.uclm.es\/cristinasolares\/wp-content\/uploads\/sites\/287\/2025\/12\/Elipse.mp4\" data-type=\"attachment\" data-id=\"1146\">Elipse (Geogebra)<\/a> | <a href=\"https:\/\/blog.uclm.es\/cristinasolares\/wp-content\/uploads\/sites\/287\/2025\/12\/Parabola.mp4\" data-type=\"attachment\" data-id=\"1147\">Par\u00e1bola (Geogebra)<\/a> | <a href=\"https:\/\/blog.uclm.es\/cristinasolares\/wp-content\/uploads\/sites\/287\/2025\/12\/Hiperbola.mp4\" data-type=\"attachment\" data-id=\"1145\">Hip\u00e9rbola (Geogebra)<\/a> | <a href=\"https:\/\/blog.uclm.es\/cristinasolares\/wp-content\/uploads\/sites\/287\/2025\/12\/ConicasEc.mp4\" data-type=\"attachment\" data-id=\"1143\">Ecuaci\u00f3n c\u00f3nica (Geogebra)<\/a> | <a href=\"https:\/\/blog.uclm.es\/cristinasolares\/wp-content\/uploads\/sites\/287\/2025\/12\/ConicasLG.mp4\" data-type=\"attachment\" data-id=\"1144\">Lugar geom\u00e9trico c\u00f3nicas (Geogebra)<\/a> | Tema 4 (Geometr\u00eda Espacio) | Tema 5 (Geometr\u00eda Espacio) | <a href=\"https:\/\/blog.uclm.es\/cristinasolares\/wp-content\/uploads\/sites\/287\/2025\/12\/TransparenciasGeometria2025_TemaVI.pdf\" data-type=\"attachment\" data-id=\"1140\">Tema 6 (Cu\u00e1dricas)<\/a> | <a href=\"https:\/\/blog.uclm.es\/cristinasolares\/wp-content\/uploads\/sites\/287\/2025\/12\/Cuadricas.mp4\" data-type=\"attachment\" data-id=\"1151\">Cu\u00e1dricas I (Geogebra)<\/a> | <a href=\"https:\/\/blog.uclm.es\/cristinasolares\/wp-content\/uploads\/sites\/287\/2025\/12\/CuadricasParametricas.mp4\" data-type=\"attachment\" data-id=\"1152\">Cu\u00e1dricas II (Geogebra)<\/a> |<\/p>\n\n\n\n<h6 class=\"wp-block-heading\">Bibliograf\u00eda<\/h6>\n\n\n\n<p style=\"font-size:0.8rem\">Transparencias creadas a partir de los apuntes elaborados por los profesores Enrique Castillo y Cristina Solares para la asignatura Geometr\u00eda Aplicada de la titulaci\u00f3n Ingeniero de Caminos, Canales y Puertos , Universidad de Castilla-La Mancha, y el libro de Geometr\u00eda Anal\u00edtica elaborado por el profesor Jos\u00e9 Rodr\u00edguez de la Universidad de Cantabria.<\/p>\n\n\n\n<ul class=\"wp-block-list\">\n<li>Teor\u00eda y Pr\u00e1ctica de Geometr\u00eda Anal\u00edtica. Jos\u00e9 Rodr\u00edguez, &nbsp;E.T.S. de Ingenieros de Caminos, Canales y Puertos, Universidad de Cantabria, 1991.<\/li>\n\n\n\n<li>Algebra y Geometr\u00eda. Eugenio Hernandez, Addison-Wesley, 2003.<\/li>\n\n\n\n<li>Curvas y superficies : [Definiciones, Teoremas y Resultados]. Juan de Burgos Rom\u00e1n, Garc\u00eda-Maroto, 2008.<\/li>\n\n\n\n<li>Algebra y geometr\u00eda anal\u00edtica. Francisco Granero Rodr\u00edguez, McGraw-Hill, 1994.<\/li>\n\n\n\n<li>Analytic Geometry. Doublas F. Riddle, Thomson Editores, 1996.<\/li>\n\n\n\n<li>Geometr\u00eda Anal\u00edtica y Diferencial. Juan de Burgos Rom\u00e1n, Garc\u00eda-Maroto, 2011.<\/li>\n\n\n\n<li>Geometr\u00eda en el Espacio. Juan de Burgos Rom\u00e1n, Garc\u00eda-Maroto, 2011.<\/li>\n\n\n\n<li><a href=\"http:\/\/algebra.frlp.utn.edu.ar\/apuntes.html\">\u00c1lgebra y Geometr\u00eda Anal\u00edtica (utn.edu.ar<\/a>)<\/li>\n\n\n\n<li>Exploring Analytic Geometry with Mathematica. Donald L. Vossler, Academic Press, 1999.<\/li>\n\n\n\n<li>Teor\u00eda y Problemas de Geometr\u00eda Anal\u00edtica (Serie Schaum). Joseph H. Kindle, McGrawHill.<\/li>\n<\/ul>\n\n\n\n<p>C\u00c1LCULO DE VARIAS VARIABLES CON PYTHON<\/p>\n\n\n\n<p>Bibliograf\u00eda<\/p>\n\n\n\n<ul class=\"wp-block-list\">\n<li><a href=\"https:\/\/personales.unican.es\/alvareze\/\">Elena Alvarez (unican.es)<\/a><\/li>\n\n\n\n<li><a href=\"https:\/\/ocw.mit.edu\/courses\/res-18-005-highlights-of-calculus-spring-2010\/video_galleries\/highlights_of_calculus\/\">Gilbert Strang (MIT)<\/a><\/li>\n\n\n\n<li>C\u00e1lculo de Varias Variables. Jon Rogawski, Revert\u00e9, 2012.<\/li>\n\n\n\n<li>Problemas de C\u00e1lculo Vectorial. Ernesto Aranda, Lulu.com, 2009.<\/li>\n\n\n\n<li>C\u00e1lculo Vectorial. Jerrold E. Marsden, Pearson Educaci\u00f3n, 2004.<\/li>\n\n\n\n<li>C\u00e1lculo multivariable. James Stewart, Thomson Learning, 2003.<\/li>\n\n\n\n<li>C\u00e1lculo II de varias variables. Ron Larson, McGraw-Hill, 2006.<\/li>\n\n\n\n<li>Art\u00edculos de investigaci\u00f3n en Did\u00e1ctica de la Matem\u00e1tica de la profesora Mar\u00eda Trigueros (ITAM \u2013 Instituto Tecnol\u00f3gico Aut\u00f3nomo de M\u00e9xico).<\/li>\n\n\n\n<li>Art\u00edculos sobre ense\u00f1anza y aprendizaje de Matem\u00e1ticas del profesor Guershon Harel (UC San Diego).<\/li>\n\n\n\n<li><a href=\"https:\/\/mathinsight.org\/\">Math Insight<\/a><\/li>\n<\/ul>\n\n\n\n<p><strong><mark class=\"has-inline-color has-foreground-color\">HERRAMIENTAS MATEM\u00c1TICO-INFORM\u00c1TICAS PARA LA INGENIER\u00cdA<\/mark><\/strong><\/p>\n\n\n\n<h5 class=\"wp-block-heading\"><strong>Matlab<\/strong><\/h5>\n\n\n\n<div class=\"wp-block-group is-layout-constrained wp-block-group-is-layout-constrained\">\n<p><a href=\"https:\/\/blog.uclm.es\/cristinasolares\/wp-content\/uploads\/sites\/287\/2024\/06\/IntroMatlab.pdf\">Introducci\u00f3n <\/a> | <a href=\"https:\/\/blog.uclm.es\/cristinasolares\/wp-content\/uploads\/sites\/287\/2024\/06\/Tema1Matlab.pdf\">Tema 1<\/a> | <a href=\"https:\/\/blog.uclm.es\/cristinasolares\/wp-content\/uploads\/sites\/287\/2024\/06\/Tema2-Matlab.pdf\">Tema 2<\/a> | <a href=\"https:\/\/blog.uclm.es\/cristinasolares\/wp-content\/uploads\/sites\/287\/2024\/06\/Tema-3-Matlab.pdf\">Tema 3<\/a> | <a href=\"https:\/\/blog.uclm.es\/cristinasolares\/wp-content\/uploads\/sites\/287\/2024\/06\/Tema4.pdf\">Tema 4<\/a> | <a href=\"https:\/\/blog.uclm.es\/cristinasolares\/wp-content\/uploads\/sites\/287\/2024\/07\/TransparenciasMatlab2021_ParteV.pdf\">Tema5<\/a> | <a href=\"https:\/\/blog.uclm.es\/cristinasolares\/wp-content\/uploads\/sites\/287\/2024\/07\/TransparenciasMatlab2022_ParteVI.pdf\">Tema 6<\/a> | <a href=\"https:\/\/blog.uclm.es\/cristinasolares\/wp-content\/uploads\/sites\/287\/2024\/09\/Entrega2P11516.pdf\">Pr\u00e1ctica (2015)<\/a> | <a href=\"https:\/\/blog.uclm.es\/cristinasolares\/wp-content\/uploads\/sites\/287\/2024\/09\/Entrega2P11617.pdf\">Pr\u00e1ctica (2016)<\/a> | <a href=\"https:\/\/blog.uclm.es\/cristinasolares\/wp-content\/uploads\/sites\/287\/2024\/09\/Entrega2P1_2017.pdf\">Pr\u00e1ctica (2017<\/a>) | <a href=\"https:\/\/blog.uclm.es\/cristinasolares\/wp-content\/uploads\/sites\/287\/2024\/09\/Entrega1P1_1819.pdf\">Pr\u00e1ctica (2018)<\/a> | <a href=\"https:\/\/blog.uclm.es\/cristinasolares\/wp-content\/uploads\/sites\/287\/2024\/09\/Entrega1P11920.pdf\">Practica (2019)<\/a> | <a href=\"https:\/\/blog.uclm.es\/cristinasolares\/wp-content\/uploads\/sites\/287\/2024\/09\/Entrega1P12021.pdf\">Pr\u00e1ctica (2020)<\/a> | <a href=\"https:\/\/blog.uclm.es\/cristinasolares\/wp-content\/uploads\/sites\/287\/2024\/07\/PracticaIIINuevo.pdf\">Pr\u00e1ctica (2021)<\/a> |<\/p>\n\n\n\n<h6 class=\"wp-block-heading\">Bibliograf\u00eda<\/h6>\n<\/div>\n\n\n\n<ul class=\"wp-block-list\">\n<li>MATLAB for Engineers. Holly Moore, Pearson Education, 2019<\/li>\n\n\n\n<li>MATLAB Symbolic Algebra and Calculus Tools. C\u00e9sar P\u00e9rez L\u00f3pez, Springer, 2014.<\/li>\n\n\n\n<li>Matlab y sus Aplicaciones en las Ciencias y la Ingenier\u00eda. C\u00e9sar P\u00e9rez L\u00f3pez, Prentice Hall, 2002.<\/li>\n\n\n\n<li>Introducci\u00f3n a Matlab y sus Aplicaciones: Una Gu\u00eda Sencilla. Peregrina Quintela Est\u00e9vez, Universidades, Servicio de Publicaciones e Interca, 1997.<\/li>\n\n\n\n<li>MATLAB : A Practical Introduction to Programming and Problem Solving. Stormy Attaway, Butterworth-Heinemann, 2019.<\/li>\n\n\n\n<li>Introduction to MATLAB for Engineers. William J. Palm III, McGrawHill, 2011.<\/li>\n\n\n\n<li>Matlab. Una Introducci\u00f3n con Ejemplos Pr\u00e1cticos. Amos Gilat, Editorial Revert\u00e9, 2006.<\/li>\n\n\n\n<li>Inform\u00e1tica Aplicada a las Ciencias y a las Ingenier\u00edas. Henar Herrero, A. D\u00edaz, Universidad de Castilla-La Mancha, 2004.<\/li>\n\n\n\n<li>Curso de MATLAB elaborado por el profesor \u00c1lvaro Gal\u00e1n.<\/li>\n<\/ul>\n\n\n\n<h5 class=\"wp-block-heading\"><strong>GEOMETR\u00cdA ANAL\u00cdTICA<\/strong><\/h5>\n\n\n\n<p><a href=\"https:\/\/blog.uclm.es\/cristinasolares\/wp-content\/uploads\/sites\/287\/2024\/09\/TransparenciasGeometria2122_Tema1.pdf\">Tema 1 (Geometr\u00eda Plano)<\/a> | <a href=\"https:\/\/blog.uclm.es\/cristinasolares\/wp-content\/uploads\/sites\/287\/2024\/07\/TransparenciasGeometria2122_TemaII.pdf\">Tema 2 (Circunferencia<\/a>) | <a href=\"https:\/\/youtu.be\/Khw3Z7cqRX4\">V\u00eddeo1(Matlab)<\/a> | <a href=\"https:\/\/blog.uclm.es\/cristinasolares\/wp-content\/uploads\/sites\/287\/2024\/06\/Tema3-Conicas.pdf\">Tema 3 (C\u00f3nicas<\/a>) | <a href=\"https:\/\/blog.uclm.es\/cristinasolares\/wp-content\/uploads\/sites\/287\/2024\/10\/TransparenciasGeometria2425_TemaIV-V.pdf\">Temas 4-5 (Geometr\u00eda Espacio)<\/a> | <a href=\"https:\/\/blog.uclm.es\/cristinasolares\/wp-content\/uploads\/sites\/287\/2024\/07\/TransparenciasGeometria2122_TemaVI.pdf\">Tema 6 (Cu\u00e1dricas)<\/a> | <a href=\"https:\/\/www.mathworks.com\/matlabcentral\/fileexchange\/180921-cuadricas\">App Cu\u00e1dricas<\/a> | <a href=\"https:\/\/blog.uclm.es\/cristinasolares\/wp-content\/uploads\/sites\/287\/2025\/03\/ImagenRA-scaled.jpg\">Realidad Aumentada<\/a> |<\/p>\n\n\n\n<h6 class=\"wp-block-heading\">Bibliograf\u00eda<\/h6>\n\n\n\n<p style=\"font-size:0.8rem\">Transparencias creadas a partir de los apuntes elaborados por los profesores Enrique Castillo y Cristina Solares para la asignatura Geometr\u00eda Aplicada de la titulaci\u00f3n Ingeniero de Caminos, Canales y Puertos , Universidad de Castilla-La Mancha, y el libro de Geometr\u00eda Anal\u00edtica elaborado por el profesor Jos\u00e9 Rodr\u00edguez de la Universidad de Cantabria.<\/p>\n\n\n\n<ul class=\"wp-block-list\">\n<li>Teor\u00eda y Pr\u00e1ctica de Geometr\u00eda Anal\u00edtica. Jos\u00e9 Rodr\u00edguez, &nbsp;E.T.S. de Ingenieros de Caminos, Canales y Puertos, Universidad de Cantabria, 1991.<\/li>\n\n\n\n<li>Algebra y Geometr\u00eda. Eugenio Hernandez, Addison-Wesley, 2003.<\/li>\n\n\n\n<li>Curvas y superficies : [Definiciones, Teoremas y Resultados]. Juan de Burgos Rom\u00e1n, Garc\u00eda-Maroto, 2008.<\/li>\n\n\n\n<li>Algebra y geometr\u00eda anal\u00edtica. Francisco Granero Rodr\u00edguez, McGraw-Hill, 1994.<\/li>\n\n\n\n<li>Analytic Geometry. Doublas F. Riddle, Thomson Editores, 1996.<\/li>\n\n\n\n<li>Geometr\u00eda Anal\u00edtica y Diferencial. Juan de Burgos Rom\u00e1n, Garc\u00eda-Maroto, 2011.<\/li>\n\n\n\n<li>Geometr\u00eda en el Espacio. Juan de Burgos Rom\u00e1n, Garc\u00eda-Maroto, 2011.<\/li>\n\n\n\n<li><a href=\"http:\/\/algebra.frlp.utn.edu.ar\/apuntes.html\">\u00c1lgebra y Geometr\u00eda Anal\u00edtica (utn.edu.ar<\/a>)<\/li>\n\n\n\n<li>Exploring Analytic Geometry with Mathematica. Donald L. Vossler, Academic Press, 1999.<\/li>\n\n\n\n<li>Teor\u00eda y Problemas de Geometr\u00eda Anal\u00edtica (Serie Schaum). Joseph H. Kindle, McGrawHill.<\/li>\n<\/ul>\n\n\n\n<p><strong><mark style=\"background-color:#ce9a9a\" class=\"has-inline-color has-foreground-color\">INSTRUMENTOS MATEM\u00c1TICOS PARA LA INGENIER\u00cdA I<\/mark><\/strong><\/p>\n\n\n\n<h5 class=\"wp-block-heading\"><strong>C\u00c1LCULO <\/strong><\/h5>\n\n\n\n<p>Tema 1 (N\u00fameros Reales) | Tema 2 (N\u00fameros Complejos) | <a href=\"https:\/\/youtu.be\/TzjnewfaMQQ\">V\u00eddeo1(Matlab<\/a>) | Tema 3 (Sucesiones. Funciones reales de variable real) | <a href=\"https:\/\/blog.uclm.es\/cristinasolares\/wp-content\/uploads\/sites\/287\/2024\/06\/Tema4IMI.pdf\">Tema 4 (C\u00e1lculo Diferencial<\/a>) | <a href=\"https:\/\/youtu.be\/2ttkLQPRWnc\">V\u00eddeo2(Matlab<\/a>)| <a href=\"https:\/\/blog.uclm.es\/cristinasolares\/wp-content\/uploads\/sites\/287\/2024\/06\/Tema7.pdf\">Tema 5 (C\u00e1lculo Integral<\/a>) | Tema 6 (Series) |<\/p>\n\n\n\n<h6 class=\"wp-block-heading\">Bibliograf\u00eda<\/h6>\n\n\n\n<p style=\"font-size:0.8rem\">Transparencias creadas a partir de los apuntes elaborados por los profesores Enrique Castillo, Cristina Solares y Rosa Eva Pruneda para la asignatura Instrumentos Matem\u00e1ticos para la Ingenier\u00eda I (Universidad de Castilla-La Mancha) y por la profesora Cristina Solares para la asignatura C\u00e1lculo II (Universidad de Cantabria), de la titulaci\u00f3n Ingeniero de Caminos, Canales y Puertos.<\/p>\n\n\n\n<ul class=\"wp-block-list\">\n<li><a href=\"https:\/\/blog.uclm.es\/cristinasolares\/wp-content\/uploads\/sites\/287\/2025\/05\/CalculoI_Reducido.pdf\">Manual docente de la asignatura<\/a>. Cristina Solares.<\/li>\n\n\n\n<li><a href=\"https:\/\/personales.unican.es\/alvareze\/\">Elena Alvarez (unican.es)<\/a><\/li>\n\n\n\n<li><a href=\"https:\/\/ocw.mit.edu\/courses\/res-18-005-highlights-of-calculus-spring-2010\/video_galleries\/highlights_of_calculus\/\">Gilbert Strang (MIT)<\/a><\/li>\n\n\n\n<li>Art\u00edculos sobre ense\u00f1anza y aprendizaje de Matem\u00e1ticas del profesor Guershon Harel (UC San Diego).<\/li>\n\n\n\n<li>Art\u00edculos de investigaci\u00f3n en Did\u00e1ctica de la Matem\u00e1tica de la profesora Mar\u00eda Trigueros (ITAM &#8211; Instituto Tecnol\u00f3gico Aut\u00f3nomo de M\u00e9xico).<\/li>\n\n\n\n<li>C\u00e1lculo de una variable. J. Rogawski, Revert\u00e9, 2012.<\/li>\n\n\n\n<li>C\u00e1lculo 1 de Una Variable. Ron Larson y Bruce H. Edwards, McGraw-Hill, 2010. <\/li>\n\n\n\n<li>C\u00e1lculo I. Jos\u00e9 Ram\u00f3n Franco Bra\u00f1as, 2001.<\/li>\n\n\n\n<li>C\u00e1lculo I : Teor\u00eda y Problemas de An\u00e1lisis Matem\u00e1tico en una Variable. Alfonsa Garc\u00eda L\u00f3pez, CLAGSA, 2011.<\/li>\n\n\n\n<li>Problemas de C\u00e1lculo de una Variable. E. Aranda E., F. Ure\u00f1a, Bubok Publishing, 2008.<\/li>\n\n\n\n<li>C\u00e1lculo de una variable : Trascendentes tempranas. J. Stewart, International Thomson, 2001.&nbsp;<\/li>\n<\/ul>\n\n\n\n<p><strong><mark style=\"background-color:#85e99b\" class=\"has-inline-color has-foreground-color\">INSTRUMENTOS MATEM\u00c1TICOS PARA LA INGENIER\u00cdA II<\/mark><\/strong><\/p>\n\n\n\n<p style=\"font-size:0.8rem\">Transparencias creadas a partir de los apuntes elaborados por la profesora Cristina Solares para la asignatura C\u00e1lculo II (Universidad de Cantabria) e Instrumentos Matem\u00e1ticos para la Ingenier\u00eda II (Universidad de Castilla-La Mancha) de la titulaci\u00f3n Ingeniero de Caminos, Canales y Puertos.<\/p>\n\n\n\n<p><a href=\"https:\/\/blog.uclm.es\/cristinasolares\/wp-content\/uploads\/sites\/287\/2024\/06\/Tema1Curvas.pdf\">Tema 1 (Curvas Planas<\/a> y Alabeadas) | <a href=\"https:\/\/youtu.be\/UbbbvrJ6a2k\">V\u00eddeo1(Matlab<\/a>) | <a href=\"https:\/\/youtu.be\/9KZwXZ9Oxuo\">V\u00eddeo2(Matlab<\/a>) | <a href=\"https:\/\/blog.uclm.es\/cristinasolares\/wp-content\/uploads\/sites\/287\/2024\/06\/Tema2.pdf\">Tema 2 (Funciones Reales<\/a>) | Tema 3 (Extremos Condicionados) | Tema 4 (Superficies) | <a href=\"https:\/\/blog.uclm.es\/cristinasolares\/wp-content\/uploads\/sites\/287\/2025\/01\/TransparenciasTema5.pdf\">Tema 5 (Integrales Curvil\u00edneas)<\/a> <a href=\"https:\/\/blog.uclm.es\/cristinasolares\/wp-content\/uploads\/sites\/287\/2025\/01\/EjerCurvilineas.pdf\">Ejercicios Tema 5<\/a> | <a href=\"https:\/\/blog.uclm.es\/cristinasolares\/wp-content\/uploads\/sites\/287\/2024\/06\/Tema6.pdf\">Tema 6 (Integrales Dobles<\/a>) | <a href=\"https:\/\/blog.uclm.es\/cristinasolares\/wp-content\/uploads\/sites\/287\/2025\/01\/EjerDobles.pdf\">Ejercicios Tema 6<\/a> | <a href=\"https:\/\/blog.uclm.es\/cristinasolares\/wp-content\/uploads\/sites\/287\/2025\/04\/Entrega3_2018.pdf\">Ejercicio Aplicado<\/a> | <a href=\"https:\/\/blog.uclm.es\/cristinasolares\/wp-content\/uploads\/sites\/287\/2025\/01\/TransparenciasTema7.pdf\">Tema 7 (\u00c1rea de una Superficie)<\/a> | <a href=\"https:\/\/blog.uclm.es\/cristinasolares\/wp-content\/uploads\/sites\/287\/2025\/04\/Entrega3_2020.pdf\">Ejercicio Aplicado <\/a>| <a href=\"https:\/\/blog.uclm.es\/cristinasolares\/wp-content\/uploads\/sites\/287\/2025\/01\/EjercicioAplicadoP2.pdf\">Ejercicio Aplicado<\/a> | <a href=\"https:\/\/blog.uclm.es\/cristinasolares\/wp-content\/uploads\/sites\/287\/2025\/01\/EjercicioAlumnosAreaSol.pdf\">Ejercicio Aplicado<\/a> | Tema 8 (Integral de Superficie) | Tema 9 (Integrales Triples) |<\/p>\n\n\n\n<h6 class=\"wp-block-heading\">Bibliograf\u00eda<\/h6>\n\n\n\n<ul class=\"wp-block-list\">\n<li><a href=\"https:\/\/blog.uclm.es\/cristinasolares\/wp-content\/uploads\/sites\/287\/2025\/01\/CalculoII_Caminos.pdf\">Manual docente de la asignatura<\/a>. Cristina Solares.<\/li>\n\n\n\n<li>C\u00e1lculo de Varias Variables. Jon Rogawski, Revert\u00e9, 2012.<\/li>\n\n\n\n<li>Problemas de C\u00e1lculo Vectorial. Ernesto Aranda, Lulu.com, 2009.<\/li>\n\n\n\n<li>A Matlab Companion for Multivariable Calculus. Jeffery Cooper, Academic Press, 2001.<\/li>\n\n\n\n<li>C\u00e1lculo Vectorial. Jerrold E. Marsden, Pearson Educaci\u00f3n, 2004.<\/li>\n\n\n\n<li>C\u00e1lculo multivariable. James Stewart, Thomson Learning, 2003.<\/li>\n\n\n\n<li>C\u00e1lculo II de varias variables. Ron Larson, McGraw-Hill, 2006.<\/li>\n\n\n\n<li>CALCULUS Labs for MATLAB. Kevin M. O&#8217;Connor, Jones and Bartlett Publishers, Inc., 2005.<\/li>\n\n\n\n<li>Modern differential geometry of curves and surfaces with Mathematica. Alfred Gray, Chapman and Hall, 2006.<\/li>\n\n\n\n<li>Modeling of curves and surfaces with Matlab. Vladimir Rovenski, Springer, 2010.<\/li>\n\n\n\n<li><a href=\"https:\/\/personales.unican.es\/alvareze\/\">Elena Alvarez (unican.es)<\/a><\/li>\n\n\n\n<li>Calculus. Gilbert Strang, Wellesley-Cambridge Press.<\/li>\n\n\n\n<li><a href=\"https:\/\/www.wolframcloud.com\/objects\/nbarch\/2018\/10\/2018-10-10nbefv\/2018-10-10nbefv.nb\">Mathematica(l) Roller Coasters (wolframcloud.com)<\/a><\/li>\n\n\n\n<li>Art\u00edculos de investigaci\u00f3n en Did\u00e1ctica de la Matem\u00e1tica de la profesora Mar\u00eda Trigueros (ITAM &#8211; Instituto Tecnol\u00f3gico Aut\u00f3nomo de M\u00e9xico).<\/li>\n\n\n\n<li>Art\u00edculos sobre ense\u00f1anza y aprendizaje de Matem\u00e1ticas del profesor Guershon Harel (UC San Diego).<\/li>\n\n\n\n<li><a href=\"https:\/\/mathinsight.org\/\">Math Insight<\/a><\/li>\n<\/ul>\n\n\n\n<p><strong><mark style=\"background-color:#85e99b\" class=\"has-inline-color has-foreground-color\">C\u00c1LCULO I<\/mark><\/strong><\/p>\n\n\n\n<p><a href=\"https:\/\/blog.uclm.es\/cristinasolares\/wp-content\/uploads\/sites\/287\/2025\/01\/CalculoI.pdf\">Manual docente de la asignatura<\/a>. Cristina Solares.<\/p>\n\n\n\n<p>Laboratorio de Matlab<\/p>\n\n\n\n<p><\/p>\n","protected":false},"excerpt":{"rendered":"<p>Material Docente INSTRUMENTOS MATEM\u00c1TICOS E INFORM\u00c1TICOS PARA LA INGENIER\u00cdA INTRODUCCI\u00d3N A LA PROGRAMACI\u00d3N CON PYTHON Tema 1 (Introducci\u00f3n. Inici\u00e1ndose en Python) | Tema 2 (Listas, Tuplas, Diccionarios y Conjuntos. Vectores y Matrices) | Tema 3 (Funciones) | Tema 4 (Gr\u00e1ficos 2D) | Tema 5 (Gr\u00e1ficos 3D) | Tema 6 (Programaci\u00f3n) | Bibliograf\u00eda C\u00c1LCULO DE UNA [&hellip;]<\/p>\n","protected":false},"author":478,"featured_media":0,"parent":0,"menu_order":0,"comment_status":"closed","ping_status":"closed","template":"","meta":{"footnotes":""},"class_list":["post-520","page","type-page","status-publish","hentry"],"_links":{"self":[{"href":"https:\/\/blog.uclm.es\/cristinasolares\/wp-json\/wp\/v2\/pages\/520","targetHints":{"allow":["GET"]}}],"collection":[{"href":"https:\/\/blog.uclm.es\/cristinasolares\/wp-json\/wp\/v2\/pages"}],"about":[{"href":"https:\/\/blog.uclm.es\/cristinasolares\/wp-json\/wp\/v2\/types\/page"}],"author":[{"embeddable":true,"href":"https:\/\/blog.uclm.es\/cristinasolares\/wp-json\/wp\/v2\/users\/478"}],"replies":[{"embeddable":true,"href":"https:\/\/blog.uclm.es\/cristinasolares\/wp-json\/wp\/v2\/comments?post=520"}],"version-history":[{"count":237,"href":"https:\/\/blog.uclm.es\/cristinasolares\/wp-json\/wp\/v2\/pages\/520\/revisions"}],"predecessor-version":[{"id":1184,"href":"https:\/\/blog.uclm.es\/cristinasolares\/wp-json\/wp\/v2\/pages\/520\/revisions\/1184"}],"wp:attachment":[{"href":"https:\/\/blog.uclm.es\/cristinasolares\/wp-json\/wp\/v2\/media?parent=520"}],"curies":[{"name":"wp","href":"https:\/\/api.w.org\/{rel}","templated":true}]}}