{"id":44,"date":"2022-07-21T12:51:42","date_gmt":"2022-07-21T11:51:42","guid":{"rendered":"https:\/\/blogdev.uclm.es\/fullsite\/?page_id=44"},"modified":"2025-06-22T11:42:59","modified_gmt":"2025-06-22T09:42:59","slug":"docencia","status":"publish","type":"page","link":"https:\/\/blog.uclm.es\/cristinasolares\/docencia\/","title":{"rendered":"Docencia"},"content":{"rendered":"<div class=\"wp-block-group alignwide\">\n<h2 class=\"wp-block-heading has-text-color\" style=\"color: #000000;font-size: 32px\"><strong>Docencia Impartida<\/strong><\/h2>\n<p>Ha impartido o colaborado en la impartici\u00f3n de las siguientes asignaturas:<\/p>\n<p style=\"text-align: center\"><strong>Docencia curso 2025-2026<\/strong><\/p>\n<\/div>\n\n\n<div class=\"wp-block-group is-layout-constrained wp-block-group-is-layout-constrained\">\n<p><\/p>\n\n\n\n<p>1. Instrumentos Matem\u00e1ticos e Inform\u00e1ticos para la Ingenier\u00eda. Primer curso de Grado en Ingenier\u00eda Civil y Territorial, UCLM.<\/p>\n\n\n\n<p>2. \u00c1lgebra Lineal y Geometr\u00eda Anal\u00edtica. Primer curso de Grado en Ingenier\u00eda Civil y Territorial, UCLM.<\/p>\n\n\n\n<p>3. C\u00e1lculo. Primer curso de Grado en Ingenier\u00eda Civil y Territorial, UCLM.<\/p>\n\n\n\n<p style=\"text-align: center\"><strong>Experiencia Docente Anterior<\/strong><\/p>\n<p><strong>Cursos de Postgrado, Especializaci\u00f3n, Talleres y Cursos de Verano (UCLM)<\/strong><\/p>\n<p><em>Introduction to MatLab Programming for Civil Engineers, <\/em>E.T.S. de Ingenieros de Caminos, Canales y Puertos en el marco del Study Abroad con la ESTP de Paris, (2022).<\/p>\n<p><em>Pr\u00e1cticas Externas (Especialidad de Matem\u00e1ticas).<\/em> M\u00e1ster Universitario en Profesor de Educaci\u00f3n Secundaria Obligatoria y Bachillerato, Formaci\u00f3n Profesional y Ense\u00f1anza de Idiomas, UCLM (cursos 2019-2020, 2020-2021)<\/p>\n<p><em>Desarrollo del pensamiento algebraico con ALGEBLOCKS.<\/em> Taller dirigido a profesorado de ESO y Bachillerato (2017, Cuenca y Ciudad Real)<\/p>\n<p><em>M\u00e9todos Matem\u00e1ticos Aplicados a la Ingenier\u00eda. <\/em>M\u00e1ster en Territorio, Infraestructuras y Medio Ambiente<em>, <\/em>E.T.S.I. Caminos, Canales y Puertos, UCLM (2009-2014). Ha impartido los bloques: (I) T\u00e9cnicas Algebraicas en An\u00e1lisis de Observabilidad y (V) Modelos y M\u00e9todos de Optimizaci\u00f3n. Aplicaciones.<\/p>\n<p><em>Edici\u00f3n de Documentos con Latex<\/em>.\u00a0 ETS de Ingenieros de Caminos, Canales y Puertos, UCLM (2005).<\/p>\n<p><em>M\u00e9todos Matem\u00e1ticos Avanzados en Ingenier\u00eda<\/em>. Curso de Doctorado de la ETS de Ingenieros Industriales, UCLM (2001,2002 y 2003).<\/p>\n<p><em>Java con Aplicaciones Matem\u00e1ticas<\/em>. Convenio de cooperaci\u00f3n entre la Consejer\u00eda de Educaci\u00f3n de la JCCM y la UCLM (2002).<\/p>\n<p><strong>Cursos de Postgrado, Especializaci\u00f3n y Cursos de Verano (Otras Universidades)<\/strong><\/p>\n<p><em>Lenguaje Java<\/em>. Maestr\u00eda en Inform\u00e1tica y Computaci\u00f3n. Universidad Nacional Del Este. Facultad Polit\u00e9cnica. Ciudad del Este. Paraguay (2007).<\/p>\n<p><em>Lenguaje Java<\/em>. Maestr\u00eda en Inform\u00e1tica y Computaci\u00f3n. Universidad Nacional de Pilar. Facultad de Ciencias Aplicadas. Pilar. Paraguay (2006).<\/p>\n<p><a href=\"https:\/\/blog.uclm.es\/cristinasolares\/wp-content\/uploads\/sites\/287\/2024\/06\/Laredo2002_Web.pdf\"><em>Creaci\u00f3n de P\u00e1ginas Web Din\u00e1micas con Javascript<\/em><\/a>. Cursos de Verano de Santander (2002).<\/p>\n<p><a href=\"https:\/\/blog.uclm.es\/cristinasolares\/wp-content\/uploads\/sites\/287\/2024\/06\/Laredo2002_Java.pdf\"><em>Programaci\u00f3n en Lenguaje Java<\/em><\/a>. Cursos de Verano de Santander (2001 y 2002).<\/p>\n<p><a href=\"https:\/\/blog.uclm.es\/cristinasolares\/wp-content\/uploads\/sites\/287\/2024\/06\/Laredo2001_Web.pdf\"><em>Iniciaci\u00f3n a los Lenguajes de Javascript y Java para el Dise\u00f1o de P\u00e1ginas Web<\/em><\/a>. Cursos de Verano de Santander (2001).\u00a0<\/p>\n<p><em>Introducci\u00f3n al Lenguaje Java<\/em>. Maestr\u00eda en Inform\u00e1tica y Computaci\u00f3n. Universidad Nacional del Nordeste, Argentina (1998 y 2001). Universidad Nacional de Misiones, Argentina (2001).<\/p>\n<p><em>Introducci\u00f3n a la Programaci\u00f3n en Lenguaje Java<\/em>. Cursos de Verano de Laredo (2000).<\/p>\n<p><em><a href=\"https:\/\/blog.uclm.es\/cristinasolares\/wp-content\/uploads\/sites\/287\/2024\/06\/Java98.pdf\">Introducci\u00f3n al Lenguaje Java y su Utilizaci\u00f3n en Interne<\/a>t<\/em>. \u00a0Cursos de Verano de Laredo (1998 y 1999).<\/p>\n<p><em>C\u00e1lculo Simb\u00f3lico<\/em>. Postgrado en Inform\u00e1tica. Universidad Mayor de San Andr\u00e9s, Bolivia (1999).<\/p>\n<p><em>Introducci\u00f3n al C\u00e1lculo Simb\u00f3lico con Mathematica e Introducci\u00f3n al Lenguaje Java<\/em>. Programa de Magister en Ciencias de la Computaci\u00f3n, Universidad de Cantabria (1996-97 y 1997-98).<\/p>\n<p><a href=\"https:\/\/blog.uclm.es\/cristinasolares\/wp-content\/uploads\/sites\/287\/2024\/06\/Mathematica97.pdf\"><em>Mathematica<\/em><\/a>. Programa de Magister en Ciencias de la Computaci\u00f3n, Universidad de Cantabria\u00a0 (1995-96). Cursos de Verano de Laredo (1997).<\/p>\n<p><em>Introducci\u00f3n al C\u00e1lculo Simb\u00f3lico con Mathematica<\/em>. Curso de Especializaci\u00f3n en Inform\u00e1tica. Universidad Mayor de San Andr\u00e9s, La Paz, Bolivia (1996). <a href=\"https:\/\/blog.uclm.es\/cristinasolares\/wp-content\/uploads\/sites\/287\/2024\/06\/Bolivia1.png\">Foto<\/a>.<\/p>\n<p><em>Mathematica I<\/em>. Curso de Postgrado. Universidad Aut\u00f3noma Tomas Fr\u00edas, Potos\u00ed, Bolivia (1996). <a href=\"https:\/\/blog.uclm.es\/cristinasolares\/wp-content\/uploads\/sites\/287\/2024\/06\/Bolivia2.png\">Foto<\/a>.<\/p>\n<p><em><a href=\"https:\/\/blog.uclm.es\/cristinasolares\/wp-content\/uploads\/sites\/287\/2024\/06\/SistemasExpertos96.pdf\">Nuevas Tendencias en Sistemas Expertos. Redes Bayesianas<\/a>.<\/em> Cursos de Verano de Laredo (1996).<\/p>\n<p style=\"text-align: center\"><strong>Cursos de Grado<\/strong><\/p>\n<p><em>C\u00e1lculo I<\/em>. Primer curso de Grado en Matem\u00e1ticas, UCLM (2023-2024 y 2024-2025).<\/p>\n<p><em>Instrumentos Matem\u00e1ticos para la Ingenier\u00eda I<\/em>. Primer curso de Grado en Ingenier\u00eda Civil y Territorial, UCLM (2010-2025). Ha impartido el bloque correspondiente a C\u00e1lculo I.<\/p>\n<p><em>Instrumentos Matem\u00e1ticos para la Ingenier\u00eda II<\/em>. Primer curso de Grado en Ingenier\u00eda Civil y Territorial, UCLM (2010-2025).\u00a0<\/p>\n<p><em>Herramientas Matem\u00e1tico-Inform\u00e1ticas para la Ingenier\u00eda<\/em>. Primer curso de Grado en Ingenier\u00eda Civil y Territorial, UCLM (2010-2025). En los cursos 2011-2012 y 2024-2025 ha impartido los bloques: (I) Introducci\u00f3n a la programaci\u00f3n. C\u00e1lculo simb\u00f3lico con Matlab; (II) Geometr\u00eda Anal\u00edtica; (III) M\u00e9todos num\u00e9ricos con Matlab; (IV) Optimizaci\u00f3n con GAMS. En el resto de los cursos ha impartido los bloques (I), (II) y (IV).<\/p>\n<p><em>\u201cMOOC: Curso cero de matem\u00e1ticas y f\u00edsica para estudiantes de nuevo ingreso en Grados en Ingenier\u00eda y afines\u201d<\/em> en la XI convocatoria de Proyectos de Innovaci\u00f3n y Mejora Docente 2019\/2021.<\/p>\n<p><em>M\u00e9todos Matem\u00e1tico-Inform\u00e1ticos de Optimizaci\u00f3n en la Ingenier\u00eda (M\u00e9todos Matem\u00e1tico-Inform\u00e1ticos para la Ingenier\u00eda)<\/em>. Optativa (tercer curso), Libre configuraci\u00f3n (cuarto y quinto curso). Ingenier\u00eda de Caminos, Canales y Puertos, UCLM (2008-2009). Ha impartido el bloque de Programaci\u00f3n No Lineal con GAMS.<\/p>\n<p><em>Mec\u00e1nica Computacional en la Ingenier\u00eda. <\/em>Libre configuraci\u00f3n (cuarto y quinto curso), UCLM (2005-2006). Ha impartido la introducci\u00f3n con Matlab.<\/p>\n<p><em>Instrumentos Matem\u00e1ticos para la Ingenier\u00eda II. <\/em>Segundo curso de Ingenier\u00eda de Caminos, Canales y Puertos, UCLM (1999-2010). Ha impartido el bloque correspondiente a C\u00e1lculo II.<\/p>\n<p><em>Geometr\u00eda Aplicada<\/em>. Primer curso de Ingenier\u00eda de Caminos, Canales y Puertos, UCLM (1998-2010). Ha impartido el bloque correspondiente a Geometr\u00eda Anal\u00edtica.<\/p>\n<p><em>Inform\u00e1tica Aplicada a la Ingenier\u00eda Civil. <\/em>Primer curso de Ingenier\u00eda de Caminos, Canales y Puertos, UCLM (1998-2010). En los diferentes a\u00f1os ha participado en la impartici\u00f3n de los bloques: (I) Introducci\u00f3n al lenguaje HTML; (II) LaTeX; (III) Introducci\u00f3n al C\u00e1lculo Simb\u00f3lico con Mathematica; (IV) Curso de Java.<\/p>\n<p><em>Instrumentos Matem\u00e1ticos para la Ingenier\u00eda I. <\/em>Primer curso de Ingenier\u00eda de Caminos, Canales y Puertos, UCLM (1998-2010). Ha impartido el bloque correspondiente a C\u00e1lculo I.<\/p>\n<p><em>C\u00e1lculo II<\/em>. Primer curso de Ingenier\u00eda de Caminos, Canales y Puertos, Universidad de Cantabria (1996-1998).<\/p>\n<p style=\"text-align: center\"><strong>Trabajos Fin de M\u00e1ster<\/strong><\/p>\n<p>Desde el curso 2011-2012 dirige TFMs en el <a href=\"https:\/\/www.uclm.es\/Estudios\/masteres\/master-secundaria-fp-idiomas\">M\u00e1ster Universitario en Profesor de Educaci\u00f3n Secundaria Obligatoria y Bachillerato, Formaci\u00f3n Profesional y Ense\u00f1anza de Idiomas<\/a>, Universidad de Castilla-La Mancha.<\/p>\n<\/div>\n\n\n\n<div class=\"wp-block-columns alignwide is-layout-flex wp-container-core-columns-is-layout-28f84493 wp-block-columns-is-layout-flex\">\n<div class=\"wp-block-column is-layout-flow wp-block-column-is-layout-flow\">\n<div class=\"wp-block-buttons is-layout-flex wp-block-buttons-is-layout-flex\"><\/div>\n<\/div>\n\n\n\n<div class=\"wp-block-column is-layout-flow wp-block-column-is-layout-flow\">\n<div class=\"wp-block-buttons is-layout-flex wp-block-buttons-is-layout-flex\"><\/div>\n<\/div>\n\n\n\n<div class=\"wp-block-column is-layout-flow wp-block-column-is-layout-flow\">\n<div class=\"wp-block-buttons is-layout-flex wp-block-buttons-is-layout-flex\"><\/div>\n<\/div>\n<\/div>\n\n\n\n<div style=\"height:50px\" aria-hidden=\"true\" class=\"wp-block-spacer\"><\/div>\n\n\n\n\n<\/div>\n<p><!-- \/wp:post-content --><\/p>\n<p><!-- wp:paragraph --><\/p>\n<p><!-- \/wp:paragraph --><!-- \/wp:group --><!-- wp:group {\"align\":\"wide\"} --><\/p>\n<div class=\"wp-block-group alignwide\"><!-- wp:group {\"align\":\"wide\"} --><\/p>\n<div class=\"wp-block-group alignwide\"><!-- wp:heading {\"style\":{\"typography\":{\"fontSize\":\"32px\"},\"color\":{\"text\":\"#000000\"}}} --><\/p>\n<div class=\"wp-block-group alignfull\" style=\"padding-top: 0px;padding-bottom: var(--wp--custom--spacing--small, 1.25rem)\">\n<div class=\"wp-block-columns alignwide\">\n<div class=\"wp-block-column\">\n<p><!-- \/wp:list-item --><\/p>\n<p><!-- \/wp:list --><\/p>\n<\/div>\n<p><!-- \/wp:column --><\/p>\n<\/div>\n<p><!-- \/wp:columns --><\/p>\n<p><!-- wp:columns {\"align\":\"wide\"} --><\/p>\n<div class=\"wp-block-columns alignwide\"><!-- wp:column --><\/p>\n<div class=\"wp-block-column\"><!-- wp:buttons --><\/p>\n<div class=\"wp-block-buttons\"><!-- wp:button \/--><\/div>\n<p><!-- \/wp:buttons --><\/p>\n<\/div>\n<p><!-- \/wp:column --><\/p>\n<p><!-- wp:column --><\/p>\n<div class=\"wp-block-column\"><!-- wp:buttons --><\/p>\n<div class=\"wp-block-buttons\"><!-- wp:button \/--><\/div>\n<p><!-- \/wp:buttons --><\/p>\n<\/div>\n<p><!-- \/wp:column --><\/p>\n<p><!-- wp:column --><\/p>\n<div class=\"wp-block-column\"><!-- wp:buttons --><\/p>\n<div class=\"wp-block-buttons\"><!-- wp:button \/--><\/div>\n<p><!-- \/wp:buttons --><\/p>\n<\/div>\n<p><!-- \/wp:column --><\/p>\n<\/div>\n<p><!-- \/wp:columns --><\/p>\n<p><!-- wp:spacer {\"height\":\"50px\"} --><\/p>\n<div class=\"wp-block-spacer\" style=\"height: 50px\" aria-hidden=\"true\"><\/div>\n<p><!-- \/wp:spacer --><\/p>\n<p><!-- wp:social-links {\"customIconColor\":\"#b30033\",\"iconColorValue\":\"#b30033\",\"className\":\"is-style-logos-only\",\"layout\":{\"type\":\"flex\",\"justifyContent\":\"center\"}} --><\/p>\n<p><!-- \/wp:social-links --><\/p>\n<\/div>\n<p><!-- \/wp:group --><\/p>\n<p><!-- wp:paragraph --><\/p>\n<p><!-- \/wp:paragraph --><!-- \/wp:group --><\/p>\n<\/div>\n<\/div>","protected":false},"excerpt":{"rendered":"<p>Docencia Impartida Ha impartido o colaborado en la impartici\u00f3n de las siguientes asignaturas: Docencia curso 2025-2026 1. Instrumentos Matem\u00e1ticos e Inform\u00e1ticos para la Ingenier\u00eda. Primer curso de Grado en Ingenier\u00eda Civil y Territorial, UCLM. 2. \u00c1lgebra Lineal y Geometr\u00eda Anal\u00edtica. Primer curso de Grado en Ingenier\u00eda Civil y Territorial, UCLM. 3. C\u00e1lculo. Primer curso de [&hellip;]<\/p>\n","protected":false},"author":478,"featured_media":0,"parent":0,"menu_order":0,"comment_status":"closed","ping_status":"closed","template":"","meta":{"footnotes":""},"class_list":["post-44","page","type-page","status-publish","hentry"],"_links":{"self":[{"href":"https:\/\/blog.uclm.es\/cristinasolares\/wp-json\/wp\/v2\/pages\/44","targetHints":{"allow":["GET"]}}],"collection":[{"href":"https:\/\/blog.uclm.es\/cristinasolares\/wp-json\/wp\/v2\/pages"}],"about":[{"href":"https:\/\/blog.uclm.es\/cristinasolares\/wp-json\/wp\/v2\/types\/page"}],"author":[{"embeddable":true,"href":"https:\/\/blog.uclm.es\/cristinasolares\/wp-json\/wp\/v2\/users\/478"}],"replies":[{"embeddable":true,"href":"https:\/\/blog.uclm.es\/cristinasolares\/wp-json\/wp\/v2\/comments?post=44"}],"version-history":[{"count":92,"href":"https:\/\/blog.uclm.es\/cristinasolares\/wp-json\/wp\/v2\/pages\/44\/revisions"}],"predecessor-version":[{"id":1102,"href":"https:\/\/blog.uclm.es\/cristinasolares\/wp-json\/wp\/v2\/pages\/44\/revisions\/1102"}],"wp:attachment":[{"href":"https:\/\/blog.uclm.es\/cristinasolares\/wp-json\/wp\/v2\/media?parent=44"}],"curies":[{"name":"wp","href":"https:\/\/api.w.org\/{rel}","templated":true}]}}