{"id":209,"date":"2022-07-25T10:32:04","date_gmt":"2022-07-25T09:32:04","guid":{"rendered":"https:\/\/blogdev.uclm.es\/fullsite\/?page_id=209"},"modified":"2026-03-11T18:21:33","modified_gmt":"2026-03-11T17:21:33","slug":"galeria","status":"publish","type":"page","link":"https:\/\/blog.uclm.es\/cristinasolares\/galeria\/","title":{"rendered":"Formaci\u00f3n Realizada"},"content":{"rendered":"\n<p><strong>Formaci\u00f3n Realizada (Formaci\u00f3n Interna UCLM)<\/strong><\/p>\n\n\n\n<div class=\"wp-block-group alignfull is-vertical is-layout-flex wp-container-core-group-is-layout-fe9cc265 wp-block-group-is-layout-flex\">\n<p><\/p>\n\n\n\n<ul class=\"wp-block-list\">\n<li>Moodle Avanzado y Herramienta Antiplagio (UCLM, 2015)<\/li>\n\n\n\n<li>Administraci\u00f3n Electr\u00f3nica (UCLM, 2016)<\/li>\n\n\n\n<li>Preparaci\u00f3n de material audiovisual para la docencia on-line (UCLM, 2018)<\/li>\n\n\n\n<li>Atenci\u00f3n y apoyo al estudiante con discapacidad (UCLM, 2018)<\/li>\n\n\n\n<li>Gesti\u00f3n de los trabajos fin de estudios (UCLM, 2019)<\/li>\n\n\n\n<li>Herramientas de dinamizaci\u00f3n y contenidos digitales para docencia online y semipresencial (UCLM, 2021)<\/li>\n\n\n\n<li>T\u00e9cnicas Estad\u00edsticas para la Investigaci\u00f3n con SPSS-I (Introducci\u00f3n) (UCLM, 2022)<\/li>\n\n\n\n<li>Creaci\u00f3n de aplicaciones de realidad aumentada y realidad virtual de \u00e1mbito docente (UCLM, 2022)<\/li>\n\n\n\n<li>T\u00e9cnicas Estad\u00edsticas para la Investigaci\u00f3n con SPSS-II (Modelos Lineales) (UCLM, 2022)<\/li>\n\n\n\n<li>Apoyo a la investigaci\u00f3n desde la biblioteca universitaria (UCLM, 2024)<\/li>\n\n\n\n<li>Innovaci\u00f3n educativa: utilizando la inteligencia artificial generativa en la docencia universitaria (UCLM, se finaliza en 2026)<\/li>\n<\/ul>\n<\/div>\n\n\n\n<p><strong>Otra<\/strong> <strong>Formaci\u00f3n Realizada <\/strong><\/p>\n\n\n\n<div class=\"wp-block-group alignfull is-vertical is-layout-flex wp-container-core-group-is-layout-fe9cc265 wp-block-group-is-layout-flex\">\n<ul class=\"wp-block-list\">\n<li>Lenguaje C (Universidad de Cantabria, curso 1994-1995)<\/li>\n\n\n\n<li>Programaci\u00f3n Orientada al Objeto C++ (Universidad de Cantabria, curso 1995-1996)<\/li>\n\n\n\n<li>Creaci\u00f3n de Contenidos Multimedia en la Web (Cursos de Verano de Laredo, Universidad de Cantabria, 1997)<\/li>\n\n\n\n<li>Aprendizaje Autom\u00e1tico (Universidad del Pa\u00eds Vasco, 2002)<\/li>\n\n\n\n<li>Classification and Data Mining in Business, Industry and Applied Research. Methodological and Computational Issues. Joint International Summer School, (University of Lisbon, 2003)<a href=\"https:\/\/blog.uclm.es\/cristinasolares\/wp-content\/uploads\/sites\/287\/2025\/03\/GrupoLisboa.jpg\">Foto<\/a><\/li>\n\n\n\n<li>Matem\u00e1tica Computacional: Compilaci\u00f3n, Ejecuci\u00f3n y Optimizaci\u00f3n de Programas (Centro de Supercomputaci\u00f3n de Galicia, 2008)<\/li>\n\n\n\n<li>Modelos y M\u00e9todos de Optimizaci\u00f3n, T\u00edtulo de Experto Universitario, (UNED, 2009)<\/li>\n\n\n\n<li>An\u00e1lisis Bayesiano con OpenBugs y Jags (Universidad de Castilla-La Mancha, 2018)<\/li>\n\n\n\n<li>Iniciaci\u00f3n y Dise\u00f1o a los MOOC (Universidad de Extremadura, 2018)<\/li>\n\n\n\n<li>Data Mining con R  (Universidad de Vigo, 2021)<\/li>\n\n\n\n<li>Control estad\u00edstico de calidad con R, (Universidad de Vigo, 2022)<\/li>\n\n\n\n<li>Estad\u00edstica avanzada con R para profesionales de la salud , (Universidad de Vigo, 2022)<\/li>\n\n\n\n<li>Electric Power Systems (Coursera, The State University of New York;University at Buffalo, 2022)<\/li>\n\n\n\n<li>Introduction to Programming with MATLAB (Coursera, Vanderbilt University, 2022)<\/li>\n\n\n\n<li>Calculus through Data &amp; Modeling: Precalculus Review (Coursera, Johns Hopkins University, 2023)<\/li>\n\n\n\n<li>Applied Calculus with Python (Coursera, Johns Hopkins University, 2023)<\/li>\n\n\n\n<li>Introducci\u00f3n a la programaci\u00f3n con Python 3 (UNED, 2025)<\/li>\n\n\n\n<li>Utilizaci\u00f3n de la plataforma H5P en Flipped Learning: creaci\u00f3n de materiales docentes interactivos fuera y dentro de moodle (UCLM a trav\u00e9s de Grupo 9 de universidades, 2025)<\/li>\n<\/ul>\n<\/div>\n\n\n\n<figure class=\"wp-block-gallery has-nested-images columns-default is-cropped wp-block-gallery-1 is-layout-flex wp-block-gallery-is-layout-flex\"><\/figure>\n","protected":false},"excerpt":{"rendered":"<p>Formaci\u00f3n Realizada (Formaci\u00f3n Interna UCLM) Otra Formaci\u00f3n Realizada<\/p>\n","protected":false},"author":478,"featured_media":0,"parent":0,"menu_order":0,"comment_status":"closed","ping_status":"closed","template":"","meta":{"footnotes":""},"class_list":["post-209","page","type-page","status-publish","hentry"],"_links":{"self":[{"href":"https:\/\/blog.uclm.es\/cristinasolares\/wp-json\/wp\/v2\/pages\/209","targetHints":{"allow":["GET"]}}],"collection":[{"href":"https:\/\/blog.uclm.es\/cristinasolares\/wp-json\/wp\/v2\/pages"}],"about":[{"href":"https:\/\/blog.uclm.es\/cristinasolares\/wp-json\/wp\/v2\/types\/page"}],"author":[{"embeddable":true,"href":"https:\/\/blog.uclm.es\/cristinasolares\/wp-json\/wp\/v2\/users\/478"}],"replies":[{"embeddable":true,"href":"https:\/\/blog.uclm.es\/cristinasolares\/wp-json\/wp\/v2\/comments?post=209"}],"version-history":[{"count":33,"href":"https:\/\/blog.uclm.es\/cristinasolares\/wp-json\/wp\/v2\/pages\/209\/revisions"}],"predecessor-version":[{"id":1191,"href":"https:\/\/blog.uclm.es\/cristinasolares\/wp-json\/wp\/v2\/pages\/209\/revisions\/1191"}],"wp:attachment":[{"href":"https:\/\/blog.uclm.es\/cristinasolares\/wp-json\/wp\/v2\/media?parent=209"}],"curies":[{"name":"wp","href":"https:\/\/api.w.org\/{rel}","templated":true}]}}