{"id":16,"date":"2022-07-21T11:48:58","date_gmt":"2022-07-21T10:48:58","guid":{"rendered":"https:\/\/blogdev.uclm.es\/fullsite\/?page_id=16"},"modified":"2025-08-06T16:21:22","modified_gmt":"2025-08-06T14:21:22","slug":"curriculum","status":"publish","type":"page","link":"https:\/\/blog.uclm.es\/cristinasolares\/curriculum\/","title":{"rendered":"Curriculum"},"content":{"rendered":"\n<div class=\"wp-block-group alignwide is-layout-flow wp-block-group-is-layout-flow\">\n<div class=\"wp-block-group alignwide is-layout-flow wp-block-group-is-layout-flow\">\n<h2 class=\"wp-block-heading has-text-color\" style=\"color:#000000;font-size:32px\"><strong>Curriculum <\/strong><\/h2>\n\n\n\n<p><em>Licenciada en Ciencias Matem\u00e1ticas<\/em>, Universidad de Cantabria, 1994.<\/p>\n\n\n\n<p><em>Certificado de Aptitud Pedag\u00f3gica<\/em>, Universidad de Cantabria, 1995.<\/p>\n\n\n\n<p><em>Doctora en Ciencias Matem\u00e1ticas<\/em>, Universidad de Cantabria, 1997.<\/p>\n\n\n\n<p><em>Profesora Asociada<\/em>, Universidad de Cantabria, 1996-1998.<\/p>\n\n\n\n<p>Ha realizado una estancia postdoctoral de 4 meses en <em>Cornell University<\/em>, curso 1997-1998.<\/p>\n\n\n\n<p><em>Profesora Asociada<\/em>, Universidad de Castilla-La Mancha, 1998-2001.<\/p>\n\n\n\n<p><em>Profesora Titular de Universidad<\/em>, Universidad de Castilla-La Mancha, 2001.<\/p>\n\n\n\n<p>Tiene 5 quinquenios de docencia y 3 sexenios de investigaci\u00f3n.<\/p>\n\n\n\n<p>Evaluaci\u00f3n Sobresaliente de su actividad docente (UCLM Docentia, 2025).<\/p>\n\n\n\n<p>Sus l\u00edneas de investigaci\u00f3n han sido: Redes Bayesianas y Aplicaciones; Algebra Lineal y Aplicaciones; An\u00e1lisis de Observabilidad en Estimaci\u00f3n de Estado; Ense\u00f1anza de Matem\u00e1ticas.<\/p>\n\n\n\n<p>ORCID:&nbsp;<a href=\"http:\/\/orcid.org\/0000-0002-8927-4141\" target=\"_blank\" rel=\"noreferrer noopener\">http:\/\/orcid.org\/0000-0002-8927-4141<\/a> <img loading=\"lazy\" decoding=\"async\" width=\"16\" height=\"16\" class=\"wp-image-377\" style=\"width: 16px\" src=\"https:\/\/blog.uclm.es\/cristinasolares\/wp-content\/uploads\/sites\/287\/2024\/06\/image.png\" alt=\"\"><\/p>\n<\/div>\n<\/div>\n\n\n\n<p><\/p>\n","protected":false},"excerpt":{"rendered":"<p>Curriculum Licenciada en Ciencias Matem\u00e1ticas, Universidad de Cantabria, 1994. Certificado de Aptitud Pedag\u00f3gica, Universidad de Cantabria, 1995. Doctora en Ciencias Matem\u00e1ticas, Universidad de Cantabria, 1997. Profesora Asociada, Universidad de Cantabria, 1996-1998. Ha realizado una estancia postdoctoral de 4 meses en Cornell University, curso 1997-1998. Profesora Asociada, Universidad de Castilla-La Mancha, 1998-2001. Profesora Titular de Universidad, [&hellip;]<\/p>\n","protected":false},"author":478,"featured_media":0,"parent":0,"menu_order":0,"comment_status":"closed","ping_status":"closed","template":"","meta":{"footnotes":""},"class_list":["post-16","page","type-page","status-publish","hentry"],"_links":{"self":[{"href":"https:\/\/blog.uclm.es\/cristinasolares\/wp-json\/wp\/v2\/pages\/16","targetHints":{"allow":["GET"]}}],"collection":[{"href":"https:\/\/blog.uclm.es\/cristinasolares\/wp-json\/wp\/v2\/pages"}],"about":[{"href":"https:\/\/blog.uclm.es\/cristinasolares\/wp-json\/wp\/v2\/types\/page"}],"author":[{"embeddable":true,"href":"https:\/\/blog.uclm.es\/cristinasolares\/wp-json\/wp\/v2\/users\/478"}],"replies":[{"embeddable":true,"href":"https:\/\/blog.uclm.es\/cristinasolares\/wp-json\/wp\/v2\/comments?post=16"}],"version-history":[{"count":17,"href":"https:\/\/blog.uclm.es\/cristinasolares\/wp-json\/wp\/v2\/pages\/16\/revisions"}],"predecessor-version":[{"id":1118,"href":"https:\/\/blog.uclm.es\/cristinasolares\/wp-json\/wp\/v2\/pages\/16\/revisions\/1118"}],"wp:attachment":[{"href":"https:\/\/blog.uclm.es\/cristinasolares\/wp-json\/wp\/v2\/media?parent=16"}],"curies":[{"name":"wp","href":"https:\/\/api.w.org\/{rel}","templated":true}]}}