{"id":13,"date":"2022-07-20T10:26:46","date_gmt":"2022-07-20T09:26:46","guid":{"rendered":"https:\/\/blogdev.uclm.es\/fullsite\/?page_id=13"},"modified":"2025-06-25T22:47:52","modified_gmt":"2025-06-25T20:47:52","slug":"blog","status":"publish","type":"page","link":"https:\/\/blog.uclm.es\/cristinasolares\/blog\/","title":{"rendered":""},"content":{"rendered":"\n<figure class=\"wp-block-image aligncenter size-large is-resized\"><a href=\"https:\/\/www.uclm.es\/\"><img loading=\"lazy\" decoding=\"async\" width=\"1024\" height=\"207\" src=\"https:\/\/blog.uclm.es\/cristinasolares\/wp-content\/uploads\/sites\/287\/2024\/06\/LOGOMARCA_UCLMCEI_2021-1-1024x207.jpg\" alt=\"\" class=\"wp-image-659\" style=\"width:304px;height:auto\" srcset=\"https:\/\/blog.uclm.es\/cristinasolares\/wp-content\/uploads\/sites\/287\/2024\/06\/LOGOMARCA_UCLMCEI_2021-1-1024x207.jpg 1024w, https:\/\/blog.uclm.es\/cristinasolares\/wp-content\/uploads\/sites\/287\/2024\/06\/LOGOMARCA_UCLMCEI_2021-1-300x61.jpg 300w, https:\/\/blog.uclm.es\/cristinasolares\/wp-content\/uploads\/sites\/287\/2024\/06\/LOGOMARCA_UCLMCEI_2021-1-768x156.jpg 768w, https:\/\/blog.uclm.es\/cristinasolares\/wp-content\/uploads\/sites\/287\/2024\/06\/LOGOMARCA_UCLMCEI_2021-1-1536x311.jpg 1536w, https:\/\/blog.uclm.es\/cristinasolares\/wp-content\/uploads\/sites\/287\/2024\/06\/LOGOMARCA_UCLMCEI_2021-1.jpg 1965w\" sizes=\"auto, (max-width: 1024px) 100vw, 1024px\" \/><\/a><\/figure>\n\n\n\n<div class=\"wp-block-columns alignfull is-layout-flex wp-container-core-columns-is-layout-28f84493 wp-block-columns-is-layout-flex\">\n<div class=\"wp-block-column is-layout-flow wp-block-column-is-layout-flow\" style=\"flex-basis:100%\">\n<p>Cristina Solares Mart\u00ednez (Gij\u00f3n, 1972), estudi\u00f3 en la Escuela de Ni\u00f1os de Valdeb\u00e1rcena, en el Colegio de E.G.B. San Rafael y en el Instituto Nacional de Bachillerato de Villaviciosa (Asturias). En el a\u00f1o 1994 finaliza su licenciatura en Ciencias Matem\u00e1ticas, cursada en las Universidades de Oviedo y Cantabria seg\u00fan un convenio que exist\u00eda entre ambas. En el a\u00f1o 1997 obtiene su doctorado en Ciencias Matem\u00e1ticas en la Universidad de Cantabria. Es profesora de la Universidad de Castilla-La Mancha desde el a\u00f1o 1998.<\/p>\n<\/div>\n<\/div>\n\n\n\n<div class=\"wp-block-group alignfull is-nowrap is-layout-flex wp-container-core-group-is-layout-6c531013 wp-block-group-is-layout-flex\">\n<div class=\"wp-block-group alignfull is-layout-constrained wp-block-group-is-layout-constrained\" style=\"padding-top:var(--wp--custom--spacing--small, 1.25rem);padding-bottom:0px\">\n<div class=\"wp-block-columns alignwide is-layout-flex wp-container-core-columns-is-layout-2eb748b2 wp-block-columns-is-layout-flex\" style=\"margin-top:0px;margin-bottom:0px\">\n<div class=\"wp-block-column is-layout-flow wp-block-column-is-layout-flow\" style=\"flex-basis:80%\">\n<p class=\"has-text-align-left\"><strong>Datos de contacto<\/strong><br><a href=\"https:\/\/www.uclm.es\/ciudad-real\/caminos\">E.T.S. de Ingenieros de Caminos, Canales y Puertos<\/a>, Universidad de Castilla-La Mancha<br>Edificio Polit\u00e9cnico, Avda. Camilo Jos\u00e9 Cela, s\/n<br>13071, Ciudad Real<br>Tel\u00e9fono: (34) 926295395<br>email: <a href=\"mailto:cristina.solares@uclm.es\">cristina.solares@uclm.es<\/a><\/p>\n<\/div>\n<\/div>\n<\/div>\n<\/div>\n\n\n\n<p><\/p>\n","protected":false},"excerpt":{"rendered":"<p>Cristina Solares Mart\u00ednez (Gij\u00f3n, 1972), estudi\u00f3 en la Escuela de Ni\u00f1os de Valdeb\u00e1rcena, en el Colegio de E.G.B. San Rafael y en el Instituto Nacional de Bachillerato de Villaviciosa (Asturias). En el a\u00f1o 1994 finaliza su licenciatura en Ciencias Matem\u00e1ticas, cursada en las Universidades de Oviedo y Cantabria seg\u00fan un convenio que exist\u00eda entre ambas. [&hellip;]<\/p>\n","protected":false},"author":478,"featured_media":99,"parent":0,"menu_order":0,"comment_status":"closed","ping_status":"closed","template":"","meta":{"footnotes":""},"class_list":["post-13","page","type-page","status-publish","has-post-thumbnail","hentry"],"_links":{"self":[{"href":"https:\/\/blog.uclm.es\/cristinasolares\/wp-json\/wp\/v2\/pages\/13","targetHints":{"allow":["GET"]}}],"collection":[{"href":"https:\/\/blog.uclm.es\/cristinasolares\/wp-json\/wp\/v2\/pages"}],"about":[{"href":"https:\/\/blog.uclm.es\/cristinasolares\/wp-json\/wp\/v2\/types\/page"}],"author":[{"embeddable":true,"href":"https:\/\/blog.uclm.es\/cristinasolares\/wp-json\/wp\/v2\/users\/478"}],"replies":[{"embeddable":true,"href":"https:\/\/blog.uclm.es\/cristinasolares\/wp-json\/wp\/v2\/comments?post=13"}],"version-history":[{"count":47,"href":"https:\/\/blog.uclm.es\/cristinasolares\/wp-json\/wp\/v2\/pages\/13\/revisions"}],"predecessor-version":[{"id":1108,"href":"https:\/\/blog.uclm.es\/cristinasolares\/wp-json\/wp\/v2\/pages\/13\/revisions\/1108"}],"wp:featuredmedia":[{"embeddable":true,"href":"https:\/\/blog.uclm.es\/cristinasolares\/wp-json\/"}],"wp:attachment":[{"href":"https:\/\/blog.uclm.es\/cristinasolares\/wp-json\/wp\/v2\/media?parent=13"}],"curies":[{"name":"wp","href":"https:\/\/api.w.org\/{rel}","templated":true}]}}