{"id":209,"date":"2022-07-25T10:32:04","date_gmt":"2022-07-25T09:32:04","guid":{"rendered":"https:\/\/blogdev.uclm.es\/fullsite\/?page_id=209"},"modified":"2024-01-12T20:17:42","modified_gmt":"2024-01-12T19:17:42","slug":"galeria","status":"publish","type":"page","link":"https:\/\/blog.uclm.es\/cristinasaez\/galeria\/","title":{"rendered":"Galeria"},"content":{"rendered":"\n<figure class=\"wp-block-image aligncenter size-full is-resized is-style-rounded\"><img loading=\"lazy\" decoding=\"async\" width=\"1024\" height=\"683\" src=\"https:\/\/blog.uclm.es\/cristinasaez\/wp-content\/uploads\/sites\/269\/2022\/10\/15-1024x683-1.jpg\" alt=\"\" class=\"wp-image-305\" style=\"aspect-ratio:1;width:136px;height:auto\" srcset=\"https:\/\/blog.uclm.es\/cristinasaez\/wp-content\/uploads\/sites\/269\/2022\/10\/15-1024x683-1.jpg 1024w, https:\/\/blog.uclm.es\/cristinasaez\/wp-content\/uploads\/sites\/269\/2022\/10\/15-1024x683-1-300x200.jpg 300w, https:\/\/blog.uclm.es\/cristinasaez\/wp-content\/uploads\/sites\/269\/2022\/10\/15-1024x683-1-768x512.jpg 768w\" sizes=\"auto, (max-width: 1024px) 100vw, 1024px\" \/><figcaption class=\"wp-element-caption\">Miradas<\/figcaption><\/figure>\n\n\n\n<blockquote class=\"wp-block-quote has-text-align-center is-style-large is-layout-flow wp-block-quote-is-layout-flow\" style=\"font-size:12px\">\n<p><em>Una investigaci\u00f3n es m\u00e1s que una tarea,<\/em><\/p>\n\n\n\n<p><em>es un reto.<\/em><\/p>\n<\/blockquote>\n\n\n\n<hr class=\"wp-block-separator has-css-opacity is-style-default\" \/>\n\n\n\n<h5 class=\"wp-block-heading has-text-align-center has-x-large-font-size\">Galeria de Im\u00e1genes<\/h5>\n\n\n\n<hr class=\"wp-block-separator has-css-opacity\" \/>\n\n\n\n<figure class=\"wp-block-gallery has-nested-images columns-default is-cropped wp-block-gallery-1 is-layout-flex wp-block-gallery-is-layout-flex\">\n<figure class=\"wp-block-image size-large\"><img loading=\"lazy\" decoding=\"async\" width=\"1024\" height=\"577\" data-id=\"360\" src=\"https:\/\/blog.uclm.es\/cristinasaez\/wp-content\/uploads\/sites\/269\/2024\/01\/foto-5-1024x577.jpg\" alt=\"\" class=\"wp-image-360\" srcset=\"https:\/\/blog.uclm.es\/cristinasaez\/wp-content\/uploads\/sites\/269\/2024\/01\/foto-5-1024x577.jpg 1024w, https:\/\/blog.uclm.es\/cristinasaez\/wp-content\/uploads\/sites\/269\/2024\/01\/foto-5-300x169.jpg 300w, https:\/\/blog.uclm.es\/cristinasaez\/wp-content\/uploads\/sites\/269\/2024\/01\/foto-5-768x433.jpg 768w, https:\/\/blog.uclm.es\/cristinasaez\/wp-content\/uploads\/sites\/269\/2024\/01\/foto-5-1536x866.jpg 1536w, https:\/\/blog.uclm.es\/cristinasaez\/wp-content\/uploads\/sites\/269\/2024\/01\/foto-5.jpg 1600w\" sizes=\"auto, (max-width: 1024px) 100vw, 1024px\" \/><\/figure>\n\n\n\n<figure class=\"wp-block-image size-full\"><img loading=\"lazy\" decoding=\"async\" width=\"991\" height=\"610\" data-id=\"361\" src=\"https:\/\/blog.uclm.es\/cristinasaez\/wp-content\/uploads\/sites\/269\/2024\/01\/Electrooxidacion.png\" alt=\"\" class=\"wp-image-361\" srcset=\"https:\/\/blog.uclm.es\/cristinasaez\/wp-content\/uploads\/sites\/269\/2024\/01\/Electrooxidacion.png 991w, https:\/\/blog.uclm.es\/cristinasaez\/wp-content\/uploads\/sites\/269\/2024\/01\/Electrooxidacion-300x185.png 300w, https:\/\/blog.uclm.es\/cristinasaez\/wp-content\/uploads\/sites\/269\/2024\/01\/Electrooxidacion-768x473.png 768w\" sizes=\"auto, (max-width: 991px) 100vw, 991px\" \/><\/figure>\n\n\n\n<figure class=\"wp-block-image size-large\"><img loading=\"lazy\" decoding=\"async\" width=\"1024\" height=\"576\" data-id=\"362\" src=\"https:\/\/blog.uclm.es\/cristinasaez\/wp-content\/uploads\/sites\/269\/2024\/01\/Suelos-1-1024x576.jpg\" alt=\"\" class=\"wp-image-362\" srcset=\"https:\/\/blog.uclm.es\/cristinasaez\/wp-content\/uploads\/sites\/269\/2024\/01\/Suelos-1-1024x576.jpg 1024w, https:\/\/blog.uclm.es\/cristinasaez\/wp-content\/uploads\/sites\/269\/2024\/01\/Suelos-1-300x169.jpg 300w, https:\/\/blog.uclm.es\/cristinasaez\/wp-content\/uploads\/sites\/269\/2024\/01\/Suelos-1-768x432.jpg 768w, https:\/\/blog.uclm.es\/cristinasaez\/wp-content\/uploads\/sites\/269\/2024\/01\/Suelos-1-1536x864.jpg 1536w, https:\/\/blog.uclm.es\/cristinasaez\/wp-content\/uploads\/sites\/269\/2024\/01\/Suelos-1-2048x1152.jpg 2048w\" sizes=\"auto, (max-width: 1024px) 100vw, 1024px\" \/><\/figure>\n\n\n\n<figure class=\"wp-block-image size-full\"><img loading=\"lazy\" decoding=\"async\" width=\"326\" height=\"259\" data-id=\"363\" src=\"https:\/\/blog.uclm.es\/cristinasaez\/wp-content\/uploads\/sites\/269\/2024\/01\/Oxidantes.png\" alt=\"\" class=\"wp-image-363\" srcset=\"https:\/\/blog.uclm.es\/cristinasaez\/wp-content\/uploads\/sites\/269\/2024\/01\/Oxidantes.png 326w, https:\/\/blog.uclm.es\/cristinasaez\/wp-content\/uploads\/sites\/269\/2024\/01\/Oxidantes-300x238.png 300w\" sizes=\"auto, (max-width: 326px) 100vw, 326px\" \/><\/figure>\n\n\n\n<figure class=\"wp-block-image size-full\"><img loading=\"lazy\" decoding=\"async\" width=\"416\" height=\"530\" data-id=\"364\" src=\"https:\/\/blog.uclm.es\/cristinasaez\/wp-content\/uploads\/sites\/269\/2024\/01\/Oxidantes_JF.jpg\" alt=\"\" class=\"wp-image-364\" srcset=\"https:\/\/blog.uclm.es\/cristinasaez\/wp-content\/uploads\/sites\/269\/2024\/01\/Oxidantes_JF.jpg 416w, https:\/\/blog.uclm.es\/cristinasaez\/wp-content\/uploads\/sites\/269\/2024\/01\/Oxidantes_JF-235x300.jpg 235w\" sizes=\"auto, (max-width: 416px) 100vw, 416px\" \/><\/figure>\n\n\n\n<figure class=\"wp-block-image size-full\"><img loading=\"lazy\" decoding=\"async\" width=\"118\" height=\"158\" data-id=\"366\" src=\"https:\/\/blog.uclm.es\/cristinasaez\/wp-content\/uploads\/sites\/269\/2024\/01\/Suelos-2-2.png\" alt=\"\" class=\"wp-image-366\" \/><\/figure>\n<\/figure>\n","protected":false},"excerpt":{"rendered":"<p>Una investigaci\u00f3n es m\u00e1s que una tarea, es un reto. Galeria de Im\u00e1genes<\/p>\n","protected":false},"author":437,"featured_media":0,"parent":0,"menu_order":0,"comment_status":"closed","ping_status":"closed","template":"","meta":{"footnotes":""},"class_list":["post-209","page","type-page","status-publish","hentry"],"_links":{"self":[{"href":"https:\/\/blog.uclm.es\/cristinasaez\/wp-json\/wp\/v2\/pages\/209","targetHints":{"allow":["GET"]}}],"collection":[{"href":"https:\/\/blog.uclm.es\/cristinasaez\/wp-json\/wp\/v2\/pages"}],"about":[{"href":"https:\/\/blog.uclm.es\/cristinasaez\/wp-json\/wp\/v2\/types\/page"}],"author":[{"embeddable":true,"href":"https:\/\/blog.uclm.es\/cristinasaez\/wp-json\/wp\/v2\/users\/437"}],"replies":[{"embeddable":true,"href":"https:\/\/blog.uclm.es\/cristinasaez\/wp-json\/wp\/v2\/comments?post=209"}],"version-history":[{"count":2,"href":"https:\/\/blog.uclm.es\/cristinasaez\/wp-json\/wp\/v2\/pages\/209\/revisions"}],"predecessor-version":[{"id":367,"href":"https:\/\/blog.uclm.es\/cristinasaez\/wp-json\/wp\/v2\/pages\/209\/revisions\/367"}],"wp:attachment":[{"href":"https:\/\/blog.uclm.es\/cristinasaez\/wp-json\/wp\/v2\/media?parent=209"}],"curies":[{"name":"wp","href":"https:\/\/api.w.org\/{rel}","templated":true}]}}