{"id":14,"date":"2022-07-20T11:50:39","date_gmt":"2022-07-20T10:50:39","guid":{"rendered":"https:\/\/blogdev.uclm.es\/fullsite\/?page_id=14"},"modified":"2024-01-12T20:22:19","modified_gmt":"2024-01-12T19:22:19","slug":"investigacion","status":"publish","type":"page","link":"https:\/\/blog.uclm.es\/cristinasaez\/investigacion\/","title":{"rendered":"Investigaci\u00f3n"},"content":{"rendered":"\n<div class=\"wp-block-group alignwide is-layout-flow wp-block-group-is-layout-flow\">\n<figure class=\"wp-block-image size-large\"><img loading=\"lazy\" decoding=\"async\" width=\"1024\" height=\"576\" src=\"https:\/\/blog.uclm.es\/cristinasaez\/wp-content\/uploads\/sites\/269\/2024\/01\/fondo-e3l-1-1024x576.png\" alt=\"\" class=\"wp-image-368\" srcset=\"https:\/\/blog.uclm.es\/cristinasaez\/wp-content\/uploads\/sites\/269\/2024\/01\/fondo-e3l-1-1024x576.png 1024w, https:\/\/blog.uclm.es\/cristinasaez\/wp-content\/uploads\/sites\/269\/2024\/01\/fondo-e3l-1-300x169.png 300w, https:\/\/blog.uclm.es\/cristinasaez\/wp-content\/uploads\/sites\/269\/2024\/01\/fondo-e3l-1-768x432.png 768w, https:\/\/blog.uclm.es\/cristinasaez\/wp-content\/uploads\/sites\/269\/2024\/01\/fondo-e3l-1.png 1280w\" sizes=\"auto, (max-width: 1024px) 100vw, 1024px\" \/><\/figure>\n\n\n\n<div class=\"wp-block-columns is-layout-flex wp-container-core-columns-is-layout-28f84493 wp-block-columns-is-layout-flex\">\n<div class=\"wp-block-column is-vertically-aligned-top is-layout-flow wp-block-column-is-layout-flow\" style=\"flex-basis:30%\">\n<h5 class=\"wp-block-heading has-x-large-font-size\" style=\"font-style:normal;font-weight:300;line-height:0\">Investigaci\u00f3n<\/h5>\n<\/div>\n\n\n\n<div class=\"wp-block-column is-vertically-aligned-bottom is-layout-flow wp-block-column-is-layout-flow\" style=\"padding-bottom:0rem\">\n<p>Ingenier\u00eda electroqu\u00edmica y ambiental<\/p>\n<\/div>\n<\/div>\n\n\n\n<hr class=\"wp-block-separator has-css-opacity is-style-wide\" \/>\n<\/div>\n\n\n\n<div class=\"wp-block-group is-layout-flow wp-block-group-is-layout-flow\">\n<div class=\"wp-block-columns alignfull has-text-color has-background is-layout-flex wp-container-core-columns-is-layout-28f84493 wp-block-columns-is-layout-flex\" style=\"color:#000000;background-color:#ffffff\">\n<div class=\"wp-block-column is-layout-flow wp-block-column-is-layout-flow\">\n<h5 class=\"wp-block-heading has-text-align-left\" style=\"font-size:24px;font-style:normal;font-weight:300;line-height:0\">ETECHU<\/h5>\n\n\n\n<figure class=\"wp-block-embed\"><div class=\"wp-block-embed__wrapper\">\nhttps:\/\/blog.uclm.es\/proyectoetechu\n<\/div><\/figure>\n<\/div>\n\n\n\n<div class=\"wp-block-column is-layout-flow wp-block-column-is-layout-flow\">\n<h5 class=\"wp-block-heading has-text-align-left\" style=\"font-size:24px;font-style:normal;font-weight:300;line-height:0\">ELECTRO4BIOAERO<\/h5>\n\n\n\n<figure class=\"wp-block-embed\"><div class=\"wp-block-embed__wrapper\">\nhttps:\/\/blog.uclm.es\/proyectoetechu\n<\/div><\/figure>\n<\/div>\n\n\n\n<div class=\"wp-block-column is-layout-flow wp-block-column-is-layout-flow\">\n<h5 class=\"wp-block-heading has-text-align-left\" style=\"font-size:24px;font-style:normal;font-weight:300;line-height:0\">SOILOLIVE<\/h5>\n\n\n\n<p><a href=\"https:\/\/soilolive.eu\/es\/es-inicio\/\">Inicio &#8211; Soil Olive<\/a><\/p>\n<\/div>\n<\/div>\n<\/div>\n\n\n\n<hr class=\"wp-block-separator has-css-opacity is-style-wide\" \/>\n\n\n\n<div class=\"wp-block-group is-layout-flow wp-block-group-is-layout-flow\"><\/div>\n","protected":false},"excerpt":{"rendered":"<p>Investigaci\u00f3n Ingenier\u00eda electroqu\u00edmica y ambiental ETECHU ELECTRO4BIOAERO SOILOLIVE Inicio &#8211; Soil Olive<\/p>\n","protected":false},"author":437,"featured_media":0,"parent":0,"menu_order":0,"comment_status":"closed","ping_status":"closed","template":"","meta":{"footnotes":""},"class_list":["post-14","page","type-page","status-publish","hentry"],"_links":{"self":[{"href":"https:\/\/blog.uclm.es\/cristinasaez\/wp-json\/wp\/v2\/pages\/14","targetHints":{"allow":["GET"]}}],"collection":[{"href":"https:\/\/blog.uclm.es\/cristinasaez\/wp-json\/wp\/v2\/pages"}],"about":[{"href":"https:\/\/blog.uclm.es\/cristinasaez\/wp-json\/wp\/v2\/types\/page"}],"author":[{"embeddable":true,"href":"https:\/\/blog.uclm.es\/cristinasaez\/wp-json\/wp\/v2\/users\/437"}],"replies":[{"embeddable":true,"href":"https:\/\/blog.uclm.es\/cristinasaez\/wp-json\/wp\/v2\/comments?post=14"}],"version-history":[{"count":2,"href":"https:\/\/blog.uclm.es\/cristinasaez\/wp-json\/wp\/v2\/pages\/14\/revisions"}],"predecessor-version":[{"id":371,"href":"https:\/\/blog.uclm.es\/cristinasaez\/wp-json\/wp\/v2\/pages\/14\/revisions\/371"}],"wp:attachment":[{"href":"https:\/\/blog.uclm.es\/cristinasaez\/wp-json\/wp\/v2\/media?parent=14"}],"curies":[{"name":"wp","href":"https:\/\/api.w.org\/{rel}","templated":true}]}}