{"id":13,"date":"2022-07-20T10:26:46","date_gmt":"2022-07-20T09:26:46","guid":{"rendered":"https:\/\/blogdev.uclm.es\/fullsite\/?page_id=13"},"modified":"2024-01-12T20:27:15","modified_gmt":"2024-01-12T19:27:15","slug":"blog","status":"publish","type":"page","link":"https:\/\/blog.uclm.es\/cristinasaez\/blog\/","title":{"rendered":"Blog"},"content":{"rendered":"\n<div class=\"wp-block-group alignfull has-background-color has-text-color has-background has-link-color wp-elements-3898dc45fb71211653753588d9809716 is-layout-constrained wp-block-group-is-layout-constrained\" style=\"background-color:#b30033;padding-top:6rem;padding-bottom:6rem\">\n<div class=\"wp-block-media-text alignwide has-media-on-the-right is-stacked-on-mobile is-vertically-aligned-bottom\"><div class=\"wp-block-media-text__content\">\n<p><\/p>\n<\/div><figure class=\"wp-block-media-text__media\"><img loading=\"lazy\" decoding=\"async\" width=\"1024\" height=\"683\" src=\"https:\/\/blog.uclm.es\/cristinasaez\/wp-content\/uploads\/sites\/269\/2024\/01\/DSC_1182-1024x683.jpg\" alt=\"\" class=\"wp-image-375 size-full\" srcset=\"https:\/\/blog.uclm.es\/cristinasaez\/wp-content\/uploads\/sites\/269\/2024\/01\/DSC_1182-1024x683.jpg 1024w, https:\/\/blog.uclm.es\/cristinasaez\/wp-content\/uploads\/sites\/269\/2024\/01\/DSC_1182-300x200.jpg 300w, https:\/\/blog.uclm.es\/cristinasaez\/wp-content\/uploads\/sites\/269\/2024\/01\/DSC_1182-768x512.jpg 768w, https:\/\/blog.uclm.es\/cristinasaez\/wp-content\/uploads\/sites\/269\/2024\/01\/DSC_1182-1536x1024.jpg 1536w, https:\/\/blog.uclm.es\/cristinasaez\/wp-content\/uploads\/sites\/269\/2024\/01\/DSC_1182-2048x1365.jpg 2048w\" sizes=\"auto, (max-width: 1024px) 100vw, 1024px\" \/><\/figure><\/div>\n<\/div>\n\n\n\n<div class=\"wp-block-group alignfull is-layout-constrained wp-block-group-is-layout-constrained\" style=\"padding-top:var(--wp--custom--spacing--small, 1.25rem);padding-bottom:0px\">\n<div class=\"wp-block-columns alignwide is-layout-flex wp-container-core-columns-is-layout-2eb748b2 wp-block-columns-is-layout-flex\" style=\"margin-top:0px;margin-bottom:0px\">\n<div class=\"wp-block-column is-layout-flow wp-block-column-is-layout-flow\" style=\"flex-basis:20%\"><h1 style=\"font-style:italic;font-weight:300;line-height:1.1; margin-top:0px;margin-bottom:1rem;\" class=\"wp-block-site-title has-var-wp-custom-typography-font-size-huge-clamp-2-25-rem-4-vw-2-75-rem-font-size has-source-serif-pro-font-family\">Sitio Personal de Cristina S\u00e1ez Jim\u00e9nez<\/h1>\n\n\n\n\n<hr class=\"wp-block-separator has-text-color has-foreground-color has-css-opacity has-foreground-background-color has-background is-style-wide\" \/>\n\n\n\n<div style=\"height:16px\" aria-hidden=\"true\" class=\"wp-block-spacer\"><\/div>\n\n\n<nav class=\"is-responsive items-justified-left is-vertical wp-block-navigation is-content-justification-left is-layout-flex wp-container-core-navigation-is-layout-dd225191 wp-block-navigation-is-layout-flex\" aria-label=\"Navegaci\u00f3n 9\" \n\t\t data-wp-interactive=\"core\/navigation\" data-wp-context='{\"overlayOpenedBy\":{\"click\":false,\"hover\":false,\"focus\":false},\"type\":\"overlay\",\"roleAttribute\":\"\",\"ariaLabel\":\"Men\\u00fa\"}'><button aria-haspopup=\"dialog\" aria-label=\"Abrir el men\u00fa\" class=\"wp-block-navigation__responsive-container-open\" \n\t\t\t\tdata-wp-on--click=\"actions.openMenuOnClick\"\n\t\t\t\tdata-wp-on--keydown=\"actions.handleMenuKeydown\"\n\t\t\t><svg width=\"24\" height=\"24\" xmlns=\"http:\/\/www.w3.org\/2000\/svg\" viewBox=\"0 0 24 24\" aria-hidden=\"true\" focusable=\"false\"><path d=\"M4 7.5h16v1.5H4z\"><\/path><path d=\"M4 15h16v1.5H4z\"><\/path><\/svg><\/button>\n\t\t\t\t<div class=\"wp-block-navigation__responsive-container\"  id=\"modal-1\" \n\t\t\t\tdata-wp-class--has-modal-open=\"state.isMenuOpen\"\n\t\t\t\tdata-wp-class--is-menu-open=\"state.isMenuOpen\"\n\t\t\t\tdata-wp-watch=\"callbacks.initMenu\"\n\t\t\t\tdata-wp-on--keydown=\"actions.handleMenuKeydown\"\n\t\t\t\tdata-wp-on--focusout=\"actions.handleMenuFocusout\"\n\t\t\t\ttabindex=\"-1\"\n\t\t\t>\n\t\t\t\t\t<div class=\"wp-block-navigation__responsive-close\" tabindex=\"-1\">\n\t\t\t\t\t\t<div class=\"wp-block-navigation__responsive-dialog\" \n\t\t\t\tdata-wp-bind--aria-modal=\"state.ariaModal\"\n\t\t\t\tdata-wp-bind--aria-label=\"state.ariaLabel\"\n\t\t\t\tdata-wp-bind--role=\"state.roleAttribute\"\n\t\t\t>\n\t\t\t\t\t\t\t<button aria-label=\"Cerrar el men\u00fa\" class=\"wp-block-navigation__responsive-container-close\" \n\t\t\t\tdata-wp-on--click=\"actions.closeMenuOnClick\"\n\t\t\t><svg xmlns=\"http:\/\/www.w3.org\/2000\/svg\" viewBox=\"0 0 24 24\" width=\"24\" height=\"24\" aria-hidden=\"true\" focusable=\"false\"><path d=\"m13.06 12 6.47-6.47-1.06-1.06L12 10.94 5.53 4.47 4.47 5.53 10.94 12l-6.47 6.47 1.06 1.06L12 13.06l6.47 6.47 1.06-1.06L13.06 12Z\"><\/path><\/svg><\/button>\n\t\t\t\t\t\t\t<div class=\"wp-block-navigation__responsive-container-content\" \n\t\t\t\tdata-wp-watch=\"callbacks.focusFirstElement\"\n\t\t\t id=\"modal-1-content\">\n\t\t\t\t\t\t\t\t<ul class=\"wp-block-navigation__container is-responsive items-justified-left is-vertical wp-block-navigation\"><ul class=\"wp-block-page-list\"><li class=\"wp-block-pages-list__item wp-block-navigation-item open-on-hover-click\"><a class=\"wp-block-pages-list__item__link wp-block-navigation-item__content\" href=\"https:\/\/blog.uclm.es\/cristinasaez\/blog\/\">Blog<\/a><\/li><li class=\"wp-block-pages-list__item wp-block-navigation-item open-on-hover-click\"><a class=\"wp-block-pages-list__item__link wp-block-navigation-item__content\" href=\"https:\/\/blog.uclm.es\/cristinasaez\/curriculum\/\">Curriculum<\/a><\/li><li class=\"wp-block-pages-list__item wp-block-navigation-item open-on-hover-click\"><a class=\"wp-block-pages-list__item__link wp-block-navigation-item__content\" href=\"https:\/\/blog.uclm.es\/cristinasaez\/docencia\/\">Docencia<\/a><\/li><li class=\"wp-block-pages-list__item wp-block-navigation-item open-on-hover-click\"><a class=\"wp-block-pages-list__item__link wp-block-navigation-item__content\" href=\"https:\/\/blog.uclm.es\/cristinasaez\/galeria\/\">Galeria<\/a><\/li><li class=\"wp-block-pages-list__item wp-block-navigation-item open-on-hover-click\"><a class=\"wp-block-pages-list__item__link wp-block-navigation-item__content\" href=\"https:\/\/blog.uclm.es\/cristinasaez\/investigacion\/\">Investigaci\u00f3n<\/a><\/li><li class=\"wp-block-pages-list__item wp-block-navigation-item open-on-hover-click\"><a class=\"wp-block-pages-list__item__link wp-block-navigation-item__content\" href=\"https:\/\/blog.uclm.es\/cristinasaez\/publicaciones\/\">Publicaciones<\/a><\/li><\/ul><\/ul>\n\t\t\t\t\t\t\t<\/div>\n\t\t\t\t\t\t<\/div>\n\t\t\t\t\t<\/div>\n\t\t\t\t<\/div><\/nav>\n\n\n<div style=\"height:16px\" aria-hidden=\"true\" class=\"wp-block-spacer\"><\/div>\n\n\n\n<div style=\"height:16px\" aria-hidden=\"true\" class=\"wp-block-spacer\"><\/div>\n\n\n\n<div style=\"height:16px\" aria-hidden=\"true\" class=\"wp-block-spacer\"><\/div>\n<\/div>\n\n\n\n<div class=\"wp-block-column is-layout-flow wp-block-column-is-layout-flow\" style=\"flex-basis:80%\">\n<div class=\"wp-block-query is-layout-constrained wp-block-query-is-layout-constrained\"><ul class=\"columns-3 wp-block-post-template is-layout-grid wp-container-core-post-template-is-layout-6d3fbd8f wp-block-post-template-is-layout-grid\"><li class=\"wp-block-post post-95 post type-post status-publish format-standard has-post-thumbnail hentry category-sin-categoria\">\n\n\n\n<div class=\"wp-block-group is-content-justification-space-between is-layout-flex wp-container-core-group-is-layout-b2891da8 wp-block-group-is-layout-flex\"><h2 style=\"font-style:normal;font-weight:400;\" class=\"has-link-color wp-elements-9cfcdb54d33065e9947fd2c70dea3afe wp-block-post-title has-small-font-size has-system-font-font-family\"><a href=\"https:\/\/blog.uclm.es\/cristinasaez\/2022\/07\/21\/la-uclm-reconoce-la-creacion-artistica-en-una-nueva-edicion-de-sus-concursos-culturales-creacic\/\" target=\"_self\" >La UCLM reconoce la creaci\u00f3n art\u00edstica en una nueva edici\u00f3n de sus Concursos Culturales CreaCIC<\/a><\/h2>\n\n<div style=\"font-style:italic;font-weight:400;\" class=\"wp-block-post-date has-small-font-size\"><time datetime=\"2022-07-21T08:55:28+02:00\">07.21.22<\/time><\/div><\/div>\n\n<\/li><li class=\"wp-block-post post-89 post type-post status-publish format-standard has-post-thumbnail hentry category-sin-categoria\">\n\n\n\n<div class=\"wp-block-group is-content-justification-space-between is-layout-flex wp-container-core-group-is-layout-b2891da8 wp-block-group-is-layout-flex\"><h2 style=\"font-style:normal;font-weight:400;\" class=\"has-link-color wp-elements-9cfcdb54d33065e9947fd2c70dea3afe wp-block-post-title has-small-font-size has-system-font-font-family\"><a href=\"https:\/\/blog.uclm.es\/cristinasaez\/2022\/07\/21\/el-grado-en-medicina-de-la-uclm-obtiene-el-sello-internacional-de-calidad-de-la-federacion-mundial-de-educacion-medica\/\" target=\"_self\" >El Grado en Medicina de la UCLM obtiene el Sello Internacional de Calidad de la Federaci\u00f3n Mundial de Educaci\u00f3n M\u00e9dica<\/a><\/h2>\n\n<div style=\"font-style:italic;font-weight:400;\" class=\"wp-block-post-date has-small-font-size\"><time datetime=\"2022-07-21T08:41:42+02:00\">07.21.22<\/time><\/div><\/div>\n\n<\/li><li class=\"wp-block-post post-84 post type-post status-publish format-standard has-post-thumbnail hentry category-sin-categoria\">\n\n\n\n<div class=\"wp-block-group is-content-justification-space-between is-layout-flex wp-container-core-group-is-layout-b2891da8 wp-block-group-is-layout-flex\"><h2 style=\"font-style:normal;font-weight:400;\" class=\"has-link-color wp-elements-9cfcdb54d33065e9947fd2c70dea3afe wp-block-post-title has-small-font-size has-system-font-font-family\"><a href=\"https:\/\/blog.uclm.es\/cristinasaez\/2022\/07\/20\/la-uclm-se-situa-entre-las-diez-mejores-universidades-de-espana-en-el-ranking-de-shanghai-en-cinco-areas\/\" target=\"_self\" >La UCLM se sit\u00faa entre las diez mejores universidades de Espa\u00f1a en el \u2018ranking\u2019 de Shangh\u00e1i en cinco \u00e1reas<\/a><\/h2>\n\n<div style=\"font-style:italic;font-weight:400;\" class=\"wp-block-post-date has-small-font-size\"><time datetime=\"2022-07-20T13:20:38+02:00\">07.20.22<\/time><\/div><\/div>\n\n<\/li><\/ul>\n\n<\/div>\n<\/div>\n<\/div>\n<\/div>\n\n\n\n<div class=\"wp-block-group alignfull is-layout-constrained wp-block-group-is-layout-constrained\" style=\"padding-top:0px;padding-bottom:var(--wp--custom--spacing--small, 1.25rem)\">\n<div class=\"wp-block-columns alignwide is-layout-flex wp-container-core-columns-is-layout-2eb748b2 wp-block-columns-is-layout-flex\" style=\"margin-top:0px;margin-bottom:0px\">\n<div class=\"wp-block-column is-layout-flow wp-block-column-is-layout-flow\" style=\"flex-basis:100%\">\n<hr class=\"wp-block-separator has-css-opacity is-style-wide\" \/>\n\n\n\n<div style=\"height:50px\" aria-hidden=\"true\" class=\"wp-block-spacer\"><\/div>\n\n\n\n<div class=\"wp-block-query is-layout-flow wp-block-query-is-layout-flow\"><ul class=\"wp-block-post-template is-layout-flow wp-block-post-template-is-layout-flow\"><li class=\"wp-block-post post-95 post type-post status-publish format-standard has-post-thumbnail hentry category-sin-categoria\">\n\n<div class=\"wp-block-columns alignwide is-layout-flex wp-container-core-columns-is-layout-28f84493 wp-block-columns-is-layout-flex\">\n<div class=\"wp-block-column is-layout-flow wp-block-column-is-layout-flow\" style=\"flex-basis:45%\"><\/div>\n\n\n\n<div class=\"wp-block-column is-layout-flow wp-block-column-is-layout-flow\"><h2 style=\"font-style:normal;font-weight:400; margin-top:0px;margin-right:0px;margin-bottom:0px;margin-left:0px;\" class=\"has-link-color wp-elements-34734ae9bf788db26a6a00cf76bea4fb wp-block-post-title has-small-font-size has-system-font-font-family\"><a href=\"https:\/\/blog.uclm.es\/cristinasaez\/2022\/07\/21\/la-uclm-reconoce-la-creacion-artistica-en-una-nueva-edicion-de-sus-concursos-culturales-creacic\/\" target=\"_self\" >La UCLM reconoce la creaci\u00f3n art\u00edstica en una nueva edici\u00f3n de sus Concursos Culturales CreaCIC<\/a><\/h2>\n\n<div class=\"wp-block-post-excerpt\"><p class=\"wp-block-post-excerpt__excerpt\">La d\u00e9cimo segunda edici\u00f3n de los Concursos Culturales de la Universidad de Castilla-La Mancha (UCLM) CreaCIC ya tiene ganadores en las modalidades de fotograf\u00eda, v\u00eddeo, relato, poes\u00eda e ilustraci\u00f3n y dibujo, y finalistas del certamen de maquetas musicales. Promovida por el Vicerrectorado de Cultura, Deporte y Responsabilidad Social, esta iniciativa pretende promover y reconocer la<\/p><p class=\"wp-block-post-excerpt__more-text\"><a class=\"wp-block-post-excerpt__more-link\" href=\"https:\/\/blog.uclm.es\/cristinasaez\/2022\/07\/21\/la-uclm-reconoce-la-creacion-artistica-en-una-nueva-edicion-de-sus-concursos-culturales-creacic\/\">Leer m\u00e1s<\/a><\/p><\/div><\/div>\n<\/div>\n\n<\/li><li class=\"wp-block-post post-89 post type-post status-publish format-standard has-post-thumbnail hentry category-sin-categoria\">\n\n<div class=\"wp-block-columns alignwide is-layout-flex wp-container-core-columns-is-layout-28f84493 wp-block-columns-is-layout-flex\">\n<div class=\"wp-block-column is-layout-flow wp-block-column-is-layout-flow\" style=\"flex-basis:45%\"><\/div>\n\n\n\n<div class=\"wp-block-column is-layout-flow wp-block-column-is-layout-flow\"><h2 style=\"font-style:normal;font-weight:400; margin-top:0px;margin-right:0px;margin-bottom:0px;margin-left:0px;\" class=\"has-link-color wp-elements-34734ae9bf788db26a6a00cf76bea4fb wp-block-post-title has-small-font-size has-system-font-font-family\"><a href=\"https:\/\/blog.uclm.es\/cristinasaez\/2022\/07\/21\/el-grado-en-medicina-de-la-uclm-obtiene-el-sello-internacional-de-calidad-de-la-federacion-mundial-de-educacion-medica\/\" target=\"_self\" >El Grado en Medicina de la UCLM obtiene el Sello Internacional de Calidad de la Federaci\u00f3n Mundial de Educaci\u00f3n M\u00e9dica<\/a><\/h2>\n\n<div class=\"wp-block-post-excerpt\"><p class=\"wp-block-post-excerpt__excerpt\">Los estudios oficiales de Medicina en la Universidad de Castilla-La Mancha han sido reconocidos con el Sello Internacional de Calidad conforme a los est\u00e1ndares de calidad de la Federaci\u00f3n Mundial de Educaci\u00f3n M\u00e9dica (WFME) que emite la Agencia Nacional de Evaluaci\u00f3n de la Calidad y Acreditaci\u00f3n (ANECA). La Universidad regional, y concretamente sus facultades de<\/p><p class=\"wp-block-post-excerpt__more-text\"><a class=\"wp-block-post-excerpt__more-link\" href=\"https:\/\/blog.uclm.es\/cristinasaez\/2022\/07\/21\/el-grado-en-medicina-de-la-uclm-obtiene-el-sello-internacional-de-calidad-de-la-federacion-mundial-de-educacion-medica\/\">Leer m\u00e1s<\/a><\/p><\/div><\/div>\n<\/div>\n\n<\/li><li class=\"wp-block-post post-84 post type-post status-publish format-standard has-post-thumbnail hentry category-sin-categoria\">\n\n<div class=\"wp-block-columns alignwide is-layout-flex wp-container-core-columns-is-layout-28f84493 wp-block-columns-is-layout-flex\">\n<div class=\"wp-block-column is-layout-flow wp-block-column-is-layout-flow\" style=\"flex-basis:45%\"><\/div>\n\n\n\n<div class=\"wp-block-column is-layout-flow wp-block-column-is-layout-flow\"><h2 style=\"font-style:normal;font-weight:400; margin-top:0px;margin-right:0px;margin-bottom:0px;margin-left:0px;\" class=\"has-link-color wp-elements-34734ae9bf788db26a6a00cf76bea4fb wp-block-post-title has-small-font-size has-system-font-font-family\"><a href=\"https:\/\/blog.uclm.es\/cristinasaez\/2022\/07\/20\/la-uclm-se-situa-entre-las-diez-mejores-universidades-de-espana-en-el-ranking-de-shanghai-en-cinco-areas\/\" target=\"_self\" >La UCLM se sit\u00faa entre las diez mejores universidades de Espa\u00f1a en el \u2018ranking\u2019 de Shangh\u00e1i en cinco \u00e1reas<\/a><\/h2>\n\n<div class=\"wp-block-post-excerpt\"><p class=\"wp-block-post-excerpt__excerpt\">La Universidad de Castilla-La Mancha (UCLM) se encuentra entre las diez mejores universidades de Espa\u00f1a en el \u2018ranking\u2019 de Shangh\u00e1i en cinco \u00e1reas: Ingenier\u00eda Qu\u00edmica, Educaci\u00f3n, Ciencias Veterinarias, Ciencia e Ingenier\u00eda del Medio Ambiente y Econom\u00eda. Adem\u00e1s, la UCLM est\u00e1 entre las cien primeras del mundo en Ciencias Veterinarias. La Universidad de Castilla-La Mancha (UCLM)<\/p><p class=\"wp-block-post-excerpt__more-text\"><a class=\"wp-block-post-excerpt__more-link\" href=\"https:\/\/blog.uclm.es\/cristinasaez\/2022\/07\/20\/la-uclm-se-situa-entre-las-diez-mejores-universidades-de-espana-en-el-ranking-de-shanghai-en-cinco-areas\/\">Leer m\u00e1s<\/a><\/p><\/div><\/div>\n<\/div>\n\n<\/li><\/ul><\/div>\n<\/div>\n<\/div>\n<\/div>\n\n\n\n<div class=\"wp-block-group alignfull is-layout-constrained wp-block-group-is-layout-constrained\" style=\"padding-top:0px;padding-bottom:var(--wp--custom--spacing--small, 1.25rem)\">\n<div class=\"wp-block-columns alignwide has-foreground-color has-text-color has-link-color wp-elements-4548ecf2246b52ef94b5f24c94e4425f is-layout-flex wp-container-core-columns-is-layout-36e9ec45 wp-block-columns-is-layout-flex\" style=\"margin-top:0px;margin-bottom:0px\">\n<div class=\"wp-block-column is-layout-flow wp-block-column-is-layout-flow\" style=\"padding-bottom:6rem;flex-basis:66.66%\">\n<div class=\"wp-block-query is-layout-constrained wp-block-query-is-layout-constrained\"><ul class=\"wp-block-post-template is-layout-flow wp-block-post-template-is-layout-flow\"><li class=\"wp-block-post post-95 post type-post status-publish format-standard has-post-thumbnail hentry category-sin-categoria\">\n<h2 style=\"color:#b30033; font-style:normal;font-weight:400;text-transform:uppercase; margin-top:0;margin-bottom:1rem;\" class=\"has-link-color wp-elements-395cef90cb1fd9a77d11d8849d0376cb wp-block-post-title has-text-color has-small-font-size has-system-font-font-family\"><a href=\"https:\/\/blog.uclm.es\/cristinasaez\/2022\/07\/21\/la-uclm-reconoce-la-creacion-artistica-en-una-nueva-edicion-de-sus-concursos-culturales-creacic\/\" target=\"_self\" >La UCLM reconoce la creaci\u00f3n art\u00edstica en una nueva edici\u00f3n de sus Concursos Culturales CreaCIC<\/a><\/h2>\n\n\n\n<div class=\"wp-block-post-excerpt\"><p class=\"wp-block-post-excerpt__excerpt\">La d\u00e9cimo segunda edici\u00f3n de los Concursos Culturales de la Universidad de Castilla-La Mancha (UCLM) CreaCIC ya tiene ganadores en las modalidades de fotograf\u00eda, v\u00eddeo, relato, poes\u00eda e ilustraci\u00f3n y dibujo, y finalistas del certamen de maquetas musicales. Promovida por el Vicerrectorado de Cultura, Deporte y Responsabilidad Social, esta iniciativa pretende promover y reconocer la<\/p><p class=\"wp-block-post-excerpt__more-text\"><a class=\"wp-block-post-excerpt__more-link\" href=\"https:\/\/blog.uclm.es\/cristinasaez\/2022\/07\/21\/la-uclm-reconoce-la-creacion-artistica-en-una-nueva-edicion-de-sus-concursos-culturales-creacic\/\">Leer m\u00e1s<\/a><\/p><\/div>\n\n\n<div class=\"wp-block-group is-layout-flex wp-block-group-is-layout-flex\"><div style=\"font-style:normal;font-weight:400;\" class=\"wp-block-post-date has-small-font-size\"><time datetime=\"2022-07-21T08:55:28+02:00\">julio 21, 2022<\/time><\/div>\n\n<div class=\"taxonomy-category wp-block-post-terms has-small-font-size\"><a href=\"https:\/\/blog.uclm.es\/cristinasaez\/category\/sin-categoria\/\" rel=\"tag\">Sin categor\u00eda<\/a><\/div>\n\n<\/div>\n\n\n\n<div style=\"height:64px\" aria-hidden=\"true\" class=\"wp-block-spacer\"><\/div>\n\n<\/li><li class=\"wp-block-post post-89 post type-post status-publish format-standard has-post-thumbnail hentry category-sin-categoria\">\n<h2 style=\"color:#b30033; font-style:normal;font-weight:400;text-transform:uppercase; margin-top:0;margin-bottom:1rem;\" class=\"has-link-color wp-elements-395cef90cb1fd9a77d11d8849d0376cb wp-block-post-title has-text-color has-small-font-size has-system-font-font-family\"><a href=\"https:\/\/blog.uclm.es\/cristinasaez\/2022\/07\/21\/el-grado-en-medicina-de-la-uclm-obtiene-el-sello-internacional-de-calidad-de-la-federacion-mundial-de-educacion-medica\/\" target=\"_self\" >El Grado en Medicina de la UCLM obtiene el Sello Internacional de Calidad de la Federaci\u00f3n Mundial de Educaci\u00f3n M\u00e9dica<\/a><\/h2>\n\n\n\n<div class=\"wp-block-post-excerpt\"><p class=\"wp-block-post-excerpt__excerpt\">Los estudios oficiales de Medicina en la Universidad de Castilla-La Mancha han sido reconocidos con el Sello Internacional de Calidad conforme a los est\u00e1ndares de calidad de la Federaci\u00f3n Mundial de Educaci\u00f3n M\u00e9dica (WFME) que emite la Agencia Nacional de Evaluaci\u00f3n de la Calidad y Acreditaci\u00f3n (ANECA). La Universidad regional, y concretamente sus facultades de<\/p><p class=\"wp-block-post-excerpt__more-text\"><a class=\"wp-block-post-excerpt__more-link\" href=\"https:\/\/blog.uclm.es\/cristinasaez\/2022\/07\/21\/el-grado-en-medicina-de-la-uclm-obtiene-el-sello-internacional-de-calidad-de-la-federacion-mundial-de-educacion-medica\/\">Leer m\u00e1s<\/a><\/p><\/div>\n\n\n<div class=\"wp-block-group is-layout-flex wp-block-group-is-layout-flex\"><div style=\"font-style:normal;font-weight:400;\" class=\"wp-block-post-date has-small-font-size\"><time datetime=\"2022-07-21T08:41:42+02:00\">julio 21, 2022<\/time><\/div>\n\n<div class=\"taxonomy-category wp-block-post-terms has-small-font-size\"><a href=\"https:\/\/blog.uclm.es\/cristinasaez\/category\/sin-categoria\/\" rel=\"tag\">Sin categor\u00eda<\/a><\/div>\n\n<\/div>\n\n\n\n<div style=\"height:64px\" aria-hidden=\"true\" class=\"wp-block-spacer\"><\/div>\n\n<\/li><li class=\"wp-block-post post-84 post type-post status-publish format-standard has-post-thumbnail hentry category-sin-categoria\">\n<h2 style=\"color:#b30033; font-style:normal;font-weight:400;text-transform:uppercase; margin-top:0;margin-bottom:1rem;\" class=\"has-link-color wp-elements-395cef90cb1fd9a77d11d8849d0376cb wp-block-post-title has-text-color has-small-font-size has-system-font-font-family\"><a href=\"https:\/\/blog.uclm.es\/cristinasaez\/2022\/07\/20\/la-uclm-se-situa-entre-las-diez-mejores-universidades-de-espana-en-el-ranking-de-shanghai-en-cinco-areas\/\" target=\"_self\" >La UCLM se sit\u00faa entre las diez mejores universidades de Espa\u00f1a en el \u2018ranking\u2019 de Shangh\u00e1i en cinco \u00e1reas<\/a><\/h2>\n\n\n\n<div class=\"wp-block-post-excerpt\"><p class=\"wp-block-post-excerpt__excerpt\">La Universidad de Castilla-La Mancha (UCLM) se encuentra entre las diez mejores universidades de Espa\u00f1a en el \u2018ranking\u2019 de Shangh\u00e1i en cinco \u00e1reas: Ingenier\u00eda Qu\u00edmica, Educaci\u00f3n, Ciencias Veterinarias, Ciencia e Ingenier\u00eda del Medio Ambiente y Econom\u00eda. Adem\u00e1s, la UCLM est\u00e1 entre las cien primeras del mundo en Ciencias Veterinarias. La Universidad de Castilla-La Mancha (UCLM)<\/p><p class=\"wp-block-post-excerpt__more-text\"><a class=\"wp-block-post-excerpt__more-link\" href=\"https:\/\/blog.uclm.es\/cristinasaez\/2022\/07\/20\/la-uclm-se-situa-entre-las-diez-mejores-universidades-de-espana-en-el-ranking-de-shanghai-en-cinco-areas\/\">Leer m\u00e1s<\/a><\/p><\/div>\n\n\n<div class=\"wp-block-group is-layout-flex wp-block-group-is-layout-flex\"><div style=\"font-style:normal;font-weight:400;\" class=\"wp-block-post-date has-small-font-size\"><time datetime=\"2022-07-20T13:20:38+02:00\">julio 20, 2022<\/time><\/div>\n\n<div class=\"taxonomy-category wp-block-post-terms has-small-font-size\"><a href=\"https:\/\/blog.uclm.es\/cristinasaez\/category\/sin-categoria\/\" rel=\"tag\">Sin categor\u00eda<\/a><\/div>\n\n<\/div>\n\n\n\n<div style=\"height:64px\" aria-hidden=\"true\" class=\"wp-block-spacer\"><\/div>\n\n<\/li><\/ul>\n\n<\/div>\n<\/div>\n\n\n\n<div class=\"wp-block-column is-layout-flow wp-block-column-is-layout-flow\" style=\"flex-basis:33.33%\"><h1 style=\"font-style:normal;font-weight:300;line-height:1.2;\" class=\"wp-block-site-title has-large-font-size has-source-serif-pro-font-family\">Sitio Personal de Cristina S\u00e1ez Jim\u00e9nez<\/h1>\n\n\n\n\n<div style=\"height:16px\" aria-hidden=\"true\" class=\"wp-block-spacer\"><\/div>\n\n\n\n<h4 class=\"wp-block-heading has-large-font-size\"><em>Categor\u00edas<\/em><\/h4>\n\n\n<p class=\"wp-block-tag-cloud\"><a href=\"https:\/\/blog.uclm.es\/cristinasaez\/category\/sin-categoria\/\" class=\"tag-cloud-link tag-link-1 tag-link-position-1\" style=\"font-size: 8pt;\" aria-label=\"Sin categor\u00eda (3 elementos)\">Sin categor\u00eda<span class=\"tag-link-count\"> (3)<\/span><\/a><\/p>\n\n\n<h4 class=\"wp-block-heading has-large-font-size\"><em>Etiquetas<\/em><\/h4>\n\n\n<p class=\"wp-block-tag-cloud\">Todav\u00eda no hay contenido que mostrar aqu\u00ed.<\/p><\/div>\n<\/div>\n<\/div>\n\n\n\n<p><\/p>\n","protected":false},"excerpt":{"rendered":"<p>Categor\u00edas Etiquetas<\/p>\n","protected":false},"author":437,"featured_media":99,"parent":0,"menu_order":0,"comment_status":"closed","ping_status":"closed","template":"","meta":{"footnotes":""},"class_list":["post-13","page","type-page","status-publish","has-post-thumbnail","hentry"],"_links":{"self":[{"href":"https:\/\/blog.uclm.es\/cristinasaez\/wp-json\/wp\/v2\/pages\/13","targetHints":{"allow":["GET"]}}],"collection":[{"href":"https:\/\/blog.uclm.es\/cristinasaez\/wp-json\/wp\/v2\/pages"}],"about":[{"href":"https:\/\/blog.uclm.es\/cristinasaez\/wp-json\/wp\/v2\/types\/page"}],"author":[{"embeddable":true,"href":"https:\/\/blog.uclm.es\/cristinasaez\/wp-json\/wp\/v2\/users\/437"}],"replies":[{"embeddable":true,"href":"https:\/\/blog.uclm.es\/cristinasaez\/wp-json\/wp\/v2\/comments?post=13"}],"version-history":[{"count":1,"href":"https:\/\/blog.uclm.es\/cristinasaez\/wp-json\/wp\/v2\/pages\/13\/revisions"}],"predecessor-version":[{"id":376,"href":"https:\/\/blog.uclm.es\/cristinasaez\/wp-json\/wp\/v2\/pages\/13\/revisions\/376"}],"wp:featuredmedia":[{"embeddable":true,"href":"https:\/\/blog.uclm.es\/cristinasaez\/wp-json\/"}],"wp:attachment":[{"href":"https:\/\/blog.uclm.es\/cristinasaez\/wp-json\/wp\/v2\/media?parent=13"}],"curies":[{"name":"wp","href":"https:\/\/api.w.org\/{rel}","templated":true}]}}