{"id":26,"date":"2018-03-13T19:52:09","date_gmt":"2018-03-13T18:52:09","guid":{"rendered":"http:\/\/blog.uclm.es\/creuclm\/?page_id=26"},"modified":"2026-03-21T22:32:19","modified_gmt":"2026-03-21T22:32:19","slug":"documentacion","status":"publish","type":"page","link":"https:\/\/blog.uclm.es\/creuclm\/documentacion\/","title":{"rendered":"Normativa"},"content":{"rendered":"\n<p class=\"has-text-align-center has-white-color has-text-color has-background has-link-color wp-elements-4350f4097ebcf5e55b6c97d87c71a4e8\" style=\"background-color:#67001d\"><strong><a href=\"https:\/\/blog.uclm.es\/creuclm\/wp-content\/uploads\/sites\/200\/2026\/01\/Guia-Representacion-Estudiantil-UCLM.pdf\" data-type=\"link\" data-id=\"https:\/\/blog.uclm.es\/creuclm\/wp-content\/uploads\/sites\/200\/2025\/06\/Guia-comisiones-de-servicio-CRE-UCLM.pdf\">GU\u00cdA DE REPRESENTACI\u00d3N ESTUDIANTIL<\/a><\/strong><\/p>\n\n\n\n<p class=\"has-text-align-center has-white-color has-text-color has-background has-link-color wp-elements-1cf8f4002033c46af8722a694895a8c8\" style=\"background-color:#67001d\"><a href=\"https:\/\/www.uclm.es\/Misiones\/LaUCLM\/Normativa\" data-type=\"link\" data-id=\"https:\/\/blog.uclm.es\/creuclm\/wp-content\/uploads\/sites\/200\/2024\/10\/Guia-Representacion-Estudiantil-UCLM-1.pdf\"><strong>NORMATIVA DE LA UCLM<\/strong><\/a><\/p>\n\n\n\n<hr class=\"wp-block-separator has-alpha-channel-opacity is-style-wide\" \/>\n\n\n\n<figure class=\"wp-block-table\"><table><thead><tr><th>Normativa<\/th><th>Documento<\/th><\/tr><\/thead><tbody><tr><td>  Reglamento de Representaci\u00f3n Estudiantil<\/td><td><a href=\"https:\/\/blog.uclm.es\/creuclm\/wp-content\/uploads\/sites\/200\/2018\/03\/Reglamento_de_representacion_estudiantil_de_la_UCLM.pdf\" data-type=\"URL\" data-id=\"https:\/\/blog.uclm.es\/creuclm\/wp-content\/uploads\/sites\/200\/2022\/12\/Reglamento_de_evaluacion_del_estudiante_de_la_UCLM_2022.pdf\" target=\"_blank\" rel=\"noreferrer noopener\">Ver Completo<\/a><\/td><\/tr><tr><td>  Reglamento de Evaluaci\u00f3n del Estudiante<\/td><td><a href=\"https:\/\/blog.uclm.es\/creuclm\/wp-content\/uploads\/sites\/200\/2022\/12\/Reglamento_de_evaluacion_del_estudiante_de_la_UCLM_2022.pdf\" data-type=\"URL\" data-id=\"https:\/\/blog.uclm.es\/creuclm\/wp-content\/uploads\/sites\/200\/2022\/12\/Reglamento_de_evaluacion_del_estudiante_de_la_UCLM_2022.pdf\" target=\"_blank\" rel=\"noreferrer noopener\">Ver Completo<\/a><\/td><\/tr><tr><td>  Criterios para la aplicaci\u00f3n del Reglamento de Evaluaci\u00f3n del Estudiante<\/td><td><a href=\"https:\/\/blog.uclm.es\/creuclm\/wp-content\/uploads\/sites\/200\/2023\/05\/Recordatorio_de_criterios_para_la_aplicacion_del_REE_y_cuestiones_afines.pdf\" data-type=\"URL\" data-id=\"https:\/\/blog.uclm.es\/creuclm\/wp-content\/uploads\/sites\/200\/2023\/05\/Recordatorio_de_criterios_para_la_aplicacion_del_REE_y_cuestiones_afines.pdf\">Ver Completo<\/a><\/td><\/tr><tr><td>  Estatutos de la Universidad de Castilla-La Mancha<\/td><td><a href=\"https:\/\/blog.uclm.es\/creuclm\/wp-content\/uploads\/sites\/200\/2018\/03\/2.-Estatutos_de_la_Universidad_de_Castilla-La_Mancha.pdf\" data-type=\"attachment\" data-id=\"193\" target=\"_blank\" rel=\"noreferrer noopener\">Ver Completo<\/a><\/td><\/tr><tr><td>Protocolo para prevenir, detectar y actuar ante el acoso en la UCLM<\/td><td><a href=\"https:\/\/www.uclm.es\/-\/media\/Files\/A01-Asistencia-Direccion\/A01-020-Gabinete-Rector\/igualdad\/Normativa\/Protocolo-acoso-UCLM--Publicacion-DOCM-24abril2023.ashx?la=es\" data-type=\"attachment\" data-id=\"196\" target=\"_blank\" rel=\"noreferrer noopener\">Ver Completo<\/a><\/td><\/tr><tr><td>  Protocolo cambio de nombre de las pers. trans e interg\u00e9nero en la UCLM<\/td><td><a href=\"https:\/\/www.uclm.es\/-\/media\/Files\/A01-Asistencia-Direccion\/A01-020-Gabinete-Rector\/igualdad\/Normativa\/PROTOCOLO-CAMBIO-NOMBRE-PERSONAS-TRANS-E-INTERGENERO-UCLM.ashx?la=es\" data-type=\"link\" data-id=\"https:\/\/www.uclm.es\/-\/media\/Files\/A01-Asistencia-Direccion\/A01-020-Gabinete-Rector\/igualdad\/Normativa\/PROTOCOLO-CAMBIO-NOMBRE-PERSONAS-TRANS-E-INTERGENERO-UCLM.ashx?la=es\">Ver Completo<\/a><\/td><\/tr><tr><td>Reglamento sobre reconocimiento y transferencia de cr\u00e9ditos de la UCLM<\/td><td><a href=\"https:\/\/blog.uclm.es\/creuclm\/wp-content\/uploads\/sites\/200\/2025\/04\/Reglamento-sobre-reconocimiento-y-transferencia-de-credito-en-la-UCLM.pdf\" data-type=\"attachment\" data-id=\"194\" target=\"_blank\" rel=\"noreferrer noopener\">Ver Completo<\/a><\/td><\/tr><tr><td>  Normativa de Permanencia Grado y M\u00e1ster UCLM<\/td><td><a href=\"https:\/\/blog.uclm.es\/creuclm\/wp-content\/uploads\/sites\/200\/2022\/05\/Normativa_de_progreso_y_permanencia_en_los_estudios_de_Grado_y_Master_de_la_UCLM_2022.pdf\" data-type=\"attachment\" data-id=\"1605\" target=\"_blank\" rel=\"noreferrer noopener\">Ver Completo<\/a><\/td><\/tr><tr><td>  Modificaci\u00f3n Normativa de Acreditaci\u00f3n B1<\/td><td><a href=\"https:\/\/blog.uclm.es\/creuclm\/wp-content\/uploads\/sites\/200\/2022\/05\/Reglamento_sobre_el_reconocimiento_del_dominio_de_una_lengua_extranjera_para_acceso_y_titulacion.pdf\" data-type=\"attachment\" data-id=\"1606\">Ver Completo<\/a><\/td><\/tr><tr><td>  Reglamento de R\u00e9gimen Disciplinario<\/td><td><a href=\"https:\/\/e.uclm.es\/servicios\/doc\/?id=UCLMDOCID-12-8006\" data-type=\"URL\" data-id=\"https:\/\/e.uclm.es\/servicios\/doc\/?id=UCLMDOCID-12-8006\">Ver Completo<\/a><\/td><\/tr><tr><td>  Normas de Convivencia de la UCLM<\/td><td><a href=\"https:\/\/blog.uclm.es\/creuclm\/wp-content\/uploads\/sites\/200\/2023\/07\/106_2951.pdf\" data-type=\"URL\" data-id=\"https:\/\/blog.uclm.es\/creuclm\/wp-content\/uploads\/sites\/200\/2023\/07\/106_2951.pdf\">Ver Completo<\/a><\/td><\/tr><\/tbody><\/table><\/figure>\n\n\n\n<p class=\"has-text-align-center has-white-color has-text-color has-background\" style=\"background-color:#67001d\"><strong>NORMATIVA INTERNA CRE-UCLM<\/strong> (<strong>FUNCIONAMIENTO INTERNO)<\/strong><\/p>\n\n\n\n<figure class=\"wp-block-table\"><table><thead><tr><th>Normativa<\/th><th>Documento<\/th><\/tr><\/thead><tbody><tr><td>  Manual de Identidad Gr\u00e1fica<\/td><td><a href=\"https:\/\/blog.uclm.es\/creuclm\/wp-content\/uploads\/sites\/200\/2023\/03\/MANUAL-DE-IDENTIDAD-GRAFICA-CRE-UCLM_compressed.pdf\" data-type=\"URL\" data-id=\"https:\/\/blog.uclm.es\/creuclm\/wp-content\/uploads\/sites\/200\/2023\/02\/MANUAL-DE-IDENTIDAD-GRAFICA-copia_compressed.pdf\" target=\"_blank\" rel=\"noreferrer noopener\">Ver Completo<\/a><\/td><\/tr><tr><td>  Reglamento de R\u00e9gimen Interno del CRE-UCLM<\/td><td><a href=\"https:\/\/blog.uclm.es\/creuclm\/wp-content\/uploads\/sites\/200\/2023\/05\/REGLAMENTO-DE-REGIMEN-INTERNO.pdf\" data-type=\"URL\" data-id=\"https:\/\/blog.uclm.es\/creuclm\/wp-content\/uploads\/sites\/200\/2023\/05\/REGLAMENTO-DE-REGIMEN-INTERNO.pdf\">Ver Completo<\/a><\/td><\/tr><tr><td>Modelo de presentaci\u00f3n de enmiendas del CRE-UCLM<\/td><td><a href=\"https:\/\/blog.uclm.es\/creuclm\/wp-content\/uploads\/sites\/200\/2025\/03\/12.-Plantilla-Enmiendas-Pleno.docx\" data-type=\"URL\" data-id=\"https:\/\/blog.uclm.es\/creuclm\/wp-content\/uploads\/sites\/200\/2023\/05\/REGLAMENTO-DE-REGIMEN-INTERNO.pdf\">Ver Completo<\/a><\/td><\/tr><tr><td>Recopilaci\u00f3n legislativa para el estudiantado de la UCLM<\/td><td><a href=\"https:\/\/blog.uclm.es\/creuclm\/wp-content\/uploads\/sites\/200\/2025\/04\/Recopilacion-Legislativa-UCLM.pdf\" data-type=\"link\" data-id=\"https:\/\/blog.uclm.es\/creuclm\/wp-content\/uploads\/sites\/200\/2023\/12\/Recopilacion-Legislativa-UCLM.pdf\">Ver Completo<\/a><\/td><\/tr><tr><td>Reglamento de Productos Promocionales del CRE-UCLM<\/td><td><a href=\"https:\/\/blog.uclm.es\/creuclm\/wp-content\/uploads\/sites\/200\/2025\/03\/Reglamento-Productos-Promocionales-CRE-UCLM.pdf\">Ver Completo<\/a><\/td><\/tr><tr><td>Modelo de memoria general de productos promocionales del CRE-UCLM<\/td><td><a href=\"https:\/\/blog.uclm.es\/creuclm\/wp-content\/uploads\/sites\/200\/2026\/01\/Modelo-de-memoria-de-productos-promocionales.docx\">Ver Completo<\/a><\/td><\/tr><\/tbody><\/table><\/figure>\n\n\n\n<p class=\"has-text-align-center has-white-color has-text-color has-background\" style=\"background-color:#67001d\"><strong>NORMATIVA INTERNA CRE-UCLM<\/strong> <strong>(\u00c1REA ECON\u00d3MICA)<\/strong><\/p>\n\n\n\n<figure class=\"wp-block-table\"><table><thead><tr><th>Normativa<\/th><th>Documento<\/th><\/tr><\/thead><tbody><tr><td>  Modelo de instancia CRE-UCLM<\/td><td><a href=\"https:\/\/blog.uclm.es\/creuclm\/wp-content\/uploads\/sites\/200\/2026\/01\/04.-Instancia-General.docx\">Ver Completo<\/a><\/td><\/tr><tr><td>  Modelo de memoria general<\/td><td><a href=\"https:\/\/blog.uclm.es\/creuclm\/wp-content\/uploads\/sites\/200\/2026\/01\/01.-Memoria-General.docx\" data-type=\"link\" data-id=\"https:\/\/blog.uclm.es\/creuclm\/wp-content\/uploads\/sites\/200\/2023\/11\/01-Memoria-General.dotx_.docx\">Ver Completo<\/a><\/td><\/tr><tr><td>  Modelo de memoria para justificar facturas de agencia de viajes<\/td><td><a href=\"https:\/\/blog.uclm.es\/creuclm\/wp-content\/uploads\/sites\/200\/2026\/03\/02.-Memoria-facturas-agencia-de-viajes.docx\">Ver Completo<\/a><\/td><\/tr><tr><td>  Modelo de autorizaci\u00f3n del uso de reprograf\u00edas<\/td><td><a href=\"https:\/\/blog.uclm.es\/creuclm\/wp-content\/uploads\/sites\/200\/2026\/01\/03.-Autorizacion-reprografia.docx\">Ver Completo<\/a><\/td><\/tr><tr><td>  Modelo de comisi\u00f3n de servicios<\/td><td><a href=\"https:\/\/blog.uclm.es\/creuclm\/wp-content\/uploads\/sites\/200\/2026\/01\/05a.-Comision-de-Servicio.doc\">Ver Completo<\/a><\/td><\/tr><tr><td>  Modelo de liquidaci\u00f3n por impartici\u00f3n de conferencias<\/td><td><a href=\"https:\/\/blog.uclm.es\/creuclm\/wp-content\/uploads\/sites\/200\/2025\/03\/09.-Liquidacion-por-imparticion-de-conferencias.docx\" data-type=\"link\" data-id=\"https:\/\/blog.uclm.es\/creuclm\/wp-content\/uploads\/sites\/200\/2023\/11\/12.-Formulario-liquidacion-de-conferecias.docx\">Ver Completo<\/a><\/td><\/tr><tr><td>  Ficha de identificaci\u00f3n de terceros<\/td><td><a href=\"https:\/\/blog.uclm.es\/creuclm\/wp-content\/uploads\/sites\/200\/2025\/02\/07.-Ficha-de-terceros.pdf\" data-type=\"link\" data-id=\"https:\/\/blog.uclm.es\/creuclm\/wp-content\/uploads\/sites\/200\/2025\/02\/07.-Ficha-de-terceros.pdf\">Ver Completo<\/a><\/td><\/tr><tr><td>Ficha de identificaci\u00f3n de terceros para extranjeros<\/td><td><a href=\"https:\/\/blog.uclm.es\/creuclm\/wp-content\/uploads\/sites\/200\/2025\/02\/08.-Ficha-de-terceros-para-extranjeros.pdf\" data-type=\"link\" data-id=\"https:\/\/blog.uclm.es\/creuclm\/wp-content\/uploads\/sites\/200\/2025\/02\/08.-Ficha-de-terceros-para-extranjeros.pdf\">Ver Completo<\/a><\/td><\/tr><tr><td>  Reglamento de Gesti\u00f3n del Presupuesto del CRE-UCLM <\/td><td><a href=\"https:\/\/blog.uclm.es\/creuclm\/wp-content\/uploads\/sites\/200\/2024\/10\/01900CR_Reglamento-Gestion-Presupuesto-CRE-UCLM.pdf\" data-type=\"link\" data-id=\"https:\/\/blog.uclm.es\/creuclm\/wp-content\/uploads\/sites\/200\/2024\/10\/01900CR_Reglamento-Gestion-Presupuesto-CRE-UCLM.pdf\">Ver Completo<\/a><\/td><\/tr><tr><td>Instrucci\u00f3n partida \u00abParticipativos y Otros\u00bb del CRE-UCLM<\/td><td><a href=\"https:\/\/blog.uclm.es\/creuclm\/wp-content\/uploads\/sites\/200\/2025\/09\/Instruccion_Participativos.pdf\" data-type=\"link\" data-id=\"https:\/\/blog.uclm.es\/creuclm\/wp-content\/uploads\/sites\/200\/2024\/02\/Infografia-RGP-CRE-UCLM.pdf\">Ver Completo<\/a><\/td><\/tr><tr><td>Instrucci\u00f3n Eventos Sectoriales 2026<\/td><td><a href=\"https:\/\/blog.uclm.es\/creuclm\/wp-content\/uploads\/sites\/200\/2026\/03\/Instruccion_Eventos_Sectoriales_2026.pdf\">Ver Completo<\/a><\/td><\/tr><tr><td>Gu\u00eda de comisiones de servicio del CRE-UCLM<\/td><td><a href=\"https:\/\/blog.uclm.es\/creuclm\/wp-content\/uploads\/sites\/200\/2025\/06\/Guia-comisiones-de-servicio-CRE-UCLM.pdf\" data-type=\"link\" data-id=\"https:\/\/blog.uclm.es\/creuclm\/wp-content\/uploads\/sites\/200\/2024\/02\/Infografia-RGP-CRE-UCLM.pdf\">Ver Completo<\/a><\/td><\/tr><tr><td>Gu\u00eda para la participaci\u00f3n en sectoriales CRE-UCLM<\/td><td><a href=\"https:\/\/blog.uclm.es\/creuclm\/wp-content\/uploads\/sites\/200\/2025\/06\/Guia-para-la-participacion-en-sectoriales.pdf\">Ver Completo<\/a><\/td><\/tr><\/tbody><\/table><\/figure>\n\n\n\n<p class=\"has-text-align-center has-white-color has-text-color has-background\" style=\"background-color:#67001d\"><strong>LEGISLACI\u00d3N NACIONAL Y AUTON\u00d3MICA<\/strong><\/p>\n\n\n\n<figure class=\"wp-block-table\"><table><thead><tr><th>Normativa<\/th><th>Documento<\/th><\/tr><\/thead><tbody><tr><td>  Estatuto del Estudiante Universitario<\/td><td><a href=\"https:\/\/blog.uclm.es\/creuclm\/wp-content\/uploads\/sites\/200\/2018\/03\/1.-Estatuto-Estudiante-Universitario.pdf\" data-type=\"attachment\" data-id=\"195\" target=\"_blank\" rel=\"noreferrer noopener\">Ver Completo<\/a><\/td><\/tr><tr><td>  Ley Org\u00e1nica del Sistema Universitario (LOSU) &#8211; 2023<\/td><td><a href=\"https:\/\/www.boe.es\/buscar\/act.php?id=BOE-A-2023-7500\" data-type=\"URL\" data-id=\"https:\/\/www.boe.es\/buscar\/act.php?id=BOE-A-2023-7500\" target=\"_blank\" rel=\"noreferrer noopener\">Ver Completo<\/a><\/td><\/tr><tr><td>  Ley de Convivencia Universitaria &#8211; 2022<\/td><td><a href=\"https:\/\/blog.uclm.es\/creuclm\/wp-content\/uploads\/sites\/200\/2022\/05\/BOE-A-2022-2978.pdf\" data-type=\"attachment\" data-id=\"1655\" target=\"_blank\" rel=\"noreferrer noopener\">Ver Completo<\/a><\/td><\/tr><\/tbody><\/table><\/figure>\n\n\n\n<p class=\"has-text-align-center has-white-color has-cyan-bluish-gray-background-color has-text-color has-background\"><a href=\"https:\/\/blog.uclm.es\/creuclm\/wp-content\/uploads\/sites\/200\/2025\/07\/Calendario-Academico-2025-2026.pdf\" data-type=\"URL\" data-id=\"https:\/\/blog.uclm.es\/creuclm\/wp-content\/uploads\/sites\/200\/2023\/01\/Calendario-acadmico-Grados-22-23.pdf\" target=\"_blank\" rel=\"noreferrer noopener\">CALENDARIO ACAD\u00c9MICO 2025\/2026<\/a><\/p>\n\n\n\n<p class=\"has-text-align-center\"><strong><a href=\"https:\/\/www.uclm.es\/Misiones\/LaUCLM\/ConsejoDeDireccion\/VERS\/Normativa\" data-type=\"URL\" data-id=\"https:\/\/www.uclm.es\/Misiones\/LaUCLM\/ConsejoDeDireccion\/VERS\/Normativa\">M\u00c1S DOCUMENTACI\u00d3N<\/a><\/strong><\/p>\n\n\n\n<figure class=\"wp-block-gallery has-nested-images columns-default is-cropped wp-block-gallery-1 is-layout-flex wp-block-gallery-is-layout-flex\">\n<figure class=\"wp-block-image size-full is-style-rounded\"><img loading=\"lazy\" decoding=\"async\" width=\"1000\" height=\"1000\" data-id=\"2112\" src=\"https:\/\/blog.uclm.es\/creuclm\/wp-content\/uploads\/sites\/200\/2023\/05\/igcre_isot_1A.png\" alt=\"\" class=\"wp-image-2112\" srcset=\"https:\/\/blog.uclm.es\/creuclm\/wp-content\/uploads\/sites\/200\/2023\/05\/igcre_isot_1A.png 1000w, https:\/\/blog.uclm.es\/creuclm\/wp-content\/uploads\/sites\/200\/2023\/05\/igcre_isot_1A-300x300.png 300w, https:\/\/blog.uclm.es\/creuclm\/wp-content\/uploads\/sites\/200\/2023\/05\/igcre_isot_1A-150x150.png 150w, https:\/\/blog.uclm.es\/creuclm\/wp-content\/uploads\/sites\/200\/2023\/05\/igcre_isot_1A-768x768.png 768w, https:\/\/blog.uclm.es\/creuclm\/wp-content\/uploads\/sites\/200\/2023\/05\/igcre_isot_1A-100x100.png 100w\" sizes=\"auto, (max-width: 767px) 89vw, (max-width: 1000px) 54vw, (max-width: 1071px) 543px, 580px\" \/><\/figure>\n<\/figure>\n\n\n\n<p><\/p>\n","protected":false},"excerpt":{"rendered":"<p>GU\u00cdA DE REPRESENTACI\u00d3N ESTUDIANTIL NORMATIVA DE LA UCLM Normativa Documento Reglamento de Representaci\u00f3n Estudiantil Ver Completo Reglamento de Evaluaci\u00f3n del Estudiante Ver Completo Criterios para la aplicaci\u00f3n del Reglamento de Evaluaci\u00f3n del Estudiante Ver Completo Estatutos de la Universidad de Castilla-La Mancha Ver Completo Protocolo para prevenir, detectar y actuar ante el acoso en la &hellip; <\/p>\n<p class=\"link-more\"><a href=\"https:\/\/blog.uclm.es\/creuclm\/documentacion\/\" class=\"more-link\">Continuar leyendo<span class=\"screen-reader-text\"> \u00abNormativa\u00bb<\/span><\/a><\/p>\n","protected":false},"author":301,"featured_media":0,"parent":0,"menu_order":0,"comment_status":"closed","ping_status":"closed","template":"","meta":{"footnotes":""},"class_list":["post-26","page","type-page","status-publish","hentry"],"_links":{"self":[{"href":"https:\/\/blog.uclm.es\/creuclm\/wp-json\/wp\/v2\/pages\/26","targetHints":{"allow":["GET"]}}],"collection":[{"href":"https:\/\/blog.uclm.es\/creuclm\/wp-json\/wp\/v2\/pages"}],"about":[{"href":"https:\/\/blog.uclm.es\/creuclm\/wp-json\/wp\/v2\/types\/page"}],"author":[{"embeddable":true,"href":"https:\/\/blog.uclm.es\/creuclm\/wp-json\/wp\/v2\/users\/301"}],"replies":[{"embeddable":true,"href":"https:\/\/blog.uclm.es\/creuclm\/wp-json\/wp\/v2\/comments?post=26"}],"version-history":[{"count":103,"href":"https:\/\/blog.uclm.es\/creuclm\/wp-json\/wp\/v2\/pages\/26\/revisions"}],"predecessor-version":[{"id":3970,"href":"https:\/\/blog.uclm.es\/creuclm\/wp-json\/wp\/v2\/pages\/26\/revisions\/3970"}],"wp:attachment":[{"href":"https:\/\/blog.uclm.es\/creuclm\/wp-json\/wp\/v2\/media?parent=26"}],"curies":[{"name":"wp","href":"https:\/\/api.w.org\/{rel}","templated":true}]}}