{"id":24,"date":"2018-03-13T19:50:37","date_gmt":"2018-03-13T18:50:37","guid":{"rendered":"http:\/\/blog.uclm.es\/creuclm\/?page_id=24"},"modified":"2026-03-13T07:43:12","modified_gmt":"2026-03-13T07:43:12","slug":"pleno","status":"publish","type":"page","link":"https:\/\/blog.uclm.es\/creuclm\/pleno\/","title":{"rendered":"Pleno"},"content":{"rendered":"\n<p class=\"has-text-align-center\"><strong style=\"font-size: 14px;text-align: center\">Delegado de estudiantes de la Universidad de Castilla-La Mancha<\/strong><\/p>\n\n\n\n<p class=\"has-text-align-center\">Juan Alfonso Blanco Morales<\/p>\n\n\n\n<figure class=\"wp-block-table is-style-regular\"><table><tbody><tr><td class=\"has-text-align-center\" data-align=\"center\"><strong>CAMPUS DE ALBACETE<\/strong><\/td><td class=\"has-text-align-center\" data-align=\"center\"><strong>CAMPUS DE <\/strong><br><strong>CIUDAD REAL<\/strong><\/td><td class=\"has-text-align-center\" data-align=\"center\"><strong>CAMPUS DE CUENCA<\/strong><\/td><td class=\"has-text-align-center\" data-align=\"center\"><strong>CAMPUS DE <br>TOLEDO<\/strong><\/td><\/tr><tr><td class=\"has-text-align-center\" data-align=\"center\"><strong>Delegado de<\/strong><br><strong>Campus<\/strong><br>Jorge de la <br>Ossa Risco<\/td><td class=\"has-text-align-center\" data-align=\"center\"><strong>Delegada de<\/strong><br><strong>Campus<\/strong><br>Alejandra Herguido<br>Mart\u00edn<\/td><td class=\"has-text-align-center\" data-align=\"center\"><strong>Delegada de<\/strong><br><strong>Campus<\/strong><br>Ana Escobar <br>Molina<\/td><td class=\"has-text-align-center\" data-align=\"center\"><strong>Delegado de<\/strong><br><strong>Campus<\/strong><br>Fco. de Borja <br>Alonso Carrasco<\/td><\/tr><tr><td class=\"has-text-align-center\" data-align=\"center\"><strong>Subdelegada de Campus<\/strong><br>Natalia G\u00f3mez<br>Henares<\/td><td class=\"has-text-align-center\" data-align=\"center\"><strong>Subdelegada de Campus<\/strong><br>Elena Mateo <br>Arenas<\/td><td class=\"has-text-align-center\" data-align=\"center\"><strong><strong>Subdelegado de Campus<\/strong><\/strong><br>Rub\u00e9n L\u00f3pez<br>Garc\u00eda<\/td><td class=\"has-text-align-center\" data-align=\"center\"><strong><strong>Subdelegado de Campus<\/strong><\/strong><br>Ra\u00fal Marian <br>Cost\u00e1n<\/td><\/tr><tr><td class=\"has-text-align-center\" data-align=\"center\"><strong>Representante de Centros<br><\/strong>Andrea Fern\u00e1ndez<br>Garrido<\/td><td class=\"has-text-align-center\" data-align=\"center\"><strong>Representante de Centros<\/strong><br>Alberto Velasco<br>Chamorro<\/td><td class=\"has-text-align-center\" data-align=\"center\"><strong>Representante de Centros<\/strong><br>Jes\u00fas Almagro<br>Nieto<\/td><td class=\"has-text-align-center\" data-align=\"center\"><strong>Representante de Centros<\/strong><br>David Moreno<br>Pina<\/td><\/tr><tr><td class=\"has-text-align-center\" data-align=\"center\"><strong>Claustral en el<\/strong><br><strong>CRE-UCLM<\/strong><br>Ricardo Moreno<br>Fern\u00e1ndez<\/td><td class=\"has-text-align-center\" data-align=\"center\"><strong>Claustral en el<\/strong><br><strong>CRE-UCLM<\/strong><br>Ver\u00f3nica Parre\u00f1o<br>Moreno<\/td><td class=\"has-text-align-center\" data-align=\"center\"><strong>Claustral en el<\/strong><br><strong>CRE-UCLM<\/strong><br><br>Vacante<\/td><td class=\"has-text-align-center\" data-align=\"center\"><strong>Claustral en el<\/strong><br><strong>CRE-UCLM<\/strong><br>Pablo Bl\u00e1zquez S\u00e1nchez<\/td><\/tr><tr><td class=\"has-text-align-center\" data-align=\"center\"><strong>Consejera de<\/strong><br><strong>Gobierno<\/strong><br>Carmen <br>P\u00e9rez Campillo<\/td><td class=\"has-text-align-center\" data-align=\"center\"><strong>Consejera de<\/strong><br><strong>Gobierno<\/strong><br>M\u00edstica <br>Buele Marques<\/td><td class=\"has-text-align-center\" data-align=\"center\"><strong>Consejero de<\/strong><br><strong>Gobierno<\/strong><br>Lorenzo S\u00e1nchez Mata<\/td><td class=\"has-text-align-center\" data-align=\"center\"><strong>Consejero de<\/strong><br><strong>Gobierno<\/strong><br>Carlos <br>L\u00f3pez Mu\u00f1oz<\/td><\/tr><tr><td class=\"has-text-align-center\" data-align=\"center\"><\/td><td class=\"has-text-align-center\" data-align=\"center\"><strong>Representante de la Sede de <\/strong><br><strong>Almad\u00e9n<\/strong><br>Reibel David<br>Charaja Apaza<\/td><td class=\"has-text-align-center\" data-align=\"center\"><\/td><td class=\"has-text-align-center\" data-align=\"center\"><strong>Representante de la Sede de <\/strong><br><strong>Talavera de la Reina<\/strong><br>Laura Rodr\u00edguez Velasco<\/td><\/tr><\/tbody><\/table><\/figure>\n\n\n\n<div style=\"height:20px\" aria-hidden=\"true\" class=\"wp-block-spacer\"><\/div>\n\n\n\n<figure class=\"wp-block-image size-large\"><img loading=\"lazy\" decoding=\"async\" width=\"1024\" height=\"768\" src=\"https:\/\/blog.uclm.es\/creuclm\/wp-content\/uploads\/sites\/200\/2025\/10\/IMG_0985-1024x768.jpg\" alt=\"\" class=\"wp-image-3632\" srcset=\"https:\/\/blog.uclm.es\/creuclm\/wp-content\/uploads\/sites\/200\/2025\/10\/IMG_0985-1024x768.jpg 1024w, https:\/\/blog.uclm.es\/creuclm\/wp-content\/uploads\/sites\/200\/2025\/10\/IMG_0985-300x225.jpg 300w, https:\/\/blog.uclm.es\/creuclm\/wp-content\/uploads\/sites\/200\/2025\/10\/IMG_0985-768x576.jpg 768w, https:\/\/blog.uclm.es\/creuclm\/wp-content\/uploads\/sites\/200\/2025\/10\/IMG_0985-1536x1152.jpg 1536w, https:\/\/blog.uclm.es\/creuclm\/wp-content\/uploads\/sites\/200\/2025\/10\/IMG_0985-2048x1536.jpg 2048w\" sizes=\"auto, (max-width: 767px) 89vw, (max-width: 1000px) 54vw, (max-width: 1071px) 543px, 580px\" \/><\/figure>\n","protected":false},"excerpt":{"rendered":"<p>Delegado de estudiantes de la Universidad de Castilla-La Mancha Juan Alfonso Blanco Morales CAMPUS DE ALBACETE CAMPUS DE CIUDAD REAL CAMPUS DE CUENCA CAMPUS DE TOLEDO Delegado deCampusJorge de la Ossa Risco Delegada deCampusAlejandra HerguidoMart\u00edn Delegada deCampusAna Escobar Molina Delegado deCampusFco. de Borja Alonso Carrasco Subdelegada de CampusNatalia G\u00f3mezHenares Subdelegada de CampusElena Mateo Arenas Subdelegado &hellip; <\/p>\n<p class=\"link-more\"><a href=\"https:\/\/blog.uclm.es\/creuclm\/pleno\/\" class=\"more-link\">Continuar leyendo<span class=\"screen-reader-text\"> \u00abPleno\u00bb<\/span><\/a><\/p>\n","protected":false},"author":301,"featured_media":0,"parent":0,"menu_order":0,"comment_status":"closed","ping_status":"closed","template":"page-no-separators","meta":{"footnotes":""},"class_list":["post-24","page","type-page","status-publish","hentry"],"_links":{"self":[{"href":"https:\/\/blog.uclm.es\/creuclm\/wp-json\/wp\/v2\/pages\/24","targetHints":{"allow":["GET"]}}],"collection":[{"href":"https:\/\/blog.uclm.es\/creuclm\/wp-json\/wp\/v2\/pages"}],"about":[{"href":"https:\/\/blog.uclm.es\/creuclm\/wp-json\/wp\/v2\/types\/page"}],"author":[{"embeddable":true,"href":"https:\/\/blog.uclm.es\/creuclm\/wp-json\/wp\/v2\/users\/301"}],"replies":[{"embeddable":true,"href":"https:\/\/blog.uclm.es\/creuclm\/wp-json\/wp\/v2\/comments?post=24"}],"version-history":[{"count":61,"href":"https:\/\/blog.uclm.es\/creuclm\/wp-json\/wp\/v2\/pages\/24\/revisions"}],"predecessor-version":[{"id":3966,"href":"https:\/\/blog.uclm.es\/creuclm\/wp-json\/wp\/v2\/pages\/24\/revisions\/3966"}],"wp:attachment":[{"href":"https:\/\/blog.uclm.es\/creuclm\/wp-json\/wp\/v2\/media?parent=24"}],"curies":[{"name":"wp","href":"https:\/\/api.w.org\/{rel}","templated":true}]}}