{"id":22,"date":"2026-02-18T13:30:00","date_gmt":"2026-02-18T13:30:00","guid":{"rendered":"http:\/\/blog.uclm.es\/creuclm\/?page_id=22"},"modified":"2026-02-18T17:53:50","modified_gmt":"2026-02-18T17:53:50","slug":"comisiones","status":"publish","type":"page","link":"https:\/\/blog.uclm.es\/creuclm\/comisiones\/","title":{"rendered":"Comisiones de trabajo del CRE-UCLM"},"content":{"rendered":"\n<h4 class=\"wp-block-heading has-text-align-left\" style=\"font-style:normal;font-weight:700\"><\/h4>\n\n\n\n<p>El Consejo de Representantes de Estudiantes de la Universidad de Castilla-La Mancha puede crear comisiones de trabajo destinadas a diversos fines. Actualmente, el \u00f3rgano cuenta con un total de 4 comisiones de trabajo, que son las siguientes:<\/p>\n\n\n\n<div style=\"height:31px\" aria-hidden=\"true\" class=\"wp-block-spacer\"><\/div>\n\n\n\n<div class=\"wp-block-media-text alignwide is-stacked-on-mobile\" style=\"grid-template-columns:15% auto\"><figure class=\"wp-block-media-text__media\"><img loading=\"lazy\" decoding=\"async\" width=\"250\" height=\"250\" src=\"https:\/\/blog.uclm.es\/creuclm\/wp-content\/uploads\/sites\/200\/2023\/05\/cropped-igcre_isot_1A.png\" alt=\"\" class=\"wp-image-2120 size-full\" srcset=\"https:\/\/blog.uclm.es\/creuclm\/wp-content\/uploads\/sites\/200\/2023\/05\/cropped-igcre_isot_1A.png 250w, https:\/\/blog.uclm.es\/creuclm\/wp-content\/uploads\/sites\/200\/2023\/05\/cropped-igcre_isot_1A-150x150.png 150w, https:\/\/blog.uclm.es\/creuclm\/wp-content\/uploads\/sites\/200\/2023\/05\/cropped-igcre_isot_1A-100x100.png 100w\" sizes=\"auto, (max-width: 250px) 100vw, 250px\" \/><\/figure><div class=\"wp-block-media-text__content\">\n<p class=\"has-text-align-left has-medium-font-size\"><strong>COMISI\u00d3N DE ASUNTOS ECON\u00d3MICOS Y TESORER\u00cdA<\/strong><\/p>\n<\/div><\/div>\n\n\n\n<p><strong>Coordinaci\u00f3n:<\/strong> Alejandra Herguido Mart\u00edn, tesorera del CRE-UCLM.<\/p>\n\n\n\n<p><strong>Secretar\u00eda:<\/strong> Ra\u00fal Marian Cost\u00e1n, secretario del CRE-UCLM.<\/p>\n\n\n\n<div class=\"wp-block-group\"><div class=\"wp-block-group__inner-container is-layout-constrained wp-block-group-is-layout-constrained\">\n<div class=\"wp-block-group is-vertical is-layout-flex wp-container-core-group-is-layout-8cf370e7 wp-block-group-is-layout-flex\">\n<p><strong>Miembros de la comisi\u00f3n:<\/strong><\/p>\n\n\n\n<p>Juan Alfonso Blanco Morales, presidente del CRE-UCLM.<\/p>\n\n\n\n<p>Jaime Parada S\u00e1nchez, tesorero de la Delegaci\u00f3n del Campus de Albacete.<\/p>\n\n\n\n<p>Reibel David Charaja Apaza, representante de estudiantes de la Sede de Almad\u00e9n.<\/p>\n\n\n\n<p>Jes\u00fas Manuel Garc\u00eda-Carpintero Garc\u00eda Rayo, tesorero de la Delegaci\u00f3n del Campus de Ciudad Real.<\/p>\n\n\n\n<p>Alejandro Fuente Due\u00f1as, tesorero de la Delegaci\u00f3n del Campus de Cuenca.<\/p>\n\n\n\n<p>Laura Rodr\u00edguez Velasco, representante de estudiantes de la Sede de Talavera de la Reina.<\/p>\n\n\n\n<p>Carlos Mart\u00edn Enamorado, tesorero de la Delegaci\u00f3n del Campus de Toledo.<\/p>\n\n\n\n<div style=\"height:20px\" aria-hidden=\"true\" class=\"wp-block-spacer wp-container-content-62aae154\"><\/div>\n<\/div>\n<\/div><\/div>\n\n\n\n<p><strong>Invitados (con voz, pero sin voto):<\/strong><\/p>\n\n\n\n<p><em>Cualquier otro representante estudiantil de la UCLM que la comisi\u00f3n considere necesario.<\/em><\/p>\n\n\n\n<div style=\"height:24px\" aria-hidden=\"true\" class=\"wp-block-spacer\"><\/div>\n\n\n\n<div class=\"wp-block-columns is-layout-flex wp-container-core-columns-is-layout-9d6595d7 wp-block-columns-is-layout-flex\">\n<div class=\"wp-block-column is-layout-flow wp-block-column-is-layout-flow\">\n<div class=\"wp-block-media-text alignwide is-stacked-on-mobile\" style=\"grid-template-columns:15% auto\"><figure class=\"wp-block-media-text__media\"><img loading=\"lazy\" decoding=\"async\" width=\"250\" height=\"250\" src=\"https:\/\/blog.uclm.es\/creuclm\/wp-content\/uploads\/sites\/200\/2023\/05\/cropped-igcre_isot_1A.png\" alt=\"\" class=\"wp-image-2120 size-full\" srcset=\"https:\/\/blog.uclm.es\/creuclm\/wp-content\/uploads\/sites\/200\/2023\/05\/cropped-igcre_isot_1A.png 250w, https:\/\/blog.uclm.es\/creuclm\/wp-content\/uploads\/sites\/200\/2023\/05\/cropped-igcre_isot_1A-150x150.png 150w, https:\/\/blog.uclm.es\/creuclm\/wp-content\/uploads\/sites\/200\/2023\/05\/cropped-igcre_isot_1A-100x100.png 100w\" sizes=\"auto, (max-width: 250px) 100vw, 250px\" \/><\/figure><div class=\"wp-block-media-text__content\">\n<p class=\"has-text-align-left has-medium-font-size\"><strong>COMISI\u00d3N DE COORDINACI\u00d3N Y VIDA UNIVERSITARIA<\/strong><\/p>\n<\/div><\/div>\n<\/div>\n<\/div>\n\n\n\n<p><strong>Coordinaci\u00f3n: <\/strong>Ana Escobar Molina, vicepresidenta del CRE-UCLM para la coordinaci\u00f3n y vida universitaria.<\/p>\n\n\n\n<p><strong>Secretar\u00eda:<\/strong> Ver\u00f3nica Parre\u00f1o Moreno, vicepresidenta del CRE-UCLM para la comunicaci\u00f3n y dimensi\u00f3n social.<\/p>\n\n\n\n<div class=\"wp-block-group is-vertical is-layout-flex wp-container-core-group-is-layout-8cf370e7 wp-block-group-is-layout-flex\">\n<p><strong>Miembros de la comisi\u00f3n:<\/strong><\/p>\n\n\n\n<p>Juan Alfonso Blanco Morales, presidente del CRE-UCLM.<\/p>\n\n\n\n<p>Jorge de la Ossa Risco, delegado de estudiantes del Campus de Albacete, o representante en quien delegue.<\/p>\n\n\n\n<p>Reibel David Charaja Apaza, representante de la Sede de Almad\u00e9n, o representante en quien delegue.<\/p>\n\n\n\n<p>Alejandra Herguido Mart\u00edn, delegada de estudiantes del Campus de Ciudad Real, o representante en quien delegue.<\/p>\n\n\n\n<p>Ana Escobar Molina, delegada de estudiantes del Campus de Cuenca, o representante en quien delegue.<\/p>\n\n\n\n<p>Laura Rodr\u00edguez Velasco, representante de la Sede de Talavera de la Reina, o representante en quien delegue.<\/p>\n\n\n\n<p>Francisco de Borja Alonso Carrasco, delegado de estudiantes del Campus de Toledo, o representante en quien delegue.<\/p>\n\n\n\n<p><\/p>\n\n\n\n<p><strong>Invitados (con voz, pero sin voto):<\/strong><\/p>\n\n\n\n<p><em>Cualquier otro representante estudiantil de la UCLM que la comisi\u00f3n considere necesario.<\/em><\/p>\n\n\n\n<div style=\"height:20px\" aria-hidden=\"true\" class=\"wp-block-spacer wp-container-content-62aae154\"><\/div>\n<\/div>\n\n\n\n<div class=\"wp-block-media-text alignwide is-stacked-on-mobile\" style=\"grid-template-columns:15% auto\"><figure class=\"wp-block-media-text__media\"><img loading=\"lazy\" decoding=\"async\" width=\"250\" height=\"250\" src=\"https:\/\/blog.uclm.es\/creuclm\/wp-content\/uploads\/sites\/200\/2023\/05\/cropped-igcre_isot_1A.png\" alt=\"\" class=\"wp-image-2120 size-full\" srcset=\"https:\/\/blog.uclm.es\/creuclm\/wp-content\/uploads\/sites\/200\/2023\/05\/cropped-igcre_isot_1A.png 250w, https:\/\/blog.uclm.es\/creuclm\/wp-content\/uploads\/sites\/200\/2023\/05\/cropped-igcre_isot_1A-150x150.png 150w, https:\/\/blog.uclm.es\/creuclm\/wp-content\/uploads\/sites\/200\/2023\/05\/cropped-igcre_isot_1A-100x100.png 100w\" sizes=\"auto, (max-width: 250px) 100vw, 250px\" \/><\/figure><div class=\"wp-block-media-text__content\">\n<p class=\"has-text-align-left has-medium-font-size\"><strong>COMISI\u00d3N DE NORMATIVA<\/strong><\/p>\n<\/div><\/div>\n\n\n\n<p><strong>Coordinaci\u00f3n: <\/strong>Juan Alfonso Blanco Morales, presidente del CRE-UCLM.<\/p>\n\n\n\n<p><strong>Secretar\u00eda:<\/strong> Ra\u00fal Marian Cost\u00e1n, secretario del CRE-UCLM.<\/p>\n\n\n\n<div class=\"wp-block-group is-vertical is-layout-flex wp-container-core-group-is-layout-8cf370e7 wp-block-group-is-layout-flex\">\n<p><strong>Miembros de la comisi\u00f3n:<\/strong><\/p>\n\n\n\n<p>Jorge de la Ossa Risco, por el Campus de Albacete, o representante en quien delegue.<\/p>\n\n\n\n<p>Reibel David Charaja Apaza, por la Sede de Almad\u00e9n, o representante en quien delegue.<\/p>\n\n\n\n<p>Elena Mateo Arenas, por el Campus de Ciudad Real, o representante en quien delegue.<\/p>\n\n\n\n<p>Alejandro Fuente Due\u00f1as, por el Campus de Cuenca, o representante en quien delegue.<\/p>\n\n\n\n<p>Laura Rodr\u00edguez Velasco, por la Sede de Talavera de la Reina, o representante en quien delegue.<\/p>\n\n\n\n<p>Francisco de Borja Alonso Carrasco, por el Campus de Toledo, o representante en quien delegue.<\/p>\n\n\n\n<p><\/p>\n\n\n\n<p><strong>Invitados (con voz, pero sin voto):<\/strong><\/p>\n\n\n\n<p><em>Cualquier otro miembro del pleno del CRE-UCLM que as\u00ed lo solicite.<\/em><\/p>\n\n\n\n<p><em>Cualquier otro representante estudiantil de la UCLM que la comisi\u00f3n considere necesario.<\/em><\/p>\n\n\n\n<div style=\"height:20px\" aria-hidden=\"true\" class=\"wp-block-spacer wp-container-content-62aae154\"><\/div>\n<\/div>\n\n\n\n<div class=\"wp-block-media-text alignwide is-stacked-on-mobile\" style=\"grid-template-columns:15% auto\"><figure class=\"wp-block-media-text__media\"><img loading=\"lazy\" decoding=\"async\" width=\"250\" height=\"250\" src=\"https:\/\/blog.uclm.es\/creuclm\/wp-content\/uploads\/sites\/200\/2023\/05\/cropped-igcre_isot_1A.png\" alt=\"\" class=\"wp-image-2120 size-full\" srcset=\"https:\/\/blog.uclm.es\/creuclm\/wp-content\/uploads\/sites\/200\/2023\/05\/cropped-igcre_isot_1A.png 250w, https:\/\/blog.uclm.es\/creuclm\/wp-content\/uploads\/sites\/200\/2023\/05\/cropped-igcre_isot_1A-150x150.png 150w, https:\/\/blog.uclm.es\/creuclm\/wp-content\/uploads\/sites\/200\/2023\/05\/cropped-igcre_isot_1A-100x100.png 100w\" sizes=\"auto, (max-width: 250px) 100vw, 250px\" \/><\/figure><div class=\"wp-block-media-text__content\">\n<p class=\"has-text-align-left has-medium-font-size\"><strong>COMISI\u00d3N DE RELACIONES EXTERNAS<\/strong><\/p>\n<\/div><\/div>\n\n\n\n<p><strong>Coordinaci\u00f3n: <\/strong>Jorge de la Ossa Risco, vicepresidente del CRE-UCLM para la pol\u00edtica universitaria.<\/p>\n\n\n\n<p><strong>Secretar\u00eda:<\/strong> Juan Alfonso Blanco Morales, presidente del CRE-UCLM.<\/p>\n\n\n\n<div class=\"wp-block-group is-vertical is-layout-flex wp-container-core-group-is-layout-8cf370e7 wp-block-group-is-layout-flex\">\n<p><strong>Miembros de la comisi\u00f3n:<\/strong><\/p>\n\n\n\n<p>Ana Escobar Molina, vicepresidenta del CRE-UCLM para la coordinaci\u00f3n y vida universitaria.<\/p>\n\n\n\n<p>Ra\u00fal Marian Cost\u00e1n, secretario del CRE-UCLM.<\/p>\n\n\n\n<p>Carlos L\u00f3pez Mu\u00f1oz, vocal de la Comisi\u00f3n Permanente en el CEUNE.<\/p>\n\n\n\n<p><em>Cualquier otro representante estudiantil de la UCLM que la comisi\u00f3n considere necesario.<\/em><\/p>\n\n\n\n<p><\/p>\n\n\n\n<p><strong>Invitados (con voz, pero sin voto):<\/strong><\/p>\n\n\n\n<p><em>Cualquier otro miembro del pleno del CRE-UCLM que as\u00ed lo solicite.<\/em><\/p>\n\n\n\n<div style=\"height:20px\" aria-hidden=\"true\" class=\"wp-block-spacer wp-container-content-62aae154\"><\/div>\n<\/div>\n\n\n\n<div style=\"height:16px\" aria-hidden=\"true\" class=\"wp-block-spacer\"><\/div>\n\n\n\n<hr class=\"wp-block-separator has-text-color has-black-color has-alpha-channel-opacity has-black-background-color has-background\" \/>\n\n\n\n<div style=\"height:21px\" aria-hidden=\"true\" class=\"wp-block-spacer\"><\/div>\n\n\n\n<figure class=\"wp-block-image size-full\"><img loading=\"lazy\" decoding=\"async\" width=\"768\" height=\"768\" src=\"https:\/\/blog.uclm.es\/creuclm\/wp-content\/uploads\/sites\/200\/2023\/11\/CRE_logo-nuevo.png\" alt=\"\" class=\"wp-image-2517\" srcset=\"https:\/\/blog.uclm.es\/creuclm\/wp-content\/uploads\/sites\/200\/2023\/11\/CRE_logo-nuevo.png 768w, https:\/\/blog.uclm.es\/creuclm\/wp-content\/uploads\/sites\/200\/2023\/11\/CRE_logo-nuevo-300x300.png 300w, https:\/\/blog.uclm.es\/creuclm\/wp-content\/uploads\/sites\/200\/2023\/11\/CRE_logo-nuevo-150x150.png 150w, https:\/\/blog.uclm.es\/creuclm\/wp-content\/uploads\/sites\/200\/2023\/11\/CRE_logo-nuevo-100x100.png 100w\" sizes=\"auto, (max-width: 767px) 89vw, (max-width: 1000px) 54vw, (max-width: 1071px) 543px, 580px\" \/><\/figure>\n","protected":false},"excerpt":{"rendered":"<p>El Consejo de Representantes de Estudiantes de la Universidad de Castilla-La Mancha puede crear comisiones de trabajo destinadas a diversos fines. Actualmente, el \u00f3rgano cuenta con un total de 4 comisiones de trabajo, que son las siguientes: COMISI\u00d3N DE ASUNTOS ECON\u00d3MICOS Y TESORER\u00cdA Coordinaci\u00f3n: Alejandra Herguido Mart\u00edn, tesorera del CRE-UCLM. Secretar\u00eda: Ra\u00fal Marian Cost\u00e1n, secretario &hellip; <\/p>\n<p class=\"link-more\"><a href=\"https:\/\/blog.uclm.es\/creuclm\/comisiones\/\" class=\"more-link\">Continuar leyendo<span class=\"screen-reader-text\"> \u00abComisiones de trabajo del CRE-UCLM\u00bb<\/span><\/a><\/p>\n","protected":false},"author":301,"featured_media":0,"parent":0,"menu_order":0,"comment_status":"closed","ping_status":"closed","template":"","meta":{"footnotes":""},"class_list":["post-22","page","type-page","status-publish","hentry"],"_links":{"self":[{"href":"https:\/\/blog.uclm.es\/creuclm\/wp-json\/wp\/v2\/pages\/22","targetHints":{"allow":["GET"]}}],"collection":[{"href":"https:\/\/blog.uclm.es\/creuclm\/wp-json\/wp\/v2\/pages"}],"about":[{"href":"https:\/\/blog.uclm.es\/creuclm\/wp-json\/wp\/v2\/types\/page"}],"author":[{"embeddable":true,"href":"https:\/\/blog.uclm.es\/creuclm\/wp-json\/wp\/v2\/users\/301"}],"replies":[{"embeddable":true,"href":"https:\/\/blog.uclm.es\/creuclm\/wp-json\/wp\/v2\/comments?post=22"}],"version-history":[{"count":67,"href":"https:\/\/blog.uclm.es\/creuclm\/wp-json\/wp\/v2\/pages\/22\/revisions"}],"predecessor-version":[{"id":3924,"href":"https:\/\/blog.uclm.es\/creuclm\/wp-json\/wp\/v2\/pages\/22\/revisions\/3924"}],"wp:attachment":[{"href":"https:\/\/blog.uclm.es\/creuclm\/wp-json\/wp\/v2\/media?parent=22"}],"curies":[{"name":"wp","href":"https:\/\/api.w.org\/{rel}","templated":true}]}}