{"id":2129,"date":"2023-05-08T14:27:04","date_gmt":"2023-05-08T14:27:04","guid":{"rendered":"https:\/\/blog.uclm.es\/creuclm\/?page_id=2129"},"modified":"2025-12-20T15:32:40","modified_gmt":"2025-12-20T15:32:40","slug":"campus-y-sedes","status":"publish","type":"page","link":"https:\/\/blog.uclm.es\/creuclm\/campus-y-sedes\/","title":{"rendered":"CAMPUS Y SEDES"},"content":{"rendered":"\n<figure class=\"wp-block-image size-large\"><img loading=\"lazy\" decoding=\"async\" width=\"1024\" height=\"341\" src=\"https:\/\/blog.uclm.es\/creuclm\/wp-content\/uploads\/sites\/200\/2023\/07\/2-1-1024x341.png\" alt=\"\" class=\"wp-image-2300\" srcset=\"https:\/\/blog.uclm.es\/creuclm\/wp-content\/uploads\/sites\/200\/2023\/07\/2-1-1024x341.png 1024w, https:\/\/blog.uclm.es\/creuclm\/wp-content\/uploads\/sites\/200\/2023\/07\/2-1-300x100.png 300w, https:\/\/blog.uclm.es\/creuclm\/wp-content\/uploads\/sites\/200\/2023\/07\/2-1-768x256.png 768w, https:\/\/blog.uclm.es\/creuclm\/wp-content\/uploads\/sites\/200\/2023\/07\/2-1-1536x512.png 1536w, https:\/\/blog.uclm.es\/creuclm\/wp-content\/uploads\/sites\/200\/2023\/07\/2-1-2048x683.png 2048w\" sizes=\"auto, (max-width: 767px) 89vw, (max-width: 1000px) 54vw, (max-width: 1071px) 543px, 580px\" \/><\/figure>\n\n\n\n<p><strong><em>Comisi\u00f3n Ejecutiva de la Delegaci\u00f3n de Estudiantes<\/em><\/strong><br><strong>Delegado de estudiantes del campus: <\/strong>Jorge de la Ossa Risco, Facultad de Derecho.<br><strong>Subdelegada de estudiantes del campus: <\/strong>Natalia G\u00f3mez Henares, Facultad de Relaciones Laborales y Recursos Humanos.<br><strong>Secretario de la delegaci\u00f3n: <\/strong>Francisco Jos\u00e9 Molina Serrano, Facultad de Derecho.<br><strong>Tesorero de la delegaci\u00f3n: <\/strong>Jaime Parada S\u00e1nchez, Escuela Superior de Ingenier\u00eda Inform\u00e1tica.<\/p>\n\n\n\n<figure class=\"wp-block-image size-large\"><img loading=\"lazy\" decoding=\"async\" width=\"1024\" height=\"341\" src=\"https:\/\/blog.uclm.es\/creuclm\/wp-content\/uploads\/sites\/200\/2023\/07\/3-2-1024x341.png\" alt=\"\" class=\"wp-image-2303\" srcset=\"https:\/\/blog.uclm.es\/creuclm\/wp-content\/uploads\/sites\/200\/2023\/07\/3-2-1024x341.png 1024w, https:\/\/blog.uclm.es\/creuclm\/wp-content\/uploads\/sites\/200\/2023\/07\/3-2-300x100.png 300w, https:\/\/blog.uclm.es\/creuclm\/wp-content\/uploads\/sites\/200\/2023\/07\/3-2-768x256.png 768w, https:\/\/blog.uclm.es\/creuclm\/wp-content\/uploads\/sites\/200\/2023\/07\/3-2-1536x512.png 1536w, https:\/\/blog.uclm.es\/creuclm\/wp-content\/uploads\/sites\/200\/2023\/07\/3-2-2048x683.png 2048w\" sizes=\"auto, (max-width: 767px) 89vw, (max-width: 1000px) 54vw, (max-width: 1071px) 543px, 580px\" \/><\/figure>\n\n\n\n<p><strong>Representante de estudiantes de la sede:<\/strong> Reibel David Charaja Apaza, Escuela de Ingenier\u00eda Minera e Industrial.<\/p>\n\n\n\n<figure class=\"wp-block-image size-full\"><img loading=\"lazy\" decoding=\"async\" width=\"886\" height=\"380\" src=\"https:\/\/blog.uclm.es\/creuclm\/wp-content\/uploads\/sites\/200\/2024\/10\/image.png\" alt=\"\" class=\"wp-image-2718\" srcset=\"https:\/\/blog.uclm.es\/creuclm\/wp-content\/uploads\/sites\/200\/2024\/10\/image.png 886w, https:\/\/blog.uclm.es\/creuclm\/wp-content\/uploads\/sites\/200\/2024\/10\/image-300x129.png 300w, https:\/\/blog.uclm.es\/creuclm\/wp-content\/uploads\/sites\/200\/2024\/10\/image-768x329.png 768w\" sizes=\"auto, (max-width: 767px) 89vw, (max-width: 1000px) 54vw, (max-width: 1071px) 543px, 580px\" \/><\/figure>\n\n\n\n<p><strong><em>Comisi\u00f3n Ejecutiva de la Delegaci\u00f3n de Estudiantes<\/em><\/strong><br><strong>Delegada de estudiantes del campus: <\/strong>Alejandra Herguido Mart\u00edn, Facultad de Ciencias y Tecnolog\u00edas Qu\u00edmicas.<br><strong>Subdelegada de estudiantes del campus: <\/strong>Elena Mateo Arenas, Facultad de Derecho y Ciencias Sociales.<br><strong>Secretaria de la delegaci\u00f3n: <\/strong>Irene Gallardo Soler, Facultad de Enfermer\u00eda.<br><strong>Tesorero de la delegaci\u00f3n: <\/strong>Jes\u00fas Manuel Garc\u00eda-Carpintero Garc\u00eda-Rayo, Escuela Superior de Inform\u00e1tica.<\/p>\n\n\n\n<figure class=\"wp-block-image size-large\"><img loading=\"lazy\" decoding=\"async\" width=\"1024\" height=\"341\" src=\"https:\/\/blog.uclm.es\/creuclm\/wp-content\/uploads\/sites\/200\/2023\/07\/4-2-1024x341.png\" alt=\"\" class=\"wp-image-2305\" srcset=\"https:\/\/blog.uclm.es\/creuclm\/wp-content\/uploads\/sites\/200\/2023\/07\/4-2-1024x341.png 1024w, https:\/\/blog.uclm.es\/creuclm\/wp-content\/uploads\/sites\/200\/2023\/07\/4-2-300x100.png 300w, https:\/\/blog.uclm.es\/creuclm\/wp-content\/uploads\/sites\/200\/2023\/07\/4-2-768x256.png 768w, https:\/\/blog.uclm.es\/creuclm\/wp-content\/uploads\/sites\/200\/2023\/07\/4-2-1536x512.png 1536w, https:\/\/blog.uclm.es\/creuclm\/wp-content\/uploads\/sites\/200\/2023\/07\/4-2-2048x683.png 2048w\" sizes=\"auto, (max-width: 767px) 89vw, (max-width: 1000px) 54vw, (max-width: 1071px) 543px, 580px\" \/><\/figure>\n\n\n\n<p><strong><em>Comisi\u00f3n Ejecutiva de la Delegaci\u00f3n de Estudiantes<\/em><\/strong><br><strong>Delegada de estudiantes del campus: <\/strong>Ana Escobar Molina, Facultad de Enfermer\u00eda.<br><strong>Subdelegado de estudiantes del campus: <\/strong>Rub\u00e9n L\u00f3pez Garc\u00eda, Facultad de Ciencias Sociales.<br><strong>Secretario de la delegaci\u00f3n:<\/strong> Ra\u00fal Rodil Calleja, Facultad de Comunicaci\u00f3n.<br><strong>Tesorero de la delegaci\u00f3n: <\/strong>Alejandro Fuente Due\u00f1as, Facultad de Ciencias Sociales.<\/p>\n\n\n\n<figure class=\"wp-block-image size-large\"><img loading=\"lazy\" decoding=\"async\" width=\"1024\" height=\"341\" src=\"https:\/\/blog.uclm.es\/creuclm\/wp-content\/uploads\/sites\/200\/2023\/07\/6-1-1024x341.png\" alt=\"\" class=\"wp-image-2297\" srcset=\"https:\/\/blog.uclm.es\/creuclm\/wp-content\/uploads\/sites\/200\/2023\/07\/6-1-1024x341.png 1024w, https:\/\/blog.uclm.es\/creuclm\/wp-content\/uploads\/sites\/200\/2023\/07\/6-1-300x100.png 300w, https:\/\/blog.uclm.es\/creuclm\/wp-content\/uploads\/sites\/200\/2023\/07\/6-1-768x256.png 768w, https:\/\/blog.uclm.es\/creuclm\/wp-content\/uploads\/sites\/200\/2023\/07\/6-1-1536x512.png 1536w, https:\/\/blog.uclm.es\/creuclm\/wp-content\/uploads\/sites\/200\/2023\/07\/6-1-2048x683.png 2048w\" sizes=\"auto, (max-width: 767px) 89vw, (max-width: 1000px) 54vw, (max-width: 1071px) 543px, 580px\" \/><\/figure>\n\n\n\n<p><strong>Representante de estudiantes de la sede: <\/strong>Laura Rodr\u00edguez Velasco, Facultad de Ciencias Sociales y Tecnolog\u00edas de la Informaci\u00f3n.<\/p>\n\n\n\n<figure class=\"wp-block-image size-large\"><img loading=\"lazy\" decoding=\"async\" width=\"1024\" height=\"341\" src=\"https:\/\/blog.uclm.es\/creuclm\/wp-content\/uploads\/sites\/200\/2023\/07\/7-1024x341.png\" alt=\"\" class=\"wp-image-2301\" srcset=\"https:\/\/blog.uclm.es\/creuclm\/wp-content\/uploads\/sites\/200\/2023\/07\/7-1024x341.png 1024w, https:\/\/blog.uclm.es\/creuclm\/wp-content\/uploads\/sites\/200\/2023\/07\/7-300x100.png 300w, https:\/\/blog.uclm.es\/creuclm\/wp-content\/uploads\/sites\/200\/2023\/07\/7-768x256.png 768w, https:\/\/blog.uclm.es\/creuclm\/wp-content\/uploads\/sites\/200\/2023\/07\/7-1536x512.png 1536w, https:\/\/blog.uclm.es\/creuclm\/wp-content\/uploads\/sites\/200\/2023\/07\/7-2048x683.png 2048w\" sizes=\"auto, (max-width: 767px) 89vw, (max-width: 1000px) 54vw, (max-width: 1071px) 543px, 580px\" \/><\/figure>\n\n\n\n<p><strong><em>Comisi\u00f3n Ejecutiva de la Delegaci\u00f3n de Estudiantes<\/em><\/strong><br><strong>Delegado de estudiantes del campus: <\/strong>Francisco de Borja Alonso Carrasco, Facultad de Ciencias Jur\u00eddicas y Sociales.<br><strong>Subdelegado de estudiantes del campus: <\/strong>Ra\u00fal Marian Cost\u00e1n, Facultad de Ciencias Jur\u00eddicas y Sociales.<br><strong>Secretario de la delegaci\u00f3n: <\/strong>David Moreno Pina, Facultad de Humanidades. <br><strong>Tesorero de la delegaci\u00f3n: <\/strong>Carlos Mart\u00edn Enamorado, Facultad de Ciencias Jur\u00eddicas y Sociales.<\/p>\n\n\n\n<p><\/p>\n","protected":false},"excerpt":{"rendered":"<p>Comisi\u00f3n Ejecutiva de la Delegaci\u00f3n de EstudiantesDelegado de estudiantes del campus: Jorge de la Ossa Risco, Facultad de Derecho.Subdelegada de estudiantes del campus: Natalia G\u00f3mez Henares, Facultad de Relaciones Laborales y Recursos Humanos.Secretario de la delegaci\u00f3n: Francisco Jos\u00e9 Molina Serrano, Facultad de Derecho.Tesorero de la delegaci\u00f3n: Jaime Parada S\u00e1nchez, Escuela Superior de Ingenier\u00eda Inform\u00e1tica. Representante &hellip; <\/p>\n<p class=\"link-more\"><a href=\"https:\/\/blog.uclm.es\/creuclm\/campus-y-sedes\/\" class=\"more-link\">Continuar leyendo<span class=\"screen-reader-text\"> \u00abCAMPUS Y SEDES\u00bb<\/span><\/a><\/p>\n","protected":false},"author":341,"featured_media":0,"parent":0,"menu_order":0,"comment_status":"closed","ping_status":"closed","template":"","meta":{"footnotes":""},"class_list":["post-2129","page","type-page","status-publish","hentry"],"_links":{"self":[{"href":"https:\/\/blog.uclm.es\/creuclm\/wp-json\/wp\/v2\/pages\/2129","targetHints":{"allow":["GET"]}}],"collection":[{"href":"https:\/\/blog.uclm.es\/creuclm\/wp-json\/wp\/v2\/pages"}],"about":[{"href":"https:\/\/blog.uclm.es\/creuclm\/wp-json\/wp\/v2\/types\/page"}],"author":[{"embeddable":true,"href":"https:\/\/blog.uclm.es\/creuclm\/wp-json\/wp\/v2\/users\/341"}],"replies":[{"embeddable":true,"href":"https:\/\/blog.uclm.es\/creuclm\/wp-json\/wp\/v2\/comments?post=2129"}],"version-history":[{"count":23,"href":"https:\/\/blog.uclm.es\/creuclm\/wp-json\/wp\/v2\/pages\/2129\/revisions"}],"predecessor-version":[{"id":3827,"href":"https:\/\/blog.uclm.es\/creuclm\/wp-json\/wp\/v2\/pages\/2129\/revisions\/3827"}],"wp:attachment":[{"href":"https:\/\/blog.uclm.es\/creuclm\/wp-json\/wp\/v2\/media?parent=2129"}],"curies":[{"name":"wp","href":"https:\/\/api.w.org\/{rel}","templated":true}]}}