{"id":2040,"date":"2023-03-20T17:55:00","date_gmt":"2023-03-20T17:55:00","guid":{"rendered":"https:\/\/blog.uclm.es\/creuclm\/?page_id=2040"},"modified":"2025-10-21T22:36:20","modified_gmt":"2025-10-21T22:36:20","slug":"identidad-grafica","status":"publish","type":"page","link":"https:\/\/blog.uclm.es\/creuclm\/identidad-grafica\/","title":{"rendered":"Identidad Gr\u00e1fica"},"content":{"rendered":"\n<hr class=\"wp-block-separator has-text-color has-vivid-red-color has-alpha-channel-opacity has-vivid-red-background-color has-background is-style-wide\" \/>\n\n\n\n<figure class=\"wp-block-gallery has-nested-images columns-default is-cropped wp-block-gallery-1 is-layout-flex wp-block-gallery-is-layout-flex\">\n<figure class=\"wp-block-image size-large\"><a href=\"https:\/\/www.uclm.es\/es\/Misiones\/LaUCLM\/ConsejoDeDireccion\/VPU\/IdentidadVisualCorporativa\"><img loading=\"lazy\" decoding=\"async\" width=\"1024\" height=\"1024\" data-id=\"2051\" src=\"https:\/\/blog.uclm.es\/creuclm\/wp-content\/uploads\/sites\/200\/2023\/03\/26-1024x1024.png\" alt=\"\" class=\"wp-image-2051\" srcset=\"https:\/\/blog.uclm.es\/creuclm\/wp-content\/uploads\/sites\/200\/2023\/03\/26-1024x1024.png 1024w, https:\/\/blog.uclm.es\/creuclm\/wp-content\/uploads\/sites\/200\/2023\/03\/26-300x300.png 300w, https:\/\/blog.uclm.es\/creuclm\/wp-content\/uploads\/sites\/200\/2023\/03\/26-150x150.png 150w, https:\/\/blog.uclm.es\/creuclm\/wp-content\/uploads\/sites\/200\/2023\/03\/26-768x768.png 768w, https:\/\/blog.uclm.es\/creuclm\/wp-content\/uploads\/sites\/200\/2023\/03\/26-1536x1536.png 1536w, https:\/\/blog.uclm.es\/creuclm\/wp-content\/uploads\/sites\/200\/2023\/03\/26-100x100.png 100w, https:\/\/blog.uclm.es\/creuclm\/wp-content\/uploads\/sites\/200\/2023\/03\/26.png 2000w\" sizes=\"auto, (max-width: 767px) 89vw, (max-width: 1000px) 54vw, (max-width: 1071px) 543px, 580px\" \/><\/a><\/figure>\n\n\n\n<figure class=\"wp-block-image size-large\"><a href=\"https:\/\/blog.uclm.es\/creuclm\/recursosgraficos\/\"><img loading=\"lazy\" decoding=\"async\" width=\"1024\" height=\"1024\" data-id=\"2050\" src=\"https:\/\/blog.uclm.es\/creuclm\/wp-content\/uploads\/sites\/200\/2023\/03\/27-1024x1024.png\" alt=\"\" class=\"wp-image-2050\" srcset=\"https:\/\/blog.uclm.es\/creuclm\/wp-content\/uploads\/sites\/200\/2023\/03\/27-1024x1024.png 1024w, https:\/\/blog.uclm.es\/creuclm\/wp-content\/uploads\/sites\/200\/2023\/03\/27-300x300.png 300w, https:\/\/blog.uclm.es\/creuclm\/wp-content\/uploads\/sites\/200\/2023\/03\/27-150x150.png 150w, https:\/\/blog.uclm.es\/creuclm\/wp-content\/uploads\/sites\/200\/2023\/03\/27-768x768.png 768w, https:\/\/blog.uclm.es\/creuclm\/wp-content\/uploads\/sites\/200\/2023\/03\/27-1536x1536.png 1536w, https:\/\/blog.uclm.es\/creuclm\/wp-content\/uploads\/sites\/200\/2023\/03\/27-100x100.png 100w, https:\/\/blog.uclm.es\/creuclm\/wp-content\/uploads\/sites\/200\/2023\/03\/27.png 2000w\" sizes=\"auto, (max-width: 767px) 89vw, (max-width: 1000px) 54vw, (max-width: 1071px) 543px, 580px\" \/><\/a><\/figure>\n\n\n\n<figure class=\"wp-block-image size-large\"><a href=\"https:\/\/blog.uclm.es\/creuclm\/wp-content\/uploads\/sites\/200\/2023\/03\/MANUAL-DE-IDENTIDAD-GRAFICA-CRE-UCLM_compressed.pdf\"><img loading=\"lazy\" decoding=\"async\" width=\"1024\" height=\"1024\" data-id=\"2052\" src=\"https:\/\/blog.uclm.es\/creuclm\/wp-content\/uploads\/sites\/200\/2023\/03\/25-1024x1024.png\" alt=\"\" class=\"wp-image-2052\" srcset=\"https:\/\/blog.uclm.es\/creuclm\/wp-content\/uploads\/sites\/200\/2023\/03\/25-1024x1024.png 1024w, https:\/\/blog.uclm.es\/creuclm\/wp-content\/uploads\/sites\/200\/2023\/03\/25-300x300.png 300w, https:\/\/blog.uclm.es\/creuclm\/wp-content\/uploads\/sites\/200\/2023\/03\/25-150x150.png 150w, https:\/\/blog.uclm.es\/creuclm\/wp-content\/uploads\/sites\/200\/2023\/03\/25-768x768.png 768w, https:\/\/blog.uclm.es\/creuclm\/wp-content\/uploads\/sites\/200\/2023\/03\/25-1536x1536.png 1536w, https:\/\/blog.uclm.es\/creuclm\/wp-content\/uploads\/sites\/200\/2023\/03\/25-100x100.png 100w, https:\/\/blog.uclm.es\/creuclm\/wp-content\/uploads\/sites\/200\/2023\/03\/25.png 2000w\" sizes=\"auto, (max-width: 767px) 89vw, (max-width: 1000px) 54vw, (max-width: 1071px) 543px, 580px\" \/><\/a><\/figure>\n<\/figure>\n\n\n\n<hr class=\"wp-block-separator has-text-color has-vivid-red-color has-alpha-channel-opacity has-vivid-red-background-color has-background is-style-wide\" \/>\n\n\n\n<p>Desde el CRE-UCLM queremos darte la bienvenida al espacio destinado a la identidad gr\u00e1fica de nuestro consejo.<\/p>\n\n\n\n<p>Aqu\u00ed podr\u00e1s encontrar todos los recursos gr\u00e1ficos que hemos desarrollado para que el CRE-UCLM tenga una imagen moderna, unificada y acorde para poder llegar a ti como estudiante o representante.<\/p>\n\n\n\n<p>Esperamos que te resulte de inter\u00e9s.<\/p>\n\n\n\n<p>Consejo de Representantes de Estudiantes de la UCLM.<\/p>\n\n\n\n<p style=\"line-height:0\"><\/p>\n\n\n\n<p style=\"line-height:0\"><\/p>\n\n\n\n<figure class=\"wp-block-video\"><video height=\"1080\" style=\"aspect-ratio: 1920 \/ 1080;\" width=\"1920\" controls src=\"https:\/\/blog.uclm.es\/creuclm\/wp-content\/uploads\/sites\/200\/2023\/05\/Hola-1920-\u00d7-1080-px.mp4\"><\/video><\/figure>\n","protected":false},"excerpt":{"rendered":"<p>Desde el CRE-UCLM queremos darte la bienvenida al espacio destinado a la identidad gr\u00e1fica de nuestro consejo. Aqu\u00ed podr\u00e1s encontrar todos los recursos gr\u00e1ficos que hemos desarrollado para que el CRE-UCLM tenga una imagen moderna, unificada y acorde para poder llegar a ti como estudiante o representante. Esperamos que te resulte de inter\u00e9s. Consejo de &hellip; <\/p>\n<p class=\"link-more\"><a href=\"https:\/\/blog.uclm.es\/creuclm\/identidad-grafica\/\" class=\"more-link\">Continuar leyendo<span class=\"screen-reader-text\"> \u00abIdentidad Gr\u00e1fica\u00bb<\/span><\/a><\/p>\n","protected":false},"author":341,"featured_media":0,"parent":0,"menu_order":0,"comment_status":"closed","ping_status":"closed","template":"","meta":{"footnotes":""},"class_list":["post-2040","page","type-page","status-publish","hentry"],"_links":{"self":[{"href":"https:\/\/blog.uclm.es\/creuclm\/wp-json\/wp\/v2\/pages\/2040","targetHints":{"allow":["GET"]}}],"collection":[{"href":"https:\/\/blog.uclm.es\/creuclm\/wp-json\/wp\/v2\/pages"}],"about":[{"href":"https:\/\/blog.uclm.es\/creuclm\/wp-json\/wp\/v2\/types\/page"}],"author":[{"embeddable":true,"href":"https:\/\/blog.uclm.es\/creuclm\/wp-json\/wp\/v2\/users\/341"}],"replies":[{"embeddable":true,"href":"https:\/\/blog.uclm.es\/creuclm\/wp-json\/wp\/v2\/comments?post=2040"}],"version-history":[{"count":17,"href":"https:\/\/blog.uclm.es\/creuclm\/wp-json\/wp\/v2\/pages\/2040\/revisions"}],"predecessor-version":[{"id":3629,"href":"https:\/\/blog.uclm.es\/creuclm\/wp-json\/wp\/v2\/pages\/2040\/revisions\/3629"}],"wp:attachment":[{"href":"https:\/\/blog.uclm.es\/creuclm\/wp-json\/wp\/v2\/media?parent=2040"}],"curies":[{"name":"wp","href":"https:\/\/api.w.org\/{rel}","templated":true}]}}