{"id":1892,"date":"2023-01-12T14:31:49","date_gmt":"2023-01-12T14:31:49","guid":{"rendered":"https:\/\/blog.uclm.es\/creuclm\/?page_id=1892"},"modified":"2026-04-09T12:08:42","modified_gmt":"2026-04-09T12:08:42","slug":"gestion-economica","status":"publish","type":"page","link":"https:\/\/blog.uclm.es\/creuclm\/gestion-economica\/","title":{"rendered":"Gesti\u00f3n econ\u00f3mica"},"content":{"rendered":"\n<p><strong>2026<\/strong><\/p>\n\n\n\n<p>Presupuestos del CRE-UCLM aprobados la sesi\u00f3n ordinaria h\u00edbrida del 19 y 20 de marzo de 2026, celebrada en el Campus de Albacete.<\/p>\n\n\n\n<div data-wp-interactive=\"core\/file\" class=\"wp-block-file\"><object data-wp-bind--hidden=\"!state.hasPdfPreview\" hidden class=\"wp-block-file__embed\" data=\"https:\/\/blog.uclm.es\/creuclm\/wp-content\/uploads\/sites\/200\/2026\/04\/PRESUPUESTOS-CRE-UCLM-2026.pdf\" type=\"application\/pdf\" style=\"width:100%;height:600px\" aria-label=\"Incrustado de PRESUPUESTOS CRE-UCLM 2026.\"><\/object><a id=\"wp-block-file--media-797c5835-096d-431a-8a81-6e13b08364b8\" href=\"https:\/\/blog.uclm.es\/creuclm\/wp-content\/uploads\/sites\/200\/2026\/04\/PRESUPUESTOS-CRE-UCLM-2026.pdf\">PRESUPUESTOS CRE-UCLM 2026<\/a><a href=\"https:\/\/blog.uclm.es\/creuclm\/wp-content\/uploads\/sites\/200\/2026\/04\/PRESUPUESTOS-CRE-UCLM-2026.pdf\" class=\"wp-block-file__button wp-element-button\" download aria-describedby=\"wp-block-file--media-797c5835-096d-431a-8a81-6e13b08364b8\">Descarga<\/a><\/div>\n\n\n\n<p><strong>2025<\/strong><\/p>\n\n\n\n<p>Instrucci\u00f3n de la Presidencia y la Tesorer\u00eda del CRE-UCLM de 9 de diciembre de 2025 por la que se regula<strong> <\/strong>las concesiones de financiaci\u00f3n con cargo a la org\u00e1nica del CRE-UCLM para la celebraci\u00f3n de eventos de car\u00e1cter sectorial en la UCLM durante el a\u00f1o 2026.<\/p>\n\n\n\n<div data-wp-interactive=\"core\/file\" class=\"wp-block-file\"><object data-wp-bind--hidden=\"!state.hasPdfPreview\" hidden class=\"wp-block-file__embed\" data=\"https:\/\/blog.uclm.es\/creuclm\/wp-content\/uploads\/sites\/200\/2026\/03\/Instruccion_Eventos_Sectoriales_2026.pdf\" type=\"application\/pdf\" style=\"width:100%;height:600px\" aria-label=\"Incrustado de Instruccio\u0301n_Eventos_Sectoriales_2026.\"><\/object><a id=\"wp-block-file--media-2ea8e7f8-2f8a-451e-9bb8-f885228607e7\" href=\"https:\/\/blog.uclm.es\/creuclm\/wp-content\/uploads\/sites\/200\/2026\/03\/Instruccion_Eventos_Sectoriales_2026.pdf\">Instruccio\u0301n_Eventos_Sectoriales_2026<\/a><a href=\"https:\/\/blog.uclm.es\/creuclm\/wp-content\/uploads\/sites\/200\/2026\/03\/Instruccion_Eventos_Sectoriales_2026.pdf\" class=\"wp-block-file__button wp-element-button\" download aria-describedby=\"wp-block-file--media-2ea8e7f8-2f8a-451e-9bb8-f885228607e7\">Descarga<\/a><\/div>\n\n\n\n<p>Presupuestos del CRE-UCLM aprobados en la sesi\u00f3n extraordinaria telem\u00e1tica del 7 de marzo de 2025.<\/p>\n\n\n\n<div data-wp-interactive=\"core\/file\" class=\"wp-block-file\"><object data-wp-bind--hidden=\"!state.hasPdfPreview\" hidden class=\"wp-block-file__embed\" data=\"https:\/\/blog.uclm.es\/creuclm\/wp-content\/uploads\/sites\/200\/2026\/04\/PRESUPUESTOS-CRE-UCLM-2025.pdf\" type=\"application\/pdf\" style=\"width:100%;height:600px\" aria-label=\"Incrustado de PRESUPUESTOS CRE-UCLM 2025.\"><\/object><a id=\"wp-block-file--media-c01892c8-c26f-491f-86ff-9796d703c458\" href=\"https:\/\/blog.uclm.es\/creuclm\/wp-content\/uploads\/sites\/200\/2026\/04\/PRESUPUESTOS-CRE-UCLM-2025.pdf\">PRESUPUESTOS CRE-UCLM 2025<\/a><a href=\"https:\/\/blog.uclm.es\/creuclm\/wp-content\/uploads\/sites\/200\/2026\/04\/PRESUPUESTOS-CRE-UCLM-2025.pdf\" class=\"wp-block-file__button wp-element-button\" download aria-describedby=\"wp-block-file--media-c01892c8-c26f-491f-86ff-9796d703c458\">Descarga<\/a><\/div>\n\n\n\n<p><strong>2024<\/strong><\/p>\n\n\n\n<p>Modificaciones del reglamento de Gesti\u00f3n del Presupuesto del CRE-UCLM, aprobadas en la sesi\u00f3n ordinaria h\u00edbrida del 4 de julio de 2024, celebrada en el Campus de Toledo.<\/p>\n\n\n\n<div data-wp-interactive=\"core\/file\" class=\"wp-block-file\"><object data-wp-bind--hidden=\"!state.hasPdfPreview\" hidden class=\"wp-block-file__embed\" data=\"https:\/\/blog.uclm.es\/creuclm\/wp-content\/uploads\/sites\/200\/2024\/10\/01900CR_Reglamento-Gestion-Presupuesto-CRE-UCLM.pdf\" type=\"application\/pdf\" style=\"width:100%;height:600px\" aria-label=\"Incrustado de 01900CR_Reglamento Gestio\u0301n Presupuesto CRE-UCLM.\"><\/object><a id=\"wp-block-file--media-5da6635a-e7a8-4554-9870-4a7964ef3f8c\" href=\"https:\/\/blog.uclm.es\/creuclm\/wp-content\/uploads\/sites\/200\/2024\/10\/01900CR_Reglamento-Gestion-Presupuesto-CRE-UCLM.pdf\">01900CR_Reglamento Gestio\u0301n Presupuesto CRE-UCLM<\/a><a href=\"https:\/\/blog.uclm.es\/creuclm\/wp-content\/uploads\/sites\/200\/2024\/10\/01900CR_Reglamento-Gestion-Presupuesto-CRE-UCLM.pdf\" class=\"wp-block-file__button wp-element-button\" download aria-describedby=\"wp-block-file--media-5da6635a-e7a8-4554-9870-4a7964ef3f8c\">Descarga<\/a><\/div>\n\n\n\n<p>Presupuestos del CRE-UCLM y Reglamento de Gesti\u00f3n del Presupuesto del CRE-UCLM, que modifica el Reglamento de R\u00e9gimen Econ\u00f3mico (aprobado en la Sede de Talavera de la Reina en sesi\u00f3n ordinaria el 7 de noviembre de 2023).<\/p>\n\n\n\n<div data-wp-interactive=\"core\/file\" class=\"wp-block-file\"><object data-wp-bind--hidden=\"!state.hasPdfPreview\" hidden class=\"wp-block-file__embed\" data=\"https:\/\/blog.uclm.es\/creuclm\/wp-content\/uploads\/sites\/200\/2023\/11\/PRESUPUESTOS-CRE_UCLM-2024.pdf\" type=\"application\/pdf\" style=\"width:100%;height:600px\" aria-label=\"Incrustado de PRESUPUESTOS-CRE_UCLM-2024.\"><\/object><a id=\"wp-block-file--media-5e6c71ce-0330-4504-a9c7-cee6f96b2be7\" href=\"https:\/\/blog.uclm.es\/creuclm\/wp-content\/uploads\/sites\/200\/2023\/11\/PRESUPUESTOS-CRE_UCLM-2024.pdf\">PRESUPUESTOS-CRE_UCLM-2024<\/a><a href=\"https:\/\/blog.uclm.es\/creuclm\/wp-content\/uploads\/sites\/200\/2023\/11\/PRESUPUESTOS-CRE_UCLM-2024.pdf\" class=\"wp-block-file__button wp-element-button\" download aria-describedby=\"wp-block-file--media-5e6c71ce-0330-4504-a9c7-cee6f96b2be7\">Descarga<\/a><\/div>\n\n\n\n<div data-wp-interactive=\"core\/file\" class=\"wp-block-file\"><object data-wp-bind--hidden=\"!state.hasPdfPreview\" hidden class=\"wp-block-file__embed\" data=\"https:\/\/blog.uclm.es\/creuclm\/wp-content\/uploads\/sites\/200\/2023\/11\/RRI-GESTION-DEL-PRESUPUESTO-DEL-CRE-UCLM.pdf\" type=\"application\/pdf\" style=\"width:100%;height:600px\" aria-label=\"Incrustado de RRI-GESTION-DEL-PRESUPUESTO-DEL-CRE-UCLM.\"><\/object><a id=\"wp-block-file--media-5e6c71ce-0330-4504-a9c7-cee6f96b2be7\" href=\"https:\/\/blog.uclm.es\/creuclm\/wp-content\/uploads\/sites\/200\/2023\/11\/RRI-GESTION-DEL-PRESUPUESTO-DEL-CRE-UCLM.pdf\">RRI-GESTION-DEL-PRESUPUESTO-DEL-CRE-UCLM<\/a><a href=\"https:\/\/blog.uclm.es\/creuclm\/wp-content\/uploads\/sites\/200\/2023\/11\/RRI-GESTION-DEL-PRESUPUESTO-DEL-CRE-UCLM.pdf\" class=\"wp-block-file__button wp-element-button\" download aria-describedby=\"wp-block-file--media-5e6c71ce-0330-4504-a9c7-cee6f96b2be7\">Descarga<\/a><\/div>\n\n\n\n<p><strong>2023<\/strong><\/p>\n\n\n\n<p>Presupuestos CRE-UCLM y primer Reglamento de R\u00e9gimen Econ\u00f3mico (aprobado en sesi\u00f3n ordinaria en Ciudad Real el 18 de diciembre de 2022).<\/p>\n\n\n\n<div data-wp-interactive=\"core\/file\" class=\"wp-block-file\"><object data-wp-bind--hidden=\"!state.hasPdfPreview\" hidden class=\"wp-block-file__embed\" data=\"https:\/\/blog.uclm.es\/creuclm\/wp-content\/uploads\/sites\/200\/2023\/01\/PRESUPUESTOS-CRE-.pdf\" type=\"application\/pdf\" style=\"width:100%;height:528px\" aria-label=\"Incrustado de PRESUPUESTOS CRE.\"><\/object><a id=\"wp-block-file--media-330344cb-a71e-4810-ac3e-cf58cb0fa9cd\" href=\"https:\/\/blog.uclm.es\/creuclm\/wp-content\/uploads\/sites\/200\/2023\/01\/PRESUPUESTOS-CRE-.pdf\">PRESUPUESTOS CRE<\/a><\/div>\n\n\n\n<div data-wp-interactive=\"core\/file\" class=\"wp-block-file\"><object data-wp-bind--hidden=\"!state.hasPdfPreview\" hidden class=\"wp-block-file__embed\" data=\"https:\/\/blog.uclm.es\/creuclm\/wp-content\/uploads\/sites\/200\/2022\/12\/Reglamento_Regimen_Economico_CRE-UCLM-1.pdf\" type=\"application\/pdf\" style=\"width:100%;height:1063px\" aria-label=\"Incrustado de Reglamento_R\u00e9gimen_Econ\u00f3mico_CRE-UCLM (1).\"><\/object><a id=\"wp-block-file--media-fb9bacd6-cdb7-4ccd-bac9-e9c7415b95a0\" href=\"https:\/\/blog.uclm.es\/creuclm\/wp-content\/uploads\/sites\/200\/2022\/12\/Reglamento_Regimen_Economico_CRE-UCLM-1.pdf\">Reglamento_R\u00e9gimen_Econ\u00f3mico_CRE-UCLM (1)<\/a><a href=\"https:\/\/blog.uclm.es\/creuclm\/wp-content\/uploads\/sites\/200\/2022\/12\/Reglamento_Regimen_Economico_CRE-UCLM-1.pdf\" class=\"wp-block-file__button wp-element-button\" download aria-describedby=\"wp-block-file--media-fb9bacd6-cdb7-4ccd-bac9-e9c7415b95a0\">Descarga<\/a><\/div>\n\n\n\n<p><\/p>\n\n\n\n<p>A continuaci\u00f3n se muestran los sucesivos estados de cuentas del CRE-UCLM, presentados en los correspondientes plenos del \u00f3rgano, as\u00ed como las cuentas finales.<\/p>\n\n\n\n<div data-wp-interactive=\"core\/file\" class=\"wp-block-file\"><object data-wp-bind--hidden=\"!state.hasPdfPreview\" hidden class=\"wp-block-file__embed\" data=\"https:\/\/blog.uclm.es\/creuclm\/wp-content\/uploads\/sites\/200\/2023\/02\/ESTADO-DE-CUENTAS-CRE_20230222.pdf\" type=\"application\/pdf\" style=\"width:100%;height:900px\" aria-label=\"Incrustado de ESTADO-DE-CUENTAS-CRE_20230222.\"><\/object><a id=\"wp-block-file--media-0a3f83d5-57f8-46f9-adfd-51e261f24490\" href=\"https:\/\/blog.uclm.es\/creuclm\/wp-content\/uploads\/sites\/200\/2023\/02\/ESTADO-DE-CUENTAS-CRE_20230222.pdf\">ESTADO-DE-CUENTAS-CRE_20230222<\/a><a href=\"https:\/\/blog.uclm.es\/creuclm\/wp-content\/uploads\/sites\/200\/2023\/02\/ESTADO-DE-CUENTAS-CRE_20230222.pdf\" class=\"wp-block-file__button wp-element-button\" download aria-describedby=\"wp-block-file--media-0a3f83d5-57f8-46f9-adfd-51e261f24490\">Descarga<\/a><\/div>\n\n\n\n<div data-wp-interactive=\"core\/file\" class=\"wp-block-file\"><object data-wp-bind--hidden=\"!state.hasPdfPreview\" hidden class=\"wp-block-file__embed\" data=\"https:\/\/blog.uclm.es\/creuclm\/wp-content\/uploads\/sites\/200\/2023\/05\/ESTADO-DE-CUENTAS-CRE_20230424.pdf\" type=\"application\/pdf\" style=\"width:100%;height:900px\" aria-label=\"Incrustado de ESTADO-DE-CUENTAS-CRE_20230424.\"><\/object><a id=\"wp-block-file--media-46efc331-cd13-4abe-9bd2-d7580fdb288c\" href=\"https:\/\/blog.uclm.es\/creuclm\/wp-content\/uploads\/sites\/200\/2023\/05\/ESTADO-DE-CUENTAS-CRE_20230424.pdf\">ESTADO-DE-CUENTAS-CRE_20230424<\/a><a href=\"https:\/\/blog.uclm.es\/creuclm\/wp-content\/uploads\/sites\/200\/2023\/05\/ESTADO-DE-CUENTAS-CRE_20230424.pdf\" class=\"wp-block-file__button wp-element-button\" download aria-describedby=\"wp-block-file--media-46efc331-cd13-4abe-9bd2-d7580fdb288c\">Descarga<\/a><\/div>\n\n\n\n<div data-wp-interactive=\"core\/file\" class=\"wp-block-file\"><object data-wp-bind--hidden=\"!state.hasPdfPreview\" hidden class=\"wp-block-file__embed\" data=\"https:\/\/blog.uclm.es\/creuclm\/wp-content\/uploads\/sites\/200\/2023\/09\/CONSULTA-DE-PRESUPUESTO-1.pdf\" type=\"application\/pdf\" style=\"width:100%;height:600px\" aria-label=\"Incrustado de CONSULTA-DE-PRESUPUESTO-1.\"><\/object><a id=\"wp-block-file--media-21b3c619-d8e2-4376-b7ff-8f6ff9c3c4ff\" href=\"https:\/\/blog.uclm.es\/creuclm\/wp-content\/uploads\/sites\/200\/2023\/09\/CONSULTA-DE-PRESUPUESTO-1.pdf\">CONSULTA-DE-PRESUPUESTO-1<\/a><a href=\"https:\/\/blog.uclm.es\/creuclm\/wp-content\/uploads\/sites\/200\/2023\/09\/CONSULTA-DE-PRESUPUESTO-1.pdf\" class=\"wp-block-file__button wp-element-button\" download aria-describedby=\"wp-block-file--media-21b3c619-d8e2-4376-b7ff-8f6ff9c3c4ff\">Descarga<\/a><\/div>\n\n\n\n<div data-wp-interactive=\"core\/file\" class=\"wp-block-file\"><object data-wp-bind--hidden=\"!state.hasPdfPreview\" hidden class=\"wp-block-file__embed\" data=\"https:\/\/blog.uclm.es\/creuclm\/wp-content\/uploads\/sites\/200\/2023\/11\/INFORME-DE-TESORERIA-1.pdf\" type=\"application\/pdf\" style=\"width:100%;height:600px\" aria-label=\"Incrustado de INFORME-DE-TESORERIA-1.\"><\/object><a id=\"wp-block-file--media-ff676c8f-b8fa-45ad-8657-caa188f8e697\" href=\"https:\/\/blog.uclm.es\/creuclm\/wp-content\/uploads\/sites\/200\/2023\/11\/INFORME-DE-TESORERIA-1.pdf\">INFORME-DE-TESORERIA-1<\/a><a href=\"https:\/\/blog.uclm.es\/creuclm\/wp-content\/uploads\/sites\/200\/2023\/11\/INFORME-DE-TESORERIA-1.pdf\" class=\"wp-block-file__button wp-element-button\" download aria-describedby=\"wp-block-file--media-ff676c8f-b8fa-45ad-8657-caa188f8e697\">Descarga<\/a><\/div>\n\n\n\n<div data-wp-interactive=\"core\/file\" class=\"wp-block-file\"><object data-wp-bind--hidden=\"!state.hasPdfPreview\" hidden class=\"wp-block-file__embed\" data=\"https:\/\/blog.uclm.es\/creuclm\/wp-content\/uploads\/sites\/200\/2026\/04\/3.6.-Informe-Tesoreria.pdf\" type=\"application\/pdf\" style=\"width:100%;height:600px\" aria-label=\"Incrustado de 3.6. Informe Tesoreri\u0301a.\"><\/object><a id=\"wp-block-file--media-72d2a4dd-65f7-4a52-a7f5-3d7fe13ca6b8\" href=\"https:\/\/blog.uclm.es\/creuclm\/wp-content\/uploads\/sites\/200\/2026\/04\/3.6.-Informe-Tesoreria.pdf\">3.6. Informe Tesoreri\u0301a<\/a><a href=\"https:\/\/blog.uclm.es\/creuclm\/wp-content\/uploads\/sites\/200\/2026\/04\/3.6.-Informe-Tesoreria.pdf\" class=\"wp-block-file__button wp-element-button\" download aria-describedby=\"wp-block-file--media-72d2a4dd-65f7-4a52-a7f5-3d7fe13ca6b8\">Descarga<\/a><\/div>\n\n\n\n<div data-wp-interactive=\"core\/file\" class=\"wp-block-file\"><object data-wp-bind--hidden=\"!state.hasPdfPreview\" hidden class=\"wp-block-file__embed\" data=\"https:\/\/blog.uclm.es\/creuclm\/wp-content\/uploads\/sites\/200\/2026\/04\/03.e.3.-Informe-Tesoreria-Mayo-Junio.pdf\" type=\"application\/pdf\" style=\"width:100%;height:600px\" aria-label=\"Incrustado de 03.e.3. Informe Tesoreri\u0301a Mayo-Junio.\"><\/object><a id=\"wp-block-file--media-c662b11b-1bc3-4a23-8723-721f08951d6e\" href=\"https:\/\/blog.uclm.es\/creuclm\/wp-content\/uploads\/sites\/200\/2026\/04\/03.e.3.-Informe-Tesoreria-Mayo-Junio.pdf\">03.e.3. Informe Tesoreri\u0301a Mayo-Junio<\/a><a href=\"https:\/\/blog.uclm.es\/creuclm\/wp-content\/uploads\/sites\/200\/2026\/04\/03.e.3.-Informe-Tesoreria-Mayo-Junio.pdf\" class=\"wp-block-file__button wp-element-button\" download aria-describedby=\"wp-block-file--media-c662b11b-1bc3-4a23-8723-721f08951d6e\">Descarga<\/a><\/div>\n\n\n\n<div data-wp-interactive=\"core\/file\" class=\"wp-block-file\"><object data-wp-bind--hidden=\"!state.hasPdfPreview\" hidden class=\"wp-block-file__embed\" data=\"https:\/\/blog.uclm.es\/creuclm\/wp-content\/uploads\/sites\/200\/2026\/04\/03.e.-Informe-Tesoreria.pdf\" type=\"application\/pdf\" style=\"width:100%;height:600px\" aria-label=\"Incrustado de 03.e. Informe Tesoreri\u0301a.\"><\/object><a id=\"wp-block-file--media-f628f11e-7e33-4d6b-9922-cbb7d7c482c9\" href=\"https:\/\/blog.uclm.es\/creuclm\/wp-content\/uploads\/sites\/200\/2026\/04\/03.e.-Informe-Tesoreria.pdf\">03.e. Informe Tesoreri\u0301a<\/a><a href=\"https:\/\/blog.uclm.es\/creuclm\/wp-content\/uploads\/sites\/200\/2026\/04\/03.e.-Informe-Tesoreria.pdf\" class=\"wp-block-file__button wp-element-button\" download aria-describedby=\"wp-block-file--media-f628f11e-7e33-4d6b-9922-cbb7d7c482c9\">Descarga<\/a><\/div>\n\n\n\n<div data-wp-interactive=\"core\/file\" class=\"wp-block-file\"><object data-wp-bind--hidden=\"!state.hasPdfPreview\" hidden class=\"wp-block-file__embed\" data=\"https:\/\/blog.uclm.es\/creuclm\/wp-content\/uploads\/sites\/200\/2026\/04\/03.e.-Informe-Tesoreria-1.pdf\" type=\"application\/pdf\" style=\"width:100%;height:600px\" aria-label=\"Incrustado de 03.e. Informe Tesoreri\u0301a (1).\"><\/object><a id=\"wp-block-file--media-6bc2f46d-d4fd-4ca7-9d13-2f533d2608b3\" href=\"https:\/\/blog.uclm.es\/creuclm\/wp-content\/uploads\/sites\/200\/2026\/04\/03.e.-Informe-Tesoreria-1.pdf\">03.e. Informe Tesoreri\u0301a (1)<\/a><a href=\"https:\/\/blog.uclm.es\/creuclm\/wp-content\/uploads\/sites\/200\/2026\/04\/03.e.-Informe-Tesoreria-1.pdf\" class=\"wp-block-file__button wp-element-button\" download aria-describedby=\"wp-block-file--media-6bc2f46d-d4fd-4ca7-9d13-2f533d2608b3\">Descarga<\/a><\/div>\n\n\n\n<div data-wp-interactive=\"core\/file\" class=\"wp-block-file\"><object data-wp-bind--hidden=\"!state.hasPdfPreview\" hidden class=\"wp-block-file__embed\" data=\"https:\/\/blog.uclm.es\/creuclm\/wp-content\/uploads\/sites\/200\/2026\/04\/03.d.-Informe-Tesoreria.pdf\" type=\"application\/pdf\" style=\"width:100%;height:600px\" aria-label=\"Incrustado de 03.d. Informe Tesoreri\u0301a.\"><\/object><a id=\"wp-block-file--media-2bdbcba5-04b5-43c6-8856-e590b36421bd\" href=\"https:\/\/blog.uclm.es\/creuclm\/wp-content\/uploads\/sites\/200\/2026\/04\/03.d.-Informe-Tesoreria.pdf\">03.d. Informe Tesoreri\u0301a<\/a><a href=\"https:\/\/blog.uclm.es\/creuclm\/wp-content\/uploads\/sites\/200\/2026\/04\/03.d.-Informe-Tesoreria.pdf\" class=\"wp-block-file__button wp-element-button\" download aria-describedby=\"wp-block-file--media-2bdbcba5-04b5-43c6-8856-e590b36421bd\">Descarga<\/a><\/div>\n\n\n\n<div data-wp-interactive=\"core\/file\" class=\"wp-block-file\"><object data-wp-bind--hidden=\"!state.hasPdfPreview\" hidden class=\"wp-block-file__embed\" data=\"https:\/\/blog.uclm.es\/creuclm\/wp-content\/uploads\/sites\/200\/2026\/04\/03.f.1.-Informe-Tesoreria-17-octubre-y-31-de-diciembre.pdf\" type=\"application\/pdf\" style=\"width:100%;height:600px\" aria-label=\"Incrustado de 03.f.1. Informe Tesoreri\u0301a 17 octubre y 31 de diciembre.\"><\/object><a id=\"wp-block-file--media-e8a68104-1b44-4a8f-abec-37cb21c78e6f\" href=\"https:\/\/blog.uclm.es\/creuclm\/wp-content\/uploads\/sites\/200\/2026\/04\/03.f.1.-Informe-Tesoreria-17-octubre-y-31-de-diciembre.pdf\">03.f.1. Informe Tesoreri\u0301a 17 octubre y 31 de diciembre<\/a><a href=\"https:\/\/blog.uclm.es\/creuclm\/wp-content\/uploads\/sites\/200\/2026\/04\/03.f.1.-Informe-Tesoreria-17-octubre-y-31-de-diciembre.pdf\" class=\"wp-block-file__button wp-element-button\" download aria-describedby=\"wp-block-file--media-e8a68104-1b44-4a8f-abec-37cb21c78e6f\">Descarga<\/a><\/div>\n\n\n\n<div data-wp-interactive=\"core\/file\" class=\"wp-block-file\"><object data-wp-bind--hidden=\"!state.hasPdfPreview\" hidden class=\"wp-block-file__embed\" data=\"https:\/\/blog.uclm.es\/creuclm\/wp-content\/uploads\/sites\/200\/2026\/04\/03.-Exposicion-cuentas-2026.pdf\" type=\"application\/pdf\" style=\"width:100%;height:600px\" aria-label=\"Incrustado de 03. Exposicio\u0301n cuentas 2026.\"><\/object><a id=\"wp-block-file--media-86635032-da43-4147-9961-9f8bed0dc79d\" href=\"https:\/\/blog.uclm.es\/creuclm\/wp-content\/uploads\/sites\/200\/2026\/04\/03.-Exposicion-cuentas-2026.pdf\">03. Exposicio\u0301n cuentas 2026<\/a><a href=\"https:\/\/blog.uclm.es\/creuclm\/wp-content\/uploads\/sites\/200\/2026\/04\/03.-Exposicion-cuentas-2026.pdf\" class=\"wp-block-file__button wp-element-button\" download aria-describedby=\"wp-block-file--media-86635032-da43-4147-9961-9f8bed0dc79d\">Descarga<\/a><\/div>\n","protected":false},"excerpt":{"rendered":"<p>2026 Presupuestos del CRE-UCLM aprobados la sesi\u00f3n ordinaria h\u00edbrida del 19 y 20 de marzo de 2026, celebrada en el Campus de Albacete. 2025 Instrucci\u00f3n de la Presidencia y la Tesorer\u00eda del CRE-UCLM de 9 de diciembre de 2025 por la que se regula las concesiones de financiaci\u00f3n con cargo a la org\u00e1nica del CRE-UCLM &hellip; <\/p>\n<p class=\"link-more\"><a href=\"https:\/\/blog.uclm.es\/creuclm\/gestion-economica\/\" class=\"more-link\">Continuar leyendo<span class=\"screen-reader-text\"> \u00abGesti\u00f3n econ\u00f3mica\u00bb<\/span><\/a><\/p>\n","protected":false},"author":341,"featured_media":0,"parent":0,"menu_order":0,"comment_status":"closed","ping_status":"closed","template":"","meta":{"footnotes":""},"class_list":["post-1892","page","type-page","status-publish","hentry"],"_links":{"self":[{"href":"https:\/\/blog.uclm.es\/creuclm\/wp-json\/wp\/v2\/pages\/1892","targetHints":{"allow":["GET"]}}],"collection":[{"href":"https:\/\/blog.uclm.es\/creuclm\/wp-json\/wp\/v2\/pages"}],"about":[{"href":"https:\/\/blog.uclm.es\/creuclm\/wp-json\/wp\/v2\/types\/page"}],"author":[{"embeddable":true,"href":"https:\/\/blog.uclm.es\/creuclm\/wp-json\/wp\/v2\/users\/341"}],"replies":[{"embeddable":true,"href":"https:\/\/blog.uclm.es\/creuclm\/wp-json\/wp\/v2\/comments?post=1892"}],"version-history":[{"count":12,"href":"https:\/\/blog.uclm.es\/creuclm\/wp-json\/wp\/v2\/pages\/1892\/revisions"}],"predecessor-version":[{"id":3986,"href":"https:\/\/blog.uclm.es\/creuclm\/wp-json\/wp\/v2\/pages\/1892\/revisions\/3986"}],"wp:attachment":[{"href":"https:\/\/blog.uclm.es\/creuclm\/wp-json\/wp\/v2\/media?parent=1892"}],"curies":[{"name":"wp","href":"https:\/\/api.w.org\/{rel}","templated":true}]}}