{"id":18,"date":"2018-03-13T19:49:11","date_gmt":"2018-03-13T18:49:11","guid":{"rendered":"http:\/\/blog.uclm.es\/creuclm\/?page_id=18"},"modified":"2025-12-18T17:42:33","modified_gmt":"2025-12-18T17:42:33","slug":"bienvenida","status":"publish","type":"page","link":"https:\/\/blog.uclm.es\/creuclm\/bienvenida\/","title":{"rendered":"Bienvenida"},"content":{"rendered":"\n<p>Querido estudiantado:<\/p>\n\n\n<div class=\"wp-block-image\">\n<figure class=\"alignright size-full is-resized\"><img loading=\"lazy\" decoding=\"async\" width=\"490\" height=\"490\" src=\"https:\/\/blog.uclm.es\/creuclm\/wp-content\/uploads\/sites\/200\/2025\/12\/Captura-de-pantalla-2025-12-18-a-las-16.58.25-edited.png\" alt=\"\" class=\"wp-image-3736\" style=\"width:335px;height:auto\" srcset=\"https:\/\/blog.uclm.es\/creuclm\/wp-content\/uploads\/sites\/200\/2025\/12\/Captura-de-pantalla-2025-12-18-a-las-16.58.25-edited.png 490w, https:\/\/blog.uclm.es\/creuclm\/wp-content\/uploads\/sites\/200\/2025\/12\/Captura-de-pantalla-2025-12-18-a-las-16.58.25-edited-300x300.png 300w, https:\/\/blog.uclm.es\/creuclm\/wp-content\/uploads\/sites\/200\/2025\/12\/Captura-de-pantalla-2025-12-18-a-las-16.58.25-edited-150x150.png 150w, https:\/\/blog.uclm.es\/creuclm\/wp-content\/uploads\/sites\/200\/2025\/12\/Captura-de-pantalla-2025-12-18-a-las-16.58.25-edited-100x100.png 100w\" sizes=\"auto, (max-width: 490px) 100vw, 490px\" \/><\/figure>\n<\/div>\n\n\n<p>Es un honor dirigirme a vosotros y vosotras como presidente del Consejo de Representantes de Estudiantes de la Universidad de Castilla-La Mancha. Asumo esta responsabilidad con compromiso, ilusi\u00f3n y la firme convicci\u00f3n de que la representaci\u00f3n estudiantil es una herramienta clave para mejorar nuestra universidad y defender los intereses del estudiantado al que representamos.<\/p>\n\n\n\n<p>Os doy la bienvenida a este espacio del CRE-UCLM, nuestra p\u00e1gina web, concebida como un canal de informaci\u00f3n, transparencia y comunicaci\u00f3n directa con el estudiantado. Aqu\u00ed podr\u00e9is conocer el trabajo que se realiza desde el Consejo, as\u00ed como las distintas v\u00edas para contactar con nosotros y trasladar vuestras inquietudes, propuestas y necesidades.<\/p>\n\n\n\n<p>Desde el CRE-UCLM trabajamos para garantizar que la voz del estudiantado est\u00e9 presente en todos los espacios de decisi\u00f3n, actuando con rigor, eficacia y respeto a la normativa. Nuestro objetivo es consolidar un Consejo fuerte, estable y bien coordinado, que act\u00fae con transparencia y que ponga siempre en el centro a las estudiantes y los estudiantes de la UCLM. La representaci\u00f3n estudiantil no solo permite trasladar demandas, sino que tambi\u00e9n contribuye activamente a construir una universidad m\u00e1s participativa, informada y comprometida con su comunidad.<\/p>\n\n\n\n<p>Por este motivo, queremos que este Consejo sea un espacio abierto y accesible, que fomente la participaci\u00f3n y el di\u00e1logo, y que sirva de punto de encuentro para todas las delegaciones, representantes y estudiantes de la UCLM. Escuchar, informar y formar son pilares fundamentales de nuestro trabajo, y seguiremos impuls\u00e1ndolos durante todo el mandato.<\/p>\n\n\n\n<p>Durante este periodo, mi compromiso y el del equipo que me acompa\u00f1a ser\u00e1 trabajar con dedicaci\u00f3n y cercan\u00eda, reforzando la coordinaci\u00f3n interna, mejorando la comunicaci\u00f3n y sentando las bases de la representaci\u00f3n estudiantil que queremos para el futuro. Apostamos por la continuidad de las buenas pr\u00e1cticas, por la colaboraci\u00f3n entre \u00f3rganos y por la incorporaci\u00f3n de nuevas ideas que contribuyan a fortalecer el CRE-UCLM.<\/p>\n\n\n\n<p>Os animo a participar activamente, a trasladarnos vuestras propuestas y a formar parte de este proyecto com\u00fan. Solo con vuestra implicaci\u00f3n podremos seguir avanzando y construyendo una universidad mejor para todos y todas.<\/p>\n\n\n\n<p>Gracias por la confianza. Estamos a vuestra disposici\u00f3n para todo aquello que necesit\u00e9is.<\/p>\n\n\n\n<p>Un afectuoso saludo,<\/p>\n\n\n\n<p>Juan Alfonso Blanco Morales.<\/p>\n\n\n\n<p>Delegado de estudiantes de la UCLM.<\/p>\n\n\n\n<p>Presidente del CRE-UCLM.<\/p>\n\n\n\n<div style=\"height:18px\" aria-hidden=\"true\" class=\"wp-block-spacer\"><\/div>\n\n\n\n<hr class=\"wp-block-separator has-text-color has-black-color has-alpha-channel-opacity has-black-background-color has-background\" \/>\n\n\n\n<div style=\"height:16px\" aria-hidden=\"true\" class=\"wp-block-spacer\"><\/div>\n\n\n\n<figure class=\"wp-block-gallery has-nested-images columns-default is-cropped wp-block-gallery-1 is-layout-flex wp-block-gallery-is-layout-flex\">\n<figure class=\"wp-block-image size-full\"><img loading=\"lazy\" decoding=\"async\" width=\"820\" height=\"480\" data-id=\"2514\" src=\"https:\/\/blog.uclm.es\/creuclm\/wp-content\/uploads\/sites\/200\/2023\/11\/rectorado.jpg\" alt=\"\" class=\"wp-image-2514\" srcset=\"https:\/\/blog.uclm.es\/creuclm\/wp-content\/uploads\/sites\/200\/2023\/11\/rectorado.jpg 820w, https:\/\/blog.uclm.es\/creuclm\/wp-content\/uploads\/sites\/200\/2023\/11\/rectorado-300x176.jpg 300w, https:\/\/blog.uclm.es\/creuclm\/wp-content\/uploads\/sites\/200\/2023\/11\/rectorado-768x450.jpg 768w\" sizes=\"auto, (max-width: 767px) 89vw, (max-width: 1000px) 54vw, (max-width: 1071px) 543px, 580px\" \/><\/figure>\n<\/figure>\n","protected":false},"excerpt":{"rendered":"<p>Querido estudiantado: Es un honor dirigirme a vosotros y vosotras como presidente del Consejo de Representantes de Estudiantes de la Universidad de Castilla-La Mancha. Asumo esta responsabilidad con compromiso, ilusi\u00f3n y la firme convicci\u00f3n de que la representaci\u00f3n estudiantil es una herramienta clave para mejorar nuestra universidad y defender los intereses del estudiantado al que &hellip; <\/p>\n<p class=\"link-more\"><a href=\"https:\/\/blog.uclm.es\/creuclm\/bienvenida\/\" class=\"more-link\">Continuar leyendo<span class=\"screen-reader-text\"> \u00abBienvenida\u00bb<\/span><\/a><\/p>\n","protected":false},"author":473,"featured_media":0,"parent":0,"menu_order":0,"comment_status":"closed","ping_status":"closed","template":"","meta":{"footnotes":""},"class_list":["post-18","page","type-page","status-publish","hentry"],"_links":{"self":[{"href":"https:\/\/blog.uclm.es\/creuclm\/wp-json\/wp\/v2\/pages\/18","targetHints":{"allow":["GET"]}}],"collection":[{"href":"https:\/\/blog.uclm.es\/creuclm\/wp-json\/wp\/v2\/pages"}],"about":[{"href":"https:\/\/blog.uclm.es\/creuclm\/wp-json\/wp\/v2\/types\/page"}],"author":[{"embeddable":true,"href":"https:\/\/blog.uclm.es\/creuclm\/wp-json\/wp\/v2\/users\/473"}],"replies":[{"embeddable":true,"href":"https:\/\/blog.uclm.es\/creuclm\/wp-json\/wp\/v2\/comments?post=18"}],"version-history":[{"count":41,"href":"https:\/\/blog.uclm.es\/creuclm\/wp-json\/wp\/v2\/pages\/18\/revisions"}],"predecessor-version":[{"id":3818,"href":"https:\/\/blog.uclm.es\/creuclm\/wp-json\/wp\/v2\/pages\/18\/revisions\/3818"}],"wp:attachment":[{"href":"https:\/\/blog.uclm.es\/creuclm\/wp-json\/wp\/v2\/media?parent=18"}],"curies":[{"name":"wp","href":"https:\/\/api.w.org\/{rel}","templated":true}]}}