{"id":1522,"date":"2025-07-30T13:30:00","date_gmt":"2025-07-30T13:30:00","guid":{"rendered":"http:\/\/blog.uclm.es\/creuclm\/?page_id=1522"},"modified":"2026-02-24T18:58:26","modified_gmt":"2026-02-24T18:58:26","slug":"1522-2","status":"publish","type":"page","link":"https:\/\/blog.uclm.es\/creuclm\/1522-2\/","title":{"rendered":"COMISI\u00d3N ASESORA DEL CRE-UCLM"},"content":{"rendered":"\n<p>A fin de enriquecer la formaci\u00f3n, efectividad y consecuci\u00f3n de fines del CRE-UCLM, se puede constituir una comisi\u00f3n asesora de la que forman parte aquellas personas que, por su especial relevancia, conocimiento o contrastada experiencia, el \u00f3rgano estime convenientes.<\/p>\n\n\n\n<p>Sus funciones ser\u00e1n las siguientes: las de asesorar a cualquier miembro del \u00f3rgano cuando as\u00ed sea solicitado y ejercer como \u00f3rgano consultivo de la Comisi\u00f3n Ejecutiva. La comisi\u00f3n asesora de existir, cesar\u00e1 con el cambio de presidencia del CRE-UCLM.<\/p>\n\n\n\n<p>Actualmente, la comisi\u00f3n asesora est\u00e1 formada por las siguientes personas:<\/p>\n\n\n\n<div class=\"wp-block-columns is-layout-flex wp-container-core-columns-is-layout-9d6595d7 wp-block-columns-is-layout-flex\">\n<div class=\"wp-block-column is-layout-flow wp-block-column-is-layout-flow\">\n<figure class=\"wp-block-image size-full\"><img loading=\"lazy\" decoding=\"async\" width=\"414\" height=\"414\" src=\"https:\/\/blog.uclm.es\/creuclm\/wp-content\/uploads\/sites\/200\/2026\/02\/Captura-de-pantalla-2026-02-24-a-las-19.47.27.png\" alt=\"\" class=\"wp-image-3931\" srcset=\"https:\/\/blog.uclm.es\/creuclm\/wp-content\/uploads\/sites\/200\/2026\/02\/Captura-de-pantalla-2026-02-24-a-las-19.47.27.png 414w, https:\/\/blog.uclm.es\/creuclm\/wp-content\/uploads\/sites\/200\/2026\/02\/Captura-de-pantalla-2026-02-24-a-las-19.47.27-300x300.png 300w, https:\/\/blog.uclm.es\/creuclm\/wp-content\/uploads\/sites\/200\/2026\/02\/Captura-de-pantalla-2026-02-24-a-las-19.47.27-150x150.png 150w, https:\/\/blog.uclm.es\/creuclm\/wp-content\/uploads\/sites\/200\/2026\/02\/Captura-de-pantalla-2026-02-24-a-las-19.47.27-100x100.png 100w\" sizes=\"auto, (max-width: 414px) 100vw, 414px\" \/><\/figure>\n<\/div>\n\n\n\n<div class=\"wp-block-column is-layout-flow wp-block-column-is-layout-flow\">\n<figure class=\"wp-block-image size-full\"><img loading=\"lazy\" decoding=\"async\" width=\"414\" height=\"414\" src=\"https:\/\/blog.uclm.es\/creuclm\/wp-content\/uploads\/sites\/200\/2026\/02\/Captura-de-pantalla-2026-02-24-a-las-19.47.10.png\" alt=\"\" class=\"wp-image-3932\" srcset=\"https:\/\/blog.uclm.es\/creuclm\/wp-content\/uploads\/sites\/200\/2026\/02\/Captura-de-pantalla-2026-02-24-a-las-19.47.10.png 414w, https:\/\/blog.uclm.es\/creuclm\/wp-content\/uploads\/sites\/200\/2026\/02\/Captura-de-pantalla-2026-02-24-a-las-19.47.10-300x300.png 300w, https:\/\/blog.uclm.es\/creuclm\/wp-content\/uploads\/sites\/200\/2026\/02\/Captura-de-pantalla-2026-02-24-a-las-19.47.10-150x150.png 150w, https:\/\/blog.uclm.es\/creuclm\/wp-content\/uploads\/sites\/200\/2026\/02\/Captura-de-pantalla-2026-02-24-a-las-19.47.10-100x100.png 100w\" sizes=\"auto, (max-width: 414px) 100vw, 414px\" \/><\/figure>\n<\/div>\n<\/div>\n\n\n\n<div class=\"wp-block-columns is-layout-flex wp-container-core-columns-is-layout-9d6595d7 wp-block-columns-is-layout-flex\">\n<div class=\"wp-block-column is-layout-flow wp-block-column-is-layout-flow\">\n<div class=\"wp-block-columns is-layout-flex wp-container-core-columns-is-layout-9d6595d7 wp-block-columns-is-layout-flex\">\n<div class=\"wp-block-column is-layout-flow wp-block-column-is-layout-flow\">\n<p class=\"has-text-align-center has-text-color has-link-color wp-elements-25c40a26f7054780c25d2db34cfb5f46\" style=\"color:#67001d\"><strong>PABLO NIETO-SANDOVAL GUTI\u00c9RREZ<\/strong><\/p>\n<\/div>\n<\/div>\n\n\n\n<div class=\"wp-block-columns is-layout-flex wp-container-core-columns-is-layout-9d6595d7 wp-block-columns-is-layout-flex\">\n<div class=\"wp-block-column is-layout-flow wp-block-column-is-layout-flow\">\n<p class=\"has-text-align-center\">Coordinador de la Comisi\u00f3n Asesora del CRE-UCLM<\/p>\n<\/div>\n<\/div>\n<\/div>\n\n\n\n<div class=\"wp-block-column is-layout-flow wp-block-column-is-layout-flow\">\n<div class=\"wp-block-columns is-layout-flex wp-container-core-columns-is-layout-9d6595d7 wp-block-columns-is-layout-flex\">\n<div class=\"wp-block-column is-layout-flow wp-block-column-is-layout-flow\">\n<p class=\"has-text-align-center has-text-color has-link-color wp-elements-0d7a1973de0999b823df016d605f467e\" style=\"color:#67001d\"><strong>DAVID RUBIO LUQUE<\/strong><\/p>\n<\/div>\n<\/div>\n\n\n\n<div class=\"wp-block-columns is-layout-flex wp-container-core-columns-is-layout-9d6595d7 wp-block-columns-is-layout-flex\">\n<div class=\"wp-block-column is-layout-flow wp-block-column-is-layout-flow\">\n<p class=\"has-text-align-center\">Vicecoordinador de la Comisi\u00f3n Asesora del CRE-UCLM<\/p>\n<\/div>\n<\/div>\n<\/div>\n<\/div>\n\n\n\n<div style=\"height:14px\" aria-hidden=\"true\" class=\"wp-block-spacer\"><\/div>\n\n\n\n<hr class=\"wp-block-separator has-text-color has-black-color has-alpha-channel-opacity has-black-background-color has-background\" \/>\n\n\n\n<div style=\"height:20px\" aria-hidden=\"true\" class=\"wp-block-spacer\"><\/div>\n\n\n\n<figure class=\"wp-block-image size-full\"><img loading=\"lazy\" decoding=\"async\" width=\"768\" height=\"768\" src=\"https:\/\/blog.uclm.es\/creuclm\/wp-content\/uploads\/sites\/200\/2023\/11\/CRE_logo-nuevo.png\" alt=\"\" class=\"wp-image-2517\" srcset=\"https:\/\/blog.uclm.es\/creuclm\/wp-content\/uploads\/sites\/200\/2023\/11\/CRE_logo-nuevo.png 768w, https:\/\/blog.uclm.es\/creuclm\/wp-content\/uploads\/sites\/200\/2023\/11\/CRE_logo-nuevo-300x300.png 300w, https:\/\/blog.uclm.es\/creuclm\/wp-content\/uploads\/sites\/200\/2023\/11\/CRE_logo-nuevo-150x150.png 150w, https:\/\/blog.uclm.es\/creuclm\/wp-content\/uploads\/sites\/200\/2023\/11\/CRE_logo-nuevo-100x100.png 100w\" sizes=\"auto, (max-width: 767px) 89vw, (max-width: 1000px) 54vw, (max-width: 1071px) 543px, 580px\" \/><\/figure>\n","protected":false},"excerpt":{"rendered":"<p>A fin de enriquecer la formaci\u00f3n, efectividad y consecuci\u00f3n de fines del CRE-UCLM, se puede constituir una comisi\u00f3n asesora de la que forman parte aquellas personas que, por su especial relevancia, conocimiento o contrastada experiencia, el \u00f3rgano estime convenientes. Sus funciones ser\u00e1n las siguientes: las de asesorar a cualquier miembro del \u00f3rgano cuando as\u00ed sea &hellip; <\/p>\n<p class=\"link-more\"><a href=\"https:\/\/blog.uclm.es\/creuclm\/1522-2\/\" class=\"more-link\">Continuar leyendo<span class=\"screen-reader-text\"> \u00abCOMISI\u00d3N ASESORA DEL CRE-UCLM\u00bb<\/span><\/a><\/p>\n","protected":false},"author":303,"featured_media":0,"parent":0,"menu_order":0,"comment_status":"closed","ping_status":"closed","template":"","meta":{"footnotes":""},"class_list":["post-1522","page","type-page","status-publish","hentry"],"_links":{"self":[{"href":"https:\/\/blog.uclm.es\/creuclm\/wp-json\/wp\/v2\/pages\/1522","targetHints":{"allow":["GET"]}}],"collection":[{"href":"https:\/\/blog.uclm.es\/creuclm\/wp-json\/wp\/v2\/pages"}],"about":[{"href":"https:\/\/blog.uclm.es\/creuclm\/wp-json\/wp\/v2\/types\/page"}],"author":[{"embeddable":true,"href":"https:\/\/blog.uclm.es\/creuclm\/wp-json\/wp\/v2\/users\/303"}],"replies":[{"embeddable":true,"href":"https:\/\/blog.uclm.es\/creuclm\/wp-json\/wp\/v2\/comments?post=1522"}],"version-history":[{"count":27,"href":"https:\/\/blog.uclm.es\/creuclm\/wp-json\/wp\/v2\/pages\/1522\/revisions"}],"predecessor-version":[{"id":3940,"href":"https:\/\/blog.uclm.es\/creuclm\/wp-json\/wp\/v2\/pages\/1522\/revisions\/3940"}],"wp:attachment":[{"href":"https:\/\/blog.uclm.es\/creuclm\/wp-json\/wp\/v2\/media?parent=1522"}],"curies":[{"name":"wp","href":"https:\/\/api.w.org\/{rel}","templated":true}]}}