{"id":109,"date":"2018-03-17T20:26:39","date_gmt":"2018-03-17T19:26:39","guid":{"rendered":"http:\/\/blog.uclm.es\/creuclm\/?page_id=109"},"modified":"2025-12-12T22:51:27","modified_gmt":"2025-12-12T22:51:27","slug":"sobre-nosotros","status":"publish","type":"page","link":"https:\/\/blog.uclm.es\/creuclm\/sobre-nosotros\/","title":{"rendered":"Sobre el CRE-UCLM"},"content":{"rendered":"\n<div class=\"wp-block-group alignfull\"><div class=\"wp-block-group__inner-container is-layout-flow wp-block-group-is-layout-flow\">\n<h3 class=\"wp-block-heading\"><strong>NUESTRAS FUNCIONES Y CONFIGURACI\u00d3N<\/strong><\/h3>\n\n\n\n<p>El Consejo de Representantes de Estudiantes de la Universidad de Castilla-La Mancha (CRE-UCLM) es el m\u00e1ximo \u00f3rgano de representaci\u00f3n estudiantil de esta universidad, el encargado de coordinar y canalizar la representaci\u00f3n de sus estudiantes. Su funcionamiento es democr\u00e1tico, de acuerdo con los principios establecidos en la normativa nacional, regional y propia. Se fund\u00f3 el 14 de junio de 1995 y, hoy, est\u00e1 constituido por 23 miembros, que se reparten de la siguiente forma: el delegado de estudiantes de la UCLM (1), los delegados y subdelegados de estudiantes de los campus (8), un representante de los claustrales por cada campus (4), un representante de los delegados de estudiantes de centro por cada campus (4), un consejero de gobierno por cada campus (4) y un representante de las sedes de Talavera de la Reina y Almad\u00e9n (2). Todos sus componentes son elegidos anualmente, salvo los consejeros de gobierno, cuyo cargo es bianual.<\/p>\n\n\n\n<p><span class=\"color_15\">Una vez establecidos los miembros del CRE-UCLM, de entre estos se elige al delegado de estudiantes de la UCLM, que es la persona encargada de representar a los estudiantes en el conjunto de la Universidad de Castilla-La Mancha. Este, a su vez, propone una ejecutiva formada por un secretario, un tesorero y los subdelegados que estime, encarg\u00e1ndoles diferentes funciones. La ejecutiva propuesta debe ser ratificada por el pleno del Consejo de Representantes de Estudiantes de la UCLM.<\/span><\/p>\n\n\n\n<p>En sus m\u00e1s de 30 a\u00f1os de historia, las diferentes personas que han ostentado la presidencia del CRE-UCLM son las siguientes:<\/p>\n\n\n\n<p class=\"has-text-align-center\" style=\"line-height:0.3\">Luis Francisco Cabeza (1996-1997)<\/p>\n\n\n\n<p class=\"has-text-align-center\" style=\"line-height:0.3\">Ana Aguilar (1997-1998)<\/p>\n\n\n\n<p class=\"has-text-align-center\" style=\"line-height:0.3\">Gerardo Cuevas (1998-1999)<\/p>\n\n\n\n<p class=\"has-text-align-center\" style=\"line-height:0.3\">Esperanza S\u00e1nchez (1999-2000)<\/p>\n\n\n\n<p class=\"has-text-align-center\" style=\"line-height:0.3\">Abraham S\u00e1nchez (2000-2002)<\/p>\n\n\n\n<p class=\"has-text-align-center\" style=\"line-height:0.3\">Elena Uribelarrea (2002-2004)<\/p>\n\n\n\n<p class=\"has-text-align-center\" style=\"line-height:0.3\">Jos\u00e9 Emilio Mej\u00eda (2004-2005)<\/p>\n\n\n\n<p class=\"has-text-align-center\" style=\"line-height:0.3\">\u00d3scar Samp\u00e9riz (2005-2008)<\/p>\n\n\n\n<p class=\"has-text-align-center\" style=\"line-height:0.3\">Alejandro Pacios (2008-2010)<\/p>\n\n\n\n<p class=\"has-text-align-center\" style=\"line-height:0.3\">Fausto Laserna Santiago (2010-2013)<\/p>\n\n\n\n<p class=\"has-text-align-center\" style=\"line-height:0.3\">Juan Antonio Montero Nicolau (2013-2014)<\/p>\n\n\n\n<p class=\"has-text-align-center\" style=\"line-height:0.3\">Alberto Castellanos (2014-2015)<\/p>\n\n\n\n<p class=\"has-text-align-center\" style=\"line-height:0.3\">Juan Pablo Carrasco (2015-2016)<\/p>\n\n\n\n<p class=\"has-text-align-center\" style=\"line-height:0.3\">Esther L\u00f3pez Jare\u00f1o (2016-2017)<\/p>\n\n\n\n<p class=\"has-text-align-center\" style=\"line-height:0.3\">Rub\u00e9n Rubio Ortiz (2017-2018)<\/p>\n\n\n\n<p class=\"has-text-align-center\" style=\"line-height:0.3\">Jes\u00fas Ruiz Poveda (2018-2019)<\/p>\n\n\n\n<p class=\"has-text-align-center\" style=\"line-height:0.3\">Manuel Mena Gonz\u00e1lez (2019)<\/p>\n\n\n\n<p class=\"has-text-align-center\" style=\"line-height:0.3\">\u00d3scar S\u00e1nchez Gonz\u00e1lez (2019-2023)<\/p>\n\n\n\n<p class=\"has-text-align-center\" style=\"line-height:0.3\">Pablo Nieto-S. Guti\u00e9rrez (2023) <\/p>\n\n\n\n<p class=\"has-text-align-center\" style=\"line-height:0.3\">Carlos Garc\u00eda Cano (2023-2024) <\/p>\n\n\n\n<p class=\"has-text-align-center\" style=\"line-height:0.3\">David Rubio Luque (2024-2025) <\/p>\n\n\n\n<p class=\"has-text-align-center has-black-color has-text-color has-link-color wp-elements-f40eb2bf068560218136ae1157b39433\" style=\"line-height:0.3\">Carlos L\u00f3pez Mu\u00f1oz (2025)<\/p>\n\n\n\n<p class=\"has-text-align-center has-black-color has-text-color has-link-color wp-elements-02070f3346fa67ee1560195eb2f63af1\" style=\"line-height:0.3\">Ver\u00f3nica Parre\u00f1o Moreno (2025)<\/p>\n\n\n\n<p class=\"has-text-align-center has-black-color has-text-color has-link-color wp-elements-067ece3332858401882e44f98bb957ee\" style=\"line-height:0.3\"><strong>Juan Alfonso Blanco Morales (2025 &#8211; Actualidad)<\/strong><\/p>\n\n\n\n<p><\/p>\n\n\n\n<p><span class=\"color_15\">El principal <\/span>objetivo del CRE-UCLM es la defensa de los derechos de los estudiantes. Adem\u00e1s, lleva a cabo multitud de actividades y eventos con el fin de dinamizar la vida estudiantil de la universidad, gracias a actividades formativas, l\u00fadicas y culturales. Entre otras funciones, se encarga de representar al estudiantado en los \u00f3rganos de gobierno de la UCLM, de trasladar las propuestas del colectivo, de canalizar sus problemas hacia los \u00f3rganos competentes y de ejercer la representaci\u00f3n estudiantil de cara al exterior. <\/p>\n\n\n\n<p>El CRE-UCLM forma parte del Consejo de Estudiantes del Grupo 9 de universidades y de la Coordinadora de Representantes de Estudiantes de las Universidades P\u00fablicas (CREUP), y participa activamente en las reuniones del Consejo de Estudiantes Universitarios del Estado (CEUNE) y en el Foro de Estudiantes de la Alianza Europea de Universidades COLOURS. Adem\u00e1s, aun existiendo otras estructuras encargadas de modo particular de ello, representa, con car\u00e1cter general, a los estudiantes de todos los centros de la Universidad de Castilla-La Mancha, que se dividen en los campus y sedes de la siguiente manera:<\/p>\n\n\n\n<hr class=\"wp-block-separator has-alpha-channel-opacity\" \/>\n<\/div><\/div>\n\n\n\n<div class=\"wp-block-columns alignwide is-layout-flex wp-container-core-columns-is-layout-9d6595d7 wp-block-columns-is-layout-flex\">\n<div class=\"wp-block-column is-layout-flow wp-block-column-is-layout-flow\">\n<ul class=\"wp-block-list\">\n<li><strong>Campus de Albacete:<\/strong><br>o Ciudad Universitaria: Albacete (Capital)<br>o N\u00famero de Centros: 11<\/li>\n<\/ul>\n\n\n\n<div style=\"height:7px\" aria-hidden=\"true\" class=\"wp-block-spacer\"><\/div>\n\n\n\n<ul class=\"wp-block-list\">\n<li><strong>Campus de Ciudad Real<\/strong>:<br>o Ciudades Universitarias: Ciudad Real (Capital) y Almad\u00e9n<br>o N\u00famero de Centros en Ciudad Real: 10<br>o N\u00famero de Centros en Almad\u00e9n: 1<\/li>\n<\/ul>\n\n\n\n<div style=\"height:4px\" aria-hidden=\"true\" class=\"wp-block-spacer\"><\/div>\n\n\n\n<ul class=\"wp-block-list\">\n<li><strong>Campus de Cuenca<\/strong>:<br>o Ciudad Universitaria: Cuenca (Capital)<br>o N\u00famero de Centros: 8<\/li>\n<\/ul>\n\n\n\n<div style=\"height:0px\" aria-hidden=\"true\" class=\"wp-block-spacer\"><\/div>\n\n\n\n<ul class=\"wp-block-list\">\n<li><strong>Campus de Toledo:<\/strong><br>o Ciudades Universitarias: Toledo (Capital) y Talavera de la Reina.<br>o N\u00famero de Centros en Toledo: 8<br>o N\u00famero de Centros en Talavera de la Reina: 2<\/li>\n<\/ul>\n<\/div>\n\n\n\n<div class=\"wp-block-column is-layout-flow wp-block-column-is-layout-flow\">\n<figure class=\"wp-block-gallery has-nested-images columns-default is-cropped wp-block-gallery-1 is-layout-flex wp-block-gallery-is-layout-flex\">\n<figure class=\"wp-block-image size-medium\"><img loading=\"lazy\" decoding=\"async\" width=\"300\" height=\"169\" data-id=\"131\" src=\"https:\/\/blog.uclm.es\/creuclm\/wp-content\/uploads\/sites\/200\/2018\/03\/Albacete-UCLM-300x169.jpg\" alt=\"\" class=\"wp-image-131\" srcset=\"https:\/\/blog.uclm.es\/creuclm\/wp-content\/uploads\/sites\/200\/2018\/03\/Albacete-UCLM-300x169.jpg 300w, https:\/\/blog.uclm.es\/creuclm\/wp-content\/uploads\/sites\/200\/2018\/03\/Albacete-UCLM-1024x576.jpg 1024w, https:\/\/blog.uclm.es\/creuclm\/wp-content\/uploads\/sites\/200\/2018\/03\/Albacete-UCLM-768x432.jpg 768w, https:\/\/blog.uclm.es\/creuclm\/wp-content\/uploads\/sites\/200\/2018\/03\/Albacete-UCLM.jpg 1500w\" sizes=\"auto, (max-width: 300px) 100vw, 300px\" \/><\/figure>\n\n\n\n<figure class=\"wp-block-image size-medium\"><img loading=\"lazy\" decoding=\"async\" width=\"300\" height=\"169\" data-id=\"127\" src=\"https:\/\/blog.uclm.es\/creuclm\/wp-content\/uploads\/sites\/200\/2018\/03\/x1520527151_dsc_0306.jpg.pagespeed.ic_.4GRhMRPX0--300x169.jpg\" alt=\"\" class=\"wp-image-127\" srcset=\"https:\/\/blog.uclm.es\/creuclm\/wp-content\/uploads\/sites\/200\/2018\/03\/x1520527151_dsc_0306.jpg.pagespeed.ic_.4GRhMRPX0--300x169.jpg 300w, https:\/\/blog.uclm.es\/creuclm\/wp-content\/uploads\/sites\/200\/2018\/03\/x1520527151_dsc_0306.jpg.pagespeed.ic_.4GRhMRPX0--1024x576.jpg 1024w, https:\/\/blog.uclm.es\/creuclm\/wp-content\/uploads\/sites\/200\/2018\/03\/x1520527151_dsc_0306.jpg.pagespeed.ic_.4GRhMRPX0--768x432.jpg 768w, https:\/\/blog.uclm.es\/creuclm\/wp-content\/uploads\/sites\/200\/2018\/03\/x1520527151_dsc_0306.jpg.pagespeed.ic_.4GRhMRPX0-.jpg 1500w\" sizes=\"auto, (max-width: 300px) 100vw, 300px\" \/><\/figure>\n<\/figure>\n\n\n\n<figure class=\"wp-block-gallery has-nested-images columns-default is-cropped wp-block-gallery-2 is-layout-flex wp-block-gallery-is-layout-flex\">\n<figure class=\"wp-block-image size-large\"><img loading=\"lazy\" decoding=\"async\" width=\"1024\" height=\"576\" data-id=\"132\" src=\"https:\/\/blog.uclm.es\/creuclm\/wp-content\/uploads\/sites\/200\/2018\/03\/Ciudad-Real-UCLM-1024x576.jpg\" alt=\"\" class=\"wp-image-132\" srcset=\"https:\/\/blog.uclm.es\/creuclm\/wp-content\/uploads\/sites\/200\/2018\/03\/Ciudad-Real-UCLM-1024x576.jpg 1024w, https:\/\/blog.uclm.es\/creuclm\/wp-content\/uploads\/sites\/200\/2018\/03\/Ciudad-Real-UCLM-300x169.jpg 300w, https:\/\/blog.uclm.es\/creuclm\/wp-content\/uploads\/sites\/200\/2018\/03\/Ciudad-Real-UCLM-768x432.jpg 768w, https:\/\/blog.uclm.es\/creuclm\/wp-content\/uploads\/sites\/200\/2018\/03\/Ciudad-Real-UCLM.jpg 1500w\" sizes=\"auto, (max-width: 767px) 89vw, (max-width: 1000px) 54vw, (max-width: 1071px) 543px, 580px\" \/><\/figure>\n\n\n\n<figure class=\"wp-block-image size-large\"><img loading=\"lazy\" decoding=\"async\" width=\"1024\" height=\"576\" data-id=\"133\" src=\"https:\/\/blog.uclm.es\/creuclm\/wp-content\/uploads\/sites\/200\/2018\/03\/Almaden-1024x576.jpg\" alt=\"\" class=\"wp-image-133\" srcset=\"https:\/\/blog.uclm.es\/creuclm\/wp-content\/uploads\/sites\/200\/2018\/03\/Almaden-1024x576.jpg 1024w, https:\/\/blog.uclm.es\/creuclm\/wp-content\/uploads\/sites\/200\/2018\/03\/Almaden-300x169.jpg 300w, https:\/\/blog.uclm.es\/creuclm\/wp-content\/uploads\/sites\/200\/2018\/03\/Almaden-768x432.jpg 768w, https:\/\/blog.uclm.es\/creuclm\/wp-content\/uploads\/sites\/200\/2018\/03\/Almaden.jpg 1500w\" sizes=\"auto, (max-width: 767px) 89vw, (max-width: 1000px) 54vw, (max-width: 1071px) 543px, 580px\" \/><\/figure>\n<\/figure>\n\n\n\n<figure class=\"wp-block-gallery has-nested-images columns-default is-cropped wp-block-gallery-3 is-layout-flex wp-block-gallery-is-layout-flex\">\n<figure class=\"wp-block-image size-large\"><img loading=\"lazy\" decoding=\"async\" width=\"1024\" height=\"576\" data-id=\"134\" src=\"https:\/\/blog.uclm.es\/creuclm\/wp-content\/uploads\/sites\/200\/2018\/03\/Cuenca-1-1024x576.jpg\" alt=\"\" class=\"wp-image-134\" srcset=\"https:\/\/blog.uclm.es\/creuclm\/wp-content\/uploads\/sites\/200\/2018\/03\/Cuenca-1-1024x576.jpg 1024w, https:\/\/blog.uclm.es\/creuclm\/wp-content\/uploads\/sites\/200\/2018\/03\/Cuenca-1-300x169.jpg 300w, https:\/\/blog.uclm.es\/creuclm\/wp-content\/uploads\/sites\/200\/2018\/03\/Cuenca-1-768x432.jpg 768w, https:\/\/blog.uclm.es\/creuclm\/wp-content\/uploads\/sites\/200\/2018\/03\/Cuenca-1.jpg 1500w\" sizes=\"auto, (max-width: 767px) 89vw, (max-width: 1000px) 54vw, (max-width: 1071px) 543px, 580px\" \/><\/figure>\n\n\n\n<figure class=\"wp-block-image size-large\"><img loading=\"lazy\" decoding=\"async\" width=\"1024\" height=\"576\" data-id=\"135\" src=\"https:\/\/blog.uclm.es\/creuclm\/wp-content\/uploads\/sites\/200\/2018\/03\/Cuenca-2-1024x576.jpg\" alt=\"\" class=\"wp-image-135\" srcset=\"https:\/\/blog.uclm.es\/creuclm\/wp-content\/uploads\/sites\/200\/2018\/03\/Cuenca-2-1024x576.jpg 1024w, https:\/\/blog.uclm.es\/creuclm\/wp-content\/uploads\/sites\/200\/2018\/03\/Cuenca-2-300x169.jpg 300w, https:\/\/blog.uclm.es\/creuclm\/wp-content\/uploads\/sites\/200\/2018\/03\/Cuenca-2-768x432.jpg 768w, https:\/\/blog.uclm.es\/creuclm\/wp-content\/uploads\/sites\/200\/2018\/03\/Cuenca-2.jpg 1500w\" sizes=\"auto, (max-width: 767px) 89vw, (max-width: 1000px) 54vw, (max-width: 1071px) 543px, 580px\" \/><\/figure>\n<\/figure>\n\n\n\n<figure class=\"wp-block-gallery has-nested-images columns-default is-cropped wp-block-gallery-4 is-layout-flex wp-block-gallery-is-layout-flex\">\n<figure class=\"wp-block-image size-large\"><img loading=\"lazy\" decoding=\"async\" width=\"1024\" height=\"576\" data-id=\"136\" src=\"https:\/\/blog.uclm.es\/creuclm\/wp-content\/uploads\/sites\/200\/2018\/03\/Toledo-1024x576.jpg\" alt=\"\" class=\"wp-image-136\" srcset=\"https:\/\/blog.uclm.es\/creuclm\/wp-content\/uploads\/sites\/200\/2018\/03\/Toledo-1024x576.jpg 1024w, https:\/\/blog.uclm.es\/creuclm\/wp-content\/uploads\/sites\/200\/2018\/03\/Toledo-300x169.jpg 300w, https:\/\/blog.uclm.es\/creuclm\/wp-content\/uploads\/sites\/200\/2018\/03\/Toledo-768x432.jpg 768w, https:\/\/blog.uclm.es\/creuclm\/wp-content\/uploads\/sites\/200\/2018\/03\/Toledo.jpg 1500w\" sizes=\"auto, (max-width: 767px) 89vw, (max-width: 1000px) 54vw, (max-width: 1071px) 543px, 580px\" \/><\/figure>\n\n\n\n<figure class=\"wp-block-image size-large\"><img loading=\"lazy\" decoding=\"async\" width=\"1024\" height=\"576\" data-id=\"137\" src=\"https:\/\/blog.uclm.es\/creuclm\/wp-content\/uploads\/sites\/200\/2018\/03\/Talavera-1024x576.jpg\" alt=\"\" class=\"wp-image-137\" srcset=\"https:\/\/blog.uclm.es\/creuclm\/wp-content\/uploads\/sites\/200\/2018\/03\/Talavera-1024x576.jpg 1024w, https:\/\/blog.uclm.es\/creuclm\/wp-content\/uploads\/sites\/200\/2018\/03\/Talavera-300x169.jpg 300w, https:\/\/blog.uclm.es\/creuclm\/wp-content\/uploads\/sites\/200\/2018\/03\/Talavera-768x432.jpg 768w, https:\/\/blog.uclm.es\/creuclm\/wp-content\/uploads\/sites\/200\/2018\/03\/Talavera.jpg 1500w\" sizes=\"auto, (max-width: 767px) 89vw, (max-width: 1000px) 54vw, (max-width: 1071px) 543px, 580px\" \/><\/figure>\n<\/figure>\n<\/div>\n<\/div>\n\n\n\n<hr class=\"wp-block-separator has-text-color has-black-color has-alpha-channel-opacity has-black-background-color has-background\" \/>\n\n\n\n<figure class=\"wp-block-gallery has-nested-images columns-default is-cropped wp-block-gallery-5 is-layout-flex wp-block-gallery-is-layout-flex\">\n<figure class=\"wp-block-image size-full\"><img loading=\"lazy\" decoding=\"async\" width=\"768\" height=\"768\" data-id=\"2517\" src=\"https:\/\/blog.uclm.es\/creuclm\/wp-content\/uploads\/sites\/200\/2023\/11\/CRE_logo-nuevo.png\" alt=\"\" class=\"wp-image-2517\" srcset=\"https:\/\/blog.uclm.es\/creuclm\/wp-content\/uploads\/sites\/200\/2023\/11\/CRE_logo-nuevo.png 768w, https:\/\/blog.uclm.es\/creuclm\/wp-content\/uploads\/sites\/200\/2023\/11\/CRE_logo-nuevo-300x300.png 300w, https:\/\/blog.uclm.es\/creuclm\/wp-content\/uploads\/sites\/200\/2023\/11\/CRE_logo-nuevo-150x150.png 150w, https:\/\/blog.uclm.es\/creuclm\/wp-content\/uploads\/sites\/200\/2023\/11\/CRE_logo-nuevo-100x100.png 100w\" sizes=\"auto, (max-width: 767px) 89vw, (max-width: 1000px) 54vw, (max-width: 1071px) 543px, 580px\" \/><\/figure>\n<\/figure>\n","protected":false},"excerpt":{"rendered":"<p>NUESTRAS FUNCIONES Y CONFIGURACI\u00d3N El Consejo de Representantes de Estudiantes de la Universidad de Castilla-La Mancha (CRE-UCLM) es el m\u00e1ximo \u00f3rgano de representaci\u00f3n estudiantil de esta universidad, el encargado de coordinar y canalizar la representaci\u00f3n de sus estudiantes. Su funcionamiento es democr\u00e1tico, de acuerdo con los principios establecidos en la normativa nacional, regional y propia. &hellip; <\/p>\n<p class=\"link-more\"><a href=\"https:\/\/blog.uclm.es\/creuclm\/sobre-nosotros\/\" class=\"more-link\">Continuar leyendo<span class=\"screen-reader-text\"> \u00abSobre el CRE-UCLM\u00bb<\/span><\/a><\/p>\n","protected":false},"author":305,"featured_media":0,"parent":0,"menu_order":0,"comment_status":"closed","ping_status":"closed","template":"page-no-separators","meta":{"footnotes":""},"class_list":["post-109","page","type-page","status-publish","hentry"],"_links":{"self":[{"href":"https:\/\/blog.uclm.es\/creuclm\/wp-json\/wp\/v2\/pages\/109","targetHints":{"allow":["GET"]}}],"collection":[{"href":"https:\/\/blog.uclm.es\/creuclm\/wp-json\/wp\/v2\/pages"}],"about":[{"href":"https:\/\/blog.uclm.es\/creuclm\/wp-json\/wp\/v2\/types\/page"}],"author":[{"embeddable":true,"href":"https:\/\/blog.uclm.es\/creuclm\/wp-json\/wp\/v2\/users\/305"}],"replies":[{"embeddable":true,"href":"https:\/\/blog.uclm.es\/creuclm\/wp-json\/wp\/v2\/comments?post=109"}],"version-history":[{"count":35,"href":"https:\/\/blog.uclm.es\/creuclm\/wp-json\/wp\/v2\/pages\/109\/revisions"}],"predecessor-version":[{"id":3726,"href":"https:\/\/blog.uclm.es\/creuclm\/wp-json\/wp\/v2\/pages\/109\/revisions\/3726"}],"wp:attachment":[{"href":"https:\/\/blog.uclm.es\/creuclm\/wp-json\/wp\/v2\/media?parent=109"}],"curies":[{"name":"wp","href":"https:\/\/api.w.org\/{rel}","templated":true}]}}