{"id":59,"date":"2013-01-05T12:26:39","date_gmt":"2013-01-05T11:26:39","guid":{"rendered":"http:\/\/blog.uclm.es\/crescenciobravo\/?page_id=59"},"modified":"2022-11-08T20:11:37","modified_gmt":"2022-11-08T21:11:37","slug":"investigacion","status":"publish","type":"page","link":"https:\/\/blog.uclm.es\/crescenciobravo\/investigacion\/","title":{"rendered":"Investigaci\u00f3n"},"content":{"rendered":"<h4>Publicaciones<\/h4>\n<ul>\n<li><a href=\"http:\/\/blog.uclm.es\/crescenciobravo\/publicaciones\/\">Publicaciones m\u00e1s relevantes \/ Selected publications<\/a><\/li>\n<\/ul>\n<h4>L\u00edneas de investigaci\u00f3n<\/h4>\n<ul>\n<li>L1. Dise\u00f1o y especificaci\u00f3n de modelos, m\u00e9todos y herramientas computacionales para modelado y an\u00e1lisis de la colaboraci\u00f3n en sistemas CSCL y CSCW.<\/li>\n<li>L2. Construcci\u00f3n de sistemas groupware independientes del dominio mediante aproximaciones de MDA y MDD.<\/li>\n<li>L3. Aprendizaje colaborativo de la Programaci\u00f3n mediante tecnolog\u00edas groupware.<\/li>\n<\/ul>\n<h4>Tesis doctoral<\/h4>\n<ul>\n<li><a href=\"http:\/\/wwwlib.umi.com\/cr\/uclm\/fullcit?p3081805\">Un Sistema de&nbsp;Soporte al Aprendizaje Colaborativo del Dise\u00f1o Dom\u00f3tico mediante Herramientas de Modelado y Simulaci\u00f3n<\/a>. Dirigida por&nbsp;Dr. Manuel Ortega Cantero y&nbsp;Dra. M.&nbsp;Felisa Verdejo Maillo<\/li>\n<\/ul>\n<h4>Proyectos dirigidos<\/h4>\n<ul>\n<li>SPACE-DOMAIN: T\u00e9cnicas de Especificaci\u00f3n para la construcci\u00f3n de entornos colaborativos de dise\u00f1o independientes del dominio<\/li>\n<li>REMO: Software para Reuniones Electr\u00f3nicas M\u00d3viles<\/li>\n<li>FAPPEC: Framework para an\u00e1lisis proceso-producto en entornos colaborativos<\/li>\n<\/ul>\n","protected":false},"excerpt":{"rendered":"<p>Publicaciones Publicaciones m\u00e1s relevantes \/ Selected publications L\u00edneas de investigaci\u00f3n L1. Dise\u00f1o y especificaci\u00f3n de modelos, m\u00e9todos y herramientas computacionales para modelado y an\u00e1lisis de la colaboraci\u00f3n en sistemas CSCL y CSCW. L2. Construcci\u00f3n de sistemas groupware independientes del dominio mediante aproximaciones de MDA y MDD. L3. Aprendizaje colaborativo de la Programaci\u00f3n mediante tecnolog\u00edas groupware. &hellip; <a href=\"https:\/\/blog.uclm.es\/crescenciobravo\/investigacion\/\" class=\"more-link\">Seguir leyendo <span class=\"screen-reader-text\">Investigaci\u00f3n<\/span> <span class=\"meta-nav\">&rarr;<\/span><\/a><\/p>\n","protected":false},"author":12,"featured_media":0,"parent":0,"menu_order":0,"comment_status":"closed","ping_status":"open","template":"","meta":{"footnotes":""},"class_list":["post-59","page","type-page","status-publish","hentry"],"_links":{"self":[{"href":"https:\/\/blog.uclm.es\/crescenciobravo\/wp-json\/wp\/v2\/pages\/59","targetHints":{"allow":["GET"]}}],"collection":[{"href":"https:\/\/blog.uclm.es\/crescenciobravo\/wp-json\/wp\/v2\/pages"}],"about":[{"href":"https:\/\/blog.uclm.es\/crescenciobravo\/wp-json\/wp\/v2\/types\/page"}],"author":[{"embeddable":true,"href":"https:\/\/blog.uclm.es\/crescenciobravo\/wp-json\/wp\/v2\/users\/12"}],"replies":[{"embeddable":true,"href":"https:\/\/blog.uclm.es\/crescenciobravo\/wp-json\/wp\/v2\/comments?post=59"}],"version-history":[{"count":1,"href":"https:\/\/blog.uclm.es\/crescenciobravo\/wp-json\/wp\/v2\/pages\/59\/revisions"}],"predecessor-version":[{"id":533,"href":"https:\/\/blog.uclm.es\/crescenciobravo\/wp-json\/wp\/v2\/pages\/59\/revisions\/533"}],"wp:attachment":[{"href":"https:\/\/blog.uclm.es\/crescenciobravo\/wp-json\/wp\/v2\/media?parent=59"}],"curies":[{"name":"wp","href":"https:\/\/api.w.org\/{rel}","templated":true}]}}