{"id":475,"date":"2013-01-05T12:03:50","date_gmt":"2013-01-05T11:03:50","guid":{"rendered":"http:\/\/blog.uclm.es\/crescenciobravo\/?page_id=53"},"modified":"2025-09-01T16:02:11","modified_gmt":"2025-09-01T17:02:11","slug":"docencia","status":"publish","type":"page","link":"https:\/\/blog.uclm.es\/crescenciobravo\/docencia\/","title":{"rendered":"Docencia"},"content":{"rendered":"<h4>Docencia de Grado, curso 2025\/2026<\/h4>\n<ul>\n<li><a href=\"https:\/\/planea.apps.uclm.es\/web\/guia\/407\/42312\">Estructura de datos<\/a>, 2\u00ba curso del Grado en Ingenier\u00eda Inform\u00e1tica<\/li>\n<\/ul>\n<h4>Proyectos fin de carrera dirigidos<\/h4>\n<ul>\n<li>Col-GAME: Especificaci\u00f3n y generaci\u00f3n autom\u00e1tica de juegos de tablero colaborativos<\/li>\n<li>Sistema de conferencia para dispositivos m\u00f3viles mediante audio, v\u00eddeo y texto<\/li>\n<li>SPACE-DESIGN: Especificaci\u00f3n en XML y generaci\u00f3n en Java de Sistemas Colaborativos de dise\u00f1o en tiempo real. <span style=\"color: #ff0000\"><em><strong>Premio al Mejor PFC, curso 2003\/2004<\/strong><\/em><\/span><\/li>\n<li>AUTOOLX: Herramienta de autor para la elaboraci\u00f3n de especificaciones en XML<\/li>\n<li>REMO: Un sistema para realizar Reuniones Electr\u00f3nicas con dispositivos M\u00d3viles<\/li>\n<li>Herramientas de coordinaci\u00f3n y toma de decisiones para dispositivos m\u00f3viles<\/li>\n<li>Interfaz de voz para prototipado de software<\/li>\n<li>Acceso a noticias y documentos en una pizarra interactiva: Gesti\u00f3n y visualizaci\u00f3n<\/li>\n<li>Sistema para manipulaci\u00f3n de bases de datos mediante interacci\u00f3n manual en pizarras interactivas<\/li>\n<li>El \u00c1lbum Familiar Interactivo: Un sistema software para la organizaci\u00f3n de fotograf\u00edas digitales orientado a pizarras interactivas<\/li>\n<li>Col-Card: Especificaci\u00f3n y generaci\u00f3n autom\u00e1tica de juegos de cartas colaborativos<\/li>\n<li>SCOMParte: Plataforma para la especificaci\u00f3n y ejecuci\u00f3n de aplicaciones colaborativas en tiempo real. <span style=\"color: #ff0000\"><em><strong>Premio al Mejor PFC, curso 2007\/2008<\/strong><\/em><\/span><\/li>\n<li>Juego de Ajedrez para partidas simult\u00e1neas con pizarras y dispositivos digitales interactivos<\/li>\n<li>An\u00e1lisis comparativo de las tecnolog\u00edas Java Shared Data Toolkit (JSDT) y Eclipse Communication Framework (ECF) e implementaci\u00f3n de un caso de estudio<\/li>\n<li>Dise\u00f1o y construcci\u00f3n de un sitio web para una Pe\u00f1a de <em>Mountain Bike<\/em><\/li>\n<li>EDDY: Editor Colaborativo<\/li>\n<li>Sistemas de alto nivel de Protecci\u00f3n y Seguridad en el entorno de la norma DO-178B: Aplicaci\u00f3n de normas de estandarizaci\u00f3n en Eclipse y sistema software de soporte<\/li>\n<li>SisCoMus: Integraci\u00f3n de JSDT con Tecnolog\u00eda .NET para el desarrollo de un Sistema Colaborativo de juego de Mus<\/li>\n<li>Aplicativo para la predicci\u00f3n de eventos en entornos TI<br \/>\nmediante el an\u00e1lisis de informaci\u00f3n sobre el estado y la<br \/>\nejecuci\u00f3n de sistemas inform\u00e1ticos<\/li>\n<li>Framework iOS para la gesti\u00f3n de la identidad digital<\/li>\n<li>Aplicaci\u00f3n m\u00f3vil colaborativa para realizar excursiones compartidas en la naturaleza. <span style=\"color: #ff0000\"><em><strong>Premio al mejor TFG, curso 2023\/2024<\/strong><\/em><\/span><\/li>\n<li>Aplicaci\u00f3n distribuida de arranque y monitorizaci\u00f3n de soluciones tecnol\u00f3gicas<\/li>\n<\/ul>\n","protected":false},"excerpt":{"rendered":"<p>Docencia de Grado, curso 2025\/2026 Estructura de datos, 2\u00ba curso del Grado en Ingenier\u00eda Inform\u00e1tica Proyectos fin de carrera dirigidos Col-GAME: Especificaci\u00f3n y generaci\u00f3n autom\u00e1tica de juegos de tablero colaborativos Sistema de conferencia para dispositivos m\u00f3viles mediante audio, v\u00eddeo y texto SPACE-DESIGN: Especificaci\u00f3n en XML y generaci\u00f3n en Java de Sistemas Colaborativos de dise\u00f1o en &hellip; <a href=\"https:\/\/blog.uclm.es\/crescenciobravo\/docencia\/\" class=\"more-link\">Seguir leyendo <span class=\"screen-reader-text\">Docencia<\/span> <span class=\"meta-nav\">&rarr;<\/span><\/a><\/p>\n","protected":false},"author":12,"featured_media":0,"parent":0,"menu_order":0,"comment_status":"closed","ping_status":"open","template":"page-templates\/full-width.php","meta":{"footnotes":""},"class_list":["post-475","page","type-page","status-publish","hentry"],"_links":{"self":[{"href":"https:\/\/blog.uclm.es\/crescenciobravo\/wp-json\/wp\/v2\/pages\/475","targetHints":{"allow":["GET"]}}],"collection":[{"href":"https:\/\/blog.uclm.es\/crescenciobravo\/wp-json\/wp\/v2\/pages"}],"about":[{"href":"https:\/\/blog.uclm.es\/crescenciobravo\/wp-json\/wp\/v2\/types\/page"}],"author":[{"embeddable":true,"href":"https:\/\/blog.uclm.es\/crescenciobravo\/wp-json\/wp\/v2\/users\/12"}],"replies":[{"embeddable":true,"href":"https:\/\/blog.uclm.es\/crescenciobravo\/wp-json\/wp\/v2\/comments?post=475"}],"version-history":[{"count":3,"href":"https:\/\/blog.uclm.es\/crescenciobravo\/wp-json\/wp\/v2\/pages\/475\/revisions"}],"predecessor-version":[{"id":637,"href":"https:\/\/blog.uclm.es\/crescenciobravo\/wp-json\/wp\/v2\/pages\/475\/revisions\/637"}],"wp:attachment":[{"href":"https:\/\/blog.uclm.es\/crescenciobravo\/wp-json\/wp\/v2\/media?parent=475"}],"curies":[{"name":"wp","href":"https:\/\/api.w.org\/{rel}","templated":true}]}}