{"id":389,"date":"2021-02-24T20:11:55","date_gmt":"2021-02-24T19:11:55","guid":{"rendered":"http:\/\/blog.uclm.es\/crescenciobravo\/?page_id=389"},"modified":"2025-06-04T20:06:28","modified_gmt":"2025-06-04T21:06:28","slug":"candidatura-esi","status":"publish","type":"page","link":"https:\/\/blog.uclm.es\/crescenciobravo\/candidatura-esi\/","title":{"rendered":"Candidatura 2025 Direcci\u00f3n de la ESI"},"content":{"rendered":"\n<h5 class=\"wp-block-heading has-text-align-right\">Escuela Superior de Inform\u00e1tica de Ciudad Real<\/h5>\n\n\n\n<hr class=\"wp-block-separator has-css-opacity\" \/>\n\n\n\n<h4 class=\"wp-block-heading has-text-align-right\"><strong>responsabilidad<span style=\"color:#7f7f7f\" class=\"has-inline-color\">,<\/span> ilusi\u00f3n<span style=\"color:#7f7f7f\" class=\"has-inline-color\">,<\/span> equipo<span style=\"color:#7f7f7f\" class=\"has-inline-color\">,<\/span> <\/strong>creatividad<\/h4>\n\n\n\n<p class=\"has-text-align-right\"><strong><span class=\"has-inline-color has-black-color\">9 <\/span><\/strong><span class=\"has-inline-color has-black-color\"><strong>retos<\/strong><\/span><strong><span class=\"has-inline-color has-black-color\"> <\/span><span style=\"color:#7f7f7f\" class=\"has-inline-color\">para <\/span><span class=\"has-inline-color has-black-color\">vivir el futuro<\/span><\/strong><\/p>\n\n\n\n<hr class=\"wp-block-separator has-css-opacity\" \/>\n\n\n\n<div class=\"wp-block-buttons is-layout-flex wp-block-buttons-is-layout-flex\">\n<div class=\"wp-block-button is-style-fill\"><a class=\"wp-block-button__link wp-element-button\" href=\"#presentacion2025\">candidatura 2025<\/a><\/div>\n\n\n\n<div class=\"wp-block-button is-style-fill\"><a class=\"wp-block-button__link wp-element-button\" href=\"#vision2025\">visi\u00f3n estrat\u00e9gica 2025<\/a><\/div>\n\n\n\n<div class=\"wp-block-button is-style-fill\"><a class=\"wp-block-button__link wp-element-button\" href=\"#cumplimiento\">Cumplimiento programa 2021-2025<\/a><\/div>\n\n\n\n<div class=\"wp-block-button\"><a class=\"wp-block-button__link wp-element-button\" href=\"#bases\">bases<\/a><\/div>\n\n\n\n<div class=\"wp-block-button\"><a class=\"wp-block-button__link wp-element-button\" href=\"#vision\">visi\u00f3n estrat\u00e9gica 2021<\/a><\/div>\n\n\n\n<div class=\"wp-block-button is-style-fill\"><a class=\"wp-block-button__link wp-element-button\" href=\"#presentacion2021\">candidatura 2021<\/a><\/div>\n\n\n\n<div class=\"wp-block-button\"><a class=\"wp-block-button__link wp-element-button\" href=\"https:\/\/blog.uclm.es\/crescenciobravo\/wp-content\/uploads\/sites\/148\/2021\/04\/pElectoral_cBravo_esi_2021_24_vf1.1.pdf\">programa detallado 2021<\/a><\/div>\n<\/div>\n\n\n\n<hr class=\"wp-block-separator has-css-opacity\" \/>\n\n\n\n<h2 class=\"wp-block-heading\" id=\"presentacion2025\"><span style=\"color:#003399\" class=\"has-inline-color\">presentaci\u00f3n candidatura 2025<\/span><\/h2>\n\n\n\n<p>Esta <strong>nueva candidatura<\/strong> da continuidad al <a href=\"https:\/\/blog.uclm.es\/crescenciobravo\/wp-content\/uploads\/sites\/148\/2021\/04\/pElectoral_cBravo_esi_2021_24_vf1.1.pdf\">proyecto de 2021<\/a>, renov\u00e1ndose nuestras <a href=\"#bases\" data-type=\"internal\" data-id=\"#bases\">se\u00f1as de identidad<\/a> y la <a href=\"#vision2025\">visi\u00f3n estrat\u00e9gica (2025)<\/a>. Las 178 medidas propuestas en 2021 se mantienen como una <strong>hoja de ruta<\/strong> que representa un plan y una operativa regular para el funcionamiento y crecimiento de la ESI. De estas medidas se retiran 6 por no proceder en este momento o no ser ya necesarias.<\/p>\n\n\n\n<p>Adem\u00e1s, como fruto de los <strong>encuentros <\/strong>y el <strong>debate <\/strong>que se est\u00e1n produciendo estos d\u00edas, se identificar\u00e1n <strong>nuevas medidas<\/strong> para el nuevo periodo que se ir\u00e1n publicando en este espacio.<\/p>\n\n\n\n<figure class=\"wp-block-table\"><table><thead><tr><th>\u00c1REA<\/th><th>MEDIDA NUEVA<\/th><\/tr><\/thead><tbody><tr><td>misiones<\/td><td>Renovar la Memoria del Grado en Ingenier\u00eda Inform\u00e1tica adaptando los contenidos al reciente Libro Blanco&nbsp;de la Conferencia de Direcciones de Escuelas de Inform\u00e1tica y los avances de la disciplina y profesi\u00f3n, secuenciando adecuadamente las materias y considerando aquellos otros t\u00edtulos oficiales que puedan contribuir a un mapa formativo en torno a la Ingenier\u00eda Inform\u00e1tica moderno, coherente y sostenible.<\/td><\/tr><tr><td>misiones<\/td><td>Obtenci\u00f3n del sello EURO-INF en los programas de M\u00e1ster Universitario.<\/td><\/tr><tr><td>misiones<\/td><td>Analizar y dar respuesta a las nuevas necesidades de los grupos de investigaci\u00f3n en cuanto a servicios y espacios con criterios de eficiencia, rendimiento y sostenibilidad.<\/td><\/tr><tr><td>misiones<\/td><td>Poner a disposici\u00f3n del estudiantado las salas de reuniones de la ESI, en determinadas franjas horarias, para la realizaci\u00f3n de actividades de trabajo en grupo y arbitrar un sistema de reservas.<\/td><\/tr><tr><td>misiones<\/td><td>Elaborar gu\u00edas y colecciones de buenas pr\u00e1cticas para docencia y evaluaci\u00f3n ante el reto que suponen la irrupci\u00f3n de nuevas pr\u00e1cticas fraudulentas y del fen\u00f3meno del aprovechamiento de las herramientas de GenAI sin \u00e9tica u orientaci\u00f3n acad\u00e9mica.<\/td><\/tr><tr><td>misiones<\/td><td>Reflexionar sobre la asistencia regular a clase y seguir trabajando en acciones que la fomenten y disminuyan el potencial absentismo de los estudiantes en nuestras clases.<\/td><\/tr><tr><td>misiones<\/td><td>Seguir mejorando el protocolo y aplicar un plan de acciones concretas que permitan realizar las encuestas de valoraci\u00f3n de la docencia por parte de los estudiantes con m\u00e1xima participaci\u00f3n, anonimato y rigor, conforme a los procedimientos institucionales.<\/td><\/tr><tr><td>misiones<\/td><td>Continuar potenciando las ense\u00f1anzas propias y, particularmente, los programas formativos de microcredenciales en temas de inter\u00e9s y tecnolog\u00edas emergentes.<\/td><\/tr><tr><td>misiones<\/td><td>Organizar actividades de puertas abiertas en los laboratorios de investigaci\u00f3n para los estudiantes, y orientar a los j\u00f3venes con vocaci\u00f3n cient\u00edfica e investigadores.<\/td><\/tr><tr><td>misiones<\/td><td>Convocar y conceder un premio a la mejor pr\u00e1ctica de innovaci\u00f3n educativa de nuestro profesorado.<\/td><\/tr><tr><td>personas<\/td><td>Apoyar y acoger los proyectos acad\u00e9micos propuestos por los estudiantes y fomentar clubes en \u00e1reas como ciberseguridad, IoT, realidad virtual, e-sports&#8230; aprovechando en su caso el equipamiento del TechLab Monico S\u00e1nchez.<\/td><\/tr><tr><td>personas<\/td><td>Organizar una chocolatada o p\u00edcnic de bienvenida para los estudiantes nuevos en la Jornada de presentaci\u00f3n del curso con la colaboraci\u00f3n de la Delegaci\u00f3n de estudiantes.<\/td><\/tr><tr><td>personas<\/td><td>Divulgar y desarrollar el Plan de Participaci\u00f3n Estudiantil de la UCLM particulariz\u00e1ndolo a la ESI.<\/td><\/tr><tr><td>personas<\/td><td>Habilitar espacios y programas de convivencia entre estudiantes, extendi\u00e9ndolos a las titulaciones cercanas como la del doble t\u00edtulo de grado (Administraci\u00f3n y Direcci\u00f3n de Empresas).<\/td><\/tr><tr><td>recursos<\/td><td>Trabajar junto con el Rectorado para materializar el proyecto de remodelaci\u00f3n de la envolvente t\u00e9rmica y reparaci\u00f3n de ventanas del edificio Ferm\u00edn Caballero y adaptar el edificio a las nuevas necesidades.<\/td><\/tr><tr><td>recursos<\/td><td>Adaptar las aulas y laboratorios a las nuevas necesidades del nuevo Grado en Ingenier\u00eda Inform\u00e1tica y del resto de titulaciones en cuanto al n\u00famero de espacios necesarios y requisitos docentes.<\/td><\/tr><tr><td>recursos<\/td><td>Extender el plan piloto de <em>Laboratorio desconectado<\/em> para el desarrollo de pruebas de evaluaci\u00f3n y autor\u00eda en condiciones de seguridad y aislamiento de recursos externos.<\/td><\/tr><tr><td>recursos<\/td><td>Elaborar un mapa de tecnolog\u00edas y lenguajes de programaci\u00f3n de inter\u00e9s docente y profesional como parte del proyecto formativo de la ESI para los estudios en Ingenier\u00eda Inform\u00e1tica.<\/td><\/tr><tr><td>recursos<\/td><td>Estudiar y ejecutar, en su caso, un proyecto de aula abierta al aire libre en formato de \u00e1gora.<\/td><\/tr><tr><td>recursos<\/td><td>Velar por la limpieza de los jardines y el patio interior e instalar papeleras adicionales.<\/td><\/tr><tr><td>recursos<\/td><td>Trabajar junto con el Rectorado para construir un acceso atractivo que conecte la ESI con la Facultad de Educaci\u00f3n, avanzando as\u00ed en la vertebraci\u00f3n del sector sur del campus.<\/td><\/tr><tr><td>recursos<\/td><td>Explorar y solicitar al Rectorado la posibilidad de instalar un cargador el\u00e9ctrico para veh\u00edculos en el aparcamiento de la ESI.<\/td><\/tr><tr><td>recursos<\/td><td>Abordar un proyecto de dise\u00f1o de material promocional (sudadera, camiseta y taza) que pueda adquirirse por los estudiantes (incluyendo antiguos estudiantes) y colaboradores de la ESI mediante la Tienda UCLM o servicio equivalente.<\/td><\/tr><tr><td>entorno<\/td><td>Seguir desarrollando el Programa FORTE &#8211; Fortalecimiento de la Empleabilidad (Pr\u00e1cticas + TFE) mejorando los aspectos de gesti\u00f3n y con un esp\u00edritu de mejora continua.<\/td><\/tr><tr><td>entorno<\/td><td>Realizar un plan de visitas a empresas para darnos a conocer como formadores en Ingenier\u00eda Inform\u00e1tica y reforzar nuestra cartera de empresas con convenio de pr\u00e1cticas.<\/td><\/tr><tr><td>compromisos<\/td><td>Seguir trabajando en pol\u00edticas de igualdad y diversidad conforme al Plan de Igualdad de la UCLM, particularizando los programas al \u00e1mbito de la Ingenier\u00eda Inform\u00e1tica.<\/td><\/tr><\/tbody><\/table><\/figure>\n\n\n\n<p>Mi especial <strong>agradecimiento<\/strong>, de coraz\u00f3n, a Javier, Marcela, M\u00aa Soledad y Jes\u00fas por su trabajo en estos a\u00f1os y formar parte de esta nueva traves\u00eda, as\u00ed como a los\/as coordinadores y responsables de programas sin los que habr\u00edamos naufragado \ud83d\ude42<\/p>\n\n\n\n<hr class=\"wp-block-separator has-css-opacity\" \/>\n\n\n\n<h2 class=\"wp-block-heading\" id=\"vision2025\"><span style=\"color:#003399\" class=\"has-inline-color\">visi\u00f3n estrat\u00e9gica candidatura 2025<\/span><\/h2>\n\n\n\n<p><a href=\"https:\/\/blog.uclm.es\/crescenciobravo\/wp-content\/uploads\/sites\/148\/2025\/06\/plan_estrategicoESI_2025_v2.pdf\" data-type=\"link\" data-id=\"*.pdf\">Visi\u00f3n Estrat\u00e9gica esi 2025 detallada<\/a><\/p>\n\n\n\n<figure class=\"wp-block-gallery has-nested-images columns-default is-cropped wp-block-gallery-1 is-layout-flex wp-block-gallery-is-layout-flex\">\n<figure class=\"wp-block-image size-large\"><a href=\"https:\/\/blog.uclm.es\/crescenciobravo\/wp-content\/uploads\/sites\/148\/2025\/06\/vision_estrategica_2025-scaled.jpg\"><img loading=\"lazy\" decoding=\"async\" width=\"1024\" height=\"642\" data-id=\"631\" src=\"https:\/\/blog.uclm.es\/crescenciobravo\/wp-content\/uploads\/sites\/148\/2025\/06\/vision_estrategica_2025-1024x642.jpg\" alt=\"\" class=\"wp-image-631\" srcset=\"https:\/\/blog.uclm.es\/crescenciobravo\/wp-content\/uploads\/sites\/148\/2025\/06\/vision_estrategica_2025-1024x642.jpg 1024w, https:\/\/blog.uclm.es\/crescenciobravo\/wp-content\/uploads\/sites\/148\/2025\/06\/vision_estrategica_2025-300x188.jpg 300w, https:\/\/blog.uclm.es\/crescenciobravo\/wp-content\/uploads\/sites\/148\/2025\/06\/vision_estrategica_2025-768x481.jpg 768w, https:\/\/blog.uclm.es\/crescenciobravo\/wp-content\/uploads\/sites\/148\/2025\/06\/vision_estrategica_2025-1536x963.jpg 1536w, https:\/\/blog.uclm.es\/crescenciobravo\/wp-content\/uploads\/sites\/148\/2025\/06\/vision_estrategica_2025-2048x1284.jpg 2048w\" sizes=\"auto, (max-width: 1024px) 100vw, 1024px\" \/><\/a><\/figure>\n<\/figure>\n\n\n\n<hr class=\"wp-block-separator has-css-opacity\" \/>\n\n\n\n<h2 class=\"wp-block-heading\" id=\"cumplimiento\"><span style=\"color:#003399\" class=\"has-inline-color\">cumplimiento programa 2021-2025<\/span><\/h2>\n\n\n\n<p>El programa presentado para la <strong>candidatura 2021<\/strong>, formado por 178 medidas, ha alcanzado un porcentaje de <a href=\"https:\/\/blog.uclm.es\/crescenciobravo\/wp-content\/uploads\/sites\/148\/2025\/05\/ESI_programa_2021_cumplimiento_v1.pdf\">cumplimiento<\/a> del <strong>82,41%<\/strong>. A continuaci\u00f3n se muestra la cobertura por \u00e1reas: <em>Personas<\/em>, <em>Misiones<\/em>, <em>Compromisos<\/em>, <em>Recursos <\/em> y <em>Entorno <\/em>. Por \u00faltimo, m\u00e1s abajo se recopilan otras medidas nuevas realizadas no contempladas inicialmente y que extienden el alcance del programa.<\/p>\n\n\n\n<figure class=\"wp-block-image size-large\"><img loading=\"lazy\" decoding=\"async\" width=\"1024\" height=\"606\" src=\"https:\/\/blog.uclm.es\/crescenciobravo\/wp-content\/uploads\/sites\/148\/2025\/05\/fig1-1024x606.png\" alt=\"\" class=\"wp-image-596\" srcset=\"https:\/\/blog.uclm.es\/crescenciobravo\/wp-content\/uploads\/sites\/148\/2025\/05\/fig1-1024x606.png 1024w, https:\/\/blog.uclm.es\/crescenciobravo\/wp-content\/uploads\/sites\/148\/2025\/05\/fig1-300x177.png 300w, https:\/\/blog.uclm.es\/crescenciobravo\/wp-content\/uploads\/sites\/148\/2025\/05\/fig1-768x454.png 768w, https:\/\/blog.uclm.es\/crescenciobravo\/wp-content\/uploads\/sites\/148\/2025\/05\/fig1-1536x909.png 1536w, https:\/\/blog.uclm.es\/crescenciobravo\/wp-content\/uploads\/sites\/148\/2025\/05\/fig1-2048x1211.png 2048w\" sizes=\"auto, (max-width: 1024px) 100vw, 1024px\" \/><\/figure>\n\n\n\n<figure class=\"wp-block-table\"><table><thead><tr><th>\u00c1REA<\/th><th>MEDIDA ADICIONAL realizada<\/th><\/tr><\/thead><tbody><tr><td>misiones<\/td><td>Implantaci\u00f3n de un PARS (Programa Acad\u00e9mico con Recorrido Sucesivo) que posibilita la realizaci\u00f3n consecutiva del Grado y del M\u00e1ster Universitario en Ingenier\u00eda Inform\u00e1tica.<\/td><\/tr><tr><td>recursos<\/td><td>Protocolo de recolocaci\u00f3n de mobiliario en los espacios de evaluaci\u00f3n para la celebraci\u00f3n de ex\u00e1menes maximizando la ocupaci\u00f3n y minimizando el n\u00famero de aulas necesarias.<\/td><\/tr><tr><td>recursos<\/td><td>Instalaci\u00f3n de un monolito exterior iluminado de gran formato para mostrar el nombre y la logomarca de la Escuela conforme a la se\u00f1al\u00e9tica oficial y contribuir a su conocimiento por la ciudadan\u00eda.<\/td><\/tr><\/tbody><\/table><\/figure>\n\n\n\n<hr class=\"wp-block-separator has-css-opacity\" \/>\n\n\n\n<h2 class=\"wp-block-heading\" id=\"bases\"><span style=\"color:#003399\" class=\"has-inline-color\">bases candidatura<\/span><\/h2>\n\n\n\n<p><strong>valores de referencia<\/strong><\/p>\n\n\n\n<ul class=\"wp-block-list\">\n<li>servicio<\/li>\n\n\n\n<li>responsabilidad<\/li>\n\n\n\n<li>colaboraci\u00f3n<\/li>\n\n\n\n<li>transparencia<\/li>\n\n\n\n<li>creatividad<\/li>\n<\/ul>\n\n\n\n<p><strong>aspiraciones ESI<\/strong><\/p>\n\n\n\n<ul class=\"wp-block-list\">\n<li>competitiva<\/li>\n\n\n\n<li>internacional<\/li>\n\n\n\n<li>emprendedora<\/li>\n\n\n\n<li>cohesionada<\/li>\n\n\n\n<li>proactiva<\/li>\n\n\n\n<li><em>smart<\/em><\/li>\n<\/ul>\n\n\n\n<hr class=\"wp-block-separator has-css-opacity\" \/>\n\n\n\n<h2 class=\"wp-block-heading\" id=\"vision\"><span style=\"color:#003399\" class=\"has-inline-color\">visi\u00f3n estrat\u00e9gica candidatura 2021<\/span><\/h2>\n\n\n\n<figure class=\"wp-block-image size-large\"><a href=\"https:\/\/blog.uclm.es\/crescenciobravo\/wp-content\/uploads\/sites\/148\/2021\/03\/vision_estrategica-1.png\"><img loading=\"lazy\" decoding=\"async\" width=\"1024\" height=\"508\" src=\"https:\/\/blog.uclm.es\/crescenciobravo\/wp-content\/uploads\/sites\/148\/2021\/03\/vision_estrategica-1-1024x508.png\" alt=\"\" class=\"wp-image-452\" srcset=\"https:\/\/blog.uclm.es\/crescenciobravo\/wp-content\/uploads\/sites\/148\/2021\/03\/vision_estrategica-1-1024x508.png 1024w, https:\/\/blog.uclm.es\/crescenciobravo\/wp-content\/uploads\/sites\/148\/2021\/03\/vision_estrategica-1-300x149.png 300w, https:\/\/blog.uclm.es\/crescenciobravo\/wp-content\/uploads\/sites\/148\/2021\/03\/vision_estrategica-1-768x381.png 768w, https:\/\/blog.uclm.es\/crescenciobravo\/wp-content\/uploads\/sites\/148\/2021\/03\/vision_estrategica-1.png 1056w\" sizes=\"auto, (max-width: 1024px) 100vw, 1024px\" \/><\/a><\/figure>\n\n\n\n<hr class=\"wp-block-separator has-css-opacity\" \/>\n\n\n\n<h2 class=\"wp-block-heading\" id=\"presentacion2021\"><span style=\"color:#003399\" class=\"has-inline-color\">presentaci\u00f3n candidatura 2021<\/span><\/h2>\n\n\n\n<p>La elaboraci\u00f3n de este <em><a href=\"https:\/\/blog.uclm.es\/crescenciobravo\/wp-content\/uploads\/sites\/148\/2021\/04\/pElectoral_cBravo_esi_2021_24_vf1.1.pdf\">Programa electoral<\/a><\/em> ha sido un deber autoimpuesto que ha permitido la participaci\u00f3n de la comunidad ESI en el proceso colectivo que supone establecer un proyecto para el desarrollo de la misi\u00f3n universitaria de nuestra escuela para un horizonte de 4 a\u00f1os. Con esta candidatura expreso mi deseo de aportar mi experiencia en la esfera de la gesti\u00f3n universitaria y dedicaci\u00f3n al centro que me ha visto estudiar, ense\u00f1ar e investigar.<\/p>\n\n\n\n<p>Afronto el proceso de presentaci\u00f3n de ideas y compromisos subyacente al proceso electoral con ilusi\u00f3n; me pongo a disposici\u00f3n de la UCLM y de la comunidad ESI para asumir el reto que supone dirigir la Escuela y defender sus intereses con responsabilidad; y asumo de forma decidida la tarea de trabajar en equipo para superar todos los retos que se nos planteen y podamos continuar creciendo como comunidad acad\u00e9mica que se dedica a la ingenier\u00eda inform\u00e1tica al servicio de la sociedad.<\/p>\n\n\n\n<p>Las 178 medidas incluidas en este <em>Programa <\/em>han sido identificadas gracias a m\u00faltiples conversaciones y encuentros con los miembros de la comunidad ESI. Agradezco a todos ellos su apoyo y motivaci\u00f3n para dar este paso, especialmente al director de la ESI y a los que le precedieron. Igualmente, doy las gracias a Javier, Marcela, M\u00aa Soledad y Jes\u00fas por aceptar formar parte de este equipo y por sus ideas.<\/p>\n\n\n\n<p>El presente documento comienza con un breve an\u00e1lisis estrat\u00e9gico que permite situar las l\u00edneas de trabajo en torno a 9 grandes retos. Las medidas que los desarrollan hacen \u00e9nfasis en iniciativas o programas m\u00e1s novedosos o que debemos seguir impulsando, y parten de la base que suponen los programas y actuaciones que han sido puestos en marcha con el buen hacer de los anteriores equipos de direcci\u00f3n. En el texto se resaltan los principales resultados de valor de las medidas y las conexiones m\u00e1s significativas con otras medidas para facilitar la lectura y navegaci\u00f3n.<\/p>\n\n\n\n<p>Este <em>Programa<\/em> supone un plan ambicioso pero realizable. No obstante, aun siendo una hoja de ruta meditada y con perspectiva de estabilidad, supone un proyecto que podr\u00e1 evolucionar para adaptarse a nuevas necesidades o circunstancias sobrevenidas.<\/p>\n\n\n\n<p>Quiero poner en valor la implicaci\u00f3n de todas y todos los que han hecho posible que la Escuela se haya erigido como un centro reconocido, que cumple muy bien con su cometido y que ha alcanzado uno de los mejores coeficientes de cumplimiento de objetivos en el contrato-programa con centros. Este reconocimiento va dirigido, por tanto, a los que ense\u00f1an, a los que investigan, a los que gestionan, a los que administran y proporcionan servicios y a los estudiantes, que nos motivan e inspiran diariamente en las aulas y espacios universitarios.<\/p>\n\n\n\n<figure class=\"wp-block-gallery has-nested-images columns-default is-cropped wp-block-gallery-2 is-layout-flex wp-block-gallery-is-layout-flex\"><\/figure>\n\n\n\n<hr class=\"wp-block-separator has-css-opacity\" \/>\n\n\n\n<h2 class=\"wp-block-heading\" id=\"programa\"><span style=\"color:#003399\" class=\"has-inline-color\">programa detallado 2021<\/span><\/h2>\n\n\n\n<p><a href=\"https:\/\/blog.uclm.es\/crescenciobravo\/wp-content\/uploads\/sites\/148\/2021\/04\/pElectoral_cBravo_esi_2021_24_vf1.1.pdf\">9 retos para vivir el futuro<\/a><\/p>\n\n\n\n<p><\/p>\n","protected":false},"excerpt":{"rendered":"<p>Escuela Superior de Inform\u00e1tica de Ciudad Real responsabilidad, ilusi\u00f3n, equipo, creatividad 9 retos para vivir el futuro presentaci\u00f3n candidatura 2025 Esta nueva candidatura da continuidad al proyecto de 2021, renov\u00e1ndose nuestras se\u00f1as de identidad y la visi\u00f3n estrat\u00e9gica (2025). Las 178 medidas propuestas en 2021 se mantienen como una hoja de ruta que representa un &hellip; <a href=\"https:\/\/blog.uclm.es\/crescenciobravo\/candidatura-esi\/\" class=\"more-link\">Seguir leyendo <span class=\"screen-reader-text\">Candidatura 2025 Direcci\u00f3n de la ESI<\/span> <span class=\"meta-nav\">&rarr;<\/span><\/a><\/p>\n","protected":false},"author":12,"featured_media":0,"parent":0,"menu_order":0,"comment_status":"closed","ping_status":"closed","template":"","meta":{"footnotes":""},"class_list":["post-389","page","type-page","status-publish","hentry"],"_links":{"self":[{"href":"https:\/\/blog.uclm.es\/crescenciobravo\/wp-json\/wp\/v2\/pages\/389","targetHints":{"allow":["GET"]}}],"collection":[{"href":"https:\/\/blog.uclm.es\/crescenciobravo\/wp-json\/wp\/v2\/pages"}],"about":[{"href":"https:\/\/blog.uclm.es\/crescenciobravo\/wp-json\/wp\/v2\/types\/page"}],"author":[{"embeddable":true,"href":"https:\/\/blog.uclm.es\/crescenciobravo\/wp-json\/wp\/v2\/users\/12"}],"replies":[{"embeddable":true,"href":"https:\/\/blog.uclm.es\/crescenciobravo\/wp-json\/wp\/v2\/comments?post=389"}],"version-history":[{"count":36,"href":"https:\/\/blog.uclm.es\/crescenciobravo\/wp-json\/wp\/v2\/pages\/389\/revisions"}],"predecessor-version":[{"id":635,"href":"https:\/\/blog.uclm.es\/crescenciobravo\/wp-json\/wp\/v2\/pages\/389\/revisions\/635"}],"wp:attachment":[{"href":"https:\/\/blog.uclm.es\/crescenciobravo\/wp-json\/wp\/v2\/media?parent=389"}],"curies":[{"name":"wp","href":"https:\/\/api.w.org\/{rel}","templated":true}]}}