{"id":249,"date":"2017-08-29T13:36:03","date_gmt":"2017-08-29T12:36:03","guid":{"rendered":"http:\/\/blog.uclm.es\/crescenciobravo\/?page_id=249"},"modified":"2022-11-08T20:04:40","modified_gmt":"2022-11-08T21:04:40","slug":"bienvenido","status":"publish","type":"page","link":"https:\/\/blog.uclm.es\/crescenciobravo\/","title":{"rendered":"Bienvenido"},"content":{"rendered":"<p>Estoy adscrito al Departamento de Tecnolog\u00edas y Sistemas de Informaci\u00f3n y ocupo plaza de Catedr\u00e1tico de Universidad en la <a href=\"http:\/\/www.esi.uclm.es\">Escuela Superior de Inform\u00e1tica de Ciudad Real<\/a> de la <a href=\"http:\/\/www.uclm.es\">Universidad de Castilla &#8211; La Mancha<\/a>.<\/p>\n<p>Pertenezco al grupo de investigaci\u00f3n <a href=\"https:\/\/blog.uclm.es\/grupochico\">CHICO<\/a> (Computer-Human Interaction and Collaboration).<\/p>\n<p>En estas p\u00e1ginas puedes encontrar informaci\u00f3n sobre mi <a href=\"http:\/\/blog.uclm.es\/crescenciobravo\/docencia\/\">actividad docente<\/a> e <a href=\"http:\/\/blog.uclm.es\/crescenciobravo\/investigacion\/\">investigadora<\/a>, incluyendo mis <a href=\"http:\/\/blog.uclm.es\/crescenciobravo\/publicaciones\/\">publicaciones<\/a> m\u00e1s relevantes.<\/p>\n<p>Perfil de ORCID: <a href=\"http:\/\/orcid.org\/0000-0003-4380-1193\">ID <span id=\"orcid-id\" class=\"orcid-id-https\">0000-0003-4380-1193<\/span><\/a><\/p>\n<p>Perfil de Google Scholar: <a href=\"http:\/\/scholar.google.es\/citations?user=QReIblYAAAAJ&amp;hl=es\">http:\/\/scholar.google.es\/citations?user=QReIblYAAAAJ&amp;hl=es<\/a><\/p>\n<h4>Contacto<\/h4>\n<p><a href=\"https:\/\/directorio.uclm.es\/?uid=crescencio.bravo\">Localizaci\u00f3n<\/a><\/p>\n<p>e-mail: Crescencio.Bravo@uclm.es<\/p>\n<p>url: <a href=\"http:\/\/blog.uclm.es\/crescenciobravo\">http:\/\/blog.uclm.es\/crescenciobravo<\/a><\/p>\n","protected":false},"excerpt":{"rendered":"<p>Estoy adscrito al Departamento de Tecnolog\u00edas y Sistemas de Informaci\u00f3n y ocupo plaza de Catedr\u00e1tico de Universidad en la Escuela Superior de Inform\u00e1tica de Ciudad Real de la Universidad de Castilla &#8211; La Mancha. Pertenezco al grupo de investigaci\u00f3n CHICO (Computer-Human Interaction and Collaboration). En estas p\u00e1ginas puedes encontrar informaci\u00f3n sobre mi actividad docente e &hellip; <a href=\"https:\/\/blog.uclm.es\/crescenciobravo\/\" class=\"more-link\">Seguir leyendo <span class=\"screen-reader-text\">Bienvenido<\/span> <span class=\"meta-nav\">&rarr;<\/span><\/a><\/p>\n","protected":false},"author":12,"featured_media":0,"parent":0,"menu_order":0,"comment_status":"closed","ping_status":"closed","template":"page-templates\/full-width.php","meta":{"footnotes":""},"class_list":["post-249","page","type-page","status-publish","hentry"],"_links":{"self":[{"href":"https:\/\/blog.uclm.es\/crescenciobravo\/wp-json\/wp\/v2\/pages\/249","targetHints":{"allow":["GET"]}}],"collection":[{"href":"https:\/\/blog.uclm.es\/crescenciobravo\/wp-json\/wp\/v2\/pages"}],"about":[{"href":"https:\/\/blog.uclm.es\/crescenciobravo\/wp-json\/wp\/v2\/types\/page"}],"author":[{"embeddable":true,"href":"https:\/\/blog.uclm.es\/crescenciobravo\/wp-json\/wp\/v2\/users\/12"}],"replies":[{"embeddable":true,"href":"https:\/\/blog.uclm.es\/crescenciobravo\/wp-json\/wp\/v2\/comments?post=249"}],"version-history":[{"count":1,"href":"https:\/\/blog.uclm.es\/crescenciobravo\/wp-json\/wp\/v2\/pages\/249\/revisions"}],"predecessor-version":[{"id":517,"href":"https:\/\/blog.uclm.es\/crescenciobravo\/wp-json\/wp\/v2\/pages\/249\/revisions\/517"}],"wp:attachment":[{"href":"https:\/\/blog.uclm.es\/crescenciobravo\/wp-json\/wp\/v2\/media?parent=249"}],"curies":[{"name":"wp","href":"https:\/\/api.w.org\/{rel}","templated":true}]}}